{"id":47211,"date":"2025-03-20T11:31:47","date_gmt":"2025-03-20T11:31:47","guid":{"rendered":"https:\/\/staging.elcoline.fi\/teollinen-talotekniikka\/"},"modified":"2025-09-16T11:00:17","modified_gmt":"2025-09-16T11:00:17","slug":"teollinen-talotekniikka","status":"publish","type":"page","link":"https:\/\/elcoline.com\/fi\/palvelut\/teollinen-talotekniikka\/","title":{"rendered":"Teollisuuden talotekniikka"},"content":{"rendered":"\n<div class=\"wp-block-cover is-light hero elcoline-hero has-base-color has-text-color has-link-color wp-elements-a65775b2f56586614e229c14d7cd6ba1\"><span aria-hidden=\"true\" class=\"wp-block-cover__background has-background-dim\" style=\"background-color:#FFF\"><\/span><img loading=\"lazy\" decoding=\"async\" width=\"1152\" height=\"648\" src=\"https:\/\/elcoline.com\/wp-content\/uploads\/2025\/06\/HVAC-electrical-mechanical-services.webp\" class=\"wp-block-cover__image-background wp-post-image\" alt=\"HVAC-electrical-mechanical-services\" data-object-fit=\"cover\" srcset=\"https:\/\/elcoline.com\/wp-content\/uploads\/2025\/06\/HVAC-electrical-mechanical-services.webp 1152w, https:\/\/elcoline.com\/wp-content\/uploads\/2025\/06\/HVAC-electrical-mechanical-services-300x169.webp 300w, https:\/\/elcoline.com\/wp-content\/uploads\/2025\/06\/HVAC-electrical-mechanical-services-1024x576.webp 1024w, https:\/\/elcoline.com\/wp-content\/uploads\/2025\/06\/HVAC-electrical-mechanical-services-768x432.webp 768w\" sizes=\"auto, (max-width: 1152px) 100vw, 1152px\" \/><div class=\"wp-block-cover__inner-container is-layout-flow wp-block-cover-is-layout-flow\">\n<h2 class=\"wp-block-heading\">Palvelut<\/h2>\n\n\n\n<div class=\"wp-block-columns is-layout-flex wp-container-core-columns-is-layout-28f84493 wp-block-columns-is-layout-flex\">\n<div class=\"wp-block-column is-layout-flow wp-block-column-is-layout-flow\">\n<h1 class=\"wp-block-heading\">Teollisuuden talotekniikka<\/h1>\n<\/div>\n\n\n\n<div class=\"wp-block-column is-layout-flow wp-block-column-is-layout-flow\">\n<p><\/p>\n<\/div>\n<\/div>\n<\/div><\/div>\n\n\n\n<div class=\"wp-block-columns is-layout-flex wp-container-core-columns-is-layout-28f84493 wp-block-columns-is-layout-flex\">\n<div class=\"wp-block-column is-layout-flow wp-block-column-is-layout-flow\">\n<h2 class=\"wp-block-heading\">Kokonaisvaltaiset talotekniikkapalvelut teollisuudelle<\/h2>\n<\/div>\n\n\n\n<div class=\"wp-block-column is-layout-flow wp-block-column-is-layout-flow\">\n<p>Vankka kokemuksemme talotekniikasta teollisuusymp\u00e4rist\u00f6iss\u00e4 ja -kiinteist\u00f6iss\u00e4 antaa meille erinomaiset valmiudet l\u00f6yt\u00e4\u00e4 parhaat s\u00e4hk\u00f6-, automaatio- ja LVI-ratkaisut asiakkaidemme tarpeisiin.<\/p>\n\n\n\n<p>Panostamme toimitusvarmuuteen ja luotettavuuteen \u2013 suunnittelemme ja toteutamme ratkaisuja, jotka tukevat asiakkaidemme toimintaa niin projekteissa kuin kunnossapidossa.<\/p>\n<\/div>\n<\/div>\n\n\n\n<div class=\"wp-block-columns is-style-section-3 is-layout-flex wp-container-core-columns-is-layout-d7a87397 wp-block-columns-is-layout-flex is-style-section-3--1\" style=\"padding-top:6rem;padding-bottom:6rem\">\n<div class=\"wp-block-column is-layout-flow wp-block-column-is-layout-flow\">\n<h2 class=\"wp-block-heading\">Teollisuuden talotekniikka<\/h2>\n\n\n\n<p>Tuotannon integroidut palvelut s\u00e4hk\u00f6-, automaatio- ja LVI-suunnittelu, asennus, varastonhallinta ja k\u00e4ytt\u00f6\u00f6notto kokonaisuuksista<br>Teollisten rakennuksien s\u00e4hk\u00f6- automaatio- ja LVI-suunnittelu, asennus ja k\u00e4ytt\u00f6\u00f6notto<br><\/p>\n\n\n\n<p>Teollisuuden talotekniikan palvelut keskittyv\u00e4t LVISAK <em>(L\u00e4mp\u00f6, Vesi, Ilma, S\u00e4hk\u00f6, Automaatio, Kylm\u00e4laitteet)<\/em> ja rakentamispalveluihin sis\u00e4lt\u00e4en suunnittelun, asennuksen, huolto ja kunnossapitopalvelut<\/p>\n<\/div>\n\n\n\n<div class=\"wp-block-column is-layout-flow wp-block-column-is-layout-flow\">\n<h3 class=\"wp-block-heading\">Teollisuuden talotekniikan palvelut keskittyv\u00e4t<\/h3>\n\n\n\n<ul class=\"wp-block-list\">\n<li>L\u00e4mp\u00f6<\/li>\n\n\n\n<li>Vesi<\/li>\n\n\n\n<li>Ilma<\/li>\n\n\n\n<li>S\u00e4hk\u00f6<\/li>\n\n\n\n<li>Automaatio<\/li>\n\n\n\n<li>Kylm\u00e4laitteet<\/li>\n\n\n\n<li>Suunnittelu ja asennus<\/li>\n\n\n\n<li>Valtuutetut huolto- ja asennuspalvelut<\/li>\n<\/ul>\n<\/div>\n<\/div>\n\n\n\n<p><\/p>\n\n\n\n<div class=\"wp-block-columns is-layout-flex wp-container-core-columns-is-layout-28f84493 wp-block-columns-is-layout-flex\">\n<div class=\"wp-block-column is-layout-flow wp-block-column-is-layout-flow\">\n<h2 class=\"wp-block-heading\">Teollisuuden energiatehokkaat LVISA ratkaisut ja kokonaispalvelut<\/h2>\n<\/div>\n<\/div>\n\n\n\n<div class=\"wp-block-group vertical-lines is-layout-flex wp-block-group-is-layout-flex\">\n<p>S\u00e4hk\u00f6suunnittelu<\/p>\n\n\n\n<p>LVI-suunnittelu<\/p>\n\n\n\n<p>Automaatiosuunnittelu<\/p>\n\n\n\n<p>S\u00e4hk\u00f6asennus<\/p>\n\n\n\n<p>LVI-asennus&nbsp;<\/p>\n<\/div>\n\n\n\n<div class=\"wp-block-group vertical-lines is-layout-flex wp-block-group-is-layout-flex\">\n<p>Automaatioasennus<\/p>\n\n\n\n<p>Asennusvalvonta<\/p>\n\n\n\n<p>KVV\/IV-valvonta<\/p>\n\n\n\n<p>LVISA-huoltopalvelut ja -kunnossapitopalvelut<\/p>\n<\/div>\n\n\n\n<div class=\"wp-block-group vertical-lines is-nowrap is-layout-flex wp-container-core-group-is-layout-6c531013 wp-block-group-is-layout-flex\"><\/div>\n\n\n\n<div class=\"wp-block-columns is-style-section-1 is-layout-flex wp-container-core-columns-is-layout-953e3c8e wp-block-columns-is-layout-flex is-style-section-1--2\" style=\"margin-top:0px;margin-bottom:0px;padding-top:6rem;padding-bottom:6rem\">\n<div class=\"wp-block-column is-layout-flow wp-block-column-is-layout-flow\">\n<h2 class=\"wp-block-heading has-base-color has-text-color has-link-color wp-elements-5789857563713136991faa36d4b5a6ee\">Edut asiakkaille<\/h2>\n\n\n\n<div class=\"wp-block-columns is-layout-flex wp-container-core-columns-is-layout-28f84493 wp-block-columns-is-layout-flex\">\n<div class=\"wp-block-column is-layout-flow wp-block-column-is-layout-flow\">\n<h3 class=\"wp-block-heading\">Yhdelt\u00e4 toimijalta kaikki palvelut ilman urakkarajoja&nbsp;<\/h3>\n\n\n\n<ul class=\"wp-block-list\">\n<li>S\u00e4hk\u00f6-, automaatio- ja LVI-asennukset sek\u00e4 kokonaisuuksien suunnittelu ja k\u00e4ytt\u00f6\u00f6notto<\/li>\n\n\n\n<li>Pienemm\u00e4t projekti- ja elinkaarikustannukset<\/li>\n<\/ul>\n<\/div>\n\n\n\n<div class=\"wp-block-column is-layout-flow wp-block-column-is-layout-flow\">\n<h3 class=\"wp-block-heading\">Suunnittelun laadun varmistus&nbsp;<\/h3>\n\n\n\n<ul class=\"wp-block-list\">\n<li>LVISA-mitoitukset sek\u00e4 mallinnukset<\/li>\n\n\n\n<li>Komponenttien k\u00e4ytt\u00f6kelpoisuus<\/li>\n\n\n\n<li>Korjaukset jo ennen t\u00f6iden aloitusta<\/li>\n\n\n\n<li>Vaihtoehtoistuotteet<\/li>\n<\/ul>\n<\/div>\n\n\n\n<div class=\"wp-block-column is-layout-flow wp-block-column-is-layout-flow\">\n<h3 class=\"wp-block-heading\">Projektisuunnittelu<\/h3>\n\n\n\n<ul class=\"wp-block-list\">\n<li>T\u00f6iden oikea-aikaisuus<\/li>\n\n\n\n<li>Ongelmattomuus projektin aikana<\/li>\n\n\n\n<li>Resurssien oikea m\u00e4\u00e4r\u00e4<\/li>\n<\/ul>\n<\/div>\n<\/div>\n<\/div>\n<\/div>\n\n\n\n<div class=\"wp-block-columns is-style-section-4 is-layout-flex wp-container-core-columns-is-layout-74e17b81 wp-block-columns-is-layout-flex is-style-section-4--3\" style=\"margin-top:0;margin-bottom:0;padding-top:6rem;padding-bottom:6rem\">\n<div class=\"wp-block-column is-layout-flow wp-block-column-is-layout-flow\" style=\"flex-basis:50%\">\n<h2 class=\"wp-block-heading\">Haluatko tiet\u00e4\u00e4, kuinka voisimme auttaa?<\/h2>\n\n\n\n<div class=\"wp-block-buttons is-horizontal is-content-justification-left is-layout-flex wp-container-core-buttons-is-layout-033d20e2 wp-block-buttons-is-layout-flex\" style=\"padding-top:3rem\">\n<div class=\"wp-block-button\"><a class=\"wp-block-button__link wp-element-button\" href=\"https:\/\/elcoline.com\/fi\/yhteystiedot\/\">Ota yhteytt\u00e4 asiantuntijoihimme<\/a><\/div>\n<\/div>\n<\/div>\n<\/div>\n\n\n\n<div class=\"wp-block-group is-style-section-3 has-global-padding is-content-justification-left is-layout-constrained wp-container-core-group-is-layout-74fb77c3 wp-block-group-is-layout-constrained is-style-section-3--4\" style=\"padding-top:6rem;padding-bottom:6rem\">\n<h2 class=\"wp-block-heading\">Tutustu asiakastarinoihin<\/h2>\n\n\n\n<div class=\"wp-block-query is-layout-flow wp-block-query-is-layout-flow\"><ul class=\"wp-block-post-template is-layout-flow wp-block-post-template-is-layout-flow\"><li class=\"wp-block-post post-48330 reference type-reference status-publish has-post-thumbnail hentry tag-lvia\">\n\n<div class=\"wp-block-columns alignwide is-layout-flex wp-container-core-columns-is-layout-28f84493 wp-block-columns-is-layout-flex\">\n<div class=\"wp-block-column is-layout-flow wp-block-column-is-layout-flow\" style=\"flex-basis:66.66%\"><figure class=\"wp-block-post-featured-image\"><a href=\"https:\/\/elcoline.com\/fi\/asiakastarina\/parmaco\/\" target=\"_self\"  ><img loading=\"lazy\" decoding=\"async\" width=\"1536\" height=\"1152\" src=\"https:\/\/elcoline.com\/wp-content\/uploads\/2025\/06\/Parmaco-refe_kuva-1536x1152-1.jpeg\" class=\"attachment-post-thumbnail size-post-thumbnail wp-post-image\" alt=\"Parmaco\" style=\"object-fit:cover;\" srcset=\"https:\/\/elcoline.com\/wp-content\/uploads\/2025\/06\/Parmaco-refe_kuva-1536x1152-1.jpeg 1536w, https:\/\/elcoline.com\/wp-content\/uploads\/2025\/06\/Parmaco-refe_kuva-1536x1152-1-300x225.jpeg 300w, https:\/\/elcoline.com\/wp-content\/uploads\/2025\/06\/Parmaco-refe_kuva-1536x1152-1-1024x768.jpeg 1024w, https:\/\/elcoline.com\/wp-content\/uploads\/2025\/06\/Parmaco-refe_kuva-1536x1152-1-768x576.jpeg 768w\" sizes=\"auto, (max-width: 1536px) 100vw, 1536px\" \/><\/a><\/figure><\/div>\n\n\n\n<div class=\"wp-block-column is-layout-flow wp-block-column-is-layout-flow\" style=\"flex-basis:33.33%\"><h2 class=\"wp-block-post-title\"><a href=\"https:\/\/elcoline.com\/fi\/asiakastarina\/parmaco\/\" target=\"_self\" >Parmaco<\/a><\/h2>\n\n<div class=\"wp-block-post-excerpt\"><p class=\"wp-block-post-excerpt__excerpt\">Parmacolla ja Elcolinella on laaja kumppanuussopimus tehtaiden osalta sek\u00e4 sopimus ty\u00f6maa-asennusten osalta.<\/p><p class=\"wp-block-post-excerpt__more-text\"><a class=\"wp-block-post-excerpt__more-link\" href=\"https:\/\/elcoline.com\/fi\/asiakastarina\/parmaco\/\">Lue lis\u00e4\u00e4<\/a><\/p><\/div><\/div>\n<\/div>\n\n<\/li><\/ul><\/div>\n\n\n\n<div class=\"wp-block-query is-layout-flow wp-block-query-is-layout-flow\"><ul class=\"wp-block-post-template is-layout-flow wp-block-post-template-is-layout-flow\"><li class=\"wp-block-post post-48314 reference type-reference status-publish has-post-thumbnail hentry tag-lvia\">\n\n<div class=\"wp-block-columns alignwide is-layout-flex wp-container-core-columns-is-layout-28f84493 wp-block-columns-is-layout-flex\">\n<div class=\"wp-block-column is-layout-flow wp-block-column-is-layout-flow\" style=\"flex-basis:66.66%\"><figure class=\"wp-block-post-featured-image\"><a href=\"https:\/\/elcoline.com\/fi\/asiakastarina\/ssab\/\" target=\"_self\"  ><img loading=\"lazy\" decoding=\"async\" width=\"2560\" height=\"1744\" src=\"https:\/\/elcoline.com\/wp-content\/uploads\/2025\/06\/SSAB_Raahe_porttirakennus-scaled-1.jpg\" class=\"attachment-post-thumbnail size-post-thumbnail wp-post-image\" alt=\"SSAB\" style=\"object-fit:cover;\" srcset=\"https:\/\/elcoline.com\/wp-content\/uploads\/2025\/06\/SSAB_Raahe_porttirakennus-scaled-1.jpg 2560w, https:\/\/elcoline.com\/wp-content\/uploads\/2025\/06\/SSAB_Raahe_porttirakennus-scaled-1-300x204.jpg 300w, https:\/\/elcoline.com\/wp-content\/uploads\/2025\/06\/SSAB_Raahe_porttirakennus-scaled-1-1024x698.jpg 1024w, https:\/\/elcoline.com\/wp-content\/uploads\/2025\/06\/SSAB_Raahe_porttirakennus-scaled-1-768x523.jpg 768w, https:\/\/elcoline.com\/wp-content\/uploads\/2025\/06\/SSAB_Raahe_porttirakennus-scaled-1-1536x1046.jpg 1536w, https:\/\/elcoline.com\/wp-content\/uploads\/2025\/06\/SSAB_Raahe_porttirakennus-scaled-1-2048x1395.jpg 2048w\" sizes=\"auto, (max-width: 2560px) 100vw, 2560px\" \/><\/a><\/figure><\/div>\n\n\n\n<div class=\"wp-block-column is-layout-flow wp-block-column-is-layout-flow\" style=\"flex-basis:33.33%\"><h2 class=\"wp-block-post-title\"><a href=\"https:\/\/elcoline.com\/fi\/asiakastarina\/ssab\/\" target=\"_self\" >SSAB<\/a><\/h2>\n\n<div class=\"wp-block-post-excerpt\"><p class=\"wp-block-post-excerpt__excerpt\">SSAB Raahen porttirakennuksen ja paloaseman uusiminen on merkitt\u00e4v\u00e4 investointi tulevaisuuteen<\/p><p class=\"wp-block-post-excerpt__more-text\"><a class=\"wp-block-post-excerpt__more-link\" href=\"https:\/\/elcoline.com\/fi\/asiakastarina\/ssab\/\">Lue lis\u00e4\u00e4<\/a><\/p><\/div><\/div>\n<\/div>\n\n<\/li><\/ul><\/div>\n<\/div>\n","protected":false},"excerpt":{"rendered":"<p>Kokonaisvaltaiset talotekniikkapalvelut teollisuudelle Vankka kokemuksemme talotekniikasta teollisuusymp\u00e4rist\u00f6iss\u00e4 ja -kiinteist\u00f6iss\u00e4 antaa meille erinomaiset valmiudet l\u00f6yt\u00e4\u00e4 parhaat s\u00e4hk\u00f6-, automaatio- ja LVI-ratkaisut asiakkaidemme tarpeisiin. Panostamme toimitusvarmuuteen ja luotettavuuteen \u2013 suunnittelemme ja toteutamme ratkaisuja, jotka tukevat asiakkaidemme toimintaa niin projekteissa kuin kunnossapidossa. Teollisuuden talotekniikka Tuotannon integroidut palvelut s\u00e4hk\u00f6-, automaatio- ja LVI-suunnittelu, asennus, varastonhallinta ja k\u00e4ytt\u00f6\u00f6notto kokonaisuuksistaTeollisten rakennuksien s\u00e4hk\u00f6- automaatio- [&hellip;]<\/p>\n","protected":false},"author":10,"featured_media":1448,"parent":47235,"menu_order":16,"comment_status":"closed","ping_status":"closed","template":"","meta":{"footnotes":""},"class_list":["post-47211","page","type-page","status-publish","has-post-thumbnail","hentry"],"yoast_head":"<!-- This site is optimized with the Yoast SEO plugin v27.5 - https:\/\/yoast.com\/product\/yoast-seo-wordpress\/ -->\n<title>Teollisuuden talotekniikka - Elcoline Group<\/title>\n<meta name=\"description\" content=\"Tarjoamme s\u00e4hk\u00f6-, automaatio- ja LVI-ratkaisuja asiakkaidemme tarpeisiin syv\u00e4ll\u00e4 teollisen rakentamisen kokemuksella\" \/>\n<meta name=\"robots\" content=\"index, follow, max-snippet:-1, max-image-preview:large, max-video-preview:-1\" \/>\n<link rel=\"canonical\" href=\"https:\/\/elcoline.com\/fi\/palvelut\/teollinen-talotekniikka\/\" \/>\n<meta property=\"og:locale\" content=\"fi_FI\" \/>\n<meta property=\"og:type\" content=\"article\" \/>\n<meta property=\"og:title\" content=\"Teollisuuden talotekniikka - Elcoline Group\" \/>\n<meta property=\"og:description\" content=\"Tarjoamme s\u00e4hk\u00f6-, automaatio- ja LVI-ratkaisuja asiakkaidemme tarpeisiin syv\u00e4ll\u00e4 teollisen rakentamisen kokemuksella\" \/>\n<meta property=\"og:url\" content=\"https:\/\/elcoline.com\/fi\/palvelut\/teollinen-talotekniikka\/\" \/>\n<meta property=\"og:site_name\" content=\"Elcoline Group\" \/>\n<meta property=\"article:modified_time\" content=\"2025-09-16T11:00:17+00:00\" \/>\n<meta property=\"og:image\" content=\"https:\/\/elcoline.com\/wp-content\/uploads\/2025\/06\/HVAC-electrical-mechanical-services.webp\" \/>\n\t<meta property=\"og:image:width\" content=\"1152\" \/>\n\t<meta property=\"og:image:height\" content=\"648\" \/>\n\t<meta property=\"og:image:type\" content=\"image\/webp\" \/>\n<meta name=\"twitter:card\" content=\"summary_large_image\" \/>\n<meta name=\"twitter:label1\" content=\"Arvioitu lukuaika\" \/>\n\t<meta name=\"twitter:data1\" content=\"1 minuutti\" \/>\n<script type=\"application\/ld+json\" class=\"yoast-schema-graph\">{\"@context\":\"https:\\\/\\\/schema.org\",\"@graph\":[{\"@type\":\"WebPage\",\"@id\":\"https:\\\/\\\/elcoline.com\\\/fi\\\/palvelut\\\/teollinen-talotekniikka\\\/\",\"url\":\"https:\\\/\\\/elcoline.com\\\/fi\\\/palvelut\\\/teollinen-talotekniikka\\\/\",\"name\":\"Teollisuuden talotekniikka - Elcoline Group\",\"isPartOf\":{\"@id\":\"https:\\\/\\\/elcoline.com\\\/fi\\\/#website\"},\"primaryImageOfPage\":{\"@id\":\"https:\\\/\\\/elcoline.com\\\/fi\\\/palvelut\\\/teollinen-talotekniikka\\\/#primaryimage\"},\"image\":{\"@id\":\"https:\\\/\\\/elcoline.com\\\/fi\\\/palvelut\\\/teollinen-talotekniikka\\\/#primaryimage\"},\"thumbnailUrl\":\"https:\\\/\\\/elcoline.com\\\/wp-content\\\/uploads\\\/2025\\\/06\\\/HVAC-electrical-mechanical-services.webp\",\"datePublished\":\"2025-03-20T11:31:47+00:00\",\"dateModified\":\"2025-09-16T11:00:17+00:00\",\"description\":\"Tarjoamme s\u00e4hk\u00f6-, automaatio- ja LVI-ratkaisuja asiakkaidemme tarpeisiin syv\u00e4ll\u00e4 teollisen rakentamisen kokemuksella\",\"breadcrumb\":{\"@id\":\"https:\\\/\\\/elcoline.com\\\/fi\\\/palvelut\\\/teollinen-talotekniikka\\\/#breadcrumb\"},\"inLanguage\":\"fi\",\"potentialAction\":[{\"@type\":\"ReadAction\",\"target\":[\"https:\\\/\\\/elcoline.com\\\/fi\\\/palvelut\\\/teollinen-talotekniikka\\\/\"]}]},{\"@type\":\"ImageObject\",\"inLanguage\":\"fi\",\"@id\":\"https:\\\/\\\/elcoline.com\\\/fi\\\/palvelut\\\/teollinen-talotekniikka\\\/#primaryimage\",\"url\":\"https:\\\/\\\/elcoline.com\\\/wp-content\\\/uploads\\\/2025\\\/06\\\/HVAC-electrical-mechanical-services.webp\",\"contentUrl\":\"https:\\\/\\\/elcoline.com\\\/wp-content\\\/uploads\\\/2025\\\/06\\\/HVAC-electrical-mechanical-services.webp\",\"width\":1152,\"height\":648,\"caption\":\"HVAC-electrical-mechanical-services\"},{\"@type\":\"BreadcrumbList\",\"@id\":\"https:\\\/\\\/elcoline.com\\\/fi\\\/palvelut\\\/teollinen-talotekniikka\\\/#breadcrumb\",\"itemListElement\":[{\"@type\":\"ListItem\",\"position\":1,\"name\":\"Teollisuuden talotekniikka\",\"item\":\"https:\\\/\\\/elcoline.com\\\/fi\\\/palvelut\\\/teollinen-talotekniikka\\\/\"},{\"@type\":\"ListItem\",\"position\":2,\"name\":\"Teollisuuden talotekniikka\"}]},{\"@type\":\"WebSite\",\"@id\":\"https:\\\/\\\/elcoline.com\\\/fi\\\/#website\",\"url\":\"https:\\\/\\\/elcoline.com\\\/fi\\\/\",\"name\":\"Elcoline Group\",\"description\":\"\",\"potentialAction\":[{\"@type\":\"SearchAction\",\"target\":{\"@type\":\"EntryPoint\",\"urlTemplate\":\"https:\\\/\\\/elcoline.com\\\/fi\\\/?s={search_term_string}\"},\"query-input\":{\"@type\":\"PropertyValueSpecification\",\"valueRequired\":true,\"valueName\":\"search_term_string\"}}],\"inLanguage\":\"fi\"}]}<\/script>\n<!-- \/ Yoast SEO plugin. -->","yoast_head_json":{"title":"Teollisuuden talotekniikka - Elcoline Group","description":"Tarjoamme s\u00e4hk\u00f6-, automaatio- ja LVI-ratkaisuja asiakkaidemme tarpeisiin syv\u00e4ll\u00e4 teollisen rakentamisen kokemuksella","robots":{"index":"index","follow":"follow","max-snippet":"max-snippet:-1","max-image-preview":"max-image-preview:large","max-video-preview":"max-video-preview:-1"},"canonical":"https:\/\/elcoline.com\/fi\/palvelut\/teollinen-talotekniikka\/","og_locale":"fi_FI","og_type":"article","og_title":"Teollisuuden talotekniikka - Elcoline Group","og_description":"Tarjoamme s\u00e4hk\u00f6-, automaatio- ja LVI-ratkaisuja asiakkaidemme tarpeisiin syv\u00e4ll\u00e4 teollisen rakentamisen kokemuksella","og_url":"https:\/\/elcoline.com\/fi\/palvelut\/teollinen-talotekniikka\/","og_site_name":"Elcoline Group","article_modified_time":"2025-09-16T11:00:17+00:00","og_image":[{"width":1152,"height":648,"url":"https:\/\/elcoline.com\/wp-content\/uploads\/2025\/06\/HVAC-electrical-mechanical-services.webp","type":"image\/webp"}],"twitter_card":"summary_large_image","twitter_misc":{"Arvioitu lukuaika":"1 minuutti"},"schema":{"@context":"https:\/\/schema.org","@graph":[{"@type":"WebPage","@id":"https:\/\/elcoline.com\/fi\/palvelut\/teollinen-talotekniikka\/","url":"https:\/\/elcoline.com\/fi\/palvelut\/teollinen-talotekniikka\/","name":"Teollisuuden talotekniikka - Elcoline Group","isPartOf":{"@id":"https:\/\/elcoline.com\/fi\/#website"},"primaryImageOfPage":{"@id":"https:\/\/elcoline.com\/fi\/palvelut\/teollinen-talotekniikka\/#primaryimage"},"image":{"@id":"https:\/\/elcoline.com\/fi\/palvelut\/teollinen-talotekniikka\/#primaryimage"},"thumbnailUrl":"https:\/\/elcoline.com\/wp-content\/uploads\/2025\/06\/HVAC-electrical-mechanical-services.webp","datePublished":"2025-03-20T11:31:47+00:00","dateModified":"2025-09-16T11:00:17+00:00","description":"Tarjoamme s\u00e4hk\u00f6-, automaatio- ja LVI-ratkaisuja asiakkaidemme tarpeisiin syv\u00e4ll\u00e4 teollisen rakentamisen kokemuksella","breadcrumb":{"@id":"https:\/\/elcoline.com\/fi\/palvelut\/teollinen-talotekniikka\/#breadcrumb"},"inLanguage":"fi","potentialAction":[{"@type":"ReadAction","target":["https:\/\/elcoline.com\/fi\/palvelut\/teollinen-talotekniikka\/"]}]},{"@type":"ImageObject","inLanguage":"fi","@id":"https:\/\/elcoline.com\/fi\/palvelut\/teollinen-talotekniikka\/#primaryimage","url":"https:\/\/elcoline.com\/wp-content\/uploads\/2025\/06\/HVAC-electrical-mechanical-services.webp","contentUrl":"https:\/\/elcoline.com\/wp-content\/uploads\/2025\/06\/HVAC-electrical-mechanical-services.webp","width":1152,"height":648,"caption":"HVAC-electrical-mechanical-services"},{"@type":"BreadcrumbList","@id":"https:\/\/elcoline.com\/fi\/palvelut\/teollinen-talotekniikka\/#breadcrumb","itemListElement":[{"@type":"ListItem","position":1,"name":"Teollisuuden talotekniikka","item":"https:\/\/elcoline.com\/fi\/palvelut\/teollinen-talotekniikka\/"},{"@type":"ListItem","position":2,"name":"Teollisuuden talotekniikka"}]},{"@type":"WebSite","@id":"https:\/\/elcoline.com\/fi\/#website","url":"https:\/\/elcoline.com\/fi\/","name":"Elcoline Group","description":"","potentialAction":[{"@type":"SearchAction","target":{"@type":"EntryPoint","urlTemplate":"https:\/\/elcoline.com\/fi\/?s={search_term_string}"},"query-input":{"@type":"PropertyValueSpecification","valueRequired":true,"valueName":"search_term_string"}}],"inLanguage":"fi"}]}},"pbg_featured_image_src":{"full":["https:\/\/elcoline.com\/wp-content\/uploads\/2025\/06\/HVAC-electrical-mechanical-services.webp",1152,648,false],"thumbnail":["https:\/\/elcoline.com\/wp-content\/uploads\/2025\/06\/HVAC-electrical-mechanical-services-150x150.webp",150,150,true],"medium":["https:\/\/elcoline.com\/wp-content\/uploads\/2025\/06\/HVAC-electrical-mechanical-services-300x169.webp",300,169,true],"medium_large":["https:\/\/elcoline.com\/wp-content\/uploads\/2025\/06\/HVAC-electrical-mechanical-services-768x432.webp",768,432,true],"large":["https:\/\/elcoline.com\/wp-content\/uploads\/2025\/06\/HVAC-electrical-mechanical-services-1024x576.webp",1024,576,true],"1536x1536":["https:\/\/elcoline.com\/wp-content\/uploads\/2025\/06\/HVAC-electrical-mechanical-services.webp",1152,648,false],"2048x2048":["https:\/\/elcoline.com\/wp-content\/uploads\/2025\/06\/HVAC-electrical-mechanical-services.webp",1152,648,false]},"pbg_author_info":{"display_name":"admin","author_link":"https:\/\/elcoline.com\/fi\/author\/admin\/","author_img":false},"pbg_comment_info":" No Comments","pbg_excerpt":"Kokonaisvaltaiset talotekniikkapalvelut teollisuudelle Vankka kokemuksemme talotekniikasta teollisuusymp\u00e4rist\u00f6iss\u00e4 ja -kiinteist\u00f6iss\u00e4 antaa meille erinomaiset valmiudet l\u00f6yt\u00e4\u00e4 parhaat s\u00e4hk\u00f6-, automaatio- ja LVI-ratkaisut asiakkaidemme tarpeisiin. Panostamme toimitusvarmuuteen ja luotettavuuteen \u2013 suunnittelemme ja toteutamme ratkaisuja, jotka tukevat asiakkaidemme toimintaa niin projekteissa kuin kunnossapidossa. Teollisuuden talotekniikka Tuotannon integroidut palvelut s\u00e4hk\u00f6-, automaatio- ja LVI-suunnittelu, asennus, varastonhallinta ja k\u00e4ytt\u00f6\u00f6notto kokonaisuuksistaTeollisten rakennuksien s\u00e4hk\u00f6- automaatio-&hellip;","_links":{"self":[{"href":"https:\/\/elcoline.com\/fi\/wp-json\/wp\/v2\/pages\/47211","targetHints":{"allow":["GET"]}}],"collection":[{"href":"https:\/\/elcoline.com\/fi\/wp-json\/wp\/v2\/pages"}],"about":[{"href":"https:\/\/elcoline.com\/fi\/wp-json\/wp\/v2\/types\/page"}],"author":[{"embeddable":true,"href":"https:\/\/elcoline.com\/fi\/wp-json\/wp\/v2\/users\/10"}],"replies":[{"embeddable":true,"href":"https:\/\/elcoline.com\/fi\/wp-json\/wp\/v2\/comments?post=47211"}],"version-history":[{"count":27,"href":"https:\/\/elcoline.com\/fi\/wp-json\/wp\/v2\/pages\/47211\/revisions"}],"predecessor-version":[{"id":48783,"href":"https:\/\/elcoline.com\/fi\/wp-json\/wp\/v2\/pages\/47211\/revisions\/48783"}],"up":[{"embeddable":true,"href":"https:\/\/elcoline.com\/fi\/wp-json\/wp\/v2\/pages\/47235"}],"wp:featuredmedia":[{"embeddable":true,"href":"https:\/\/elcoline.com\/fi\/wp-json\/wp\/v2\/media\/1448"}],"wp:attachment":[{"href":"https:\/\/elcoline.com\/fi\/wp-json\/wp\/v2\/media?parent=47211"}],"curies":[{"name":"wp","href":"https:\/\/api.w.org\/{rel}","templated":true}]}}