{"id":47219,"date":"2025-03-20T11:30:06","date_gmt":"2025-03-20T09:30:06","guid":{"rendered":"https:\/\/staging.elcoline.fi\/yritys\/"},"modified":"2026-04-15T09:54:30","modified_gmt":"2026-04-15T06:54:30","slug":"yritys","status":"publish","type":"page","link":"https:\/\/elcoline.com\/fi\/yritys\/","title":{"rendered":"Yritys"},"content":{"rendered":"\n<div class=\"wp-block-cover is-light hero has-base-color has-text-color has-link-color wp-elements-145b7949f4d959ca4356e0ead4c74ec0\"><span aria-hidden=\"true\" class=\"wp-block-cover__background has-background-dim\" style=\"background-color:#FFF\"><\/span><img loading=\"lazy\" decoding=\"async\" width=\"2000\" height=\"1333\" src=\"https:\/\/elcoline.com\/wp-content\/uploads\/2025\/06\/elcoline_company.webp\" class=\"wp-block-cover__image-background wp-post-image\" alt=\"\" data-object-fit=\"cover\" srcset=\"https:\/\/elcoline.com\/wp-content\/uploads\/2025\/06\/elcoline_company.webp 2000w, https:\/\/elcoline.com\/wp-content\/uploads\/2025\/06\/elcoline_company-300x200.webp 300w, https:\/\/elcoline.com\/wp-content\/uploads\/2025\/06\/elcoline_company-1024x682.webp 1024w, https:\/\/elcoline.com\/wp-content\/uploads\/2025\/06\/elcoline_company-768x512.webp 768w, https:\/\/elcoline.com\/wp-content\/uploads\/2025\/06\/elcoline_company-1536x1024.webp 1536w\" sizes=\"auto, (max-width: 2000px) 100vw, 2000px\" \/><div class=\"wp-block-cover__inner-container is-layout-flow wp-block-cover-is-layout-flow\">\n<h2 class=\"wp-block-heading\">Yritys<\/h2>\n\n\n\n<div class=\"wp-block-columns is-layout-flex wp-container-core-columns-is-layout-28f84493 wp-block-columns-is-layout-flex\">\n<div class=\"wp-block-column is-layout-flow wp-block-column-is-layout-flow\">\n<h1 class=\"wp-block-heading\">Kumppanuuden mestari<\/h1>\n<\/div>\n\n\n\n<div class=\"wp-block-column is-layout-flow wp-block-column-is-layout-flow\">\n<p>Yhteisty\u00f6ss\u00e4 teollisuusyritysten kanssa \u2013 varmistamme teollisen toiminnan tehokkuuden, luotettavuuden ja kest\u00e4v\u00e4n kehityksen.<\/p>\n<\/div>\n<\/div>\n<\/div><\/div>\n\n\n\n<div class=\"wp-block-columns alignfull featured-links is-layout-flex wp-container-core-columns-is-layout-aa016f2c wp-block-columns-is-layout-flex\" style=\"padding-bottom:var(--wp--preset--spacing--50)\">\n<div class=\"wp-block-column is-layout-flow wp-block-column-is-layout-flow\">\n<h2 class=\"wp-block-heading has-custom-elcoline-blue-color has-text-color has-link-color wp-elements-a9b4dd2cad6cc539d11b7c3d855d2adb\">Meist\u00e4<\/h2>\n\n\n\n<p>Olemme kasvava kansainv\u00e4linen teollisuuden palveluyritys, joka tuottaa kunnossapito-, asennus- ja projektipalveluita eri puolilla Eurooppaa.<\/p>\n<\/div>\n\n\n\n<div class=\"wp-block-column is-layout-flow wp-block-column-is-layout-flow\">\n<figure class=\"wp-block-image size-full is-resized\"><a href=\"https:\/\/elcoline.com\/fi\/yritys\/vastuullisuus\/\"><img loading=\"lazy\" decoding=\"async\" width=\"2000\" height=\"1333\" src=\"https:\/\/elcoline.com\/wp-content\/uploads\/2025\/06\/our-standards.webp\" alt=\"\" class=\"wp-image-1195\" style=\"width:auto;height:190px\" srcset=\"https:\/\/elcoline.com\/wp-content\/uploads\/2025\/06\/our-standards.webp 2000w, https:\/\/elcoline.com\/wp-content\/uploads\/2025\/06\/our-standards-300x200.webp 300w, https:\/\/elcoline.com\/wp-content\/uploads\/2025\/06\/our-standards-1024x682.webp 1024w, https:\/\/elcoline.com\/wp-content\/uploads\/2025\/06\/our-standards-768x512.webp 768w, https:\/\/elcoline.com\/wp-content\/uploads\/2025\/06\/our-standards-1536x1024.webp 1536w\" sizes=\"auto, (max-width: 2000px) 100vw, 2000px\" \/><\/a><\/figure>\n\n\n\n<p><a href=\"https:\/\/elcoline.com\/fi\/yritys\/vastuullisuus\/\">Vastuullisuus<\/a><\/p>\n<\/div>\n\n\n\n<div class=\"wp-block-column is-layout-flow wp-block-column-is-layout-flow\">\n<figure class=\"wp-block-image size-medium is-resized\"><a href=\"https:\/\/elcoline.com\/fi\/yritys\/historia\/\"><img loading=\"lazy\" decoding=\"async\" width=\"300\" height=\"200\" src=\"https:\/\/elcoline.com\/wp-content\/uploads\/2025\/06\/elcoline-history-300x200.webp\" alt=\"\" class=\"wp-image-1200\" style=\"width:auto;height:190px\" srcset=\"https:\/\/elcoline.com\/wp-content\/uploads\/2025\/06\/elcoline-history-300x200.webp 300w, https:\/\/elcoline.com\/wp-content\/uploads\/2025\/06\/elcoline-history-1024x683.webp 1024w, https:\/\/elcoline.com\/wp-content\/uploads\/2025\/06\/elcoline-history-768x512.webp 768w, https:\/\/elcoline.com\/wp-content\/uploads\/2025\/06\/elcoline-history-1536x1025.webp 1536w, https:\/\/elcoline.com\/wp-content\/uploads\/2025\/06\/elcoline-history.webp 2000w\" sizes=\"auto, (max-width: 300px) 100vw, 300px\" \/><\/a><\/figure>\n\n\n\n<p><a href=\"https:\/\/elcoline.com\/fi\/yritys\/historia\/\">Elcolinen historia<\/a><\/p>\n<\/div>\n<\/div>\n\n\n\n<div class=\"wp-block-columns is-style-section-2 is-layout-flex wp-container-core-columns-is-layout-c47336c3 wp-block-columns-is-layout-flex is-style-section-2--1\" style=\"margin-top:0;margin-bottom:0;padding-top:var(--wp--preset--spacing--60);padding-bottom:var(--wp--preset--spacing--60)\">\n<div class=\"wp-block-column is-layout-flow wp-block-column-is-layout-flow\">\n<p class=\"has-text-align-left\" style=\"font-size:clamp(1.502rem, 1.502rem + ((1vw - 0.2rem) * 1.565), 2.5rem);\">Periaatteeemme<\/p>\n\n\n\n<div class=\"wp-block-columns is-not-stacked-on-mobile is-style-default our-principles no-buttons is-layout-flex wp-container-core-columns-is-layout-28f84493 wp-block-columns-is-layout-flex\">\n<div class=\"wp-block-column is-layout-flow wp-block-column-is-layout-flow\">\n<div class=\"our-principles-item\">Turvallisuus<\/div>\n<\/div>\n\n\n\n<div class=\"wp-block-column is-style-default is-layout-flow wp-block-column-is-layout-flow\">\n<div class=\"our-principles-item\">Luotettavuus<\/div>\n<\/div>\n\n\n\n<div class=\"wp-block-column is-layout-flow wp-block-column-is-layout-flow\">\n<div class=\"our-principles-item\">Tarkkuus<\/div>\n<\/div>\n\n\n\n<div class=\"wp-block-column is-layout-flow wp-block-column-is-layout-flow\">\n<div class=\"our-principles-item\">Joustavuus<\/div>\n<\/div>\n\n\n\n<div class=\"wp-block-column is-layout-flow wp-block-column-is-layout-flow\">\n<div class=\"our-principles-item\">Tehokkuus<\/div>\n<\/div>\n<\/div>\n<\/div>\n<\/div>\n\n\n\n<div class=\"wp-block-columns is-style-section-1 is-layout-flex wp-container-core-columns-is-layout-14920008 wp-block-columns-is-layout-flex is-style-section-1--2\" style=\"margin-top:0;margin-bottom:0;padding-top:6rem;padding-bottom:6rem\">\n<div class=\"wp-block-column is-layout-flow wp-block-column-is-layout-flow\">\n<p class=\"capslock-subtitle\">Me olemme<\/p>\n\n\n\n<p class=\"has-x-large-font-size\">Ketter\u00e4 kasvuyritys<\/p>\n<\/div>\n\n\n\n<div class=\"wp-block-column is-layout-flow wp-block-column-is-layout-flow\">\n<p class=\"capslock-subtitle\">Meill\u00e4 on<\/p>\n\n\n\n<p class=\"has-x-large-font-size\">Vastuullinen, kasvua tukeva omistuspohja.<\/p>\n<\/div>\n\n\n\n<div class=\"wp-block-column is-layout-flow wp-block-column-is-layout-flow\">\n<p class=\"capslock-subtitle\">Toimitamme <\/p>\n\n\n\n<p class=\"has-x-large-font-size\">Laajan palveluvalikoiman l\u00e4hell\u00e4 asiakkaita.<\/p>\n<\/div>\n\n\n\n<div class=\"wp-block-column is-layout-flow wp-block-column-is-layout-flow\">\n<p class=\"capslock-subtitle\">Toimimme<\/p>\n\n\n\n<p class=\"has-x-large-font-size\">Suomessa, Ruotsissa ja palvelukohteissa ymp\u00e4ri maailmaa.<\/p>\n<\/div>\n<\/div>\n\n\n\n<div class=\"wp-block-group is-style-section-3 is-layout-flow wp-block-group-is-layout-flow is-style-section-3--3\" style=\"margin-top:0;margin-bottom:0;padding-top:var(--wp--preset--spacing--70);padding-bottom:var(--wp--preset--spacing--70)\">\n<h2 class=\"wp-block-heading\" style=\"margin-bottom:var(--wp--preset--spacing--60)\">Elcoline lyhyesti<\/h2>\n\n\n\n<script type=\"module\" src=\"https:\/\/cdn.jsdelivr.net\/gh\/lekoala\/formidable-elements@master\/dist\/count-up.min.js\"><\/script>\n\n\n\n<div class=\"wp-block-columns alignfull numbers is-layout-flex wp-container-core-columns-is-layout-28f84493 wp-block-columns-is-layout-flex\">\n<div class=\"wp-block-column is-layout-flow wp-block-column-is-layout-flow\">\n<p class=\"has-text-align-center\"><strong style=\"font-size: 3.75rem;\"><count-up data-start-val=\"1900\" data-duration=\"2\" data-separator=\"\">2002<\/count-up><\/strong><\/p>\r\n\n\n\n<p class=\"has-text-align-center\">Perustettu<\/p>\n<\/div>\n\n\n\n<div class=\"wp-block-column is-layout-flow wp-block-column-is-layout-flow\">\n<p class=\"has-text-align-center\"><strong style=\"font-size: 3.75rem;\"><count-up data-duration=\"5\" data-suffix=\"\u202fM\u20ac\" data-prefix=\"~\">150<\/count-up><\/strong><\/p>\r\n\n\n\n<p class=\"has-text-align-center\">Liikevaihto<\/p>\n<\/div>\n\n\n\n<div class=\"wp-block-column is-layout-flow wp-block-column-is-layout-flow\">\n<p class=\"has-text-align-center\"><strong style=\"font-size: 3.75rem;\"><count-up data-duration=\"4\" data-separator=\"\">1000<\/count-up><\/strong><\/p>\r\n\n\n\n<p class=\"has-text-align-center\">Ammattilaista<\/p>\n<\/div>\n\n\n\n<div class=\"wp-block-column is-layout-flow wp-block-column-is-layout-flow\">\n<p class=\"has-text-align-center\"><strong style=\"font-size: 3.75rem;\"><count-up data-duration=\"4\" data-suffix=\"%\">40<\/count-up><\/strong><\/p>\r\n\n\n\n<p class=\"has-text-align-center\">Vuosittainen kasvu<\/p>\n<\/div>\n<\/div>\n\n\n\n<div class=\"wp-block-columns is-layout-flex wp-container-core-columns-is-layout-28f84493 wp-block-columns-is-layout-flex\">\n<div class=\"wp-block-column is-layout-flow wp-block-column-is-layout-flow\" style=\"padding-right:var(--wp--preset--spacing--50);flex-basis:50%\">\n<p class=\"has-text-align-left\">Omistajat<\/p>\n\n\n\n<p class=\"has-text-align-left has-custom-elcoline-blue-color has-text-color has-link-color has-x-large-font-size wp-elements-0d53a761e8ae6b23c16a3333634e6cd4\">Sijoittajat EVLI, Elo, Tesi ja Arvo sek\u00e4 henkil\u00f6st\u00f6 ja perustajat<\/p>\n<\/div>\n\n\n\n<div class=\"wp-block-column is-layout-flow wp-block-column-is-layout-flow\" style=\"padding-top:0;padding-right:var(--wp--preset--spacing--50);flex-basis:50%\">\n<p class=\"has-text-align-left\">Toimimme<\/p>\n\n\n\n<p class=\"has-text-align-left has-custom-elcoline-blue-color has-text-color has-link-color has-x-large-font-size wp-elements-1374090a928b5424a6d3b743ef4e04ac\">Suomessa ja Ruotsissa, sek\u00e4 palvelusopimus\u00adkohteissa ymp\u00e4ri maailmaa<\/p>\n<\/div>\n<\/div>\n<\/div>\n\n\n\n<div class=\"wp-block-columns is-style-section-1 is-layout-flex wp-container-core-columns-is-layout-b311f55f wp-block-columns-is-layout-flex is-style-section-1--4\" style=\"margin-top:0;margin-bottom:0;padding-top:6rem;padding-bottom:6rem\">\n<div class=\"wp-block-column is-layout-flow wp-block-column-is-layout-flow\">\n<h2 class=\"wp-block-heading has-base-color has-text-color has-link-color wp-elements-b79ae25ac6992cccf7dd4cad9896dd33\">Pid\u00e4mme teollisuuden kunnossa<\/h2>\n\n\n\n<p>Varmistamme teollisen tuotannon sujuvuuden ja jatkuvuuden laadukkailla teknisill\u00e4 palveluilla \u2013 jotta asiakkaamme voivat keskitty\u00e4 ydinliiketoimintaansa.<\/p>\n<\/div>\n\n\n\n<div class=\"wp-block-column is-layout-flow wp-block-column-is-layout-flow\">\n<h2 class=\"wp-block-heading has-base-color has-text-color has-link-color wp-elements-2f0b0149bc21c8dcb131026b8d17c41c\">Luotettava pohjoismainen kumppani, globaali saavutettavuus<\/h2>\n\n\n\n<p>Elcoline palvelee teollisuusasiakkaita paikallisesti Suomessa ja Ruotsissa sek\u00e4 kansainv\u00e4lisesti pitk\u00e4aikaisten kumppanuuksien ja skaalautuvien palvelumallien kautta.<\/p>\n<\/div>\n\n\n\n<div class=\"wp-block-column is-layout-flow wp-block-column-is-layout-flow\">\n<h2 class=\"wp-block-heading has-base-color has-text-color has-link-color wp-elements-702d1bc9e73d13a47a1437e68041237a\">Kunnianhimoista kasvua selke\u00e4ll\u00e4 p\u00e4\u00e4m\u00e4\u00e4r\u00e4ll\u00e4<\/h2>\n\n\n\n<p>Elcoline kasvaa kannattavasti kohti 250 miljoonan euron liikevaihtoa vuoteen 2028 menness\u00e4 \u2013 tavoitteenaan olla alan arvostetuin kumppani ja ty\u00f6nantaja.<\/p>\n<\/div>\n<\/div>\n\n\n\n<div class=\"wp-block-group is-style-section-4 is-layout-flow wp-block-group-is-layout-flow is-style-section-4--5\" style=\"margin-top:0;margin-bottom:0;padding-top:var(--wp--preset--spacing--70);padding-bottom:var(--wp--preset--spacing--70)\">\n<h2 class=\"wp-block-heading\">Elcoline Group<\/h2>\n\n\n\n<p style=\"margin-bottom:var(--wp--preset--spacing--50)\">Yhti\u00f6 koostuu Suomen ja Ruotsin maayhti\u00f6ist\u00e4<\/p>\n\n\n\n<div class=\"wp-block-columns is-layout-flex wp-container-core-columns-is-layout-cf678fe9 wp-block-columns-is-layout-flex\" style=\"margin-top:0;margin-bottom:0;padding-top:0rem;padding-bottom:6rem\">\n<div class=\"wp-block-column is-layout-flow wp-block-column-is-layout-flow\">\n<h3 class=\"wp-block-heading\">Industrial Services Finland<\/h3>\n\n\n\n<ul class=\"wp-block-list\">\n<li>Elcoline Oy<\/li>\n\n\n\n<li>SSG Sahala Oy<\/li>\n<\/ul>\n<\/div>\n\n\n\n<div class=\"wp-block-column is-layout-flow wp-block-column-is-layout-flow\">\n<h3 class=\"wp-block-heading\">Industrial Services Sweden<\/h3>\n\n\n\n<ul class=\"wp-block-list\">\n<li><a href=\"https:\/\/elcoline.se\/\" target=\"_blank\" rel=\"noreferrer noopener\">Elcoline AB<\/a><\/li>\n<\/ul>\n<\/div>\n\n\n\n<div class=\"wp-block-column is-layout-flow wp-block-column-is-layout-flow\">\n<h3 class=\"wp-block-heading\">Turbine &amp; Generator Services<\/h3>\n\n\n\n<ul class=\"wp-block-list\">\n<li>TGS Finland Oy<\/li>\n\n\n\n<li>TGS Sweden AB<\/li>\n<\/ul>\n<\/div>\n<\/div>\n<\/div>\n\n\n\n<p><\/p>\n","protected":false},"excerpt":{"rendered":"<p>Meist\u00e4 Olemme kasvava kansainv\u00e4linen teollisuuden palveluyritys, joka tuottaa kunnossapito-, asennus- ja projektipalveluita eri puolilla Eurooppaa. Vastuullisuus Elcolinen historia Periaatteeemme Turvallisuus Luotettavuus Tarkkuus Joustavuus Tehokkuus Me olemme Ketter\u00e4 kasvuyritys Meill\u00e4 on Vastuullinen, kasvua tukeva omistuspohja. Toimitamme Laajan palveluvalikoiman l\u00e4hell\u00e4 asiakkaita. Toimimme Suomessa, Ruotsissa ja palvelukohteissa ymp\u00e4ri maailmaa. Elcoline lyhyesti Omistajat Sijoittajat EVLI, Elo, Tesi ja Arvo [&hellip;]<\/p>\n","protected":false},"author":10,"featured_media":1191,"parent":0,"menu_order":1,"comment_status":"closed","ping_status":"closed","template":"","meta":{"footnotes":""},"class_list":["post-47219","page","type-page","status-publish","has-post-thumbnail","hentry"],"yoast_head":"<!-- This site is optimized with the Yoast SEO plugin v27.5 - https:\/\/yoast.com\/product\/yoast-seo-wordpress\/ -->\n<title>Yritys - Elcoline Group<\/title>\n<meta name=\"description\" content=\"Elcoline on teollisuuden teknisten palveluiden kumppani: me pid\u00e4mme teollisuuden kunnossa! My\u00f6s turbiini- ja generaattorihuollot ja l\u00e4mm\u00f6nvaihtimet.\" \/>\n<meta name=\"robots\" content=\"index, follow, max-snippet:-1, max-image-preview:large, max-video-preview:-1\" \/>\n<link rel=\"canonical\" href=\"https:\/\/elcoline.com\/fi\/yritys\/\" \/>\n<meta property=\"og:locale\" content=\"fi_FI\" \/>\n<meta property=\"og:type\" content=\"article\" \/>\n<meta property=\"og:title\" content=\"Yritys - Elcoline Group\" \/>\n<meta property=\"og:description\" content=\"Elcoline on teollisuuden teknisten palveluiden kumppani: me pid\u00e4mme teollisuuden kunnossa! My\u00f6s turbiini- ja generaattorihuollot ja l\u00e4mm\u00f6nvaihtimet.\" \/>\n<meta property=\"og:url\" content=\"https:\/\/elcoline.com\/fi\/yritys\/\" \/>\n<meta property=\"og:site_name\" content=\"Elcoline Group\" \/>\n<meta property=\"article:modified_time\" content=\"2026-04-15T06:54:30+00:00\" \/>\n<meta property=\"og:image\" content=\"https:\/\/elcoline.com\/wp-content\/uploads\/2025\/06\/elcoline_company.webp\" \/>\n\t<meta property=\"og:image:width\" content=\"2000\" \/>\n\t<meta property=\"og:image:height\" content=\"1333\" \/>\n\t<meta property=\"og:image:type\" content=\"image\/webp\" \/>\n<meta name=\"twitter:card\" content=\"summary_large_image\" \/>\n<meta name=\"twitter:label1\" content=\"Arvioitu lukuaika\" \/>\n\t<meta name=\"twitter:data1\" content=\"3 minuuttia\" \/>\n<script type=\"application\/ld+json\" class=\"yoast-schema-graph\">{\"@context\":\"https:\\\/\\\/schema.org\",\"@graph\":[{\"@type\":\"WebPage\",\"@id\":\"https:\\\/\\\/elcoline.com\\\/fi\\\/yritys\\\/\",\"url\":\"https:\\\/\\\/elcoline.com\\\/fi\\\/yritys\\\/\",\"name\":\"Yritys - Elcoline Group\",\"isPartOf\":{\"@id\":\"https:\\\/\\\/elcoline.com\\\/fi\\\/#website\"},\"primaryImageOfPage\":{\"@id\":\"https:\\\/\\\/elcoline.com\\\/fi\\\/yritys\\\/#primaryimage\"},\"image\":{\"@id\":\"https:\\\/\\\/elcoline.com\\\/fi\\\/yritys\\\/#primaryimage\"},\"thumbnailUrl\":\"https:\\\/\\\/elcoline.com\\\/wp-content\\\/uploads\\\/2025\\\/06\\\/elcoline_company.webp\",\"datePublished\":\"2025-03-20T09:30:06+00:00\",\"dateModified\":\"2026-04-15T06:54:30+00:00\",\"description\":\"Elcoline on teollisuuden teknisten palveluiden kumppani: me pid\u00e4mme teollisuuden kunnossa! My\u00f6s turbiini- ja generaattorihuollot ja l\u00e4mm\u00f6nvaihtimet.\",\"breadcrumb\":{\"@id\":\"https:\\\/\\\/elcoline.com\\\/fi\\\/yritys\\\/#breadcrumb\"},\"inLanguage\":\"fi\",\"potentialAction\":[{\"@type\":\"ReadAction\",\"target\":[\"https:\\\/\\\/elcoline.com\\\/fi\\\/yritys\\\/\"]}]},{\"@type\":\"ImageObject\",\"inLanguage\":\"fi\",\"@id\":\"https:\\\/\\\/elcoline.com\\\/fi\\\/yritys\\\/#primaryimage\",\"url\":\"https:\\\/\\\/elcoline.com\\\/wp-content\\\/uploads\\\/2025\\\/06\\\/elcoline_company.webp\",\"contentUrl\":\"https:\\\/\\\/elcoline.com\\\/wp-content\\\/uploads\\\/2025\\\/06\\\/elcoline_company.webp\",\"width\":2000,\"height\":1333},{\"@type\":\"WebSite\",\"@id\":\"https:\\\/\\\/elcoline.com\\\/fi\\\/#website\",\"url\":\"https:\\\/\\\/elcoline.com\\\/fi\\\/\",\"name\":\"Elcoline Group\",\"description\":\"\",\"potentialAction\":[{\"@type\":\"SearchAction\",\"target\":{\"@type\":\"EntryPoint\",\"urlTemplate\":\"https:\\\/\\\/elcoline.com\\\/fi\\\/?s={search_term_string}\"},\"query-input\":{\"@type\":\"PropertyValueSpecification\",\"valueRequired\":true,\"valueName\":\"search_term_string\"}}],\"inLanguage\":\"fi\"}]}<\/script>\n<!-- \/ Yoast SEO plugin. -->","yoast_head_json":{"title":"Yritys - Elcoline Group","description":"Elcoline on teollisuuden teknisten palveluiden kumppani: me pid\u00e4mme teollisuuden kunnossa! My\u00f6s turbiini- ja generaattorihuollot ja l\u00e4mm\u00f6nvaihtimet.","robots":{"index":"index","follow":"follow","max-snippet":"max-snippet:-1","max-image-preview":"max-image-preview:large","max-video-preview":"max-video-preview:-1"},"canonical":"https:\/\/elcoline.com\/fi\/yritys\/","og_locale":"fi_FI","og_type":"article","og_title":"Yritys - Elcoline Group","og_description":"Elcoline on teollisuuden teknisten palveluiden kumppani: me pid\u00e4mme teollisuuden kunnossa! My\u00f6s turbiini- ja generaattorihuollot ja l\u00e4mm\u00f6nvaihtimet.","og_url":"https:\/\/elcoline.com\/fi\/yritys\/","og_site_name":"Elcoline Group","article_modified_time":"2026-04-15T06:54:30+00:00","og_image":[{"width":2000,"height":1333,"url":"https:\/\/elcoline.com\/wp-content\/uploads\/2025\/06\/elcoline_company.webp","type":"image\/webp"}],"twitter_card":"summary_large_image","twitter_misc":{"Arvioitu lukuaika":"3 minuuttia"},"schema":{"@context":"https:\/\/schema.org","@graph":[{"@type":"WebPage","@id":"https:\/\/elcoline.com\/fi\/yritys\/","url":"https:\/\/elcoline.com\/fi\/yritys\/","name":"Yritys - Elcoline Group","isPartOf":{"@id":"https:\/\/elcoline.com\/fi\/#website"},"primaryImageOfPage":{"@id":"https:\/\/elcoline.com\/fi\/yritys\/#primaryimage"},"image":{"@id":"https:\/\/elcoline.com\/fi\/yritys\/#primaryimage"},"thumbnailUrl":"https:\/\/elcoline.com\/wp-content\/uploads\/2025\/06\/elcoline_company.webp","datePublished":"2025-03-20T09:30:06+00:00","dateModified":"2026-04-15T06:54:30+00:00","description":"Elcoline on teollisuuden teknisten palveluiden kumppani: me pid\u00e4mme teollisuuden kunnossa! My\u00f6s turbiini- ja generaattorihuollot ja l\u00e4mm\u00f6nvaihtimet.","breadcrumb":{"@id":"https:\/\/elcoline.com\/fi\/yritys\/#breadcrumb"},"inLanguage":"fi","potentialAction":[{"@type":"ReadAction","target":["https:\/\/elcoline.com\/fi\/yritys\/"]}]},{"@type":"ImageObject","inLanguage":"fi","@id":"https:\/\/elcoline.com\/fi\/yritys\/#primaryimage","url":"https:\/\/elcoline.com\/wp-content\/uploads\/2025\/06\/elcoline_company.webp","contentUrl":"https:\/\/elcoline.com\/wp-content\/uploads\/2025\/06\/elcoline_company.webp","width":2000,"height":1333},{"@type":"WebSite","@id":"https:\/\/elcoline.com\/fi\/#website","url":"https:\/\/elcoline.com\/fi\/","name":"Elcoline Group","description":"","potentialAction":[{"@type":"SearchAction","target":{"@type":"EntryPoint","urlTemplate":"https:\/\/elcoline.com\/fi\/?s={search_term_string}"},"query-input":{"@type":"PropertyValueSpecification","valueRequired":true,"valueName":"search_term_string"}}],"inLanguage":"fi"}]}},"pbg_featured_image_src":{"full":["https:\/\/elcoline.com\/wp-content\/uploads\/2025\/06\/elcoline_company.webp",2000,1333,false],"thumbnail":["https:\/\/elcoline.com\/wp-content\/uploads\/2025\/06\/elcoline_company-150x150.webp",150,150,true],"medium":["https:\/\/elcoline.com\/wp-content\/uploads\/2025\/06\/elcoline_company-300x200.webp",300,200,true],"medium_large":["https:\/\/elcoline.com\/wp-content\/uploads\/2025\/06\/elcoline_company-768x512.webp",768,512,true],"large":["https:\/\/elcoline.com\/wp-content\/uploads\/2025\/06\/elcoline_company-1024x682.webp",1024,682,true],"1536x1536":["https:\/\/elcoline.com\/wp-content\/uploads\/2025\/06\/elcoline_company-1536x1024.webp",1536,1024,true],"2048x2048":["https:\/\/elcoline.com\/wp-content\/uploads\/2025\/06\/elcoline_company.webp",2000,1333,false]},"pbg_author_info":{"display_name":"admin","author_link":"https:\/\/elcoline.com\/fi\/author\/admin\/","author_img":false},"pbg_comment_info":" No Comments","pbg_excerpt":"Meist\u00e4 Olemme kasvava kansainv\u00e4linen teollisuuden palveluyritys, joka tuottaa kunnossapito-, asennus- ja projektipalveluita eri puolilla Eurooppaa. Vastuullisuus Elcolinen historia Periaatteeemme Turvallisuus Luotettavuus Tarkkuus Joustavuus Tehokkuus Me olemme Ketter\u00e4 kasvuyritys Meill\u00e4 on Vastuullinen, kasvua tukeva omistuspohja. Toimitamme Laajan palveluvalikoiman l\u00e4hell\u00e4 asiakkaita. Toimimme Suomessa, Ruotsissa ja palvelukohteissa ymp\u00e4ri maailmaa. Elcoline lyhyesti Omistajat Sijoittajat EVLI, Elo, Tesi ja Arvo&hellip;","_links":{"self":[{"href":"https:\/\/elcoline.com\/fi\/wp-json\/wp\/v2\/pages\/47219","targetHints":{"allow":["GET"]}}],"collection":[{"href":"https:\/\/elcoline.com\/fi\/wp-json\/wp\/v2\/pages"}],"about":[{"href":"https:\/\/elcoline.com\/fi\/wp-json\/wp\/v2\/types\/page"}],"author":[{"embeddable":true,"href":"https:\/\/elcoline.com\/fi\/wp-json\/wp\/v2\/users\/10"}],"replies":[{"embeddable":true,"href":"https:\/\/elcoline.com\/fi\/wp-json\/wp\/v2\/comments?post=47219"}],"version-history":[{"count":23,"href":"https:\/\/elcoline.com\/fi\/wp-json\/wp\/v2\/pages\/47219\/revisions"}],"predecessor-version":[{"id":49663,"href":"https:\/\/elcoline.com\/fi\/wp-json\/wp\/v2\/pages\/47219\/revisions\/49663"}],"wp:featuredmedia":[{"embeddable":true,"href":"https:\/\/elcoline.com\/fi\/wp-json\/wp\/v2\/media\/1191"}],"wp:attachment":[{"href":"https:\/\/elcoline.com\/fi\/wp-json\/wp\/v2\/media?parent=47219"}],"curies":[{"name":"wp","href":"https:\/\/api.w.org\/{rel}","templated":true}]}}