{"id":47223,"date":"2025-03-20T11:31:47","date_gmt":"2025-03-20T11:31:47","guid":{"rendered":"https:\/\/staging.elcoline.fi\/meriteollisuus\/"},"modified":"2025-09-16T07:34:31","modified_gmt":"2025-09-16T07:34:31","slug":"meriteollisuus","status":"publish","type":"page","link":"https:\/\/elcoline.com\/fi\/palvelut\/meriteollisuus\/","title":{"rendered":"Meriteollisuus"},"content":{"rendered":"\n<div class=\"wp-block-cover is-light hero has-base-color has-text-color has-link-color wp-elements-b64800afd8bb98159a31f19f34a72009\"><span aria-hidden=\"true\" class=\"wp-block-cover__background has-background-dim\" style=\"background-color:#FFF\"><\/span><img loading=\"lazy\" decoding=\"async\" width=\"2000\" height=\"1125\" src=\"https:\/\/elcoline.com\/wp-content\/uploads\/2025\/06\/elcoline-marine-backs.jpg\" class=\"wp-block-cover__image-background wp-post-image\" alt=\"Elcoline Marine Services\" data-object-fit=\"cover\" srcset=\"https:\/\/elcoline.com\/wp-content\/uploads\/2025\/06\/elcoline-marine-backs.jpg 2000w, https:\/\/elcoline.com\/wp-content\/uploads\/2025\/06\/elcoline-marine-backs-300x169.jpg 300w, https:\/\/elcoline.com\/wp-content\/uploads\/2025\/06\/elcoline-marine-backs-1024x576.jpg 1024w, https:\/\/elcoline.com\/wp-content\/uploads\/2025\/06\/elcoline-marine-backs-768x432.jpg 768w, https:\/\/elcoline.com\/wp-content\/uploads\/2025\/06\/elcoline-marine-backs-1536x864.jpg 1536w\" sizes=\"auto, (max-width: 2000px) 100vw, 2000px\" \/><div class=\"wp-block-cover__inner-container is-layout-flow wp-block-cover-is-layout-flow\">\n<h2 class=\"wp-block-heading\">Palvelut<\/h2>\n\n\n\n<div class=\"wp-block-columns is-layout-flex wp-container-core-columns-is-layout-28f84493 wp-block-columns-is-layout-flex\">\n<div class=\"wp-block-column is-layout-flow wp-block-column-is-layout-flow\">\n<h1 class=\"wp-block-heading\">Meriteollisuus<\/h1>\n<\/div>\n\n\n\n<div class=\"wp-block-column is-layout-flow wp-block-column-is-layout-flow\">\n<p><\/p>\n<\/div>\n<\/div>\n<\/div><\/div>\n\n\n\n<div class=\"wp-block-columns is-layout-flex wp-container-core-columns-is-layout-28f84493 wp-block-columns-is-layout-flex\">\n<div class=\"wp-block-column is-layout-flow wp-block-column-is-layout-flow\">\n<h2 class=\"wp-block-heading\">Teollisuuden tekniset palvelut meriteollisuudelle<\/h2>\n<\/div>\n\n\n\n<div class=\"wp-block-column is-layout-flow wp-block-column-is-layout-flow\">\n<p>Tarjoamme kattavan valikoiman teollisuuden teknisi\u00e4 palveluita meriteollisuudelle, mukaan lukien s\u00e4hk\u00f6- ja automaatioasennukset, mekaaniset asennukset, s\u00e4hk\u00f6varusteluprojektit sek\u00e4 k\u00e4ytt\u00f6\u00f6notot.<\/p>\n\n\n\n<p>Palvelumme kattavat my\u00f6s teknisten tilojen avaimet k\u00e4teen -toimitukset, elinkaaripalvelut ja erikoisprojektit, kuten ABB Azipod -j\u00e4rjestelm\u00e4n huollot.<\/p>\n<\/div>\n<\/div>\n\n\n\n<div class=\"wp-block-columns is-style-section-1 is-layout-flex wp-container-core-columns-is-layout-1e297cbc wp-block-columns-is-layout-flex is-style-section-1--1\" style=\"padding-top:var(--wp--preset--spacing--70);padding-bottom:var(--wp--preset--spacing--70)\">\n<div class=\"wp-block-column is-layout-flow wp-block-column-is-layout-flow\">\n<div class=\"wp-block-columns is-layout-flex wp-container-core-columns-is-layout-28f84493 wp-block-columns-is-layout-flex\">\n<div class=\"wp-block-column is-layout-flow wp-block-column-is-layout-flow\" style=\"flex-basis:100%\">\n<h2 class=\"wp-block-heading has-custom-simple-white-color has-text-color has-link-color wp-elements-ac85946b4f15a87cce236b538ba7f36b\" style=\"margin-bottom:var(--wp--preset--spacing--60)\">Palvelumme<\/h2>\n<\/div>\n<\/div>\n\n\n\n<div class=\"wp-block-columns is-layout-flex wp-container-core-columns-is-layout-8351d469 wp-block-columns-is-layout-flex\" style=\"margin-bottom:var(--wp--preset--spacing--50)\">\n<div class=\"wp-block-column is-style-section-1 is-layout-flow wp-block-column-is-layout-flow is-style-section-1--2\">\n<figure class=\"wp-block-image size-large\"><img loading=\"lazy\" decoding=\"async\" width=\"1024\" height=\"589\" src=\"https:\/\/elcoline.com\/wp-content\/uploads\/2025\/06\/elcoline-marine-caps-1024x589.webp\" alt=\"Elcoline Marine Services\" class=\"wp-image-586\" style=\"aspect-ratio:4\/3;object-fit:cover\" srcset=\"https:\/\/elcoline.com\/wp-content\/uploads\/2025\/06\/elcoline-marine-caps-1024x589.webp 1024w, https:\/\/elcoline.com\/wp-content\/uploads\/2025\/06\/elcoline-marine-caps-300x173.webp 300w, https:\/\/elcoline.com\/wp-content\/uploads\/2025\/06\/elcoline-marine-caps-768x442.webp 768w, https:\/\/elcoline.com\/wp-content\/uploads\/2025\/06\/elcoline-marine-caps-1536x884.webp 1536w, https:\/\/elcoline.com\/wp-content\/uploads\/2025\/06\/elcoline-marine-caps-2048x1178.webp 2048w\" sizes=\"auto, (max-width: 1024px) 100vw, 1024px\" \/><\/figure>\n\n\n\n<h3 class=\"wp-block-heading\">Asennus-, korjaus- ja kunnossapito\u00adpalvelut<\/h3>\n\n\n\n<ul class=\"wp-block-list\">\n<li>S\u00e4hk\u00f6- ja instrumentointity\u00f6t, automaatioasennukset, s\u00e4hk\u00f6saattol\u00e4mmitykset<\/li>\n\n\n\n<li>Kaapeloinnit, s\u00e4hk\u00f6varusteluprojektit ja k\u00e4ytt\u00f6\u00f6nottoty\u00f6t<\/li>\n\n\n\n<li>Teknisten alueiden kokonaistoimitukset<\/li>\n\n\n\n<li>Laivan k\u00e4yt\u00f6naikaiset s\u00e4hk\u00f6huoltopalvelut<\/li>\n<\/ul>\n\n\n\n<div class=\"wp-block-buttons is-layout-flex wp-block-buttons-is-layout-flex\">\n<div class=\"wp-block-button\"><a class=\"wp-block-button__link wp-element-button\" href=\"https:\/\/elcoline.com\/fi\/palvelut\/asennus-korjaus-ja-huolto\/\">Lue lis\u00e4\u00e4<\/a><\/div>\n<\/div>\n<\/div>\n\n\n\n<div class=\"wp-block-column is-style-section-1 is-layout-flow wp-block-column-is-layout-flow is-style-section-1--3\">\n<figure class=\"wp-block-image size-full\"><img loading=\"lazy\" decoding=\"async\" width=\"865\" height=\"590\" src=\"https:\/\/elcoline.com\/wp-content\/uploads\/2025\/06\/elcoline_services_7.webp\" alt=\"\" class=\"wp-image-1045\" style=\"aspect-ratio:4\/3;object-fit:cover\" srcset=\"https:\/\/elcoline.com\/wp-content\/uploads\/2025\/06\/elcoline_services_7.webp 865w, https:\/\/elcoline.com\/wp-content\/uploads\/2025\/06\/elcoline_services_7-300x205.webp 300w, https:\/\/elcoline.com\/wp-content\/uploads\/2025\/06\/elcoline_services_7-768x524.webp 768w\" sizes=\"auto, (max-width: 865px) 100vw, 865px\" \/><\/figure>\n\n\n\n<h3 class=\"wp-block-heading\">S\u00e4hk\u00f6varustelu\u00adkohteet<\/h3>\n\n\n\n<ul class=\"wp-block-list\">\n<li>P\u00e4\u00e4konehuoneet, valvomot, ohjaamot, pumppuhuoneet, separaattoritilat, incineraattorihuoneet, tankkialueet, trusterihuoneet, s\u00e4hk\u00f6tilat<\/li>\n\n\n\n<li>K\u00e4ytt\u00f6\u00f6notot ja yli 1000V asennukset<\/li>\n<\/ul>\n<\/div>\n\n\n\n<div class=\"wp-block-column is-style-section-1 is-layout-flow wp-block-column-is-layout-flow is-style-section-1--4\">\n<figure class=\"wp-block-image size-large\"><img loading=\"lazy\" decoding=\"async\" width=\"1024\" height=\"587\" src=\"https:\/\/elcoline.com\/wp-content\/uploads\/2025\/06\/elcoline-marine-icon-of-the-seas-1024x587.webp\" alt=\"\" class=\"wp-image-596\" style=\"aspect-ratio:4\/3;object-fit:cover\" srcset=\"https:\/\/elcoline.com\/wp-content\/uploads\/2025\/06\/elcoline-marine-icon-of-the-seas-1024x587.webp 1024w, https:\/\/elcoline.com\/wp-content\/uploads\/2025\/06\/elcoline-marine-icon-of-the-seas-300x172.webp 300w, https:\/\/elcoline.com\/wp-content\/uploads\/2025\/06\/elcoline-marine-icon-of-the-seas-768x440.webp 768w, https:\/\/elcoline.com\/wp-content\/uploads\/2025\/06\/elcoline-marine-icon-of-the-seas-1536x880.webp 1536w, https:\/\/elcoline.com\/wp-content\/uploads\/2025\/06\/elcoline-marine-icon-of-the-seas.webp 2000w\" sizes=\"auto, (max-width: 1024px) 100vw, 1024px\" \/><\/figure>\n\n\n\n<h3 class=\"wp-block-heading\">KT-toimituskohteet<\/h3>\n\n\n\n<ul class=\"wp-block-list\">\n<li>AC-huoneet, s\u00e4hk\u00f6tilat, separaattoritilat ja propulsiomoottoritilat<\/li>\n<\/ul>\n<\/div>\n<\/div>\n\n\n\n<div class=\"wp-block-columns is-layout-flex wp-container-core-columns-is-layout-28f84493 wp-block-columns-is-layout-flex\">\n<div class=\"wp-block-column is-layout-flow wp-block-column-is-layout-flow\" style=\"padding-top:1rem;padding-right:2rem;padding-bottom:1rem;padding-left:2rem\"><\/div>\n\n\n\n<div class=\"wp-block-column is-layout-flow wp-block-column-is-layout-flow\" style=\"padding-top:1rem;padding-right:2rem;padding-bottom:1rem;padding-left:2rem\"><\/div>\n<\/div>\n<\/div>\n<\/div>\n\n\n\n<div class=\"wp-block-columns are-vertically-aligned-top is-style-section-2 elcoline-contact is-layout-flex wp-container-core-columns-is-layout-a0b9691e wp-block-columns-is-layout-flex is-style-section-2--5\" style=\"margin-top:0px;margin-bottom:0px;padding-top:var(--wp--preset--spacing--80);padding-bottom:var(--wp--preset--spacing--80)\">\n<div class=\"wp-block-column is-vertically-aligned-top is-layout-flow wp-block-column-is-layout-flow\">\n<div class=\"wp-block-columns is-layout-flex wp-container-core-columns-is-layout-28f84493 wp-block-columns-is-layout-flex\">\n<div class=\"wp-block-column is-layout-flow wp-block-column-is-layout-flow\" style=\"flex-basis:50%\">\n<h2 class=\"wp-block-heading\">Haluatko tiet\u00e4\u00e4 kuinka voisimme auttaa?<\/h2>\n\n\n\n<div class=\"wp-block-buttons is-horizontal is-content-justification-left is-layout-flex wp-container-core-buttons-is-layout-036cb0ab wp-block-buttons-is-layout-flex\"><\/div>\n<\/div>\n\n\n\n<div class=\"wp-block-column is-layout-flow wp-block-column-is-layout-flow\" style=\"flex-basis:25%\">\n<p class=\"has-large-font-size\">Ota yhteytt\u00e4 asiantuntijaamme<\/p>\n\n\n\n\n\n<p style=\"font-size:14px\">Liiketoimintajohtaja, L\u00e4nsi-Suomi<strong><br>Markus M\u00e4kinen<\/strong><br><a href=\"http:\/\/+358 50 412 3522\"><\/a><a href=\"markus.makinen@elcoline.fi\">markus.makinen@elcoline.fi<br><\/a><a href=\"http:\/\/+358 50 412 3522\">+358 50 412 3522<\/a><\/p>\n<\/div>\n\n\n\n<div class=\"wp-block-column is-layout-flow wp-block-column-is-layout-flow\" style=\"flex-basis:25%\">\n\n\n<h3 class=\"wp-block-heading\"><\/h3>\n\n\n\n<p><\/p>\n<\/div>\n<\/div>\n<\/div>\n<\/div>\n\n\n\n<div class=\"wp-block-columns is-layout-flex wp-container-core-columns-is-layout-28f84493 wp-block-columns-is-layout-flex\">\n<div class=\"wp-block-column is-layout-flow wp-block-column-is-layout-flow\" style=\"padding-top:6rem;padding-bottom:6rem\">\n<h2 class=\"wp-block-heading\">Elcolinen vahvuuksia ovat nopea reagointikyky, joustava resurssien k\u00e4ytt\u00f6 sek\u00e4 kyky toimia tiiviiss\u00e4 yhteisty\u00f6ss\u00e4 asiakkaan kanssa \u2013 varmistaen tuotantotavoitteiden saavuttamisen ja teollisuuden toimintavarmuuden.<\/h2>\n<\/div>\n<\/div>\n","protected":false},"excerpt":{"rendered":"<p>Teollisuuden tekniset palvelut meriteollisuudelle Tarjoamme kattavan valikoiman teollisuuden teknisi\u00e4 palveluita meriteollisuudelle, mukaan lukien s\u00e4hk\u00f6- ja automaatioasennukset, mekaaniset asennukset, s\u00e4hk\u00f6varusteluprojektit sek\u00e4 k\u00e4ytt\u00f6\u00f6notot. Palvelumme kattavat my\u00f6s teknisten tilojen avaimet k\u00e4teen -toimitukset, elinkaaripalvelut ja erikoisprojektit, kuten ABB Azipod -j\u00e4rjestelm\u00e4n huollot. Palvelumme Asennus-, korjaus- ja kunnossapito\u00adpalvelut S\u00e4hk\u00f6varustelu\u00adkohteet KT-toimituskohteet Haluatko tiet\u00e4\u00e4 kuinka voisimme auttaa? Ota yhteytt\u00e4 asiantuntijaamme Elcolinen vahvuuksia ovat [&hellip;]<\/p>\n","protected":false},"author":10,"featured_media":581,"parent":47235,"menu_order":3,"comment_status":"closed","ping_status":"closed","template":"","meta":{"footnotes":""},"class_list":["post-47223","page","type-page","status-publish","has-post-thumbnail","hentry"],"yoast_head":"<!-- This site is optimized with the Yoast SEO plugin v27.5 - https:\/\/yoast.com\/product\/yoast-seo-wordpress\/ -->\n<title>Meriteollisuus - Elcoline Group<\/title>\n<meta name=\"description\" content=\"Tutustu meriteollisuuden palveluihin, jotka kattavat s\u00e4hk\u00f6- ja automaatioasennukset sek\u00e4 s\u00e4hk\u00f6asennusprojektit. Palvelumme ulottuvat my\u00f6s teknisten alueiden kokonaistoimituksiin, elinkaaripalveluihin ja erityiskohteiden huoltoon.\" \/>\n<meta name=\"robots\" content=\"index, follow, max-snippet:-1, max-image-preview:large, max-video-preview:-1\" \/>\n<link rel=\"canonical\" href=\"https:\/\/elcoline.com\/fi\/palvelut\/meriteollisuus\/\" \/>\n<meta property=\"og:locale\" content=\"fi_FI\" \/>\n<meta property=\"og:type\" content=\"article\" \/>\n<meta property=\"og:title\" content=\"Meriteollisuus - Elcoline Group\" \/>\n<meta property=\"og:description\" content=\"Tutustu meriteollisuuden palveluihin, jotka kattavat s\u00e4hk\u00f6- ja automaatioasennukset sek\u00e4 s\u00e4hk\u00f6asennusprojektit. Palvelumme ulottuvat my\u00f6s teknisten alueiden kokonaistoimituksiin, elinkaaripalveluihin ja erityiskohteiden huoltoon.\" \/>\n<meta property=\"og:url\" content=\"https:\/\/elcoline.com\/fi\/palvelut\/meriteollisuus\/\" \/>\n<meta property=\"og:site_name\" content=\"Elcoline Group\" \/>\n<meta property=\"article:modified_time\" content=\"2025-09-16T07:34:31+00:00\" \/>\n<meta property=\"og:image\" content=\"https:\/\/elcoline.com\/wp-content\/uploads\/2025\/06\/elcoline-marine-backs.jpg\" \/>\n\t<meta property=\"og:image:width\" content=\"2000\" \/>\n\t<meta property=\"og:image:height\" content=\"1125\" \/>\n\t<meta property=\"og:image:type\" content=\"image\/jpeg\" \/>\n<meta name=\"twitter:card\" content=\"summary_large_image\" \/>\n<meta name=\"twitter:label1\" content=\"Arvioitu lukuaika\" \/>\n\t<meta name=\"twitter:data1\" content=\"4 minuuttia\" \/>\n<script type=\"application\/ld+json\" class=\"yoast-schema-graph\">{\"@context\":\"https:\\\/\\\/schema.org\",\"@graph\":[{\"@type\":\"WebPage\",\"@id\":\"https:\\\/\\\/elcoline.com\\\/fi\\\/palvelut\\\/meriteollisuus\\\/\",\"url\":\"https:\\\/\\\/elcoline.com\\\/fi\\\/palvelut\\\/meriteollisuus\\\/\",\"name\":\"Meriteollisuus - Elcoline Group\",\"isPartOf\":{\"@id\":\"https:\\\/\\\/elcoline.com\\\/fi\\\/#website\"},\"primaryImageOfPage\":{\"@id\":\"https:\\\/\\\/elcoline.com\\\/fi\\\/palvelut\\\/meriteollisuus\\\/#primaryimage\"},\"image\":{\"@id\":\"https:\\\/\\\/elcoline.com\\\/fi\\\/palvelut\\\/meriteollisuus\\\/#primaryimage\"},\"thumbnailUrl\":\"https:\\\/\\\/elcoline.com\\\/wp-content\\\/uploads\\\/2025\\\/06\\\/elcoline-marine-backs.jpg\",\"datePublished\":\"2025-03-20T11:31:47+00:00\",\"dateModified\":\"2025-09-16T07:34:31+00:00\",\"description\":\"Tutustu meriteollisuuden palveluihin, jotka kattavat s\u00e4hk\u00f6- ja automaatioasennukset sek\u00e4 s\u00e4hk\u00f6asennusprojektit. Palvelumme ulottuvat my\u00f6s teknisten alueiden kokonaistoimituksiin, elinkaaripalveluihin ja erityiskohteiden huoltoon.\",\"breadcrumb\":{\"@id\":\"https:\\\/\\\/elcoline.com\\\/fi\\\/palvelut\\\/meriteollisuus\\\/#breadcrumb\"},\"inLanguage\":\"fi\",\"potentialAction\":[{\"@type\":\"ReadAction\",\"target\":[\"https:\\\/\\\/elcoline.com\\\/fi\\\/palvelut\\\/meriteollisuus\\\/\"]}]},{\"@type\":\"ImageObject\",\"inLanguage\":\"fi\",\"@id\":\"https:\\\/\\\/elcoline.com\\\/fi\\\/palvelut\\\/meriteollisuus\\\/#primaryimage\",\"url\":\"https:\\\/\\\/elcoline.com\\\/wp-content\\\/uploads\\\/2025\\\/06\\\/elcoline-marine-backs.jpg\",\"contentUrl\":\"https:\\\/\\\/elcoline.com\\\/wp-content\\\/uploads\\\/2025\\\/06\\\/elcoline-marine-backs.jpg\",\"width\":2000,\"height\":1125,\"caption\":\"Elcoline Marine Services\"},{\"@type\":\"BreadcrumbList\",\"@id\":\"https:\\\/\\\/elcoline.com\\\/fi\\\/palvelut\\\/meriteollisuus\\\/#breadcrumb\",\"itemListElement\":[{\"@type\":\"ListItem\",\"position\":1,\"name\":\"Meriteollisuus\",\"item\":\"https:\\\/\\\/elcoline.com\\\/fi\\\/palvelut\\\/meriteollisuus\\\/\"},{\"@type\":\"ListItem\",\"position\":2,\"name\":\"Meriteollisuus\"}]},{\"@type\":\"WebSite\",\"@id\":\"https:\\\/\\\/elcoline.com\\\/fi\\\/#website\",\"url\":\"https:\\\/\\\/elcoline.com\\\/fi\\\/\",\"name\":\"Elcoline Group\",\"description\":\"\",\"potentialAction\":[{\"@type\":\"SearchAction\",\"target\":{\"@type\":\"EntryPoint\",\"urlTemplate\":\"https:\\\/\\\/elcoline.com\\\/fi\\\/?s={search_term_string}\"},\"query-input\":{\"@type\":\"PropertyValueSpecification\",\"valueRequired\":true,\"valueName\":\"search_term_string\"}}],\"inLanguage\":\"fi\"}]}<\/script>\n<!-- \/ Yoast SEO plugin. -->","yoast_head_json":{"title":"Meriteollisuus - Elcoline Group","description":"Tutustu meriteollisuuden palveluihin, jotka kattavat s\u00e4hk\u00f6- ja automaatioasennukset sek\u00e4 s\u00e4hk\u00f6asennusprojektit. Palvelumme ulottuvat my\u00f6s teknisten alueiden kokonaistoimituksiin, elinkaaripalveluihin ja erityiskohteiden huoltoon.","robots":{"index":"index","follow":"follow","max-snippet":"max-snippet:-1","max-image-preview":"max-image-preview:large","max-video-preview":"max-video-preview:-1"},"canonical":"https:\/\/elcoline.com\/fi\/palvelut\/meriteollisuus\/","og_locale":"fi_FI","og_type":"article","og_title":"Meriteollisuus - Elcoline Group","og_description":"Tutustu meriteollisuuden palveluihin, jotka kattavat s\u00e4hk\u00f6- ja automaatioasennukset sek\u00e4 s\u00e4hk\u00f6asennusprojektit. Palvelumme ulottuvat my\u00f6s teknisten alueiden kokonaistoimituksiin, elinkaaripalveluihin ja erityiskohteiden huoltoon.","og_url":"https:\/\/elcoline.com\/fi\/palvelut\/meriteollisuus\/","og_site_name":"Elcoline Group","article_modified_time":"2025-09-16T07:34:31+00:00","og_image":[{"width":2000,"height":1125,"url":"https:\/\/elcoline.com\/wp-content\/uploads\/2025\/06\/elcoline-marine-backs.jpg","type":"image\/jpeg"}],"twitter_card":"summary_large_image","twitter_misc":{"Arvioitu lukuaika":"4 minuuttia"},"schema":{"@context":"https:\/\/schema.org","@graph":[{"@type":"WebPage","@id":"https:\/\/elcoline.com\/fi\/palvelut\/meriteollisuus\/","url":"https:\/\/elcoline.com\/fi\/palvelut\/meriteollisuus\/","name":"Meriteollisuus - Elcoline Group","isPartOf":{"@id":"https:\/\/elcoline.com\/fi\/#website"},"primaryImageOfPage":{"@id":"https:\/\/elcoline.com\/fi\/palvelut\/meriteollisuus\/#primaryimage"},"image":{"@id":"https:\/\/elcoline.com\/fi\/palvelut\/meriteollisuus\/#primaryimage"},"thumbnailUrl":"https:\/\/elcoline.com\/wp-content\/uploads\/2025\/06\/elcoline-marine-backs.jpg","datePublished":"2025-03-20T11:31:47+00:00","dateModified":"2025-09-16T07:34:31+00:00","description":"Tutustu meriteollisuuden palveluihin, jotka kattavat s\u00e4hk\u00f6- ja automaatioasennukset sek\u00e4 s\u00e4hk\u00f6asennusprojektit. Palvelumme ulottuvat my\u00f6s teknisten alueiden kokonaistoimituksiin, elinkaaripalveluihin ja erityiskohteiden huoltoon.","breadcrumb":{"@id":"https:\/\/elcoline.com\/fi\/palvelut\/meriteollisuus\/#breadcrumb"},"inLanguage":"fi","potentialAction":[{"@type":"ReadAction","target":["https:\/\/elcoline.com\/fi\/palvelut\/meriteollisuus\/"]}]},{"@type":"ImageObject","inLanguage":"fi","@id":"https:\/\/elcoline.com\/fi\/palvelut\/meriteollisuus\/#primaryimage","url":"https:\/\/elcoline.com\/wp-content\/uploads\/2025\/06\/elcoline-marine-backs.jpg","contentUrl":"https:\/\/elcoline.com\/wp-content\/uploads\/2025\/06\/elcoline-marine-backs.jpg","width":2000,"height":1125,"caption":"Elcoline Marine Services"},{"@type":"BreadcrumbList","@id":"https:\/\/elcoline.com\/fi\/palvelut\/meriteollisuus\/#breadcrumb","itemListElement":[{"@type":"ListItem","position":1,"name":"Meriteollisuus","item":"https:\/\/elcoline.com\/fi\/palvelut\/meriteollisuus\/"},{"@type":"ListItem","position":2,"name":"Meriteollisuus"}]},{"@type":"WebSite","@id":"https:\/\/elcoline.com\/fi\/#website","url":"https:\/\/elcoline.com\/fi\/","name":"Elcoline Group","description":"","potentialAction":[{"@type":"SearchAction","target":{"@type":"EntryPoint","urlTemplate":"https:\/\/elcoline.com\/fi\/?s={search_term_string}"},"query-input":{"@type":"PropertyValueSpecification","valueRequired":true,"valueName":"search_term_string"}}],"inLanguage":"fi"}]}},"pbg_featured_image_src":{"full":["https:\/\/elcoline.com\/wp-content\/uploads\/2025\/06\/elcoline-marine-backs.jpg",2000,1125,false],"thumbnail":["https:\/\/elcoline.com\/wp-content\/uploads\/2025\/06\/elcoline-marine-backs-150x150.jpg",150,150,true],"medium":["https:\/\/elcoline.com\/wp-content\/uploads\/2025\/06\/elcoline-marine-backs-300x169.jpg",300,169,true],"medium_large":["https:\/\/elcoline.com\/wp-content\/uploads\/2025\/06\/elcoline-marine-backs-768x432.jpg",768,432,true],"large":["https:\/\/elcoline.com\/wp-content\/uploads\/2025\/06\/elcoline-marine-backs-1024x576.jpg",1024,576,true],"1536x1536":["https:\/\/elcoline.com\/wp-content\/uploads\/2025\/06\/elcoline-marine-backs-1536x864.jpg",1536,864,true],"2048x2048":["https:\/\/elcoline.com\/wp-content\/uploads\/2025\/06\/elcoline-marine-backs.jpg",2000,1125,false]},"pbg_author_info":{"display_name":"admin","author_link":"https:\/\/elcoline.com\/fi\/author\/admin\/","author_img":false},"pbg_comment_info":" No Comments","pbg_excerpt":"Teollisuuden tekniset palvelut meriteollisuudelle Tarjoamme kattavan valikoiman teollisuuden teknisi\u00e4 palveluita meriteollisuudelle, mukaan lukien s\u00e4hk\u00f6- ja automaatioasennukset, mekaaniset asennukset, s\u00e4hk\u00f6varusteluprojektit sek\u00e4 k\u00e4ytt\u00f6\u00f6notot. Palvelumme kattavat my\u00f6s teknisten tilojen avaimet k\u00e4teen -toimitukset, elinkaaripalvelut ja erikoisprojektit, kuten ABB Azipod -j\u00e4rjestelm\u00e4n huollot. Palvelumme Asennus-, korjaus- ja kunnossapito\u00adpalvelut S\u00e4hk\u00f6varustelu\u00adkohteet KT-toimituskohteet Haluatko tiet\u00e4\u00e4 kuinka voisimme auttaa? Ota yhteytt\u00e4 asiantuntijaamme Elcolinen vahvuuksia ovat&hellip;","_links":{"self":[{"href":"https:\/\/elcoline.com\/fi\/wp-json\/wp\/v2\/pages\/47223","targetHints":{"allow":["GET"]}}],"collection":[{"href":"https:\/\/elcoline.com\/fi\/wp-json\/wp\/v2\/pages"}],"about":[{"href":"https:\/\/elcoline.com\/fi\/wp-json\/wp\/v2\/types\/page"}],"author":[{"embeddable":true,"href":"https:\/\/elcoline.com\/fi\/wp-json\/wp\/v2\/users\/10"}],"replies":[{"embeddable":true,"href":"https:\/\/elcoline.com\/fi\/wp-json\/wp\/v2\/comments?post=47223"}],"version-history":[{"count":11,"href":"https:\/\/elcoline.com\/fi\/wp-json\/wp\/v2\/pages\/47223\/revisions"}],"predecessor-version":[{"id":48742,"href":"https:\/\/elcoline.com\/fi\/wp-json\/wp\/v2\/pages\/47223\/revisions\/48742"}],"up":[{"embeddable":true,"href":"https:\/\/elcoline.com\/fi\/wp-json\/wp\/v2\/pages\/47235"}],"wp:featuredmedia":[{"embeddable":true,"href":"https:\/\/elcoline.com\/fi\/wp-json\/wp\/v2\/media\/581"}],"wp:attachment":[{"href":"https:\/\/elcoline.com\/fi\/wp-json\/wp\/v2\/media?parent=47223"}],"curies":[{"name":"wp","href":"https:\/\/api.w.org\/{rel}","templated":true}]}}