{"id":47240,"date":"2025-03-20T11:31:47","date_gmt":"2025-03-20T11:31:47","guid":{"rendered":"https:\/\/staging.elcoline.fi\/palvelut\/kaukolampo\/"},"modified":"2025-09-16T07:46:26","modified_gmt":"2025-09-16T07:46:26","slug":"kaukolampo","status":"publish","type":"page","link":"https:\/\/elcoline.com\/fi\/palvelut\/kaukolampo\/","title":{"rendered":"Kaukol\u00e4mp\u00f6"},"content":{"rendered":"\n<div class=\"wp-block-cover is-light hero has-base-color has-text-color has-link-color wp-elements-7ddfa16b68bbf6e4dc0546ee6eb8b87e\"><span aria-hidden=\"true\" class=\"wp-block-cover__background has-background-dim\" style=\"background-color:#FFF\"><\/span><img loading=\"lazy\" decoding=\"async\" width=\"640\" height=\"427\" src=\"https:\/\/elcoline.com\/wp-content\/uploads\/2025\/06\/district-heating.webp\" class=\"wp-block-cover__image-background wp-post-image\" alt=\"\" data-object-fit=\"cover\" srcset=\"https:\/\/elcoline.com\/wp-content\/uploads\/2025\/06\/district-heating.webp 640w, https:\/\/elcoline.com\/wp-content\/uploads\/2025\/06\/district-heating-300x200.webp 300w\" sizes=\"auto, (max-width: 640px) 100vw, 640px\" \/><div class=\"wp-block-cover__inner-container is-layout-flow wp-block-cover-is-layout-flow\">\n<h2 class=\"wp-block-heading\">Subtitle<\/h2>\n\n\n\n<div class=\"wp-block-columns is-layout-flex wp-container-core-columns-is-layout-28f84493 wp-block-columns-is-layout-flex\">\n<div class=\"wp-block-column is-layout-flow wp-block-column-is-layout-flow\">\n<h1 class=\"wp-block-heading\">Kaukol\u00e4mp\u00f6<\/h1>\n<\/div>\n\n\n\n<div class=\"wp-block-column is-layout-flow wp-block-column-is-layout-flow\">\n<p><\/p>\n<\/div>\n<\/div>\n<\/div><\/div>\n\n\n\n<div class=\"wp-block-columns is-layout-flex wp-container-core-columns-is-layout-9608ec91 wp-block-columns-is-layout-flex\" style=\"padding-top:3rem;padding-bottom:3rem\">\n<div class=\"wp-block-column is-layout-flow wp-block-column-is-layout-flow\">\n<h2 class=\"wp-block-heading\">Teollisuuden tekniset palvelut kaukol\u00e4mp\u00f6\u00adasiakkaille<\/h2>\n<\/div>\n\n\n\n<div class=\"wp-block-column is-layout-flow wp-block-column-is-layout-flow\">\n<p>Tarjoamme kaukol\u00e4mp\u00f6verkon m\u00e4\u00e4r\u00e4aikaishuoltoa ja tarkastuksia, k\u00e4ytt\u00f6\u00e4 ja kunnossapitoa sek\u00e4 p\u00e4ivystys- ja vikakorjauspalveluita.<\/p>\n<\/div>\n<\/div>\n\n\n\n<div class=\"wp-block-columns is-style-section-3 is-layout-flex wp-container-core-columns-is-layout-a54e0cfc wp-block-columns-is-layout-flex is-style-section-3--1\" style=\"padding-top:var(--wp--preset--spacing--60);padding-bottom:var(--wp--preset--spacing--60)\">\n<div class=\"wp-block-column is-style-default is-layout-flow wp-block-column-is-layout-flow\">\n<div class=\"wp-block-columns is-layout-flex wp-container-core-columns-is-layout-28f84493 wp-block-columns-is-layout-flex\">\n<div class=\"wp-block-column is-layout-flow wp-block-column-is-layout-flow\">\n<h2 class=\"wp-block-heading\" style=\"margin-bottom:var(--wp--preset--spacing--50)\">Toteutamme muun muassa<\/h2>\n<\/div>\n<\/div>\n\n\n\n<div class=\"wp-block-group vertical-lines is-layout-grid wp-container-core-group-is-layout-478b6e6b wp-block-group-is-layout-grid\">\n<p>Viikkotarkastukset<\/p>\n\n\n\n<p class=\"wp-container-content-69bc4bdf\">Kuukausitarkastukset<\/p>\n\n\n\n<p>Vuosihuollot<\/p>\n\n\n\n<p>Vika- ja h\u00e4iri\u00f6korjaukset<\/p>\n\n\n\n<p>S\u00e4ili\u00f6iden mittaukset<\/p>\n\n\n\n<p>Mittareiden vaihdot<\/p>\n\n\n\n<p>Kaivohuollot<\/p>\n\n\n\n<p>Ennakoiva kunnossapito<\/p>\n\n\n\n<p>Raportointi<\/p>\n\n\n\n<p>N\u00e4ytteenotto<\/p>\n\n\n\n<p>Verkostosuunnittelu<\/p>\n\n\n\n<p>Kaukol\u00e4mp\u00f6verkon yll\u00e4pito<\/p>\n\n\n\n<p>Yhteistoiminta eri sidosryhmien v\u00e4lill\u00e4<\/p>\n\n\n\n<p>S\u00e4hk\u00f6nk\u00e4yt\u00f6n- ja painelaitteidenk\u00e4yt\u00f6njohto<\/p>\n<\/div>\n<\/div>\n<\/div>\n\n\n\n<div class=\"wp-block-columns are-vertically-aligned-top is-style-section-2 elcoline-contact is-layout-flex wp-container-core-columns-is-layout-a0b9691e wp-block-columns-is-layout-flex is-style-section-2--2\" style=\"margin-top:0px;margin-bottom:0px;padding-top:var(--wp--preset--spacing--80);padding-bottom:var(--wp--preset--spacing--80)\">\n<div class=\"wp-block-column is-vertically-aligned-top is-layout-flow wp-block-column-is-layout-flow\">\n<div class=\"wp-block-columns is-layout-flex wp-container-core-columns-is-layout-28f84493 wp-block-columns-is-layout-flex\">\n<div class=\"wp-block-column is-layout-flow wp-block-column-is-layout-flow\" style=\"flex-basis:50%\">\n<h2 class=\"wp-block-heading\">Haluatko tiet\u00e4\u00e4 kuinka voisimme auttaa?<\/h2>\n\n\n\n<div class=\"wp-block-buttons is-horizontal is-content-justification-left is-layout-flex wp-container-core-buttons-is-layout-036cb0ab wp-block-buttons-is-layout-flex\">\n<div class=\"wp-block-button\"><a class=\"wp-block-button__link wp-element-button\" href=\"https:\/\/elcoline.com\/fi\/yhteystiedot\/\">Kaikki yhteystiedot<\/a><\/div>\n<\/div>\n<\/div>\n\n\n\n<div class=\"wp-block-column is-layout-flow wp-block-column-is-layout-flow\" style=\"flex-basis:25%\">\n<p class=\"has-large-font-size\">Ota yhteytt\u00e4 asiantuntijaamme<\/p>\n\n\n\n\n\n<p style=\"font-size:14px\">Aluejohtaja<br><strong>Mikko Patjas<\/strong><br><a href=\"mailto:mikko.patjas@elcoline.fi\">mikko.patjas@elcoline.fi<\/a><br><a href=\"tel:+358 40\u00a0832 9364\">+358 40\u00a0832 9364<\/a><\/p>\n<\/div>\n\n\n\n<div class=\"wp-block-column is-layout-flow wp-block-column-is-layout-flow\" style=\"flex-basis:25%\">\n\n\n<h3 class=\"wp-block-heading\"><\/h3>\n\n\n\n<p><\/p>\n<\/div>\n<\/div>\n<\/div>\n<\/div>\n\n\n\n<div class=\"wp-block-group is-style-section-3 has-global-padding is-content-justification-left is-layout-constrained wp-container-core-group-is-layout-01bb62f0 wp-block-group-is-layout-constrained is-style-section-3--3\" style=\"margin-top:0;margin-bottom:0;padding-top:6rem;padding-bottom:6rem\">\n<h2 class=\"wp-block-heading\">Tutustu asiakastarinoihin<\/h2>\n\n\n\n<div class=\"wp-block-query is-layout-flow wp-block-query-is-layout-flow\"><ul class=\"wp-block-post-template is-layout-flow wp-block-post-template-is-layout-flow\"><li class=\"wp-block-post post-331 reference type-reference status-publish has-post-thumbnail hentry tag-energia tag-kaukolampo-2\">\n\n<div class=\"wp-block-columns alignwide is-layout-flex wp-container-core-columns-is-layout-28f84493 wp-block-columns-is-layout-flex\">\n<div class=\"wp-block-column is-layout-flow wp-block-column-is-layout-flow\" style=\"flex-basis:66.66%\"><figure class=\"wp-block-post-featured-image\"><a href=\"https:\/\/elcoline.com\/fi\/asiakastarina\/riihimaen-kaukolampo\/\" target=\"_self\"  ><img loading=\"lazy\" decoding=\"async\" width=\"640\" height=\"427\" src=\"https:\/\/elcoline.com\/wp-content\/uploads\/2025\/06\/IMG_1006.jpeg\" class=\"attachment-post-thumbnail size-post-thumbnail wp-post-image\" alt=\"Riihim\u00e4en Kaukol\u00e4mp\u00f6\" style=\"object-fit:cover;\" srcset=\"https:\/\/elcoline.com\/wp-content\/uploads\/2025\/06\/IMG_1006.jpeg 640w, https:\/\/elcoline.com\/wp-content\/uploads\/2025\/06\/IMG_1006-300x200.jpeg 300w\" sizes=\"auto, (max-width: 640px) 100vw, 640px\" \/><\/a><\/figure><\/div>\n\n\n\n<div class=\"wp-block-column is-layout-flow wp-block-column-is-layout-flow\" style=\"flex-basis:33.33%\"><h2 class=\"wp-block-post-title\"><a href=\"https:\/\/elcoline.com\/fi\/asiakastarina\/riihimaen-kaukolampo\/\" target=\"_self\" >Riihim\u00e4en Kaukol\u00e4mp\u00f6<\/a><\/h2>\n\n<div class=\"wp-block-post-excerpt\"><p class=\"wp-block-post-excerpt__excerpt\">Elcoline auttaa pit\u00e4m\u00e4\u00e4n riihim\u00e4kel\u00e4iset l\u00e4mpimin\u00e4<\/p><p class=\"wp-block-post-excerpt__more-text\"><a class=\"wp-block-post-excerpt__more-link\" href=\"https:\/\/elcoline.com\/fi\/asiakastarina\/riihimaen-kaukolampo\/\">Lue lis\u00e4\u00e4<\/a><\/p><\/div><\/div>\n<\/div>\n\n<\/li><\/ul><\/div>\n<\/div>\n","protected":false},"excerpt":{"rendered":"<p>Teollisuuden tekniset palvelut kaukol\u00e4mp\u00f6\u00adasiakkaille Tarjoamme kaukol\u00e4mp\u00f6verkon m\u00e4\u00e4r\u00e4aikaishuoltoa ja tarkastuksia, k\u00e4ytt\u00f6\u00e4 ja kunnossapitoa sek\u00e4 p\u00e4ivystys- ja vikakorjauspalveluita. Toteutamme muun muassa Viikkotarkastukset Kuukausitarkastukset Vuosihuollot Vika- ja h\u00e4iri\u00f6korjaukset S\u00e4ili\u00f6iden mittaukset Mittareiden vaihdot Kaivohuollot Ennakoiva kunnossapito Raportointi N\u00e4ytteenotto Verkostosuunnittelu Kaukol\u00e4mp\u00f6verkon yll\u00e4pito Yhteistoiminta eri sidosryhmien v\u00e4lill\u00e4 S\u00e4hk\u00f6nk\u00e4yt\u00f6n- ja painelaitteidenk\u00e4yt\u00f6njohto Haluatko tiet\u00e4\u00e4 kuinka voisimme auttaa? Ota yhteytt\u00e4 asiantuntijaamme Tutustu asiakastarinoihin<\/p>\n","protected":false},"author":10,"featured_media":607,"parent":47235,"menu_order":6,"comment_status":"closed","ping_status":"closed","template":"","meta":{"footnotes":""},"class_list":["post-47240","page","type-page","status-publish","has-post-thumbnail","hentry"],"yoast_head":"<!-- This site is optimized with the Yoast SEO plugin v27.5 - https:\/\/yoast.com\/product\/yoast-seo-wordpress\/ -->\n<title>Kaukol\u00e4mp\u00f6 - Elcoline Group<\/title>\n<meta name=\"description\" content=\"Tarjoamme kaukol\u00e4mp\u00f6j\u00e4rjestelmien m\u00e4\u00e4r\u00e4aikaishuoltoja, tarkastuksia, verkon k\u00e4ytt\u00f6\u00e4 ja 24\/7-viankorjauspalveluita.\" \/>\n<meta name=\"robots\" content=\"index, follow, max-snippet:-1, max-image-preview:large, max-video-preview:-1\" \/>\n<link rel=\"canonical\" href=\"https:\/\/elcoline.com\/fi\/palvelut\/kaukolampo\/\" \/>\n<meta property=\"og:locale\" content=\"fi_FI\" \/>\n<meta property=\"og:type\" content=\"article\" \/>\n<meta property=\"og:title\" content=\"Kaukol\u00e4mp\u00f6 - Elcoline Group\" \/>\n<meta property=\"og:description\" content=\"Tarjoamme kaukol\u00e4mp\u00f6j\u00e4rjestelmien m\u00e4\u00e4r\u00e4aikaishuoltoja, tarkastuksia, verkon k\u00e4ytt\u00f6\u00e4 ja 24\/7-viankorjauspalveluita.\" \/>\n<meta property=\"og:url\" content=\"https:\/\/elcoline.com\/fi\/palvelut\/kaukolampo\/\" \/>\n<meta property=\"og:site_name\" content=\"Elcoline Group\" \/>\n<meta property=\"article:modified_time\" content=\"2025-09-16T07:46:26+00:00\" \/>\n<meta property=\"og:image\" content=\"https:\/\/elcoline.com\/wp-content\/uploads\/2025\/06\/district-heating.webp\" \/>\n\t<meta property=\"og:image:width\" content=\"640\" \/>\n\t<meta property=\"og:image:height\" content=\"427\" \/>\n\t<meta property=\"og:image:type\" content=\"image\/webp\" \/>\n<meta name=\"twitter:card\" content=\"summary_large_image\" \/>\n<meta name=\"twitter:label1\" content=\"Arvioitu lukuaika\" \/>\n\t<meta name=\"twitter:data1\" content=\"2 minuuttia\" \/>\n<script type=\"application\/ld+json\" class=\"yoast-schema-graph\">{\"@context\":\"https:\\\/\\\/schema.org\",\"@graph\":[{\"@type\":\"WebPage\",\"@id\":\"https:\\\/\\\/elcoline.com\\\/fi\\\/palvelut\\\/kaukolampo\\\/\",\"url\":\"https:\\\/\\\/elcoline.com\\\/fi\\\/palvelut\\\/kaukolampo\\\/\",\"name\":\"Kaukol\u00e4mp\u00f6 - Elcoline Group\",\"isPartOf\":{\"@id\":\"https:\\\/\\\/elcoline.com\\\/fi\\\/#website\"},\"primaryImageOfPage\":{\"@id\":\"https:\\\/\\\/elcoline.com\\\/fi\\\/palvelut\\\/kaukolampo\\\/#primaryimage\"},\"image\":{\"@id\":\"https:\\\/\\\/elcoline.com\\\/fi\\\/palvelut\\\/kaukolampo\\\/#primaryimage\"},\"thumbnailUrl\":\"https:\\\/\\\/elcoline.com\\\/wp-content\\\/uploads\\\/2025\\\/06\\\/district-heating.webp\",\"datePublished\":\"2025-03-20T11:31:47+00:00\",\"dateModified\":\"2025-09-16T07:46:26+00:00\",\"description\":\"Tarjoamme kaukol\u00e4mp\u00f6j\u00e4rjestelmien m\u00e4\u00e4r\u00e4aikaishuoltoja, tarkastuksia, verkon k\u00e4ytt\u00f6\u00e4 ja 24\\\/7-viankorjauspalveluita.\",\"breadcrumb\":{\"@id\":\"https:\\\/\\\/elcoline.com\\\/fi\\\/palvelut\\\/kaukolampo\\\/#breadcrumb\"},\"inLanguage\":\"fi\",\"potentialAction\":[{\"@type\":\"ReadAction\",\"target\":[\"https:\\\/\\\/elcoline.com\\\/fi\\\/palvelut\\\/kaukolampo\\\/\"]}]},{\"@type\":\"ImageObject\",\"inLanguage\":\"fi\",\"@id\":\"https:\\\/\\\/elcoline.com\\\/fi\\\/palvelut\\\/kaukolampo\\\/#primaryimage\",\"url\":\"https:\\\/\\\/elcoline.com\\\/wp-content\\\/uploads\\\/2025\\\/06\\\/district-heating.webp\",\"contentUrl\":\"https:\\\/\\\/elcoline.com\\\/wp-content\\\/uploads\\\/2025\\\/06\\\/district-heating.webp\",\"width\":640,\"height\":427},{\"@type\":\"BreadcrumbList\",\"@id\":\"https:\\\/\\\/elcoline.com\\\/fi\\\/palvelut\\\/kaukolampo\\\/#breadcrumb\",\"itemListElement\":[{\"@type\":\"ListItem\",\"position\":1,\"name\":\"Kaukol\u00e4mp\u00f6\",\"item\":\"https:\\\/\\\/elcoline.com\\\/fi\\\/palvelut\\\/kaukolampo\\\/\"},{\"@type\":\"ListItem\",\"position\":2,\"name\":\"Kaukol\u00e4mp\u00f6\"}]},{\"@type\":\"WebSite\",\"@id\":\"https:\\\/\\\/elcoline.com\\\/fi\\\/#website\",\"url\":\"https:\\\/\\\/elcoline.com\\\/fi\\\/\",\"name\":\"Elcoline Group\",\"description\":\"\",\"potentialAction\":[{\"@type\":\"SearchAction\",\"target\":{\"@type\":\"EntryPoint\",\"urlTemplate\":\"https:\\\/\\\/elcoline.com\\\/fi\\\/?s={search_term_string}\"},\"query-input\":{\"@type\":\"PropertyValueSpecification\",\"valueRequired\":true,\"valueName\":\"search_term_string\"}}],\"inLanguage\":\"fi\"}]}<\/script>\n<!-- \/ Yoast SEO plugin. -->","yoast_head_json":{"title":"Kaukol\u00e4mp\u00f6 - Elcoline Group","description":"Tarjoamme kaukol\u00e4mp\u00f6j\u00e4rjestelmien m\u00e4\u00e4r\u00e4aikaishuoltoja, tarkastuksia, verkon k\u00e4ytt\u00f6\u00e4 ja 24\/7-viankorjauspalveluita.","robots":{"index":"index","follow":"follow","max-snippet":"max-snippet:-1","max-image-preview":"max-image-preview:large","max-video-preview":"max-video-preview:-1"},"canonical":"https:\/\/elcoline.com\/fi\/palvelut\/kaukolampo\/","og_locale":"fi_FI","og_type":"article","og_title":"Kaukol\u00e4mp\u00f6 - Elcoline Group","og_description":"Tarjoamme kaukol\u00e4mp\u00f6j\u00e4rjestelmien m\u00e4\u00e4r\u00e4aikaishuoltoja, tarkastuksia, verkon k\u00e4ytt\u00f6\u00e4 ja 24\/7-viankorjauspalveluita.","og_url":"https:\/\/elcoline.com\/fi\/palvelut\/kaukolampo\/","og_site_name":"Elcoline Group","article_modified_time":"2025-09-16T07:46:26+00:00","og_image":[{"width":640,"height":427,"url":"https:\/\/elcoline.com\/wp-content\/uploads\/2025\/06\/district-heating.webp","type":"image\/webp"}],"twitter_card":"summary_large_image","twitter_misc":{"Arvioitu lukuaika":"2 minuuttia"},"schema":{"@context":"https:\/\/schema.org","@graph":[{"@type":"WebPage","@id":"https:\/\/elcoline.com\/fi\/palvelut\/kaukolampo\/","url":"https:\/\/elcoline.com\/fi\/palvelut\/kaukolampo\/","name":"Kaukol\u00e4mp\u00f6 - Elcoline Group","isPartOf":{"@id":"https:\/\/elcoline.com\/fi\/#website"},"primaryImageOfPage":{"@id":"https:\/\/elcoline.com\/fi\/palvelut\/kaukolampo\/#primaryimage"},"image":{"@id":"https:\/\/elcoline.com\/fi\/palvelut\/kaukolampo\/#primaryimage"},"thumbnailUrl":"https:\/\/elcoline.com\/wp-content\/uploads\/2025\/06\/district-heating.webp","datePublished":"2025-03-20T11:31:47+00:00","dateModified":"2025-09-16T07:46:26+00:00","description":"Tarjoamme kaukol\u00e4mp\u00f6j\u00e4rjestelmien m\u00e4\u00e4r\u00e4aikaishuoltoja, tarkastuksia, verkon k\u00e4ytt\u00f6\u00e4 ja 24\/7-viankorjauspalveluita.","breadcrumb":{"@id":"https:\/\/elcoline.com\/fi\/palvelut\/kaukolampo\/#breadcrumb"},"inLanguage":"fi","potentialAction":[{"@type":"ReadAction","target":["https:\/\/elcoline.com\/fi\/palvelut\/kaukolampo\/"]}]},{"@type":"ImageObject","inLanguage":"fi","@id":"https:\/\/elcoline.com\/fi\/palvelut\/kaukolampo\/#primaryimage","url":"https:\/\/elcoline.com\/wp-content\/uploads\/2025\/06\/district-heating.webp","contentUrl":"https:\/\/elcoline.com\/wp-content\/uploads\/2025\/06\/district-heating.webp","width":640,"height":427},{"@type":"BreadcrumbList","@id":"https:\/\/elcoline.com\/fi\/palvelut\/kaukolampo\/#breadcrumb","itemListElement":[{"@type":"ListItem","position":1,"name":"Kaukol\u00e4mp\u00f6","item":"https:\/\/elcoline.com\/fi\/palvelut\/kaukolampo\/"},{"@type":"ListItem","position":2,"name":"Kaukol\u00e4mp\u00f6"}]},{"@type":"WebSite","@id":"https:\/\/elcoline.com\/fi\/#website","url":"https:\/\/elcoline.com\/fi\/","name":"Elcoline Group","description":"","potentialAction":[{"@type":"SearchAction","target":{"@type":"EntryPoint","urlTemplate":"https:\/\/elcoline.com\/fi\/?s={search_term_string}"},"query-input":{"@type":"PropertyValueSpecification","valueRequired":true,"valueName":"search_term_string"}}],"inLanguage":"fi"}]}},"pbg_featured_image_src":{"full":["https:\/\/elcoline.com\/wp-content\/uploads\/2025\/06\/district-heating.webp",640,427,false],"thumbnail":["https:\/\/elcoline.com\/wp-content\/uploads\/2025\/06\/district-heating-150x150.webp",150,150,true],"medium":["https:\/\/elcoline.com\/wp-content\/uploads\/2025\/06\/district-heating-300x200.webp",300,200,true],"medium_large":["https:\/\/elcoline.com\/wp-content\/uploads\/2025\/06\/district-heating.webp",640,427,false],"large":["https:\/\/elcoline.com\/wp-content\/uploads\/2025\/06\/district-heating.webp",640,427,false],"1536x1536":["https:\/\/elcoline.com\/wp-content\/uploads\/2025\/06\/district-heating.webp",640,427,false],"2048x2048":["https:\/\/elcoline.com\/wp-content\/uploads\/2025\/06\/district-heating.webp",640,427,false]},"pbg_author_info":{"display_name":"admin","author_link":"https:\/\/elcoline.com\/fi\/author\/admin\/","author_img":false},"pbg_comment_info":" No Comments","pbg_excerpt":"Teollisuuden tekniset palvelut kaukol\u00e4mp\u00f6\u00adasiakkaille Tarjoamme kaukol\u00e4mp\u00f6verkon m\u00e4\u00e4r\u00e4aikaishuoltoa ja tarkastuksia, k\u00e4ytt\u00f6\u00e4 ja kunnossapitoa sek\u00e4 p\u00e4ivystys- ja vikakorjauspalveluita. Toteutamme muun muassa Viikkotarkastukset Kuukausitarkastukset Vuosihuollot Vika- ja h\u00e4iri\u00f6korjaukset S\u00e4ili\u00f6iden mittaukset Mittareiden vaihdot Kaivohuollot Ennakoiva kunnossapito Raportointi N\u00e4ytteenotto Verkostosuunnittelu Kaukol\u00e4mp\u00f6verkon yll\u00e4pito Yhteistoiminta eri sidosryhmien v\u00e4lill\u00e4 S\u00e4hk\u00f6nk\u00e4yt\u00f6n- ja painelaitteidenk\u00e4yt\u00f6njohto Haluatko tiet\u00e4\u00e4 kuinka voisimme auttaa? Ota yhteytt\u00e4 asiantuntijaamme Tutustu asiakastarinoihin","_links":{"self":[{"href":"https:\/\/elcoline.com\/fi\/wp-json\/wp\/v2\/pages\/47240","targetHints":{"allow":["GET"]}}],"collection":[{"href":"https:\/\/elcoline.com\/fi\/wp-json\/wp\/v2\/pages"}],"about":[{"href":"https:\/\/elcoline.com\/fi\/wp-json\/wp\/v2\/types\/page"}],"author":[{"embeddable":true,"href":"https:\/\/elcoline.com\/fi\/wp-json\/wp\/v2\/users\/10"}],"replies":[{"embeddable":true,"href":"https:\/\/elcoline.com\/fi\/wp-json\/wp\/v2\/comments?post=47240"}],"version-history":[{"count":16,"href":"https:\/\/elcoline.com\/fi\/wp-json\/wp\/v2\/pages\/47240\/revisions"}],"predecessor-version":[{"id":48747,"href":"https:\/\/elcoline.com\/fi\/wp-json\/wp\/v2\/pages\/47240\/revisions\/48747"}],"up":[{"embeddable":true,"href":"https:\/\/elcoline.com\/fi\/wp-json\/wp\/v2\/pages\/47235"}],"wp:featuredmedia":[{"embeddable":true,"href":"https:\/\/elcoline.com\/fi\/wp-json\/wp\/v2\/media\/607"}],"wp:attachment":[{"href":"https:\/\/elcoline.com\/fi\/wp-json\/wp\/v2\/media?parent=47240"}],"curies":[{"name":"wp","href":"https:\/\/api.w.org\/{rel}","templated":true}]}}