{"id":47312,"date":"2025-03-19T12:36:47","date_gmt":"2025-03-19T12:36:47","guid":{"rendered":"https:\/\/staging.elcoline.fi\/rekisteri-ja-tietosuojaseloste\/"},"modified":"2025-08-27T09:14:31","modified_gmt":"2025-08-27T09:14:31","slug":"rekisteri-ja-tietosuojaseloste","status":"publish","type":"page","link":"https:\/\/elcoline.com\/fi\/rekisteri-ja-tietosuojaseloste\/","title":{"rendered":"Rekisteri- ja tietosuojaseloste"},"content":{"rendered":"\n<h1 class=\"wp-block-heading\">Rekisteri- ja tietosuojaseloste<\/h1>\n\n<p>T\u00e4m\u00e4 on Elcoline Oy:n EU:n yleisen tietosuoja-asetuksen (GDPR) mukainen rekisteri- ja tietosuojaseloste. Laadittu 17.8.2022. Viimeisin muutos 26.8.2025.<br\/><\/p>\n\n<h2 class=\"wp-block-heading\">1. Rekisterinpit\u00e4j\u00e4<\/h2>\n\n<p><strong>Elcoline Group Oy<\/strong><br\/>Puutarhatie 24D<br\/>FI-01300 Vantaa<br\/><br\/><\/p>\n\n<h2 class=\"wp-block-heading\">2. Rekisteriasioiden yhteystiedot<\/h2>\n\n<p>Puh.: <a href=\"tel:+358201556300\">+358 20 155 6300<\/a><br\/>S\u00e4hk\u00f6posti: <a href=\"mailto:info@elcoline.fi\">info@elcoline.fi<\/a><br\/><\/p>\n\n<h2 class=\"wp-block-heading\">3. Rekisterin nimi<\/h2>\n\n<p>Yrityksen asiakas- ja markkinointirekisteri.<br\/><\/p>\n\n<h2 class=\"wp-block-heading\">4. Oikeusperuste ja henkil\u00f6tietojen k\u00e4sittelyn tarkoitus<\/h2>\n\n<p>EU:n yleisen tietosuoja-asetuksen mukainen oikeusperuste henkil\u00f6tietojen k\u00e4sittelylle on henkil\u00f6n suostumus, rekisterinpit\u00e4j\u00e4n oikeutettu etu (suoramarkkinointi), asiakassuhteen hoitaminen.<br\/><\/p>\n\n<p>Henkil\u00f6tietojen k\u00e4sittelyn tarkoitus on yhteydenpito asiakkaisiin, asiakassuhteen yll\u00e4pito, markkinointi, tilastointi, analysointi ja kehitt\u00e4minen.<br\/><\/p>\n\n<p>Tietoja ei k\u00e4ytet\u00e4 automatisoituun p\u00e4\u00e4t\u00f6ksentekoon tai profilointiin.<br\/><\/p>\n\n<h2 class=\"wp-block-heading\">5. Rekisterin tietosis\u00e4lt\u00f6<\/h2>\n\n<p>Rekisteriin tallennettavia tietoja ovat: henkil\u00f6n nimi, asema, yritys\/organisaatio, yhteystiedot (puhelinnumero, s\u00e4hk\u00f6postiosoite, osoite), www-sivustojen osoitteet, verkkoyhteyden IP-osoite, tunnukset\/profiilit sosiaalisen median palveluissa, tiedot tilatuista palveluista ja niiden muutoksista, laskutustiedot, muut asiakassuhteeseen ja tilattuihin palveluihin liittyv\u00e4t tiedot.<\/p>\n\n<p>Verkkosivuston vierailijoiden IP-osoitteita ja palvelun toiminnoille v\u00e4ltt\u00e4m\u00e4tt\u00f6mi\u00e4 ev\u00e4steit\u00e4 k\u00e4sitell\u00e4\u00e4n oikeutetun edun perusteella mm. tietoturvasta huolehtimiseksi ja sivuston vierailijoiden tilastotietojen keruuta varten niiss\u00e4 tapauksissa, kun niiden voidaan katsoa olevan henkil\u00f6tietoja. Kolmansien osapuolten ev\u00e4steille pyydet\u00e4\u00e4n tarvittaessa suostumus erikseen.<br\/><\/p>\n\n<h2 class=\"wp-block-heading\">6. S\u00e4\u00e4nn\u00f6nmukaiset tietol\u00e4hteet<\/h2>\n\n<p>Rekisteriin tallennettavat tiedot saadaan asiakkaalta mm. www-lomakkeilla l\u00e4hetetyist\u00e4 viesteist\u00e4, s\u00e4hk\u00f6postitse, puhelimitse, sosiaalisen median palvelujen kautta, sopimuksista, asiakastapaamisista ja muista tilanteista, joissa asiakas luovuttaa tietojaan.<\/p>\n\n<p>Yritysten ja muiden organisaatioiden yhteyshenkil\u00f6iden tietoja voidaan ker\u00e4t\u00e4 my\u00f6s julkisista l\u00e4hteist\u00e4 kuten verkkosivuilta, hakemistopalveluista ja muilta yrityksilt\u00e4.<br\/><\/p>\n\n<h2 class=\"wp-block-heading\">7. Tietojen s\u00e4\u00e4nn\u00f6nmukaiset luovutukset ja tietojen siirto EU:n tai ETA:n ulkopuolelle<\/h2>\n\n<p>Tietoja ei luovuteta s\u00e4\u00e4nn\u00f6nmukaisesti muille tahoille. Tietoja voidaan julkaista silt\u00e4 osin kuin niin on sovittu asiakkaan kanssa.<br\/><\/p>\n\n<h2 class=\"wp-block-heading\">8. Rekisterin suojauksen periaatteet<\/h2>\n\n<p>Rekisteri\u00e4 ei luovuteta sivullisille. Rekisterin k\u00e4ytt\u00f6oikeus edellytt\u00e4\u00e4 Elcoline Group Oy:n sis\u00e4isi\u00e4 k\u00e4ytt\u00e4j\u00e4oikeuksia. Rekisteri sijaitsee salasanalla suojatussa palvelimessa ja asiakastietoj\u00e4rjestelm\u00e4ss\u00e4.<br\/><\/p>\n\n<h3 class=\"wp-block-heading\">A. Manuaalinen aineisto<\/h3>\n\n<p>Henkil\u00f6tiedot suojataan asiattomalta p\u00e4\u00e4sylt\u00e4 ja laittomalta k\u00e4sittelylt\u00e4 (esim. h\u00e4vitt\u00e4minen, muuttaminen tai luovuttaminen). Jokainen k\u00e4sittelij\u00e4 voi k\u00e4sitell\u00e4 vain niit\u00e4 henkil\u00f6tietoja, joita h\u00e4n tarvitsee ty\u00f6teht\u00e4viss\u00e4\u00e4n.<\/p>\n\n<p>Asiakirjat s\u00e4ilytet\u00e4\u00e4n ulkopuolisilta suojattuina lukitussa tilassa. Asiakirjat tulostetaan vain tarvittaessa ja paperitulosteet tuhotaan k\u00e4yt\u00f6n j\u00e4lkeen.<br\/><\/p>\n\n<h3 class=\"wp-block-heading\">B. Automaattisesti k\u00e4sitelt\u00e4v\u00e4t tiedot<\/h3>\n\n<p>S\u00e4hk\u00f6isesti k\u00e4sitelt\u00e4v\u00e4t rekisterin sis\u00e4lt\u00e4m\u00e4t tiedot ovat palomuurein, salasanoin ja muiden tietoturvan toimialalla yleisesti hyv\u00e4ksytt\u00e4vin teknisin keinoin suojattuja.<\/p>\n\n<p>Ainoastaan yksil\u00f6idyill\u00e4 rekisterinpit\u00e4j\u00e4n ja sen toimeksiannosta ja lukuun toimivien yritysten ty\u00f6ntekij\u00f6ill\u00e4 on p\u00e4\u00e4sy rekisterin sis\u00e4lt\u00e4miin tietoihin rekisterinpit\u00e4j\u00e4n my\u00f6nt\u00e4m\u00e4ll\u00e4 k\u00e4ytt\u00f6oikeudella.<br\/><\/p>\n\n<h2 class=\"wp-block-heading\">9. Tarkastusoikeus ja oikeus vaatia tiedon korjaamista<\/h2>\n\n<p>Jokaisella rekisteriss\u00e4 olevalla henkil\u00f6ll\u00e4 on oikeus tarkistaa rekisteriin tallennetut tietonsa ja vaatia mahdollisen virheellisen tiedon korjaamista tai puutteellisen tiedon t\u00e4ydent\u00e4mist\u00e4. Mik\u00e4li henkil\u00f6 haluaa tarkistaa h\u00e4nest\u00e4 tallennetut tiedot tai vaatia niihin oikaisua, pyynt\u00f6 tulee l\u00e4hett\u00e4\u00e4 kirjallisesti rekisterinpit\u00e4j\u00e4lle. Rekisterinpit\u00e4j\u00e4 voi pyyt\u00e4\u00e4 tarvittaessa pyynn\u00f6n esitt\u00e4j\u00e4\u00e4 todistamaan henkil\u00f6llisyytens\u00e4. Rekisterinpit\u00e4j\u00e4 vastaa asiakkaalle EU:n tietosuoja-asetuksessa s\u00e4\u00e4detyss\u00e4 ajassa (p\u00e4\u00e4s\u00e4\u00e4nt\u00f6isesti kuukauden kuluessa).<\/p>\n\n<p>Pyynn\u00f6t tulee l\u00e4hett\u00e4\u00e4 kirjallisesti rekisterinpit\u00e4j\u00e4lle. Rekisterinpit\u00e4j\u00e4 voi pyyt\u00e4\u00e4 tarvittaessa pyynn\u00f6n esitt\u00e4j\u00e4\u00e4 todistamaan henkil\u00f6llisyytens\u00e4. Rekisterinpit\u00e4j\u00e4 vastaa asiakkaalle EU:n tietosuoja-asetuksessa s\u00e4\u00e4detyss\u00e4 ajassa (p\u00e4\u00e4s\u00e4\u00e4nt\u00f6isesti kuukauden kuluessa).<br\/><\/p>\n\n<h2 class=\"wp-block-heading\">10. Muut henkil\u00f6tietojen k\u00e4sittelyyn liittyv\u00e4t oikeudet<\/h2>\n\n<p>Rekisteriss\u00e4 olevalla henkil\u00f6ll\u00e4 on oikeus pyyt\u00e4\u00e4 h\u00e4nt\u00e4 koskevien henkil\u00f6tietojen poistamiseen rekisterist\u00e4 (\u201doikeus tulla unohdetuksi\u201d). Niin ik\u00e4\u00e4n rekister\u00f6idyill\u00e4 on muut EU:n yleisen tietosuoja-asetuksen mukaiset oikeudet kuten henkil\u00f6tietojen k\u00e4sittelyn rajoittaminen tietyiss\u00e4 tilanteissa. <\/p>\n\n<p>Pyynn\u00f6t tulee l\u00e4hett\u00e4\u00e4 kirjallisesti rekisterinpit\u00e4j\u00e4lle. Rekisterinpit\u00e4j\u00e4 voi pyyt\u00e4\u00e4 tarvittaessa pyynn\u00f6n esitt\u00e4j\u00e4\u00e4 todistamaan henkil\u00f6llisyytens\u00e4. Rekisterinpit\u00e4j\u00e4 vastaa asiakkaalle EU:n tietosuoja-asetuksessa s\u00e4\u00e4detyss\u00e4 ajassa (p\u00e4\u00e4s\u00e4\u00e4nt\u00f6isesti kuukauden kuluessa).<br\/><\/p>\n","protected":false},"excerpt":{"rendered":"<p>Rekisteri- ja tietosuojaseloste T\u00e4m\u00e4 on Elcoline Oy:n EU:n yleisen tietosuoja-asetuksen (GDPR) mukainen rekisteri- ja tietosuojaseloste. Laadittu 17.8.2022. Viimeisin muutos 26.8.2025. 1. Rekisterinpit\u00e4j\u00e4 Elcoline Group OyPuutarhatie 24DFI-01300 Vantaa 2. Rekisteriasioiden yhteystiedot Puh.: +358 20 155 6300S\u00e4hk\u00f6posti: info@elcoline.fi 3. Rekisterin nimi Yrityksen asiakas- ja markkinointirekisteri. 4. Oikeusperuste ja henkil\u00f6tietojen k\u00e4sittelyn tarkoitus EU:n yleisen tietosuoja-asetuksen mukainen oikeusperuste henkil\u00f6tietojen [&hellip;]<\/p>\n","protected":false},"author":10,"featured_media":0,"parent":0,"menu_order":7,"comment_status":"closed","ping_status":"closed","template":"","meta":{"footnotes":""},"class_list":["post-47312","page","type-page","status-publish","hentry"],"yoast_head":"<!-- This site is optimized with the Yoast SEO plugin v27.5 - https:\/\/yoast.com\/product\/yoast-seo-wordpress\/ -->\n<title>Rekisteri- ja tietosuojaseloste - Elcoline Group<\/title>\n<meta name=\"robots\" content=\"index, follow, max-snippet:-1, max-image-preview:large, max-video-preview:-1\" \/>\n<link rel=\"canonical\" href=\"https:\/\/elcoline.com\/fi\/rekisteri-ja-tietosuojaseloste\/\" \/>\n<meta property=\"og:locale\" content=\"fi_FI\" \/>\n<meta property=\"og:type\" content=\"article\" \/>\n<meta property=\"og:title\" content=\"Rekisteri- ja tietosuojaseloste - Elcoline Group\" \/>\n<meta property=\"og:description\" content=\"Rekisteri- ja tietosuojaseloste T\u00e4m\u00e4 on Elcoline Oy:n EU:n yleisen tietosuoja-asetuksen (GDPR) mukainen rekisteri- ja tietosuojaseloste. Laadittu 17.8.2022. Viimeisin muutos 26.8.2025. 1. Rekisterinpit\u00e4j\u00e4 Elcoline Group OyPuutarhatie 24DFI-01300 Vantaa 2. Rekisteriasioiden yhteystiedot Puh.: +358 20 155 6300S\u00e4hk\u00f6posti: info@elcoline.fi 3. Rekisterin nimi Yrityksen asiakas- ja markkinointirekisteri. 4. Oikeusperuste ja henkil\u00f6tietojen k\u00e4sittelyn tarkoitus EU:n yleisen tietosuoja-asetuksen mukainen oikeusperuste henkil\u00f6tietojen [&hellip;]\" \/>\n<meta property=\"og:url\" content=\"https:\/\/elcoline.com\/fi\/rekisteri-ja-tietosuojaseloste\/\" \/>\n<meta property=\"og:site_name\" content=\"Elcoline Group\" \/>\n<meta property=\"article:modified_time\" content=\"2025-08-27T09:14:31+00:00\" \/>\n<meta name=\"twitter:card\" content=\"summary_large_image\" \/>\n<meta name=\"twitter:label1\" content=\"Arvioitu lukuaika\" \/>\n\t<meta name=\"twitter:data1\" content=\"3 minuuttia\" \/>\n<script type=\"application\/ld+json\" class=\"yoast-schema-graph\">{\"@context\":\"https:\\\/\\\/schema.org\",\"@graph\":[{\"@type\":\"WebPage\",\"@id\":\"https:\\\/\\\/elcoline.com\\\/fi\\\/rekisteri-ja-tietosuojaseloste\\\/\",\"url\":\"https:\\\/\\\/elcoline.com\\\/fi\\\/rekisteri-ja-tietosuojaseloste\\\/\",\"name\":\"Rekisteri- ja tietosuojaseloste - Elcoline Group\",\"isPartOf\":{\"@id\":\"https:\\\/\\\/elcoline.com\\\/fi\\\/#website\"},\"datePublished\":\"2025-03-19T12:36:47+00:00\",\"dateModified\":\"2025-08-27T09:14:31+00:00\",\"breadcrumb\":{\"@id\":\"https:\\\/\\\/elcoline.com\\\/fi\\\/rekisteri-ja-tietosuojaseloste\\\/#breadcrumb\"},\"inLanguage\":\"fi\",\"potentialAction\":[{\"@type\":\"ReadAction\",\"target\":[\"https:\\\/\\\/elcoline.com\\\/fi\\\/rekisteri-ja-tietosuojaseloste\\\/\"]}]},{\"@type\":\"WebSite\",\"@id\":\"https:\\\/\\\/elcoline.com\\\/fi\\\/#website\",\"url\":\"https:\\\/\\\/elcoline.com\\\/fi\\\/\",\"name\":\"Elcoline Group\",\"description\":\"\",\"potentialAction\":[{\"@type\":\"SearchAction\",\"target\":{\"@type\":\"EntryPoint\",\"urlTemplate\":\"https:\\\/\\\/elcoline.com\\\/fi\\\/?s={search_term_string}\"},\"query-input\":{\"@type\":\"PropertyValueSpecification\",\"valueRequired\":true,\"valueName\":\"search_term_string\"}}],\"inLanguage\":\"fi\"}]}<\/script>\n<!-- \/ Yoast SEO plugin. -->","yoast_head_json":{"title":"Rekisteri- ja tietosuojaseloste - Elcoline Group","robots":{"index":"index","follow":"follow","max-snippet":"max-snippet:-1","max-image-preview":"max-image-preview:large","max-video-preview":"max-video-preview:-1"},"canonical":"https:\/\/elcoline.com\/fi\/rekisteri-ja-tietosuojaseloste\/","og_locale":"fi_FI","og_type":"article","og_title":"Rekisteri- ja tietosuojaseloste - Elcoline Group","og_description":"Rekisteri- ja tietosuojaseloste T\u00e4m\u00e4 on Elcoline Oy:n EU:n yleisen tietosuoja-asetuksen (GDPR) mukainen rekisteri- ja tietosuojaseloste. Laadittu 17.8.2022. Viimeisin muutos 26.8.2025. 1. Rekisterinpit\u00e4j\u00e4 Elcoline Group OyPuutarhatie 24DFI-01300 Vantaa 2. Rekisteriasioiden yhteystiedot Puh.: +358 20 155 6300S\u00e4hk\u00f6posti: info@elcoline.fi 3. Rekisterin nimi Yrityksen asiakas- ja markkinointirekisteri. 4. Oikeusperuste ja henkil\u00f6tietojen k\u00e4sittelyn tarkoitus EU:n yleisen tietosuoja-asetuksen mukainen oikeusperuste henkil\u00f6tietojen [&hellip;]","og_url":"https:\/\/elcoline.com\/fi\/rekisteri-ja-tietosuojaseloste\/","og_site_name":"Elcoline Group","article_modified_time":"2025-08-27T09:14:31+00:00","twitter_card":"summary_large_image","twitter_misc":{"Arvioitu lukuaika":"3 minuuttia"},"schema":{"@context":"https:\/\/schema.org","@graph":[{"@type":"WebPage","@id":"https:\/\/elcoline.com\/fi\/rekisteri-ja-tietosuojaseloste\/","url":"https:\/\/elcoline.com\/fi\/rekisteri-ja-tietosuojaseloste\/","name":"Rekisteri- ja tietosuojaseloste - Elcoline Group","isPartOf":{"@id":"https:\/\/elcoline.com\/fi\/#website"},"datePublished":"2025-03-19T12:36:47+00:00","dateModified":"2025-08-27T09:14:31+00:00","breadcrumb":{"@id":"https:\/\/elcoline.com\/fi\/rekisteri-ja-tietosuojaseloste\/#breadcrumb"},"inLanguage":"fi","potentialAction":[{"@type":"ReadAction","target":["https:\/\/elcoline.com\/fi\/rekisteri-ja-tietosuojaseloste\/"]}]},{"@type":"WebSite","@id":"https:\/\/elcoline.com\/fi\/#website","url":"https:\/\/elcoline.com\/fi\/","name":"Elcoline Group","description":"","potentialAction":[{"@type":"SearchAction","target":{"@type":"EntryPoint","urlTemplate":"https:\/\/elcoline.com\/fi\/?s={search_term_string}"},"query-input":{"@type":"PropertyValueSpecification","valueRequired":true,"valueName":"search_term_string"}}],"inLanguage":"fi"}]}},"pbg_featured_image_src":{"full":false,"thumbnail":false,"medium":false,"medium_large":false,"large":false,"1536x1536":false,"2048x2048":false},"pbg_author_info":{"display_name":"admin","author_link":"https:\/\/elcoline.com\/fi\/author\/admin\/","author_img":false},"pbg_comment_info":" No Comments","pbg_excerpt":"Rekisteri- ja tietosuojaseloste T\u00e4m\u00e4 on Elcoline Oy:n EU:n yleisen tietosuoja-asetuksen (GDPR) mukainen rekisteri- ja tietosuojaseloste. Laadittu 17.8.2022. Viimeisin muutos 26.8.2025. 1. Rekisterinpit\u00e4j\u00e4 Elcoline Group OyPuutarhatie 24DFI-01300 Vantaa 2. Rekisteriasioiden yhteystiedot Puh.: +358 20 155 6300S\u00e4hk\u00f6posti: info@elcoline.fi 3. Rekisterin nimi Yrityksen asiakas- ja markkinointirekisteri. 4. Oikeusperuste ja henkil\u00f6tietojen k\u00e4sittelyn tarkoitus EU:n yleisen tietosuoja-asetuksen mukainen oikeusperuste henkil\u00f6tietojen&hellip;","_links":{"self":[{"href":"https:\/\/elcoline.com\/fi\/wp-json\/wp\/v2\/pages\/47312","targetHints":{"allow":["GET"]}}],"collection":[{"href":"https:\/\/elcoline.com\/fi\/wp-json\/wp\/v2\/pages"}],"about":[{"href":"https:\/\/elcoline.com\/fi\/wp-json\/wp\/v2\/types\/page"}],"author":[{"embeddable":true,"href":"https:\/\/elcoline.com\/fi\/wp-json\/wp\/v2\/users\/10"}],"replies":[{"embeddable":true,"href":"https:\/\/elcoline.com\/fi\/wp-json\/wp\/v2\/comments?post=47312"}],"version-history":[{"count":5,"href":"https:\/\/elcoline.com\/fi\/wp-json\/wp\/v2\/pages\/47312\/revisions"}],"predecessor-version":[{"id":47318,"href":"https:\/\/elcoline.com\/fi\/wp-json\/wp\/v2\/pages\/47312\/revisions\/47318"}],"wp:attachment":[{"href":"https:\/\/elcoline.com\/fi\/wp-json\/wp\/v2\/media?parent=47312"}],"curies":[{"name":"wp","href":"https:\/\/api.w.org\/{rel}","templated":true}]}}