{"id":47387,"date":"2025-03-20T11:31:13","date_gmt":"2025-03-20T11:31:13","guid":{"rendered":"https:\/\/staging.elcoline.fi\/palvelut\/hoyryakut\/"},"modified":"2025-09-15T15:26:49","modified_gmt":"2025-09-15T15:26:49","slug":"hoyryakut","status":"publish","type":"page","link":"https:\/\/elcoline.com\/fi\/palvelut\/hoyryakut\/","title":{"rendered":"H\u00f6yryakut"},"content":{"rendered":"\n<div class=\"wp-block-cover is-light hero has-base-color has-text-color has-link-color wp-elements-a437d4e1db607e9ad5489bfd258949e4\"><span aria-hidden=\"true\" class=\"wp-block-cover__background has-background-dim\" style=\"background-color:#FFF\"><\/span><img loading=\"lazy\" decoding=\"async\" width=\"1613\" height=\"1075\" src=\"https:\/\/elcoline.com\/wp-content\/uploads\/2025\/07\/steam-accumulators-shutterstock.webp\" class=\"wp-block-cover__image-background wp-post-image\" alt=\"\" data-object-fit=\"cover\" srcset=\"https:\/\/elcoline.com\/wp-content\/uploads\/2025\/07\/steam-accumulators-shutterstock.webp 1613w, https:\/\/elcoline.com\/wp-content\/uploads\/2025\/07\/steam-accumulators-shutterstock-300x200.webp 300w, https:\/\/elcoline.com\/wp-content\/uploads\/2025\/07\/steam-accumulators-shutterstock-1024x682.webp 1024w, https:\/\/elcoline.com\/wp-content\/uploads\/2025\/07\/steam-accumulators-shutterstock-768x512.webp 768w, https:\/\/elcoline.com\/wp-content\/uploads\/2025\/07\/steam-accumulators-shutterstock-1536x1024.webp 1536w\" sizes=\"auto, (max-width: 1613px) 100vw, 1613px\" \/><div class=\"wp-block-cover__inner-container is-layout-flow wp-block-cover-is-layout-flow\">\n<h2 class=\"wp-block-heading\">Palvelut<\/h2>\n\n\n\n<div class=\"wp-block-columns is-layout-flex wp-container-core-columns-is-layout-28f84493 wp-block-columns-is-layout-flex\">\n<div class=\"wp-block-column is-layout-flow wp-block-column-is-layout-flow\">\n<h1 class=\"wp-block-heading\">H\u00f6yryakut<\/h1>\n<\/div>\n\n\n\n<div class=\"wp-block-column is-layout-flow wp-block-column-is-layout-flow\">\n<p><\/p>\n<\/div>\n<\/div>\n<\/div><\/div>\n\n\n\n<div class=\"wp-block-columns is-layout-flex wp-container-core-columns-is-layout-28f84493 wp-block-columns-is-layout-flex\">\n<div class=\"wp-block-column is-layout-flow wp-block-column-is-layout-flow\">\n<h2 class=\"wp-block-heading\">H\u00f6yryakut ja asennuspalvelut<\/h2>\n<\/div>\n\n\n\n<div class=\"wp-block-column is-layout-flow wp-block-column-is-layout-flow\">\n<p>Elcoline Sahala h\u00f6yryakut ovat teollisten prosessij\u00e4rjestelmien keskeisi\u00e4 elementtej\u00e4. H\u00f6yryakkujen avulla voidaan tasata tuotantoa, kompensoida prosessin kuormitusvaihteluita, ennaltaehk\u00e4ist\u00e4 yll\u00e4tt\u00e4vi\u00e4 h\u00e4iri\u00f6tilanteita sek\u00e4 varastoida esimerkiksi ylij\u00e4\u00e4m\u00e4h\u00f6yry\u00e4. H\u00f6yryakku voi toimia tarvittaessa my\u00f6s lyhytaikaisena varavoimana, jos h\u00f6yryntuotanto keskeytyy.&nbsp;<\/p>\n\n\n\n<p>H\u00f6yryakut suunnitellaan ja mitoitetaan h\u00f6yryverkon prosessitekniset sek\u00e4 asiakasvaatimukset huomioiden. N\u00e4in varmistetaan, ett\u00e4 h\u00f6yryakun rakenne on luotettava, hiljainen, tarkoituksenmukainen ja kustannustehokas ja ett\u00e4 se toimii luotettavasti viel\u00e4 vuosikymmentenkin painevaihteluiden j\u00e4lkeen. Palveluvalikoimastamme l\u00f6ytyv\u00e4t erityyppisiin ja erikoisiin prosessikohteisiin soveltuvat h\u00f6yryakut, painetestaukset, tarkastukset, varaosat sek\u00e4 asennukset kokonaistoimituksena.<\/p>\n<\/div>\n<\/div>\n\n\n\n<div class=\"wp-block-columns is-layout-flex wp-container-core-columns-is-layout-28f84493 wp-block-columns-is-layout-flex\">\n<div class=\"wp-block-column is-layout-flow wp-block-column-is-layout-flow\"><\/div>\n\n\n\n<div class=\"wp-block-column is-layout-flow wp-block-column-is-layout-flow\"><\/div>\n<\/div>\n\n\n\n<div class=\"wp-block-columns is-style-section-3 is-layout-flex wp-container-core-columns-is-layout-d7a87397 wp-block-columns-is-layout-flex is-style-section-3--1\" style=\"padding-top:6rem;padding-bottom:6rem\">\n<div class=\"wp-block-column is-layout-flow wp-block-column-is-layout-flow\">\n<h2 class=\"wp-block-heading has-custom-elcoline-blue-color has-text-color has-link-color wp-elements-24a01e3f089a762ddde4efbff5868697\">Toteutamme h\u00f6yryakkujen<\/h2>\n\n\n\n<ul class=\"wp-block-list\">\n<li>Mitoitus<\/li>\n\n\n\n<li>Suunnittelu<\/li>\n\n\n\n<li>Valmistus<\/li>\n\n\n\n<li>Ty\u00f6nsuunnittelu ja asennus<\/li>\n\n\n\n<li>Varaosat<\/li>\n\n\n\n<li>Tarkastus<\/li>\n\n\n\n<li>Painetestaus<\/li>\n\n\n\n<li>K\u00e4ytt\u00f6\u00f6notto<\/li>\n<\/ul>\n<\/div>\n\n\n\n<div class=\"wp-block-column is-layout-flow wp-block-column-is-layout-flow\">\n<h2 class=\"wp-block-heading has-custom-elcoline-blue-color has-text-color has-link-color wp-elements-5cf7a102892be356dbdb53c7fb31f568\">Elinkaaripalvelut h\u00f6yryakuille<\/h2>\n\n\n\n<ul class=\"wp-block-list\">\n<li>H\u00f6yryakut 100\u2013400 m<sup>2<\/sup><\/li>\n\n\n\n<li>L\u00e4mp\u00f6-, lujuus- ja rakennemitoitus<\/li>\n\n\n\n<li>Suunnittelu<\/li>\n\n\n\n<li>Valmistus<\/li>\n\n\n\n<li>Ty\u00f6nsuunnittelu ja asennus<\/li>\n\n\n\n<li>Tarkastus ja painetestaus<\/li>\n\n\n\n<li>K\u00e4ytt\u00f6\u00f6notto<\/li>\n<\/ul>\n<\/div>\n\n\n\n<div class=\"wp-block-column is-layout-flow wp-block-column-is-layout-flow\">\n<h2 class=\"wp-block-heading has-custom-elcoline-blue-color has-text-color has-link-color wp-elements-1a22ab214c71cc302e5ae4221d95fc01\">Edut<\/h2>\n\n\n\n<ul class=\"wp-block-list\">\n<li>Luotettava<\/li>\n\n\n\n<li>Hiljainen<\/li>\n\n\n\n<li>Turvallinen<\/li>\n\n\n\n<li>Pitk\u00e4ik\u00e4inen<\/li>\n\n\n\n<li>Kustannustehokas<\/li>\n<\/ul>\n<\/div>\n<\/div>\n\n\n\n<div class=\"wp-block-columns is-style-section-4 is-layout-flex wp-container-core-columns-is-layout-28f84493 wp-block-columns-is-layout-flex is-style-section-4--2\">\n<div class=\"wp-block-column is-layout-flow wp-block-column-is-layout-flow\">\n<h4 class=\"wp-block-heading has-text-align-center has-xx-large-font-size\">100%<\/h4>\n\n\n\n<p class=\"has-text-align-center\">Asiakastyytyv\u00e4isyys<\/p>\n<\/div>\n\n\n\n<div class=\"wp-block-column is-layout-flow wp-block-column-is-layout-flow\">\n<h4 class=\"wp-block-heading has-text-align-center has-xx-large-font-size\">100%<\/h4>\n\n\n\n<p class=\"has-text-align-center\">Luotettavuutemme<\/p>\n<\/div>\n<\/div>\n\n\n\n<p><\/p>\n\n\n\n<div class=\"wp-block-columns elcoline-contact is-style-section-2 is-layout-flex wp-container-core-columns-is-layout-64c3fa68 wp-block-columns-is-layout-flex is-style-section-2--3\" style=\"padding-top:6px;padding-bottom:6px\">\n<div class=\"wp-block-column is-layout-flow wp-block-column-is-layout-flow\">\n<div class=\"wp-block-columns is-layout-flex wp-container-core-columns-is-layout-28f84493 wp-block-columns-is-layout-flex\">\n<div class=\"wp-block-column is-layout-flow wp-block-column-is-layout-flow\" style=\"flex-basis:50%\">\n<h2 class=\"wp-block-heading\"><br>Haluatko tiet\u00e4\u00e4, kuinka voisimme auttaa?<\/h2>\n\n\n\n<div style=\"height:3rem\" aria-hidden=\"true\" class=\"wp-block-spacer\"><\/div>\n\n\n\n<div class=\"wp-block-buttons is-horizontal is-content-justification-left is-layout-flex wp-container-core-buttons-is-layout-036cb0ab wp-block-buttons-is-layout-flex\">\n<div class=\"wp-block-button\"><a class=\"wp-block-button__link wp-element-button\" href=\"https:\/\/elcoline.com\/fi\/yhteystiedot\/\">Ota yhteytt\u00e4 asiantuntijoihimme<\/a><\/div>\n<\/div>\n<\/div>\n\n\n\n<div class=\"wp-block-column is-layout-flow wp-block-column-is-layout-flow\" style=\"flex-basis:25%\">\n\n\n<h3 class=\"wp-block-heading\"><\/h3>\n\n\n\n<p><\/p>\n<\/div>\n<\/div>\n<\/div>\n<\/div>\n","protected":false},"excerpt":{"rendered":"<p>H\u00f6yryakut ja asennuspalvelut Elcoline Sahala h\u00f6yryakut ovat teollisten prosessij\u00e4rjestelmien keskeisi\u00e4 elementtej\u00e4. H\u00f6yryakkujen avulla voidaan tasata tuotantoa, kompensoida prosessin kuormitusvaihteluita, ennaltaehk\u00e4ist\u00e4 yll\u00e4tt\u00e4vi\u00e4 h\u00e4iri\u00f6tilanteita sek\u00e4 varastoida esimerkiksi ylij\u00e4\u00e4m\u00e4h\u00f6yry\u00e4. H\u00f6yryakku voi toimia tarvittaessa my\u00f6s lyhytaikaisena varavoimana, jos h\u00f6yryntuotanto keskeytyy.&nbsp; H\u00f6yryakut suunnitellaan ja mitoitetaan h\u00f6yryverkon prosessitekniset sek\u00e4 asiakasvaatimukset huomioiden. N\u00e4in varmistetaan, ett\u00e4 h\u00f6yryakun rakenne on luotettava, hiljainen, tarkoituksenmukainen ja [&hellip;]<\/p>\n","protected":false},"author":10,"featured_media":46764,"parent":47235,"menu_order":9,"comment_status":"closed","ping_status":"closed","template":"","meta":{"footnotes":""},"class_list":["post-47387","page","type-page","status-publish","has-post-thumbnail","hentry"],"yoast_head":"<!-- This site is optimized with the Yoast SEO plugin v27.5 - https:\/\/yoast.com\/product\/yoast-seo-wordpress\/ -->\n<title>H\u00f6yryakut - Elcoline Group<\/title>\n<meta name=\"robots\" content=\"index, follow, max-snippet:-1, max-image-preview:large, max-video-preview:-1\" \/>\n<link rel=\"canonical\" href=\"https:\/\/elcoline.com\/fi\/palvelut\/hoyryakut\/\" \/>\n<meta property=\"og:locale\" content=\"fi_FI\" \/>\n<meta property=\"og:type\" content=\"article\" \/>\n<meta property=\"og:title\" content=\"H\u00f6yryakut - Elcoline Group\" \/>\n<meta property=\"og:description\" content=\"H\u00f6yryakut ja asennuspalvelut Elcoline Sahala h\u00f6yryakut ovat teollisten prosessij\u00e4rjestelmien keskeisi\u00e4 elementtej\u00e4. H\u00f6yryakkujen avulla voidaan tasata tuotantoa, kompensoida prosessin kuormitusvaihteluita, ennaltaehk\u00e4ist\u00e4 yll\u00e4tt\u00e4vi\u00e4 h\u00e4iri\u00f6tilanteita sek\u00e4 varastoida esimerkiksi ylij\u00e4\u00e4m\u00e4h\u00f6yry\u00e4. H\u00f6yryakku voi toimia tarvittaessa my\u00f6s lyhytaikaisena varavoimana, jos h\u00f6yryntuotanto keskeytyy.&nbsp; H\u00f6yryakut suunnitellaan ja mitoitetaan h\u00f6yryverkon prosessitekniset sek\u00e4 asiakasvaatimukset huomioiden. N\u00e4in varmistetaan, ett\u00e4 h\u00f6yryakun rakenne on luotettava, hiljainen, tarkoituksenmukainen ja [&hellip;]\" \/>\n<meta property=\"og:url\" content=\"https:\/\/elcoline.com\/fi\/palvelut\/hoyryakut\/\" \/>\n<meta property=\"og:site_name\" content=\"Elcoline Group\" \/>\n<meta property=\"article:modified_time\" content=\"2025-09-15T15:26:49+00:00\" \/>\n<meta property=\"og:image\" content=\"https:\/\/elcoline.com\/wp-content\/uploads\/2025\/07\/steam-accumulators-shutterstock.webp\" \/>\n\t<meta property=\"og:image:width\" content=\"1613\" \/>\n\t<meta property=\"og:image:height\" content=\"1075\" \/>\n\t<meta property=\"og:image:type\" content=\"image\/webp\" \/>\n<meta name=\"twitter:card\" content=\"summary_large_image\" \/>\n<meta name=\"twitter:label1\" content=\"Arvioitu lukuaika\" \/>\n\t<meta name=\"twitter:data1\" content=\"1 minuutti\" \/>\n<script type=\"application\/ld+json\" class=\"yoast-schema-graph\">{\"@context\":\"https:\\\/\\\/schema.org\",\"@graph\":[{\"@type\":\"WebPage\",\"@id\":\"https:\\\/\\\/elcoline.com\\\/fi\\\/palvelut\\\/hoyryakut\\\/\",\"url\":\"https:\\\/\\\/elcoline.com\\\/fi\\\/palvelut\\\/hoyryakut\\\/\",\"name\":\"H\u00f6yryakut - Elcoline Group\",\"isPartOf\":{\"@id\":\"https:\\\/\\\/elcoline.com\\\/fi\\\/#website\"},\"primaryImageOfPage\":{\"@id\":\"https:\\\/\\\/elcoline.com\\\/fi\\\/palvelut\\\/hoyryakut\\\/#primaryimage\"},\"image\":{\"@id\":\"https:\\\/\\\/elcoline.com\\\/fi\\\/palvelut\\\/hoyryakut\\\/#primaryimage\"},\"thumbnailUrl\":\"https:\\\/\\\/elcoline.com\\\/wp-content\\\/uploads\\\/2025\\\/07\\\/steam-accumulators-shutterstock.webp\",\"datePublished\":\"2025-03-20T11:31:13+00:00\",\"dateModified\":\"2025-09-15T15:26:49+00:00\",\"breadcrumb\":{\"@id\":\"https:\\\/\\\/elcoline.com\\\/fi\\\/palvelut\\\/hoyryakut\\\/#breadcrumb\"},\"inLanguage\":\"fi\",\"potentialAction\":[{\"@type\":\"ReadAction\",\"target\":[\"https:\\\/\\\/elcoline.com\\\/fi\\\/palvelut\\\/hoyryakut\\\/\"]}]},{\"@type\":\"ImageObject\",\"inLanguage\":\"fi\",\"@id\":\"https:\\\/\\\/elcoline.com\\\/fi\\\/palvelut\\\/hoyryakut\\\/#primaryimage\",\"url\":\"https:\\\/\\\/elcoline.com\\\/wp-content\\\/uploads\\\/2025\\\/07\\\/steam-accumulators-shutterstock.webp\",\"contentUrl\":\"https:\\\/\\\/elcoline.com\\\/wp-content\\\/uploads\\\/2025\\\/07\\\/steam-accumulators-shutterstock.webp\",\"width\":1613,\"height\":1075},{\"@type\":\"BreadcrumbList\",\"@id\":\"https:\\\/\\\/elcoline.com\\\/fi\\\/palvelut\\\/hoyryakut\\\/#breadcrumb\",\"itemListElement\":[{\"@type\":\"ListItem\",\"position\":1,\"name\":\"H\u00f6yryakut\",\"item\":\"https:\\\/\\\/elcoline.com\\\/fi\\\/palvelut\\\/hoyryakut\\\/\"},{\"@type\":\"ListItem\",\"position\":2,\"name\":\"H\u00f6yryakut\"}]},{\"@type\":\"WebSite\",\"@id\":\"https:\\\/\\\/elcoline.com\\\/fi\\\/#website\",\"url\":\"https:\\\/\\\/elcoline.com\\\/fi\\\/\",\"name\":\"Elcoline Group\",\"description\":\"\",\"potentialAction\":[{\"@type\":\"SearchAction\",\"target\":{\"@type\":\"EntryPoint\",\"urlTemplate\":\"https:\\\/\\\/elcoline.com\\\/fi\\\/?s={search_term_string}\"},\"query-input\":{\"@type\":\"PropertyValueSpecification\",\"valueRequired\":true,\"valueName\":\"search_term_string\"}}],\"inLanguage\":\"fi\"}]}<\/script>\n<!-- \/ Yoast SEO plugin. -->","yoast_head_json":{"title":"H\u00f6yryakut - Elcoline Group","robots":{"index":"index","follow":"follow","max-snippet":"max-snippet:-1","max-image-preview":"max-image-preview:large","max-video-preview":"max-video-preview:-1"},"canonical":"https:\/\/elcoline.com\/fi\/palvelut\/hoyryakut\/","og_locale":"fi_FI","og_type":"article","og_title":"H\u00f6yryakut - Elcoline Group","og_description":"H\u00f6yryakut ja asennuspalvelut Elcoline Sahala h\u00f6yryakut ovat teollisten prosessij\u00e4rjestelmien keskeisi\u00e4 elementtej\u00e4. H\u00f6yryakkujen avulla voidaan tasata tuotantoa, kompensoida prosessin kuormitusvaihteluita, ennaltaehk\u00e4ist\u00e4 yll\u00e4tt\u00e4vi\u00e4 h\u00e4iri\u00f6tilanteita sek\u00e4 varastoida esimerkiksi ylij\u00e4\u00e4m\u00e4h\u00f6yry\u00e4. H\u00f6yryakku voi toimia tarvittaessa my\u00f6s lyhytaikaisena varavoimana, jos h\u00f6yryntuotanto keskeytyy.&nbsp; H\u00f6yryakut suunnitellaan ja mitoitetaan h\u00f6yryverkon prosessitekniset sek\u00e4 asiakasvaatimukset huomioiden. N\u00e4in varmistetaan, ett\u00e4 h\u00f6yryakun rakenne on luotettava, hiljainen, tarkoituksenmukainen ja [&hellip;]","og_url":"https:\/\/elcoline.com\/fi\/palvelut\/hoyryakut\/","og_site_name":"Elcoline Group","article_modified_time":"2025-09-15T15:26:49+00:00","og_image":[{"width":1613,"height":1075,"url":"https:\/\/elcoline.com\/wp-content\/uploads\/2025\/07\/steam-accumulators-shutterstock.webp","type":"image\/webp"}],"twitter_card":"summary_large_image","twitter_misc":{"Arvioitu lukuaika":"1 minuutti"},"schema":{"@context":"https:\/\/schema.org","@graph":[{"@type":"WebPage","@id":"https:\/\/elcoline.com\/fi\/palvelut\/hoyryakut\/","url":"https:\/\/elcoline.com\/fi\/palvelut\/hoyryakut\/","name":"H\u00f6yryakut - Elcoline Group","isPartOf":{"@id":"https:\/\/elcoline.com\/fi\/#website"},"primaryImageOfPage":{"@id":"https:\/\/elcoline.com\/fi\/palvelut\/hoyryakut\/#primaryimage"},"image":{"@id":"https:\/\/elcoline.com\/fi\/palvelut\/hoyryakut\/#primaryimage"},"thumbnailUrl":"https:\/\/elcoline.com\/wp-content\/uploads\/2025\/07\/steam-accumulators-shutterstock.webp","datePublished":"2025-03-20T11:31:13+00:00","dateModified":"2025-09-15T15:26:49+00:00","breadcrumb":{"@id":"https:\/\/elcoline.com\/fi\/palvelut\/hoyryakut\/#breadcrumb"},"inLanguage":"fi","potentialAction":[{"@type":"ReadAction","target":["https:\/\/elcoline.com\/fi\/palvelut\/hoyryakut\/"]}]},{"@type":"ImageObject","inLanguage":"fi","@id":"https:\/\/elcoline.com\/fi\/palvelut\/hoyryakut\/#primaryimage","url":"https:\/\/elcoline.com\/wp-content\/uploads\/2025\/07\/steam-accumulators-shutterstock.webp","contentUrl":"https:\/\/elcoline.com\/wp-content\/uploads\/2025\/07\/steam-accumulators-shutterstock.webp","width":1613,"height":1075},{"@type":"BreadcrumbList","@id":"https:\/\/elcoline.com\/fi\/palvelut\/hoyryakut\/#breadcrumb","itemListElement":[{"@type":"ListItem","position":1,"name":"H\u00f6yryakut","item":"https:\/\/elcoline.com\/fi\/palvelut\/hoyryakut\/"},{"@type":"ListItem","position":2,"name":"H\u00f6yryakut"}]},{"@type":"WebSite","@id":"https:\/\/elcoline.com\/fi\/#website","url":"https:\/\/elcoline.com\/fi\/","name":"Elcoline Group","description":"","potentialAction":[{"@type":"SearchAction","target":{"@type":"EntryPoint","urlTemplate":"https:\/\/elcoline.com\/fi\/?s={search_term_string}"},"query-input":{"@type":"PropertyValueSpecification","valueRequired":true,"valueName":"search_term_string"}}],"inLanguage":"fi"}]}},"pbg_featured_image_src":{"full":["https:\/\/elcoline.com\/wp-content\/uploads\/2025\/07\/steam-accumulators-shutterstock.webp",1613,1075,false],"thumbnail":["https:\/\/elcoline.com\/wp-content\/uploads\/2025\/07\/steam-accumulators-shutterstock-150x150.webp",150,150,true],"medium":["https:\/\/elcoline.com\/wp-content\/uploads\/2025\/07\/steam-accumulators-shutterstock-300x200.webp",300,200,true],"medium_large":["https:\/\/elcoline.com\/wp-content\/uploads\/2025\/07\/steam-accumulators-shutterstock-768x512.webp",768,512,true],"large":["https:\/\/elcoline.com\/wp-content\/uploads\/2025\/07\/steam-accumulators-shutterstock-1024x682.webp",1024,682,true],"1536x1536":["https:\/\/elcoline.com\/wp-content\/uploads\/2025\/07\/steam-accumulators-shutterstock-1536x1024.webp",1536,1024,true],"2048x2048":["https:\/\/elcoline.com\/wp-content\/uploads\/2025\/07\/steam-accumulators-shutterstock.webp",1613,1075,false]},"pbg_author_info":{"display_name":"admin","author_link":"https:\/\/elcoline.com\/fi\/author\/admin\/","author_img":false},"pbg_comment_info":" No Comments","pbg_excerpt":"H\u00f6yryakut ja asennuspalvelut Elcoline Sahala h\u00f6yryakut ovat teollisten prosessij\u00e4rjestelmien keskeisi\u00e4 elementtej\u00e4. H\u00f6yryakkujen avulla voidaan tasata tuotantoa, kompensoida prosessin kuormitusvaihteluita, ennaltaehk\u00e4ist\u00e4 yll\u00e4tt\u00e4vi\u00e4 h\u00e4iri\u00f6tilanteita sek\u00e4 varastoida esimerkiksi ylij\u00e4\u00e4m\u00e4h\u00f6yry\u00e4. H\u00f6yryakku voi toimia tarvittaessa my\u00f6s lyhytaikaisena varavoimana, jos h\u00f6yryntuotanto keskeytyy.&nbsp; H\u00f6yryakut suunnitellaan ja mitoitetaan h\u00f6yryverkon prosessitekniset sek\u00e4 asiakasvaatimukset huomioiden. N\u00e4in varmistetaan, ett\u00e4 h\u00f6yryakun rakenne on luotettava, hiljainen, tarkoituksenmukainen ja&hellip;","_links":{"self":[{"href":"https:\/\/elcoline.com\/fi\/wp-json\/wp\/v2\/pages\/47387","targetHints":{"allow":["GET"]}}],"collection":[{"href":"https:\/\/elcoline.com\/fi\/wp-json\/wp\/v2\/pages"}],"about":[{"href":"https:\/\/elcoline.com\/fi\/wp-json\/wp\/v2\/types\/page"}],"author":[{"embeddable":true,"href":"https:\/\/elcoline.com\/fi\/wp-json\/wp\/v2\/users\/10"}],"replies":[{"embeddable":true,"href":"https:\/\/elcoline.com\/fi\/wp-json\/wp\/v2\/comments?post=47387"}],"version-history":[{"count":7,"href":"https:\/\/elcoline.com\/fi\/wp-json\/wp\/v2\/pages\/47387\/revisions"}],"predecessor-version":[{"id":48700,"href":"https:\/\/elcoline.com\/fi\/wp-json\/wp\/v2\/pages\/47387\/revisions\/48700"}],"up":[{"embeddable":true,"href":"https:\/\/elcoline.com\/fi\/wp-json\/wp\/v2\/pages\/47235"}],"wp:featuredmedia":[{"embeddable":true,"href":"https:\/\/elcoline.com\/fi\/wp-json\/wp\/v2\/media\/46764"}],"wp:attachment":[{"href":"https:\/\/elcoline.com\/fi\/wp-json\/wp\/v2\/media?parent=47387"}],"curies":[{"name":"wp","href":"https:\/\/api.w.org\/{rel}","templated":true}]}}