{"id":47770,"date":"2025-03-20T11:31:13","date_gmt":"2025-03-20T09:31:13","guid":{"rendered":"https:\/\/elcoline.com\/meille-toihin\/avoimet-tyopaikat\/"},"modified":"2026-04-21T12:34:45","modified_gmt":"2026-04-21T09:34:45","slug":"avoimet-tyopaikat","status":"publish","type":"page","link":"https:\/\/elcoline.com\/fi\/meille-toihin\/avoimet-tyopaikat\/","title":{"rendered":"Avoimet ty\u00f6paikat"},"content":{"rendered":"\n<div class=\"wp-block-cover is-light hero has-base-color has-text-color has-link-color wp-elements-690606e8577be7435c44afd13929fe9f\"><span aria-hidden=\"true\" class=\"wp-block-cover__background has-background-dim\" style=\"background-color:#FFF\"><\/span><img loading=\"lazy\" decoding=\"async\" width=\"2560\" height=\"1440\" src=\"https:\/\/elcoline.com\/wp-content\/uploads\/2025\/06\/AdobeStock_182072860-kopio-scaled-1.jpeg\" class=\"wp-block-cover__image-background wp-post-image\" alt=\"\" data-object-fit=\"cover\" data-object-position=\"50% 15%\" style=\"object-position:50% 15%;\" srcset=\"https:\/\/elcoline.com\/wp-content\/uploads\/2025\/06\/AdobeStock_182072860-kopio-scaled-1.jpeg 2560w, https:\/\/elcoline.com\/wp-content\/uploads\/2025\/06\/AdobeStock_182072860-kopio-scaled-1-300x169.jpeg 300w, https:\/\/elcoline.com\/wp-content\/uploads\/2025\/06\/AdobeStock_182072860-kopio-scaled-1-1024x576.jpeg 1024w, https:\/\/elcoline.com\/wp-content\/uploads\/2025\/06\/AdobeStock_182072860-kopio-scaled-1-768x432.jpeg 768w, https:\/\/elcoline.com\/wp-content\/uploads\/2025\/06\/AdobeStock_182072860-kopio-scaled-1-1536x864.jpeg 1536w, https:\/\/elcoline.com\/wp-content\/uploads\/2025\/06\/AdobeStock_182072860-kopio-scaled-1-2048x1152.jpeg 2048w\" sizes=\"auto, (max-width: 2560px) 100vw, 2560px\" \/><div class=\"wp-block-cover__inner-container is-layout-flow wp-block-cover-is-layout-flow\">\n<h2 class=\"wp-block-heading\">Meille t\u00f6ihin<\/h2>\n\n\n\n<div class=\"wp-block-columns is-layout-flex wp-container-core-columns-is-layout-28f84493 wp-block-columns-is-layout-flex\">\n<div class=\"wp-block-column is-layout-flow wp-block-column-is-layout-flow\">\n<h1 class=\"wp-block-heading\">Avoimet ty\u00f6paikat<\/h1>\n<\/div>\n\n\n\n<div class=\"wp-block-column is-layout-flow wp-block-column-is-layout-flow\">\n<p><\/p>\n<\/div>\n<\/div>\n<\/div><\/div>\n\n\n\n<div class=\"wp-block-columns is-layout-flex wp-container-core-columns-is-layout-4bcf31ce wp-block-columns-is-layout-flex\" style=\"padding-bottom:6rem\">\n<div class=\"wp-block-column is-layout-flow wp-block-column-is-layout-flow\">\n<h2 class=\"wp-block-heading\">Liity Elcolinelle ja rakenna uraasi teollisuuspalveluiden parissa!<\/h2>\n<\/div>\n\n\n\n<div class=\"wp-block-column is-layout-flow wp-block-column-is-layout-flow\">\n<p>Tutustu avoimiin ty\u00f6paikkoihimme ja tule osaksi kasvavaa tiimi\u00e4mme, jossa arvostetaan asiantuntemusta, turvaliisuutta ja pitk\u00e4j\u00e4nteist\u00e4 kehityst\u00e4.<\/p>\n\n\n\n<p>Alta l\u00f6yd\u00e4t t\u00e4ll\u00e4 hetkell\u00e4 avoinna olevat ty\u00f6paikkamme. Mik\u00e4li sopivaa teht\u00e4v\u00e4\u00e4 ei juuri nyt ole tarjolla, voit j\u00e4tt\u00e4\u00e4 meille avoimen hakemuksen \u2013 etsimme jatkuvasti uusia osaajia eri puolille Suomea ja Ruotsia.<\/p>\n<\/div>\n<\/div>\n\n\n\n<div class=\"wp-block-columns is-style-section-3 is-layout-flex wp-container-core-columns-is-layout-14920008 wp-block-columns-is-layout-flex is-style-section-3--1\" style=\"margin-top:0;margin-bottom:0;padding-top:6rem;padding-bottom:6rem\">\n<div class=\"wp-block-column is-layout-flow wp-block-column-is-layout-flow\">\n<h3 class=\"wp-block-heading\" id=\"tyopaikat\"><strong>Avoimet ty\u00f6paikat<\/strong><\/h3>\n\n\n<ul class=\"has-dates wp-block-rss\"><li class='wp-block-rss__item'><div class='wp-block-rss__item-title'><a href='https:\/\/ats.talentadore.com\/apply\/sahkoasentaja-pyhajoki\/mexnyv' target=\"_blank\">S\u00e4hk\u00f6asentaja, Pyh\u00e4joki<\/a><\/div><time datetime=\"2026-04-28T09:30:00+03:00\" class=\"wp-block-rss__item-publish-date\">28.4.2026<\/time> <\/li><li class='wp-block-rss__item'><div class='wp-block-rss__item-title'><a href='https:\/\/ats.talentadore.com\/apply\/controller\/8dRnyy' target=\"_blank\">Controller<\/a><\/div><time datetime=\"2026-04-23T13:00:00+03:00\" class=\"wp-block-rss__item-publish-date\">23.4.2026<\/time> <\/li><li class='wp-block-rss__item'><div class='wp-block-rss__item-title'><a href='https:\/\/ats.talentadore.com\/apply\/tyonjohtaja\/Zvn5A9' target=\"_blank\">Ty\u00f6njohtaja<\/a><\/div><time datetime=\"2026-04-21T07:00:00+03:00\" class=\"wp-block-rss__item-publish-date\">21.4.2026<\/time> <\/li><li class='wp-block-rss__item'><div class='wp-block-rss__item-title'><a href='https:\/\/ats.talentadore.com\/apply\/kunnossapitoasentajia\/m7lVjO' target=\"_blank\">Kunnossapitoasentajia<\/a><\/div><time datetime=\"2026-04-21T07:00:00+03:00\" class=\"wp-block-rss__item-publish-date\">21.4.2026<\/time> <\/li><li class='wp-block-rss__item'><div class='wp-block-rss__item-title'><a href='https:\/\/ats.talentadore.com\/apply\/levyseppahitsari-lammonvaihdinten-valmistukseen\/ZqJLYA' target=\"_blank\">Levysepp\u00e4hitsari l\u00e4mm\u00f6nvaihdinten valmistukseen<\/a><\/div><time datetime=\"2026-04-14T08:00:00+03:00\" class=\"wp-block-rss__item-publish-date\">14.4.2026<\/time> <\/li><li class='wp-block-rss__item'><div class='wp-block-rss__item-title'><a href='https:\/\/ats.talentadore.com\/apply\/avoin-tyohakemus-elcolinelle-tyontekijatehtavat\/Zlex4w' target=\"_blank\">Avoin ty\u00f6hakemus Elcolinelle, ty\u00f6ntekij\u00e4teht\u00e4v\u00e4t<\/a><\/div><time datetime=\"2025-04-04T00:00:00+03:00\" class=\"wp-block-rss__item-publish-date\">4.4.2025<\/time> <\/li><li class='wp-block-rss__item'><div class='wp-block-rss__item-title'><a href='https:\/\/ats.talentadore.com\/apply\/avoin-tyohakemus-elcolinelle-toimihenkilotehtavat\/Dw39Yv' target=\"_blank\">Avoin ty\u00f6hakemus Elcolinelle, toimihenkil\u00f6teht\u00e4v\u00e4t<\/a><\/div><time datetime=\"2025-04-04T00:00:00+03:00\" class=\"wp-block-rss__item-publish-date\">4.4.2025<\/time> <\/li><\/ul>\n\n\n\n\n<div class=\"wp-block-buttons is-layout-flex wp-block-buttons-is-layout-flex\"><\/div>\n<\/div>\n<\/div>\n","protected":false},"excerpt":{"rendered":"<p>Liity Elcolinelle ja rakenna uraasi teollisuuspalveluiden parissa! Tutustu avoimiin ty\u00f6paikkoihimme ja tule osaksi kasvavaa tiimi\u00e4mme, jossa arvostetaan asiantuntemusta, turvaliisuutta ja pitk\u00e4j\u00e4nteist\u00e4 kehityst\u00e4. Alta l\u00f6yd\u00e4t t\u00e4ll\u00e4 hetkell\u00e4 avoinna olevat ty\u00f6paikkamme. Mik\u00e4li sopivaa teht\u00e4v\u00e4\u00e4 ei juuri nyt ole tarjolla, voit j\u00e4tt\u00e4\u00e4 meille avoimen hakemuksen \u2013 etsimme jatkuvasti uusia osaajia eri puolille Suomea ja Ruotsia. Avoimet ty\u00f6paikat<\/p>\n","protected":false},"author":10,"featured_media":380,"parent":47203,"menu_order":1,"comment_status":"closed","ping_status":"closed","template":"","meta":{"footnotes":""},"class_list":["post-47770","page","type-page","status-publish","has-post-thumbnail","hentry"],"yoast_head":"<!-- This site is optimized with the Yoast SEO plugin v27.5 - https:\/\/yoast.com\/product\/yoast-seo-wordpress\/ -->\n<title>Avoimet ty\u00f6paikat - Elcoline Group<\/title>\n<meta name=\"robots\" content=\"index, follow, max-snippet:-1, max-image-preview:large, max-video-preview:-1\" \/>\n<link rel=\"canonical\" href=\"https:\/\/elcoline.com\/fi\/meille-toihin\/avoimet-tyopaikat\/\" \/>\n<meta property=\"og:locale\" content=\"fi_FI\" \/>\n<meta property=\"og:type\" content=\"article\" \/>\n<meta property=\"og:title\" content=\"Avoimet ty\u00f6paikat - Elcoline Group\" \/>\n<meta property=\"og:description\" content=\"Liity Elcolinelle ja rakenna uraasi teollisuuspalveluiden parissa! Tutustu avoimiin ty\u00f6paikkoihimme ja tule osaksi kasvavaa tiimi\u00e4mme, jossa arvostetaan asiantuntemusta, turvaliisuutta ja pitk\u00e4j\u00e4nteist\u00e4 kehityst\u00e4. Alta l\u00f6yd\u00e4t t\u00e4ll\u00e4 hetkell\u00e4 avoinna olevat ty\u00f6paikkamme. Mik\u00e4li sopivaa teht\u00e4v\u00e4\u00e4 ei juuri nyt ole tarjolla, voit j\u00e4tt\u00e4\u00e4 meille avoimen hakemuksen \u2013 etsimme jatkuvasti uusia osaajia eri puolille Suomea ja Ruotsia. Avoimet ty\u00f6paikat\" \/>\n<meta property=\"og:url\" content=\"https:\/\/elcoline.com\/fi\/meille-toihin\/avoimet-tyopaikat\/\" \/>\n<meta property=\"og:site_name\" content=\"Elcoline Group\" \/>\n<meta property=\"article:modified_time\" content=\"2026-04-21T09:34:45+00:00\" \/>\n<meta property=\"og:image\" content=\"https:\/\/elcoline.com\/wp-content\/uploads\/2025\/06\/AdobeStock_182072860-kopio-scaled-1.jpeg\" \/>\n\t<meta property=\"og:image:width\" content=\"2560\" \/>\n\t<meta property=\"og:image:height\" content=\"1440\" \/>\n\t<meta property=\"og:image:type\" content=\"image\/jpeg\" \/>\n<meta name=\"twitter:card\" content=\"summary_large_image\" \/>\n<meta name=\"twitter:label1\" content=\"Arvioitu lukuaika\" \/>\n\t<meta name=\"twitter:data1\" content=\"1 minuutti\" \/>\n<script type=\"application\/ld+json\" class=\"yoast-schema-graph\">{\"@context\":\"https:\\\/\\\/schema.org\",\"@graph\":[{\"@type\":\"WebPage\",\"@id\":\"https:\\\/\\\/elcoline.com\\\/fi\\\/meille-toihin\\\/avoimet-tyopaikat\\\/\",\"url\":\"https:\\\/\\\/elcoline.com\\\/fi\\\/meille-toihin\\\/avoimet-tyopaikat\\\/\",\"name\":\"Avoimet ty\u00f6paikat - Elcoline Group\",\"isPartOf\":{\"@id\":\"https:\\\/\\\/elcoline.com\\\/fi\\\/#website\"},\"primaryImageOfPage\":{\"@id\":\"https:\\\/\\\/elcoline.com\\\/fi\\\/meille-toihin\\\/avoimet-tyopaikat\\\/#primaryimage\"},\"image\":{\"@id\":\"https:\\\/\\\/elcoline.com\\\/fi\\\/meille-toihin\\\/avoimet-tyopaikat\\\/#primaryimage\"},\"thumbnailUrl\":\"https:\\\/\\\/elcoline.com\\\/wp-content\\\/uploads\\\/2025\\\/06\\\/AdobeStock_182072860-kopio-scaled-1.jpeg\",\"datePublished\":\"2025-03-20T09:31:13+00:00\",\"dateModified\":\"2026-04-21T09:34:45+00:00\",\"breadcrumb\":{\"@id\":\"https:\\\/\\\/elcoline.com\\\/fi\\\/meille-toihin\\\/avoimet-tyopaikat\\\/#breadcrumb\"},\"inLanguage\":\"fi\",\"potentialAction\":[{\"@type\":\"ReadAction\",\"target\":[\"https:\\\/\\\/elcoline.com\\\/fi\\\/meille-toihin\\\/avoimet-tyopaikat\\\/\"]}]},{\"@type\":\"ImageObject\",\"inLanguage\":\"fi\",\"@id\":\"https:\\\/\\\/elcoline.com\\\/fi\\\/meille-toihin\\\/avoimet-tyopaikat\\\/#primaryimage\",\"url\":\"https:\\\/\\\/elcoline.com\\\/wp-content\\\/uploads\\\/2025\\\/06\\\/AdobeStock_182072860-kopio-scaled-1.jpeg\",\"contentUrl\":\"https:\\\/\\\/elcoline.com\\\/wp-content\\\/uploads\\\/2025\\\/06\\\/AdobeStock_182072860-kopio-scaled-1.jpeg\",\"width\":2560,\"height\":1440,\"caption\":\"Male and Female Industrial Engineers in Hard Hats Discuss New Project while Using Tablet Computer. They Make Showing Gestures.They Work at the Heavy Industry Manufacturing Factory.\"},{\"@type\":\"BreadcrumbList\",\"@id\":\"https:\\\/\\\/elcoline.com\\\/fi\\\/meille-toihin\\\/avoimet-tyopaikat\\\/#breadcrumb\",\"itemListElement\":[{\"@type\":\"ListItem\",\"position\":1,\"name\":\"Avoimet ty\u00f6paikat\",\"item\":\"https:\\\/\\\/elcoline.com\\\/fi\\\/meille-toihin\\\/avoimet-tyopaikat\\\/\"},{\"@type\":\"ListItem\",\"position\":2,\"name\":\"Avoimet ty\u00f6paikat\"}]},{\"@type\":\"WebSite\",\"@id\":\"https:\\\/\\\/elcoline.com\\\/fi\\\/#website\",\"url\":\"https:\\\/\\\/elcoline.com\\\/fi\\\/\",\"name\":\"Elcoline Group\",\"description\":\"\",\"potentialAction\":[{\"@type\":\"SearchAction\",\"target\":{\"@type\":\"EntryPoint\",\"urlTemplate\":\"https:\\\/\\\/elcoline.com\\\/fi\\\/?s={search_term_string}\"},\"query-input\":{\"@type\":\"PropertyValueSpecification\",\"valueRequired\":true,\"valueName\":\"search_term_string\"}}],\"inLanguage\":\"fi\"}]}<\/script>\n<!-- \/ Yoast SEO plugin. -->","yoast_head_json":{"title":"Avoimet ty\u00f6paikat - Elcoline Group","robots":{"index":"index","follow":"follow","max-snippet":"max-snippet:-1","max-image-preview":"max-image-preview:large","max-video-preview":"max-video-preview:-1"},"canonical":"https:\/\/elcoline.com\/fi\/meille-toihin\/avoimet-tyopaikat\/","og_locale":"fi_FI","og_type":"article","og_title":"Avoimet ty\u00f6paikat - Elcoline Group","og_description":"Liity Elcolinelle ja rakenna uraasi teollisuuspalveluiden parissa! Tutustu avoimiin ty\u00f6paikkoihimme ja tule osaksi kasvavaa tiimi\u00e4mme, jossa arvostetaan asiantuntemusta, turvaliisuutta ja pitk\u00e4j\u00e4nteist\u00e4 kehityst\u00e4. Alta l\u00f6yd\u00e4t t\u00e4ll\u00e4 hetkell\u00e4 avoinna olevat ty\u00f6paikkamme. Mik\u00e4li sopivaa teht\u00e4v\u00e4\u00e4 ei juuri nyt ole tarjolla, voit j\u00e4tt\u00e4\u00e4 meille avoimen hakemuksen \u2013 etsimme jatkuvasti uusia osaajia eri puolille Suomea ja Ruotsia. Avoimet ty\u00f6paikat","og_url":"https:\/\/elcoline.com\/fi\/meille-toihin\/avoimet-tyopaikat\/","og_site_name":"Elcoline Group","article_modified_time":"2026-04-21T09:34:45+00:00","og_image":[{"width":2560,"height":1440,"url":"https:\/\/elcoline.com\/wp-content\/uploads\/2025\/06\/AdobeStock_182072860-kopio-scaled-1.jpeg","type":"image\/jpeg"}],"twitter_card":"summary_large_image","twitter_misc":{"Arvioitu lukuaika":"1 minuutti"},"schema":{"@context":"https:\/\/schema.org","@graph":[{"@type":"WebPage","@id":"https:\/\/elcoline.com\/fi\/meille-toihin\/avoimet-tyopaikat\/","url":"https:\/\/elcoline.com\/fi\/meille-toihin\/avoimet-tyopaikat\/","name":"Avoimet ty\u00f6paikat - Elcoline Group","isPartOf":{"@id":"https:\/\/elcoline.com\/fi\/#website"},"primaryImageOfPage":{"@id":"https:\/\/elcoline.com\/fi\/meille-toihin\/avoimet-tyopaikat\/#primaryimage"},"image":{"@id":"https:\/\/elcoline.com\/fi\/meille-toihin\/avoimet-tyopaikat\/#primaryimage"},"thumbnailUrl":"https:\/\/elcoline.com\/wp-content\/uploads\/2025\/06\/AdobeStock_182072860-kopio-scaled-1.jpeg","datePublished":"2025-03-20T09:31:13+00:00","dateModified":"2026-04-21T09:34:45+00:00","breadcrumb":{"@id":"https:\/\/elcoline.com\/fi\/meille-toihin\/avoimet-tyopaikat\/#breadcrumb"},"inLanguage":"fi","potentialAction":[{"@type":"ReadAction","target":["https:\/\/elcoline.com\/fi\/meille-toihin\/avoimet-tyopaikat\/"]}]},{"@type":"ImageObject","inLanguage":"fi","@id":"https:\/\/elcoline.com\/fi\/meille-toihin\/avoimet-tyopaikat\/#primaryimage","url":"https:\/\/elcoline.com\/wp-content\/uploads\/2025\/06\/AdobeStock_182072860-kopio-scaled-1.jpeg","contentUrl":"https:\/\/elcoline.com\/wp-content\/uploads\/2025\/06\/AdobeStock_182072860-kopio-scaled-1.jpeg","width":2560,"height":1440,"caption":"Male and Female Industrial Engineers in Hard Hats Discuss New Project while Using Tablet Computer. They Make Showing Gestures.They Work at the Heavy Industry Manufacturing Factory."},{"@type":"BreadcrumbList","@id":"https:\/\/elcoline.com\/fi\/meille-toihin\/avoimet-tyopaikat\/#breadcrumb","itemListElement":[{"@type":"ListItem","position":1,"name":"Avoimet ty\u00f6paikat","item":"https:\/\/elcoline.com\/fi\/meille-toihin\/avoimet-tyopaikat\/"},{"@type":"ListItem","position":2,"name":"Avoimet ty\u00f6paikat"}]},{"@type":"WebSite","@id":"https:\/\/elcoline.com\/fi\/#website","url":"https:\/\/elcoline.com\/fi\/","name":"Elcoline Group","description":"","potentialAction":[{"@type":"SearchAction","target":{"@type":"EntryPoint","urlTemplate":"https:\/\/elcoline.com\/fi\/?s={search_term_string}"},"query-input":{"@type":"PropertyValueSpecification","valueRequired":true,"valueName":"search_term_string"}}],"inLanguage":"fi"}]}},"pbg_featured_image_src":{"full":["https:\/\/elcoline.com\/wp-content\/uploads\/2025\/06\/AdobeStock_182072860-kopio-scaled-1.jpeg",2560,1440,false],"thumbnail":["https:\/\/elcoline.com\/wp-content\/uploads\/2025\/06\/AdobeStock_182072860-kopio-scaled-1-150x150.jpeg",150,150,true],"medium":["https:\/\/elcoline.com\/wp-content\/uploads\/2025\/06\/AdobeStock_182072860-kopio-scaled-1-300x169.jpeg",300,169,true],"medium_large":["https:\/\/elcoline.com\/wp-content\/uploads\/2025\/06\/AdobeStock_182072860-kopio-scaled-1-768x432.jpeg",768,432,true],"large":["https:\/\/elcoline.com\/wp-content\/uploads\/2025\/06\/AdobeStock_182072860-kopio-scaled-1-1024x576.jpeg",1024,576,true],"1536x1536":["https:\/\/elcoline.com\/wp-content\/uploads\/2025\/06\/AdobeStock_182072860-kopio-scaled-1-1536x864.jpeg",1536,864,true],"2048x2048":["https:\/\/elcoline.com\/wp-content\/uploads\/2025\/06\/AdobeStock_182072860-kopio-scaled-1-2048x1152.jpeg",2048,1152,true]},"pbg_author_info":{"display_name":"admin","author_link":"https:\/\/elcoline.com\/fi\/author\/admin\/","author_img":false},"pbg_comment_info":" No Comments","pbg_excerpt":"Liity Elcolinelle ja rakenna uraasi teollisuuspalveluiden parissa! Tutustu avoimiin ty\u00f6paikkoihimme ja tule osaksi kasvavaa tiimi\u00e4mme, jossa arvostetaan asiantuntemusta, turvaliisuutta ja pitk\u00e4j\u00e4nteist\u00e4 kehityst\u00e4. Alta l\u00f6yd\u00e4t t\u00e4ll\u00e4 hetkell\u00e4 avoinna olevat ty\u00f6paikkamme. Mik\u00e4li sopivaa teht\u00e4v\u00e4\u00e4 ei juuri nyt ole tarjolla, voit j\u00e4tt\u00e4\u00e4 meille avoimen hakemuksen \u2013 etsimme jatkuvasti uusia osaajia eri puolille Suomea ja Ruotsia. Avoimet ty\u00f6paikat","_links":{"self":[{"href":"https:\/\/elcoline.com\/fi\/wp-json\/wp\/v2\/pages\/47770","targetHints":{"allow":["GET"]}}],"collection":[{"href":"https:\/\/elcoline.com\/fi\/wp-json\/wp\/v2\/pages"}],"about":[{"href":"https:\/\/elcoline.com\/fi\/wp-json\/wp\/v2\/types\/page"}],"author":[{"embeddable":true,"href":"https:\/\/elcoline.com\/fi\/wp-json\/wp\/v2\/users\/10"}],"replies":[{"embeddable":true,"href":"https:\/\/elcoline.com\/fi\/wp-json\/wp\/v2\/comments?post=47770"}],"version-history":[{"count":17,"href":"https:\/\/elcoline.com\/fi\/wp-json\/wp\/v2\/pages\/47770\/revisions"}],"predecessor-version":[{"id":49674,"href":"https:\/\/elcoline.com\/fi\/wp-json\/wp\/v2\/pages\/47770\/revisions\/49674"}],"up":[{"embeddable":true,"href":"https:\/\/elcoline.com\/fi\/wp-json\/wp\/v2\/pages\/47203"}],"wp:featuredmedia":[{"embeddable":true,"href":"https:\/\/elcoline.com\/fi\/wp-json\/wp\/v2\/media\/380"}],"wp:attachment":[{"href":"https:\/\/elcoline.com\/fi\/wp-json\/wp\/v2\/media?parent=47770"}],"curies":[{"name":"wp","href":"https:\/\/api.w.org\/{rel}","templated":true}]}}