{"id":47777,"date":"2025-08-21T08:18:23","date_gmt":"2025-08-21T08:18:23","guid":{"rendered":"https:\/\/elcoline.com\/yhteystiedot\/laskutusohjeet\/"},"modified":"2025-11-07T11:48:40","modified_gmt":"2025-11-07T11:48:40","slug":"laskutusohjeet","status":"publish","type":"page","link":"https:\/\/elcoline.com\/fi\/yhteystiedot\/laskutusohjeet\/","title":{"rendered":"Laskutusohjeet"},"content":{"rendered":"<h1 class=\"wp-block-post-title\">Laskutusohjeet<\/h1>\n\n\n<h2 class=\"wp-block-heading\">Verkkolaskutus<\/h2>\n\n\n\n<figure class=\"wp-block-table table-e-invoicing\"><table class=\"has-fixed-layout\"><thead><tr><th>Yritys<\/th><th>Y-tunnus<\/th><th>Postiosoite<\/th><th>Verkkolaskuosoite<\/th><th>Operaattori<\/th><th>V\u00e4litt\u00e4j\u00e4n tunnus<\/th><\/tr><\/thead><tbody><tr><td><strong>Yritys: <\/strong>Elcoline Group Oy&nbsp;<\/td><td><strong>Y-tunnus: <\/strong>2212658\u20137<\/td><td><strong>Postiosoite: <\/strong>Puutarhatie 24D, 01300 Vantaa&nbsp;<\/td><td><strong>Verkkolaskuosoite: <\/strong>003722126587&nbsp;<\/td><td><strong>Operaattori: <\/strong>Pagero&nbsp;<\/td><td><strong>V\u00e4litt\u00e4j\u00e4n tunnus: <\/strong>003723609900&nbsp;<\/td><\/tr><tr><td><strong>Yritys: <\/strong>Elcoline Oy&nbsp;<\/td><td><strong>Y-tunnus: <\/strong>2220592\u20130&nbsp;<\/td><td><strong>Postiosoite: <\/strong>Puutarhatie 24D, 01300 Vantaa<\/td><td><strong>Verkkolaskuosoite: <\/strong>003722205920&nbsp;<\/td><td><strong>Operaattori: <\/strong>Pagero&nbsp;<\/td><td><strong>V\u00e4litt\u00e4j\u00e4n tunnus: <\/strong>003723609900&nbsp;<\/td><\/tr><tr><td><strong>Yritys: <\/strong>SSG Sahala Oy<\/td><td><strong>Y-tunnus: <\/strong>2219093\u20133<\/td><td><strong>Postiosoite: <\/strong>PL 125, 78201 Varkaus<\/td><td><strong>Verkkolaskuosoite: <\/strong>003722190933<\/td><td><strong>Operaattori: <\/strong>Maventa<\/td><td><strong>V\u00e4litt\u00e4j\u00e4n tunnus: <\/strong>003721291126<\/td><\/tr><tr><td><strong>Yritys: <\/strong>TGS Finland Oy&nbsp;<\/td><td><strong>Y-tunnus: <\/strong>3202537\u20136<\/td><td><strong>Postiosoite: <\/strong>Puutarhatie 24D,&nbsp;01300 Vantaa&nbsp;<\/td><td><strong>Verkkolaskuosoite: <\/strong>003732025376<\/td><td><strong>Operaattori: <\/strong>Maventa<\/td><td><strong>V\u00e4litt\u00e4j\u00e4n tunnus: <\/strong>003721291126<\/td><\/tr><tr><td><strong>Yritys:<\/strong> TGS Sweden AB<\/td><td><strong>Organisaationumero: <\/strong>0007:5592889355<\/td><td><\/td><td><\/td><td><strong>Operaattori:<\/strong> Maventa<\/td><td><\/td><\/tr><\/tbody><\/table><\/figure>\n\n\n\n<p>Pyyd\u00e4mme l\u00e4hett\u00e4m\u00e4\u00e4n laskut seuraavien ohjeiden mukaisesti. Saapuvissa laskuissa tulee ilmet\u00e4 mainittujen tietojen lis\u00e4ksi tilaajan nimi sek\u00e4 kohde ja ty\u00f6tilausnumero, jonka saatte tilaajalta. Mahdollinen koontilaskutus tulee purkaa, eli oston yhteydess\u00e4 annetulle ty\u00f6-\/projektinumeroille menev\u00e4t laskut tulee laskuttaa omina erillisin\u00e4 laskuina.<\/p>\n\n\n\n<hr class=\"wp-block-separator has-alpha-channel-opacity\"\/>\n\n\n\n<h2 class=\"wp-block-heading\">Maksuehto<\/h2>\n\n\n\n<p>Maksuehto v\u00e4hint\u00e4\u00e4n 45 p\u00e4iv\u00e4\u00e4.<\/p>\n\n\n\n<hr class=\"wp-block-separator has-alpha-channel-opacity\"\/>\n\n\n\n<h2 class=\"wp-block-heading\">Laskun l\u00e4hett\u00e4minen s\u00e4hk\u00f6postilla<\/h2>\n\n\n\n<ol class=\"wp-block-list\">\n<li>Verkkolaskuosoite on pakollinen osa laskutusosoitettamme. Verkkolaskuosoite tulee korjata\/lis\u00e4t\u00e4 laskupohjalle. Ei riit\u00e4, ett\u00e4 se l\u00f6ytyy s\u00e4hk\u00f6postin otsikko- tai viestikent\u00e4st\u00e4.<\/li>\n\n\n\n<li>Lasku tulee olla PDF-muodossa. Sek\u00e4 laskun ett\u00e4 mahdollisten liitteiden tulee olla samassa PDF-tiedostossa (lasku ensimm\u00e4isen\u00e4 ja liitteet sen j\u00e4lkeen).<\/li>\n\n\n\n<li>Yhdess\u00e4 s\u00e4hk\u00f6postissa saa olla vain yksi PDF-muotoinen lasku.<\/li>\n<\/ol>\n\n\n\n<p><strong>Yhti\u00f6iden laskut osoitetaan alla oleviin osoitteisiin<\/strong>:<\/p>\n\n\n\n<p>Elcoline Group Oy&nbsp;<a href=\"mailto:003722126587@xbs-salo.com\">003722126587@xbs-salo.com<\/a><\/p>\n\n\n\n<p>Elcoline Oy&nbsp;<a href=\"mailto:003722205920@xbs-salo.com\">003722205920@xbs-salo.com<\/a><\/p>\n\n\n\n<p>SSG Sahala Oy&nbsp;<a href=\"mailto:invoice-22190933@kollektor.fi\">invoice-22190933@kollektor.fi<\/a><\/p>\n\n\n\n<p>TGS Finland Oy&nbsp;<a href=\"mailto:invoice-32025376@kollektor.fi\">invoice-32025376@kollektor.fi<\/a><\/p>\n\n\n\n<hr class=\"wp-block-separator has-alpha-channel-opacity\"\/>\n\n\n\n<h2 class=\"wp-block-heading\">Laskun l\u00e4hett\u00e4minen postitse<\/h2>\n\n\n\n<p>Paperilaskut pyyd\u00e4mme l\u00e4hett\u00e4m\u00e4\u00e4n alla olevaan osoitteeseen. Huomioittehan, ett\u00e4 alla olevat tiedot tulee n\u00e4ky\u00e4 sellaisenaan skannattavassa laskussa, sill\u00e4 tiedot pelk\u00e4ss\u00e4 kirjekuoressa eiv\u00e4t riit\u00e4.<\/p>\n\n\n\n<p>Esimerkki Elcoline Group Oy:lle l\u00e4hetett\u00e4v\u00e4n paperilaskun tiedoista.<\/p>\n\n\n\n<p>Laskutusosoite <br>Elcoline Group Oy <br>003722126587 <br>PL 908 <br>02066 DOCUSCAN<\/p>\n\n\n\n<p>SSG Sahala Oy:n paperilaskut l\u00e4hetet\u00e4\u00e4n osoitteeseen:<\/p>\n\n\n\n<p>SSG Sahala Oy <br>22190933 <br>PL100<br>80020 Kollektor Scan<\/p>\n\n\n\n<hr class=\"wp-block-separator has-alpha-channel-opacity\"\/>\n\n\n\n<h2 class=\"wp-block-heading\">Laskun l\u00e4hett\u00e4minen portaalin kautta<\/h2>\n\n\n\n<p>Toimittajat voivat my\u00f6s kirjata laskut suoraan Pageron portaaliin osoitteessa:<\/p>\n\n\n\n<p><a href=\"https:\/\/www.pagero.fi\/projektisivut\/admicom\">https:\/\/www.pagero.fi\/projektisivut\/admicom<\/a><\/p>\n\n\n\n<p>Toimittajan tulee klikata sivuilla olevaa FREE WEB PORTAL -linkki\u00e4, mist\u00e4 p\u00e4\u00e4see rekister\u00f6itym\u00e4\u00e4n ja saa tunnukset omaan s\u00e4hk\u00f6postiinsa. Sen j\u00e4lkeen laskun voi luoda kirjautumalla sis\u00e4\u00e4n portaaliin ja lasku liikkuu siit\u00e4 eteenp\u00e4in normaalina verkkolaskuna. Pid\u00e4tteh\u00e4n s\u00e4hk\u00f6isten laskujen OVT-reitityksen voimassa, mik\u00e4li olemme tilanneet LVISNet-liittym\u00e4n Admicomiin.<\/p>\n\n\n\n<p>Toistaiseksi vain Elcoline-nimisi\u00e4 yhti\u00f6it\u00e4 koskevat laskut voi l\u00e4hett\u00e4\u00e4 portaalinen kautta.<\/p>\n\n\n\n<hr class=\"wp-block-separator has-alpha-channel-opacity\"\/>\n\n\n\n<h2 class=\"wp-block-heading\">Hyvityslaskut<\/h2>\n\n\n\n<p>Alkuper\u00e4isen veloituslaskun ollessa virheellinen, tulee toimittajan l\u00e4hett\u00e4\u00e4 sit\u00e4 koskeva hyvityslasku ja uusi veloituslasku. Hyvityslaskulta tulee ilmet\u00e4 alkuper\u00e4isen veloituslaskun numero ja viitetiedot.<\/p>\n\n\n\n<hr class=\"wp-block-separator has-alpha-channel-opacity\"\/>\n\n\n\n<h2 class=\"wp-block-heading\">Maksumuistutukset<\/h2>\n\n\n\n<p>Maksumuistutukset ja muu kirjeposti pit\u00e4\u00e4 l\u00e4hett\u00e4\u00e4 aina yhti\u00f6n postiosoitteeseen ei laskutusosoitteeseen.<\/p>\n\n\n\n<hr class=\"wp-block-separator has-alpha-channel-opacity\"\/>\n\n\n\n<h2 class=\"wp-block-heading\">Laskut TGS Sweden AB:lle:<\/h2>\n\n\n\n<p>1. Verkkolasku \/&nbsp;Peppol&nbsp;<\/p>\n\n\n\n<p>Suosittelemme PEPPOL-verkkolaskumuodon k\u00e4ytt\u00e4mist\u00e4. Ole hyv\u00e4 ja k\u00e4yt\u00e4 maakoodia 0007 ja organisaationumeroamme s\u00e4hk\u00f6isen\u00e4 tunnisteena: 0007:5592889355<\/p>\n\n\n\n<p>Operaattori: Maventa<\/p>\n\n\n\n<p>2. PDF-lasku s\u00e4hk\u00f6postilla<\/p>\n\n\n\n<p>Jos voit tulostaa laskusi PDF-tiedostona, voit l\u00e4hett\u00e4\u00e4 ne alla olevaan s\u00e4hk\u00f6postiosoitteeseen. Huom! Yksi lasku PDF-tiedostoa kohden.<\/p>\n\n\n\n<p>PDF-laskut voi l\u00e4hett\u00e4\u00e4 osoitteeseen:&nbsp;<a href=\"mailto:SE-5592889355@autoscan.maventa.com\">SE-5592889355@autoscan.maventa.com<\/a><\/p>\n","protected":false},"excerpt":{"rendered":"<p>Verkkolaskutus Yritys Y-tunnus Postiosoite Verkkolaskuosoite Operaattori V\u00e4litt\u00e4j\u00e4n tunnus Yritys: Elcoline Group Oy&nbsp; Y-tunnus: 2212658\u20137 Postiosoite: Puutarhatie 24D, 01300 Vantaa&nbsp; Verkkolaskuosoite: 003722126587&nbsp; Operaattori: Pagero&nbsp; V\u00e4litt\u00e4j\u00e4n tunnus: 003723609900&nbsp; Yritys: Elcoline Oy&nbsp; Y-tunnus: 2220592\u20130&nbsp; Postiosoite: Puutarhatie 24D, 01300 Vantaa Verkkolaskuosoite: 003722205920&nbsp; Operaattori: Pagero&nbsp; V\u00e4litt\u00e4j\u00e4n tunnus: 003723609900&nbsp; Yritys: SSG Sahala Oy Y-tunnus: 2219093\u20133 Postiosoite: PL 125, 78201 Varkaus Verkkolaskuosoite: [&hellip;]<\/p>\n","protected":false},"author":10,"featured_media":0,"parent":47193,"menu_order":0,"comment_status":"closed","ping_status":"closed","template":"","meta":{"footnotes":""},"class_list":["post-47777","page","type-page","status-publish","hentry"],"yoast_head":"<!-- This site is optimized with the Yoast SEO plugin v27.5 - https:\/\/yoast.com\/product\/yoast-seo-wordpress\/ -->\n<title>Laskutusohjeet - Elcoline Group<\/title>\n<meta name=\"robots\" content=\"index, follow, max-snippet:-1, max-image-preview:large, max-video-preview:-1\" \/>\n<link rel=\"canonical\" href=\"https:\/\/elcoline.com\/fi\/yhteystiedot\/laskutusohjeet\/\" \/>\n<meta property=\"og:locale\" content=\"fi_FI\" \/>\n<meta property=\"og:type\" content=\"article\" \/>\n<meta property=\"og:title\" content=\"Laskutusohjeet - Elcoline Group\" \/>\n<meta property=\"og:description\" content=\"Verkkolaskutus Yritys Y-tunnus Postiosoite Verkkolaskuosoite Operaattori V\u00e4litt\u00e4j\u00e4n tunnus Yritys: Elcoline Group Oy&nbsp; Y-tunnus: 2212658\u20137 Postiosoite: Puutarhatie 24D, 01300 Vantaa&nbsp; Verkkolaskuosoite: 003722126587&nbsp; Operaattori: Pagero&nbsp; V\u00e4litt\u00e4j\u00e4n tunnus: 003723609900&nbsp; Yritys: Elcoline Oy&nbsp; Y-tunnus: 2220592\u20130&nbsp; Postiosoite: Puutarhatie 24D, 01300 Vantaa Verkkolaskuosoite: 003722205920&nbsp; Operaattori: Pagero&nbsp; V\u00e4litt\u00e4j\u00e4n tunnus: 003723609900&nbsp; Yritys: SSG Sahala Oy Y-tunnus: 2219093\u20133 Postiosoite: PL 125, 78201 Varkaus Verkkolaskuosoite: [&hellip;]\" \/>\n<meta property=\"og:url\" content=\"https:\/\/elcoline.com\/fi\/yhteystiedot\/laskutusohjeet\/\" \/>\n<meta property=\"og:site_name\" content=\"Elcoline Group\" \/>\n<meta property=\"article:modified_time\" content=\"2025-11-07T11:48:40+00:00\" \/>\n<meta name=\"twitter:card\" content=\"summary_large_image\" \/>\n<meta name=\"twitter:label1\" content=\"Arvioitu lukuaika\" \/>\n\t<meta name=\"twitter:data1\" content=\"2 minuuttia\" \/>\n<script type=\"application\/ld+json\" class=\"yoast-schema-graph\">{\"@context\":\"https:\\\/\\\/schema.org\",\"@graph\":[{\"@type\":\"WebPage\",\"@id\":\"https:\\\/\\\/elcoline.com\\\/fi\\\/yhteystiedot\\\/laskutusohjeet\\\/\",\"url\":\"https:\\\/\\\/elcoline.com\\\/fi\\\/yhteystiedot\\\/laskutusohjeet\\\/\",\"name\":\"Laskutusohjeet - Elcoline Group\",\"isPartOf\":{\"@id\":\"https:\\\/\\\/elcoline.com\\\/fi\\\/#website\"},\"datePublished\":\"2025-08-21T08:18:23+00:00\",\"dateModified\":\"2025-11-07T11:48:40+00:00\",\"breadcrumb\":{\"@id\":\"https:\\\/\\\/elcoline.com\\\/fi\\\/yhteystiedot\\\/laskutusohjeet\\\/#breadcrumb\"},\"inLanguage\":\"fi\",\"potentialAction\":[{\"@type\":\"ReadAction\",\"target\":[\"https:\\\/\\\/elcoline.com\\\/fi\\\/yhteystiedot\\\/laskutusohjeet\\\/\"]}]},{\"@type\":\"BreadcrumbList\",\"@id\":\"https:\\\/\\\/elcoline.com\\\/fi\\\/yhteystiedot\\\/laskutusohjeet\\\/#breadcrumb\",\"itemListElement\":[{\"@type\":\"ListItem\",\"position\":1,\"name\":\"Laskutusohjeet\",\"item\":\"https:\\\/\\\/elcoline.com\\\/fi\\\/yhteystiedot\\\/laskutusohjeet\\\/\"},{\"@type\":\"ListItem\",\"position\":2,\"name\":\"Laskutusohjeet\"}]},{\"@type\":\"WebSite\",\"@id\":\"https:\\\/\\\/elcoline.com\\\/fi\\\/#website\",\"url\":\"https:\\\/\\\/elcoline.com\\\/fi\\\/\",\"name\":\"Elcoline Group\",\"description\":\"\",\"potentialAction\":[{\"@type\":\"SearchAction\",\"target\":{\"@type\":\"EntryPoint\",\"urlTemplate\":\"https:\\\/\\\/elcoline.com\\\/fi\\\/?s={search_term_string}\"},\"query-input\":{\"@type\":\"PropertyValueSpecification\",\"valueRequired\":true,\"valueName\":\"search_term_string\"}}],\"inLanguage\":\"fi\"}]}<\/script>\n<!-- \/ Yoast SEO plugin. -->","yoast_head_json":{"title":"Laskutusohjeet - Elcoline Group","robots":{"index":"index","follow":"follow","max-snippet":"max-snippet:-1","max-image-preview":"max-image-preview:large","max-video-preview":"max-video-preview:-1"},"canonical":"https:\/\/elcoline.com\/fi\/yhteystiedot\/laskutusohjeet\/","og_locale":"fi_FI","og_type":"article","og_title":"Laskutusohjeet - Elcoline Group","og_description":"Verkkolaskutus Yritys Y-tunnus Postiosoite Verkkolaskuosoite Operaattori V\u00e4litt\u00e4j\u00e4n tunnus Yritys: Elcoline Group Oy&nbsp; Y-tunnus: 2212658\u20137 Postiosoite: Puutarhatie 24D, 01300 Vantaa&nbsp; Verkkolaskuosoite: 003722126587&nbsp; Operaattori: Pagero&nbsp; V\u00e4litt\u00e4j\u00e4n tunnus: 003723609900&nbsp; Yritys: Elcoline Oy&nbsp; Y-tunnus: 2220592\u20130&nbsp; Postiosoite: Puutarhatie 24D, 01300 Vantaa Verkkolaskuosoite: 003722205920&nbsp; Operaattori: Pagero&nbsp; V\u00e4litt\u00e4j\u00e4n tunnus: 003723609900&nbsp; Yritys: SSG Sahala Oy Y-tunnus: 2219093\u20133 Postiosoite: PL 125, 78201 Varkaus Verkkolaskuosoite: [&hellip;]","og_url":"https:\/\/elcoline.com\/fi\/yhteystiedot\/laskutusohjeet\/","og_site_name":"Elcoline Group","article_modified_time":"2025-11-07T11:48:40+00:00","twitter_card":"summary_large_image","twitter_misc":{"Arvioitu lukuaika":"2 minuuttia"},"schema":{"@context":"https:\/\/schema.org","@graph":[{"@type":"WebPage","@id":"https:\/\/elcoline.com\/fi\/yhteystiedot\/laskutusohjeet\/","url":"https:\/\/elcoline.com\/fi\/yhteystiedot\/laskutusohjeet\/","name":"Laskutusohjeet - Elcoline Group","isPartOf":{"@id":"https:\/\/elcoline.com\/fi\/#website"},"datePublished":"2025-08-21T08:18:23+00:00","dateModified":"2025-11-07T11:48:40+00:00","breadcrumb":{"@id":"https:\/\/elcoline.com\/fi\/yhteystiedot\/laskutusohjeet\/#breadcrumb"},"inLanguage":"fi","potentialAction":[{"@type":"ReadAction","target":["https:\/\/elcoline.com\/fi\/yhteystiedot\/laskutusohjeet\/"]}]},{"@type":"BreadcrumbList","@id":"https:\/\/elcoline.com\/fi\/yhteystiedot\/laskutusohjeet\/#breadcrumb","itemListElement":[{"@type":"ListItem","position":1,"name":"Laskutusohjeet","item":"https:\/\/elcoline.com\/fi\/yhteystiedot\/laskutusohjeet\/"},{"@type":"ListItem","position":2,"name":"Laskutusohjeet"}]},{"@type":"WebSite","@id":"https:\/\/elcoline.com\/fi\/#website","url":"https:\/\/elcoline.com\/fi\/","name":"Elcoline Group","description":"","potentialAction":[{"@type":"SearchAction","target":{"@type":"EntryPoint","urlTemplate":"https:\/\/elcoline.com\/fi\/?s={search_term_string}"},"query-input":{"@type":"PropertyValueSpecification","valueRequired":true,"valueName":"search_term_string"}}],"inLanguage":"fi"}]}},"pbg_featured_image_src":{"full":false,"thumbnail":false,"medium":false,"medium_large":false,"large":false,"1536x1536":false,"2048x2048":false},"pbg_author_info":{"display_name":"admin","author_link":"https:\/\/elcoline.com\/fi\/author\/admin\/","author_img":false},"pbg_comment_info":" No Comments","pbg_excerpt":"Verkkolaskutus Yritys Y-tunnus Postiosoite Verkkolaskuosoite Operaattori V\u00e4litt\u00e4j\u00e4n tunnus Yritys: Elcoline Group Oy&nbsp; Y-tunnus: 2212658\u20137 Postiosoite: Puutarhatie 24D, 01300 Vantaa&nbsp; Verkkolaskuosoite: 003722126587&nbsp; Operaattori: Pagero&nbsp; V\u00e4litt\u00e4j\u00e4n tunnus: 003723609900&nbsp; Yritys: Elcoline Oy&nbsp; Y-tunnus: 2220592\u20130&nbsp; Postiosoite: Puutarhatie 24D, 01300 Vantaa Verkkolaskuosoite: 003722205920&nbsp; Operaattori: Pagero&nbsp; V\u00e4litt\u00e4j\u00e4n tunnus: 003723609900&nbsp; Yritys: SSG Sahala Oy Y-tunnus: 2219093\u20133 Postiosoite: PL 125, 78201 Varkaus Verkkolaskuosoite:&hellip;","_links":{"self":[{"href":"https:\/\/elcoline.com\/fi\/wp-json\/wp\/v2\/pages\/47777","targetHints":{"allow":["GET"]}}],"collection":[{"href":"https:\/\/elcoline.com\/fi\/wp-json\/wp\/v2\/pages"}],"about":[{"href":"https:\/\/elcoline.com\/fi\/wp-json\/wp\/v2\/types\/page"}],"author":[{"embeddable":true,"href":"https:\/\/elcoline.com\/fi\/wp-json\/wp\/v2\/users\/10"}],"replies":[{"embeddable":true,"href":"https:\/\/elcoline.com\/fi\/wp-json\/wp\/v2\/comments?post=47777"}],"version-history":[{"count":3,"href":"https:\/\/elcoline.com\/fi\/wp-json\/wp\/v2\/pages\/47777\/revisions"}],"predecessor-version":[{"id":49148,"href":"https:\/\/elcoline.com\/fi\/wp-json\/wp\/v2\/pages\/47777\/revisions\/49148"}],"up":[{"embeddable":true,"href":"https:\/\/elcoline.com\/fi\/wp-json\/wp\/v2\/pages\/47193"}],"wp:attachment":[{"href":"https:\/\/elcoline.com\/fi\/wp-json\/wp\/v2\/media?parent=47777"}],"curies":[{"name":"wp","href":"https:\/\/api.w.org\/{rel}","templated":true}]}}