{"id":47842,"date":"2025-03-20T11:31:13","date_gmt":"2025-03-20T11:31:13","guid":{"rendered":"https:\/\/elcoline.com\/yritys\/historia\/"},"modified":"2025-09-11T13:33:55","modified_gmt":"2025-09-11T13:33:55","slug":"historia","status":"publish","type":"page","link":"https:\/\/elcoline.com\/fi\/yritys\/historia\/","title":{"rendered":"Historia"},"content":{"rendered":"\n<div class=\"wp-block-cover is-light hero elcoline-hero has-base-color has-text-color has-link-color wp-elements-e2fa96e58a11f5a0751ca0c587171593\"><span aria-hidden=\"true\" class=\"wp-block-cover__background has-background-dim\" style=\"background-color:#FFF\"><\/span><img loading=\"lazy\" decoding=\"async\" width=\"2000\" height=\"1334\" src=\"https:\/\/elcoline.com\/wp-content\/uploads\/2025\/06\/elcoline-history.webp\" class=\"wp-block-cover__image-background wp-post-image\" alt=\"\" data-object-fit=\"cover\" srcset=\"https:\/\/elcoline.com\/wp-content\/uploads\/2025\/06\/elcoline-history.webp 2000w, https:\/\/elcoline.com\/wp-content\/uploads\/2025\/06\/elcoline-history-300x200.webp 300w, https:\/\/elcoline.com\/wp-content\/uploads\/2025\/06\/elcoline-history-1024x683.webp 1024w, https:\/\/elcoline.com\/wp-content\/uploads\/2025\/06\/elcoline-history-768x512.webp 768w, https:\/\/elcoline.com\/wp-content\/uploads\/2025\/06\/elcoline-history-1536x1025.webp 1536w\" sizes=\"auto, (max-width: 2000px) 100vw, 2000px\" \/><div class=\"wp-block-cover__inner-container is-layout-flow wp-block-cover-is-layout-flow\">\n<h2 class=\"wp-block-heading\">Yritys<\/h2>\n\n\n\n<div class=\"wp-block-columns is-layout-flex wp-container-core-columns-is-layout-28f84493 wp-block-columns-is-layout-flex\">\n<div class=\"wp-block-column is-layout-flow wp-block-column-is-layout-flow\">\n<h1 class=\"wp-block-heading\">Historia<\/h1>\n<\/div>\n\n\n\n<div class=\"wp-block-column is-layout-flow wp-block-column-is-layout-flow\">\n<p><\/p>\n<\/div>\n<\/div>\n<\/div><\/div>\n\n\n\n<div class=\"wp-block-columns is-layout-flex wp-container-core-columns-is-layout-28f84493 wp-block-columns-is-layout-flex\">\n<div class=\"wp-block-column is-layout-flow wp-block-column-is-layout-flow\">\n<h2 class=\"wp-block-heading\">Elcolinen tarina \u2013 Yli 20 vuotta teollisuuden palvelukumppanina<\/h2>\n<\/div>\n\n\n\n<div class=\"wp-block-column is-layout-flow wp-block-column-is-layout-flow\">\n<p>Vuonna 2002 Varkaudessa perustettu Elcoline sai alkunsa pienen\u00e4 s\u00e4hk\u00f6- ja automaatiopalveluja tarjoavana yrityksen\u00e4, jonka perustivat kaksi nuorta yritt\u00e4j\u00e4\u00e4. Nyky\u00e4\u00e4n olemme kasvava kansainv\u00e4linen teollisuuspalveluyritys, joka toimittaa kunnossapito-, asennus- ja projektipalveluja eri puolille Eurooppaa. Matkamme kuvastaa pitk\u00e4j\u00e4nteist\u00e4 sitoutumista asiakastyytyv\u00e4isyyteen sek\u00e4 teollisten toimintojen ja alan jatkuvaan kehitt\u00e4miseen.<\/p>\n<\/div>\n<\/div>\n\n\n\n<div class=\"wp-block-columns is-style-section-3 elcoline-history is-layout-flex wp-container-core-columns-is-layout-1e297cbc wp-block-columns-is-layout-flex is-style-section-3--1\" style=\"padding-top:var(--wp--preset--spacing--70);padding-bottom:var(--wp--preset--spacing--70)\">\n<div class=\"wp-block-column is-layout-flow wp-block-column-is-layout-flow\">\n<div class=\"wp-block-columns is-layout-flex wp-container-core-columns-is-layout-28f84493 wp-block-columns-is-layout-flex\">\n<div class=\"wp-block-column is-layout-flow wp-block-column-is-layout-flow\" style=\"flex-basis:50%\">\n<h2 class=\"wp-block-heading\">2002<\/h2>\n\n\n\n<p>Elcoline perustettiin vuonna 2002 kansainv\u00e4lisesti tunnetussa teollisuuskaupungissa Varkaudessa. Yrityksen perustivat tuolloin 19-vuotias s\u00e4hk\u00f6asentaja Jere R\u00e4is\u00e4nen ja 21-vuotias automaatioinsin\u00f6\u00f6riopiskelija Jouko Juvonen, jotka halusivat ty\u00f6llist\u00e4\u00e4 itsens\u00e4 ja parhaat yst\u00e4v\u00e4ns\u00e4. Alkuvaiheen palveluihin kuuluivat s\u00e4hk\u00f6- ja automaatioasennukset.<\/p>\n\n\n\n<p>Jo aivan Elcolinen alkuajoista l\u00e4htien tavoitteena on ollut kehitt\u00e4\u00e4 ja uudistaa teollisuusalaa, toimia ensisijaisena valintana kumppanina asiakkaille sek\u00e4 ty\u00f6nantajana ty\u00f6ntekij\u00f6ille \u2013 ja t\u00e4hd\u00e4t\u00e4 kansainv\u00e4liseen kasvuun.<\/p>\n<\/div>\n\n\n\n<div class=\"wp-block-column is-layout-flow wp-block-column-is-layout-flow\" style=\"flex-basis:25%\">\n<figure class=\"wp-block-image size-full\"><img loading=\"lazy\" decoding=\"async\" width=\"333\" height=\"336\" src=\"https:\/\/elcoline.com\/wp-content\/uploads\/2025\/07\/founders-1.webp\" alt=\"\" class=\"wp-image-46554\" srcset=\"https:\/\/elcoline.com\/wp-content\/uploads\/2025\/07\/founders-1.webp 333w, https:\/\/elcoline.com\/wp-content\/uploads\/2025\/07\/founders-1-297x300.webp 297w, https:\/\/elcoline.com\/wp-content\/uploads\/2025\/07\/founders-1-150x150.webp 150w\" sizes=\"auto, (max-width: 333px) 100vw, 333px\" \/><\/figure>\n\n\n\n<p class=\"has-small-font-size\">Yrityksen perustajat Jere ja Jouko Elcolinen alkuvuosina.<\/p>\n<\/div>\n\n\n\n<div class=\"wp-block-column is-layout-flow wp-block-column-is-layout-flow\" style=\"flex-basis:25%\"><\/div>\n<\/div>\n\n\n\n<div class=\"wp-block-columns is-layout-flex wp-container-core-columns-is-layout-28f84493 wp-block-columns-is-layout-flex\">\n<div class=\"wp-block-column is-layout-flow wp-block-column-is-layout-flow\" style=\"flex-basis:100%\">\n<h2 class=\"wp-block-heading\">2013<\/h2>\n\n\n\n<p>Ty\u00f6ntekij\u00f6it\u00e4 <strong>20<\/strong><br>Liikevaihto <strong>2M\u20ac<\/strong><br><br>&nbsp;<\/p>\n<\/div>\n\n\n\n<div class=\"wp-block-column is-layout-flow wp-block-column-is-layout-flow\" style=\"flex-basis:100%\">\n<h2 class=\"wp-block-heading\">2018<\/h2>\n\n\n\n<p>Ty\u00f6ntekij\u00f6it\u00e4 <strong>200<\/strong><br>Liikevaihto <strong>20M\u20ac<\/strong><\/p>\n<\/div>\n\n\n\n<div class=\"wp-block-column is-layout-flow wp-block-column-is-layout-flow\" style=\"flex-basis:100%\">\n<h2 class=\"wp-block-heading\">2022<\/h2>\n\n\n\n<p>Ty\u00f6ntekij\u00f6it\u00e4 <strong>600<\/strong><br>Liikevaihto <strong>70M\u20ac<\/strong><br>Laajentuminen <strong>Ruotsiin<\/strong>.<\/p>\n<\/div>\n\n\n\n<div class=\"wp-block-column is-layout-flow wp-block-column-is-layout-flow\" style=\"flex-basis:100%\">\n<h2 class=\"wp-block-heading\">2023<\/h2>\n\n\n\n<p>Suomalaiset sijoittajat vahvistamaan Elcolinen omistuspohjaa.<\/p>\n<\/div>\n<\/div>\n\n\n\n<div class=\"wp-block-columns is-layout-flex wp-container-core-columns-is-layout-28f84493 wp-block-columns-is-layout-flex\">\n<div class=\"wp-block-column is-layout-flow wp-block-column-is-layout-flow\" style=\"flex-basis:100%\">\n<h2 class=\"wp-block-heading\">2024<\/h2>\n\n\n\n<p>Ty\u00f6ntekij\u00f6it\u00e4 <strong>800<\/strong><br>Liikevaihto <strong>100M\u20ac<\/strong><\/p>\n<\/div>\n\n\n\n<div class=\"wp-block-column is-layout-flow wp-block-column-is-layout-flow\" style=\"flex-basis:100%\">\n<h2 class=\"wp-block-heading\">2025<\/h2>\n\n\n\n<p>Ty\u00f6ntekij\u00f6it\u00e4 noin <strong>1000<\/strong><br>Liikevaihto noin <strong>150M\u20ac<\/strong><br>Toimintaa Suomessa, Ruotsissa ja palvelusopimuskohteissa ymp\u00e4ri maailmaa.<\/p>\n<\/div>\n\n\n\n<div class=\"wp-block-column is-layout-flow wp-block-column-is-layout-flow\" style=\"flex-basis:100%\"><\/div>\n\n\n\n<div class=\"wp-block-column is-layout-flow wp-block-column-is-layout-flow\" style=\"flex-basis:100%\"><\/div>\n<\/div>\n<\/div>\n<\/div>\n","protected":false},"excerpt":{"rendered":"<p>Elcolinen tarina \u2013 Yli 20 vuotta teollisuuden palvelukumppanina Vuonna 2002 Varkaudessa perustettu Elcoline sai alkunsa pienen\u00e4 s\u00e4hk\u00f6- ja automaatiopalveluja tarjoavana yrityksen\u00e4, jonka perustivat kaksi nuorta yritt\u00e4j\u00e4\u00e4. Nyky\u00e4\u00e4n olemme kasvava kansainv\u00e4linen teollisuuspalveluyritys, joka toimittaa kunnossapito-, asennus- ja projektipalveluja eri puolille Eurooppaa. Matkamme kuvastaa pitk\u00e4j\u00e4nteist\u00e4 sitoutumista asiakastyytyv\u00e4isyyteen sek\u00e4 teollisten toimintojen ja alan jatkuvaan kehitt\u00e4miseen. 2002 Elcoline perustettiin [&hellip;]<\/p>\n","protected":false},"author":10,"featured_media":1201,"parent":47219,"menu_order":1,"comment_status":"closed","ping_status":"closed","template":"","meta":{"footnotes":""},"class_list":["post-47842","page","type-page","status-publish","has-post-thumbnail","hentry"],"yoast_head":"<!-- This site is optimized with the Yoast SEO plugin v27.3 - https:\/\/yoast.com\/product\/yoast-seo-wordpress\/ -->\n<title>Historia - Elcoline Group<\/title>\n<meta name=\"description\" content=\"Vuonna 2002 perustettu Elcoline on kasvanut s\u00e4hk\u00f6- ja automaatioyrityksest\u00e4 kansainv\u00e4liseksi teollisuuspalveluiden tarjoajaksi.\" \/>\n<meta name=\"robots\" content=\"index, follow, max-snippet:-1, max-image-preview:large, max-video-preview:-1\" \/>\n<link rel=\"canonical\" href=\"https:\/\/elcoline.com\/fi\/yritys\/historia\/\" \/>\n<meta property=\"og:locale\" content=\"fi_FI\" \/>\n<meta property=\"og:type\" content=\"article\" \/>\n<meta property=\"og:title\" content=\"Historia - Elcoline Group\" \/>\n<meta property=\"og:description\" content=\"Vuonna 2002 perustettu Elcoline on kasvanut s\u00e4hk\u00f6- ja automaatioyrityksest\u00e4 kansainv\u00e4liseksi teollisuuspalveluiden tarjoajaksi.\" \/>\n<meta property=\"og:url\" content=\"https:\/\/elcoline.com\/fi\/yritys\/historia\/\" \/>\n<meta property=\"og:site_name\" content=\"Elcoline Group\" \/>\n<meta property=\"article:modified_time\" content=\"2025-09-11T13:33:55+00:00\" \/>\n<meta property=\"og:image\" content=\"https:\/\/elcoline.com\/wp-content\/uploads\/2025\/06\/elcoline-history.webp\" \/>\n\t<meta property=\"og:image:width\" content=\"2000\" \/>\n\t<meta property=\"og:image:height\" content=\"1334\" \/>\n\t<meta property=\"og:image:type\" content=\"image\/webp\" \/>\n<meta name=\"twitter:card\" content=\"summary_large_image\" \/>\n<meta name=\"twitter:label1\" content=\"Arvioitu lukuaika\" \/>\n\t<meta name=\"twitter:data1\" content=\"2 minuuttia\" \/>\n<script type=\"application\/ld+json\" class=\"yoast-schema-graph\">{\"@context\":\"https:\\\/\\\/schema.org\",\"@graph\":[{\"@type\":\"WebPage\",\"@id\":\"https:\\\/\\\/elcoline.com\\\/fi\\\/yritys\\\/historia\\\/\",\"url\":\"https:\\\/\\\/elcoline.com\\\/fi\\\/yritys\\\/historia\\\/\",\"name\":\"Historia - Elcoline Group\",\"isPartOf\":{\"@id\":\"https:\\\/\\\/elcoline.com\\\/fi\\\/#website\"},\"primaryImageOfPage\":{\"@id\":\"https:\\\/\\\/elcoline.com\\\/fi\\\/yritys\\\/historia\\\/#primaryimage\"},\"image\":{\"@id\":\"https:\\\/\\\/elcoline.com\\\/fi\\\/yritys\\\/historia\\\/#primaryimage\"},\"thumbnailUrl\":\"https:\\\/\\\/elcoline.com\\\/wp-content\\\/uploads\\\/2025\\\/06\\\/elcoline-history.webp\",\"datePublished\":\"2025-03-20T11:31:13+00:00\",\"dateModified\":\"2025-09-11T13:33:55+00:00\",\"description\":\"Vuonna 2002 perustettu Elcoline on kasvanut s\u00e4hk\u00f6- ja automaatioyrityksest\u00e4 kansainv\u00e4liseksi teollisuuspalveluiden tarjoajaksi.\",\"breadcrumb\":{\"@id\":\"https:\\\/\\\/elcoline.com\\\/fi\\\/yritys\\\/historia\\\/#breadcrumb\"},\"inLanguage\":\"fi\",\"potentialAction\":[{\"@type\":\"ReadAction\",\"target\":[\"https:\\\/\\\/elcoline.com\\\/fi\\\/yritys\\\/historia\\\/\"]}]},{\"@type\":\"ImageObject\",\"inLanguage\":\"fi\",\"@id\":\"https:\\\/\\\/elcoline.com\\\/fi\\\/yritys\\\/historia\\\/#primaryimage\",\"url\":\"https:\\\/\\\/elcoline.com\\\/wp-content\\\/uploads\\\/2025\\\/06\\\/elcoline-history.webp\",\"contentUrl\":\"https:\\\/\\\/elcoline.com\\\/wp-content\\\/uploads\\\/2025\\\/06\\\/elcoline-history.webp\",\"width\":2000,\"height\":1334},{\"@type\":\"BreadcrumbList\",\"@id\":\"https:\\\/\\\/elcoline.com\\\/fi\\\/yritys\\\/historia\\\/#breadcrumb\",\"itemListElement\":[{\"@type\":\"ListItem\",\"position\":1,\"name\":\"Historia\",\"item\":\"https:\\\/\\\/elcoline.com\\\/fi\\\/yritys\\\/historia\\\/\"},{\"@type\":\"ListItem\",\"position\":2,\"name\":\"Historia\"}]},{\"@type\":\"WebSite\",\"@id\":\"https:\\\/\\\/elcoline.com\\\/fi\\\/#website\",\"url\":\"https:\\\/\\\/elcoline.com\\\/fi\\\/\",\"name\":\"Elcoline Group\",\"description\":\"\",\"potentialAction\":[{\"@type\":\"SearchAction\",\"target\":{\"@type\":\"EntryPoint\",\"urlTemplate\":\"https:\\\/\\\/elcoline.com\\\/fi\\\/?s={search_term_string}\"},\"query-input\":{\"@type\":\"PropertyValueSpecification\",\"valueRequired\":true,\"valueName\":\"search_term_string\"}}],\"inLanguage\":\"fi\"}]}<\/script>\n<!-- \/ Yoast SEO plugin. -->","yoast_head_json":{"title":"Historia - Elcoline Group","description":"Vuonna 2002 perustettu Elcoline on kasvanut s\u00e4hk\u00f6- ja automaatioyrityksest\u00e4 kansainv\u00e4liseksi teollisuuspalveluiden tarjoajaksi.","robots":{"index":"index","follow":"follow","max-snippet":"max-snippet:-1","max-image-preview":"max-image-preview:large","max-video-preview":"max-video-preview:-1"},"canonical":"https:\/\/elcoline.com\/fi\/yritys\/historia\/","og_locale":"fi_FI","og_type":"article","og_title":"Historia - Elcoline Group","og_description":"Vuonna 2002 perustettu Elcoline on kasvanut s\u00e4hk\u00f6- ja automaatioyrityksest\u00e4 kansainv\u00e4liseksi teollisuuspalveluiden tarjoajaksi.","og_url":"https:\/\/elcoline.com\/fi\/yritys\/historia\/","og_site_name":"Elcoline Group","article_modified_time":"2025-09-11T13:33:55+00:00","og_image":[{"width":2000,"height":1334,"url":"https:\/\/elcoline.com\/wp-content\/uploads\/2025\/06\/elcoline-history.webp","type":"image\/webp"}],"twitter_card":"summary_large_image","twitter_misc":{"Arvioitu lukuaika":"2 minuuttia"},"schema":{"@context":"https:\/\/schema.org","@graph":[{"@type":"WebPage","@id":"https:\/\/elcoline.com\/fi\/yritys\/historia\/","url":"https:\/\/elcoline.com\/fi\/yritys\/historia\/","name":"Historia - Elcoline Group","isPartOf":{"@id":"https:\/\/elcoline.com\/fi\/#website"},"primaryImageOfPage":{"@id":"https:\/\/elcoline.com\/fi\/yritys\/historia\/#primaryimage"},"image":{"@id":"https:\/\/elcoline.com\/fi\/yritys\/historia\/#primaryimage"},"thumbnailUrl":"https:\/\/elcoline.com\/wp-content\/uploads\/2025\/06\/elcoline-history.webp","datePublished":"2025-03-20T11:31:13+00:00","dateModified":"2025-09-11T13:33:55+00:00","description":"Vuonna 2002 perustettu Elcoline on kasvanut s\u00e4hk\u00f6- ja automaatioyrityksest\u00e4 kansainv\u00e4liseksi teollisuuspalveluiden tarjoajaksi.","breadcrumb":{"@id":"https:\/\/elcoline.com\/fi\/yritys\/historia\/#breadcrumb"},"inLanguage":"fi","potentialAction":[{"@type":"ReadAction","target":["https:\/\/elcoline.com\/fi\/yritys\/historia\/"]}]},{"@type":"ImageObject","inLanguage":"fi","@id":"https:\/\/elcoline.com\/fi\/yritys\/historia\/#primaryimage","url":"https:\/\/elcoline.com\/wp-content\/uploads\/2025\/06\/elcoline-history.webp","contentUrl":"https:\/\/elcoline.com\/wp-content\/uploads\/2025\/06\/elcoline-history.webp","width":2000,"height":1334},{"@type":"BreadcrumbList","@id":"https:\/\/elcoline.com\/fi\/yritys\/historia\/#breadcrumb","itemListElement":[{"@type":"ListItem","position":1,"name":"Historia","item":"https:\/\/elcoline.com\/fi\/yritys\/historia\/"},{"@type":"ListItem","position":2,"name":"Historia"}]},{"@type":"WebSite","@id":"https:\/\/elcoline.com\/fi\/#website","url":"https:\/\/elcoline.com\/fi\/","name":"Elcoline Group","description":"","potentialAction":[{"@type":"SearchAction","target":{"@type":"EntryPoint","urlTemplate":"https:\/\/elcoline.com\/fi\/?s={search_term_string}"},"query-input":{"@type":"PropertyValueSpecification","valueRequired":true,"valueName":"search_term_string"}}],"inLanguage":"fi"}]}},"pbg_featured_image_src":{"full":["https:\/\/elcoline.com\/wp-content\/uploads\/2025\/06\/elcoline-history.webp",2000,1334,false],"thumbnail":["https:\/\/elcoline.com\/wp-content\/uploads\/2025\/06\/elcoline-history-150x150.webp",150,150,true],"medium":["https:\/\/elcoline.com\/wp-content\/uploads\/2025\/06\/elcoline-history-300x200.webp",300,200,true],"medium_large":["https:\/\/elcoline.com\/wp-content\/uploads\/2025\/06\/elcoline-history-768x512.webp",768,512,true],"large":["https:\/\/elcoline.com\/wp-content\/uploads\/2025\/06\/elcoline-history-1024x683.webp",1024,683,true],"1536x1536":["https:\/\/elcoline.com\/wp-content\/uploads\/2025\/06\/elcoline-history-1536x1025.webp",1536,1025,true],"2048x2048":["https:\/\/elcoline.com\/wp-content\/uploads\/2025\/06\/elcoline-history.webp",2000,1334,false]},"pbg_author_info":{"display_name":"admin","author_link":"https:\/\/elcoline.com\/fi\/author\/admin\/","author_img":false},"pbg_comment_info":" No Comments","pbg_excerpt":"Elcolinen tarina \u2013 Yli 20 vuotta teollisuuden palvelukumppanina Vuonna 2002 Varkaudessa perustettu Elcoline sai alkunsa pienen\u00e4 s\u00e4hk\u00f6- ja automaatiopalveluja tarjoavana yrityksen\u00e4, jonka perustivat kaksi nuorta yritt\u00e4j\u00e4\u00e4. Nyky\u00e4\u00e4n olemme kasvava kansainv\u00e4linen teollisuuspalveluyritys, joka toimittaa kunnossapito-, asennus- ja projektipalveluja eri puolille Eurooppaa. Matkamme kuvastaa pitk\u00e4j\u00e4nteist\u00e4 sitoutumista asiakastyytyv\u00e4isyyteen sek\u00e4 teollisten toimintojen ja alan jatkuvaan kehitt\u00e4miseen. 2002 Elcoline perustettiin&hellip;","_links":{"self":[{"href":"https:\/\/elcoline.com\/fi\/wp-json\/wp\/v2\/pages\/47842","targetHints":{"allow":["GET"]}}],"collection":[{"href":"https:\/\/elcoline.com\/fi\/wp-json\/wp\/v2\/pages"}],"about":[{"href":"https:\/\/elcoline.com\/fi\/wp-json\/wp\/v2\/types\/page"}],"author":[{"embeddable":true,"href":"https:\/\/elcoline.com\/fi\/wp-json\/wp\/v2\/users\/10"}],"replies":[{"embeddable":true,"href":"https:\/\/elcoline.com\/fi\/wp-json\/wp\/v2\/comments?post=47842"}],"version-history":[{"count":2,"href":"https:\/\/elcoline.com\/fi\/wp-json\/wp\/v2\/pages\/47842\/revisions"}],"predecessor-version":[{"id":48194,"href":"https:\/\/elcoline.com\/fi\/wp-json\/wp\/v2\/pages\/47842\/revisions\/48194"}],"up":[{"embeddable":true,"href":"https:\/\/elcoline.com\/fi\/wp-json\/wp\/v2\/pages\/47219"}],"wp:featuredmedia":[{"embeddable":true,"href":"https:\/\/elcoline.com\/fi\/wp-json\/wp\/v2\/media\/1201"}],"wp:attachment":[{"href":"https:\/\/elcoline.com\/fi\/wp-json\/wp\/v2\/media?parent=47842"}],"curies":[{"name":"wp","href":"https:\/\/api.w.org\/{rel}","templated":true}]}}