{"id":47845,"date":"2025-03-20T11:31:13","date_gmt":"2025-03-20T09:31:13","guid":{"rendered":"https:\/\/elcoline.com\/yritys\/omistajat-ja-hallitus\/"},"modified":"2026-01-19T12:47:42","modified_gmt":"2026-01-19T12:47:42","slug":"omistajat-ja-hallitus","status":"publish","type":"page","link":"https:\/\/elcoline.com\/fi\/yritys\/omistajat-ja-hallitus\/","title":{"rendered":"Omistajat ja hallitus"},"content":{"rendered":"\n<div class=\"wp-block-cover is-light hero elcoline-hero has-base-color has-text-color has-link-color wp-elements-05af112abd44cfd8e30a33252d1ca6ce\"><span aria-hidden=\"true\" class=\"wp-block-cover__background has-background-dim\" style=\"background-color:#FFF\"><\/span><img loading=\"lazy\" decoding=\"async\" width=\"2000\" height=\"1400\" src=\"https:\/\/elcoline.com\/wp-content\/uploads\/2025\/09\/shareholders.webp\" class=\"wp-block-cover__image-background wp-post-image\" alt=\"\" data-object-fit=\"cover\" srcset=\"https:\/\/elcoline.com\/wp-content\/uploads\/2025\/09\/shareholders.webp 2000w, https:\/\/elcoline.com\/wp-content\/uploads\/2025\/09\/shareholders-300x210.webp 300w, https:\/\/elcoline.com\/wp-content\/uploads\/2025\/09\/shareholders-1024x717.webp 1024w, https:\/\/elcoline.com\/wp-content\/uploads\/2025\/09\/shareholders-768x538.webp 768w, https:\/\/elcoline.com\/wp-content\/uploads\/2025\/09\/shareholders-1536x1075.webp 1536w\" sizes=\"auto, (max-width: 2000px) 100vw, 2000px\" \/><div class=\"wp-block-cover__inner-container is-layout-flow wp-block-cover-is-layout-flow\">\n<h2 class=\"wp-block-heading\">Yritys<\/h2>\n\n\n\n<div class=\"wp-block-columns is-layout-flex wp-container-core-columns-is-layout-28f84493 wp-block-columns-is-layout-flex\">\n<div class=\"wp-block-column is-layout-flow wp-block-column-is-layout-flow\">\n<h1 class=\"wp-block-heading\">Omistajat ja hallitus<\/h1>\n<\/div>\n\n\n\n<div class=\"wp-block-column is-layout-flow wp-block-column-is-layout-flow\">\n<p><\/p>\n<\/div>\n<\/div>\n<\/div><\/div>\n\n\n\n<div class=\"wp-block-columns is-layout-flex wp-container-core-columns-is-layout-28f84493 wp-block-columns-is-layout-flex\">\n<div class=\"wp-block-column is-layout-flow wp-block-column-is-layout-flow\">\n<h2 class=\"wp-block-heading\">Meill\u00e4 on vahva omistuspohja, joka tukee kest\u00e4v\u00e4\u00e4 kasvuamme.<\/h2>\n\n\n\n<p>Elcolinen omistavat sen perustajat, ty\u00f6ntekij\u00e4t ja johto sek\u00e4 institutionaaliset ja yksityiset sijoittajat.<\/p>\n<\/div>\n\n\n\n<div class=\"wp-block-column is-layout-flow wp-block-column-is-layout-flow\">\n<figure class=\"wp-block-premium-image premium-image  premium-image-a09095a89649\"><div class=\"premium-image-container\"><div class=\"premium-image-wrap premium-image-wrap-none \"><img loading=\"lazy\" decoding=\"async\" src=\"https:\/\/elcoline.com\/wp-content\/uploads\/2026\/01\/Osakkeenomistajat_2026-01-1024x873.png\" alt=\"\" class=\"pbg-image-49335 wp-image-49335\" width=\"1024\" height=\"873\" srcset=\"https:\/\/elcoline.com\/wp-content\/uploads\/2026\/01\/Osakkeenomistajat_2026-01-1024x873.png 1024w, https:\/\/elcoline.com\/wp-content\/uploads\/2026\/01\/Osakkeenomistajat_2026-01-300x256.png 300w, https:\/\/elcoline.com\/wp-content\/uploads\/2026\/01\/Osakkeenomistajat_2026-01-768x655.png 768w, https:\/\/elcoline.com\/wp-content\/uploads\/2026\/01\/Osakkeenomistajat_2026-01-1536x1310.png 1536w, https:\/\/elcoline.com\/wp-content\/uploads\/2026\/01\/Osakkeenomistajat_2026-01.png 1882w\" sizes=\"auto, (max-width: 1024px) 100vw, 1024px\" \/><\/div><\/div><\/figure>\n<\/div>\n<\/div>\n\n\n\n<div class=\"wp-block-columns is-layout-flex wp-container-core-columns-is-layout-28f84493 wp-block-columns-is-layout-flex\">\n<div class=\"wp-block-column is-layout-flow wp-block-column-is-layout-flow\">\n<h2 class=\"wp-block-heading has-custom-elcoline-blue-color has-text-color has-link-color wp-elements-e702907a4d105ae1e527ef13eacb8b36\">Hallitus<\/h2>\n<\/div>\n<\/div>\n\n\n\n<div class=\"wp-block-columns is-layout-flex wp-container-core-columns-is-layout-8dca0e93 wp-block-columns-is-layout-flex\" style=\"margin-bottom:var(--wp--preset--spacing--70)\">\n<div class=\"wp-block-column is-layout-flow wp-block-column-is-layout-flow\">\n<div class=\"wp-block-premium-text premium-text-bd9eea220348 premium-text\"><p class=\"premium-text-wrap\"><strong>Ari Lehtoranta<\/strong><br>Hallituksen puheenjohtaja <br>Hallitusammattilainen<br>Koulutus: DI<br>\u00a0<br><strong>Jouko Juvonen<\/strong><br>Elcolinen perustaja, Hallituksen j\u00e4sen<br>Koulutus: Automaatioinsin\u00f6\u00f6ri, Tradenomi YAMK\u00a0<\/p><\/div>\n<\/div>\n\n\n\n<div class=\"wp-block-column is-layout-flow wp-block-column-is-layout-flow\">\n<div class=\"wp-block-premium-text premium-text-9213dc351824 premium-text\"><p class=\"premium-text-wrap\"><strong>Kia Aejmelaeus<\/strong><br>Hallituksen j\u00e4sen<br>Partner, Evli Private Capital<br>Koulutus: KTM, CEFA<br><br><strong>Mikko Kettunen<\/strong><br>Hallituksen j\u00e4sen<br>Interim talousjohtaja, Granlund Oy<br>Koulutus: KTM<\/p><\/div>\n<\/div>\n<\/div>\n","protected":false},"excerpt":{"rendered":"<p>Meill\u00e4 on vahva omistuspohja, joka tukee kest\u00e4v\u00e4\u00e4 kasvuamme. Elcolinen omistavat sen perustajat, ty\u00f6ntekij\u00e4t ja johto sek\u00e4 institutionaaliset ja yksityiset sijoittajat. Hallitus<\/p>\n","protected":false},"author":5,"featured_media":48169,"parent":47219,"menu_order":1,"comment_status":"closed","ping_status":"closed","template":"","meta":{"footnotes":""},"class_list":["post-47845","page","type-page","status-publish","has-post-thumbnail","hentry"],"yoast_head":"<!-- This site is optimized with the Yoast SEO plugin v27.5 - https:\/\/yoast.com\/product\/yoast-seo-wordpress\/ -->\n<title>Omistajat ja hallitus - Elcoline Group<\/title>\n<meta name=\"description\" content=\"Elcolinen omistavat institutionaaliset ja yksityiset sijoittajat, perustajat sek\u00e4 ty\u00f6ntekij\u00e4t. Yrityksell\u00e4 on hallitus, joka tukee kasvua ja kehityst\u00e4.\" \/>\n<meta name=\"robots\" content=\"index, follow, max-snippet:-1, max-image-preview:large, max-video-preview:-1\" \/>\n<link rel=\"canonical\" href=\"https:\/\/elcoline.com\/fi\/yritys\/omistajat-ja-hallitus\/\" \/>\n<meta property=\"og:locale\" content=\"fi_FI\" \/>\n<meta property=\"og:type\" content=\"article\" \/>\n<meta property=\"og:title\" content=\"Omistajat ja hallitus - Elcoline Group\" \/>\n<meta property=\"og:description\" content=\"Elcolinen omistavat institutionaaliset ja yksityiset sijoittajat, perustajat sek\u00e4 ty\u00f6ntekij\u00e4t. Yrityksell\u00e4 on hallitus, joka tukee kasvua ja kehityst\u00e4.\" \/>\n<meta property=\"og:url\" content=\"https:\/\/elcoline.com\/fi\/yritys\/omistajat-ja-hallitus\/\" \/>\n<meta property=\"og:site_name\" content=\"Elcoline Group\" \/>\n<meta property=\"article:modified_time\" content=\"2026-01-19T12:47:42+00:00\" \/>\n<meta property=\"og:image\" content=\"https:\/\/elcoline.com\/wp-content\/uploads\/2025\/09\/shareholders.webp\" \/>\n\t<meta property=\"og:image:width\" content=\"2000\" \/>\n\t<meta property=\"og:image:height\" content=\"1400\" \/>\n\t<meta property=\"og:image:type\" content=\"image\/webp\" \/>\n<meta name=\"twitter:card\" content=\"summary_large_image\" \/>\n<meta name=\"twitter:label1\" content=\"Arvioitu lukuaika\" \/>\n\t<meta name=\"twitter:data1\" content=\"1 minuutti\" \/>\n<script type=\"application\/ld+json\" class=\"yoast-schema-graph\">{\"@context\":\"https:\\\/\\\/schema.org\",\"@graph\":[{\"@type\":\"WebPage\",\"@id\":\"https:\\\/\\\/elcoline.com\\\/fi\\\/yritys\\\/omistajat-ja-hallitus\\\/\",\"url\":\"https:\\\/\\\/elcoline.com\\\/fi\\\/yritys\\\/omistajat-ja-hallitus\\\/\",\"name\":\"Omistajat ja hallitus - Elcoline Group\",\"isPartOf\":{\"@id\":\"https:\\\/\\\/elcoline.com\\\/fi\\\/#website\"},\"primaryImageOfPage\":{\"@id\":\"https:\\\/\\\/elcoline.com\\\/fi\\\/yritys\\\/omistajat-ja-hallitus\\\/#primaryimage\"},\"image\":{\"@id\":\"https:\\\/\\\/elcoline.com\\\/fi\\\/yritys\\\/omistajat-ja-hallitus\\\/#primaryimage\"},\"thumbnailUrl\":\"https:\\\/\\\/elcoline.com\\\/wp-content\\\/uploads\\\/2025\\\/09\\\/shareholders.webp\",\"datePublished\":\"2025-03-20T09:31:13+00:00\",\"dateModified\":\"2026-01-19T12:47:42+00:00\",\"description\":\"Elcolinen omistavat institutionaaliset ja yksityiset sijoittajat, perustajat sek\u00e4 ty\u00f6ntekij\u00e4t. Yrityksell\u00e4 on hallitus, joka tukee kasvua ja kehityst\u00e4.\",\"breadcrumb\":{\"@id\":\"https:\\\/\\\/elcoline.com\\\/fi\\\/yritys\\\/omistajat-ja-hallitus\\\/#breadcrumb\"},\"inLanguage\":\"fi\",\"potentialAction\":[{\"@type\":\"ReadAction\",\"target\":[\"https:\\\/\\\/elcoline.com\\\/fi\\\/yritys\\\/omistajat-ja-hallitus\\\/\"]}]},{\"@type\":\"ImageObject\",\"inLanguage\":\"fi\",\"@id\":\"https:\\\/\\\/elcoline.com\\\/fi\\\/yritys\\\/omistajat-ja-hallitus\\\/#primaryimage\",\"url\":\"https:\\\/\\\/elcoline.com\\\/wp-content\\\/uploads\\\/2025\\\/09\\\/shareholders.webp\",\"contentUrl\":\"https:\\\/\\\/elcoline.com\\\/wp-content\\\/uploads\\\/2025\\\/09\\\/shareholders.webp\",\"width\":2000,\"height\":1400},{\"@type\":\"BreadcrumbList\",\"@id\":\"https:\\\/\\\/elcoline.com\\\/fi\\\/yritys\\\/omistajat-ja-hallitus\\\/#breadcrumb\",\"itemListElement\":[{\"@type\":\"ListItem\",\"position\":1,\"name\":\"Omistajat ja hallitus\",\"item\":\"https:\\\/\\\/elcoline.com\\\/fi\\\/yritys\\\/omistajat-ja-hallitus\\\/\"},{\"@type\":\"ListItem\",\"position\":2,\"name\":\"Omistajat ja hallitus\"}]},{\"@type\":\"WebSite\",\"@id\":\"https:\\\/\\\/elcoline.com\\\/fi\\\/#website\",\"url\":\"https:\\\/\\\/elcoline.com\\\/fi\\\/\",\"name\":\"Elcoline Group\",\"description\":\"\",\"potentialAction\":[{\"@type\":\"SearchAction\",\"target\":{\"@type\":\"EntryPoint\",\"urlTemplate\":\"https:\\\/\\\/elcoline.com\\\/fi\\\/?s={search_term_string}\"},\"query-input\":{\"@type\":\"PropertyValueSpecification\",\"valueRequired\":true,\"valueName\":\"search_term_string\"}}],\"inLanguage\":\"fi\"}]}<\/script>\n<!-- \/ Yoast SEO plugin. -->","yoast_head_json":{"title":"Omistajat ja hallitus - Elcoline Group","description":"Elcolinen omistavat institutionaaliset ja yksityiset sijoittajat, perustajat sek\u00e4 ty\u00f6ntekij\u00e4t. Yrityksell\u00e4 on hallitus, joka tukee kasvua ja kehityst\u00e4.","robots":{"index":"index","follow":"follow","max-snippet":"max-snippet:-1","max-image-preview":"max-image-preview:large","max-video-preview":"max-video-preview:-1"},"canonical":"https:\/\/elcoline.com\/fi\/yritys\/omistajat-ja-hallitus\/","og_locale":"fi_FI","og_type":"article","og_title":"Omistajat ja hallitus - Elcoline Group","og_description":"Elcolinen omistavat institutionaaliset ja yksityiset sijoittajat, perustajat sek\u00e4 ty\u00f6ntekij\u00e4t. Yrityksell\u00e4 on hallitus, joka tukee kasvua ja kehityst\u00e4.","og_url":"https:\/\/elcoline.com\/fi\/yritys\/omistajat-ja-hallitus\/","og_site_name":"Elcoline Group","article_modified_time":"2026-01-19T12:47:42+00:00","og_image":[{"width":2000,"height":1400,"url":"https:\/\/elcoline.com\/wp-content\/uploads\/2025\/09\/shareholders.webp","type":"image\/webp"}],"twitter_card":"summary_large_image","twitter_misc":{"Arvioitu lukuaika":"1 minuutti"},"schema":{"@context":"https:\/\/schema.org","@graph":[{"@type":"WebPage","@id":"https:\/\/elcoline.com\/fi\/yritys\/omistajat-ja-hallitus\/","url":"https:\/\/elcoline.com\/fi\/yritys\/omistajat-ja-hallitus\/","name":"Omistajat ja hallitus - Elcoline Group","isPartOf":{"@id":"https:\/\/elcoline.com\/fi\/#website"},"primaryImageOfPage":{"@id":"https:\/\/elcoline.com\/fi\/yritys\/omistajat-ja-hallitus\/#primaryimage"},"image":{"@id":"https:\/\/elcoline.com\/fi\/yritys\/omistajat-ja-hallitus\/#primaryimage"},"thumbnailUrl":"https:\/\/elcoline.com\/wp-content\/uploads\/2025\/09\/shareholders.webp","datePublished":"2025-03-20T09:31:13+00:00","dateModified":"2026-01-19T12:47:42+00:00","description":"Elcolinen omistavat institutionaaliset ja yksityiset sijoittajat, perustajat sek\u00e4 ty\u00f6ntekij\u00e4t. Yrityksell\u00e4 on hallitus, joka tukee kasvua ja kehityst\u00e4.","breadcrumb":{"@id":"https:\/\/elcoline.com\/fi\/yritys\/omistajat-ja-hallitus\/#breadcrumb"},"inLanguage":"fi","potentialAction":[{"@type":"ReadAction","target":["https:\/\/elcoline.com\/fi\/yritys\/omistajat-ja-hallitus\/"]}]},{"@type":"ImageObject","inLanguage":"fi","@id":"https:\/\/elcoline.com\/fi\/yritys\/omistajat-ja-hallitus\/#primaryimage","url":"https:\/\/elcoline.com\/wp-content\/uploads\/2025\/09\/shareholders.webp","contentUrl":"https:\/\/elcoline.com\/wp-content\/uploads\/2025\/09\/shareholders.webp","width":2000,"height":1400},{"@type":"BreadcrumbList","@id":"https:\/\/elcoline.com\/fi\/yritys\/omistajat-ja-hallitus\/#breadcrumb","itemListElement":[{"@type":"ListItem","position":1,"name":"Omistajat ja hallitus","item":"https:\/\/elcoline.com\/fi\/yritys\/omistajat-ja-hallitus\/"},{"@type":"ListItem","position":2,"name":"Omistajat ja hallitus"}]},{"@type":"WebSite","@id":"https:\/\/elcoline.com\/fi\/#website","url":"https:\/\/elcoline.com\/fi\/","name":"Elcoline Group","description":"","potentialAction":[{"@type":"SearchAction","target":{"@type":"EntryPoint","urlTemplate":"https:\/\/elcoline.com\/fi\/?s={search_term_string}"},"query-input":{"@type":"PropertyValueSpecification","valueRequired":true,"valueName":"search_term_string"}}],"inLanguage":"fi"}]}},"pbg_featured_image_src":{"full":["https:\/\/elcoline.com\/wp-content\/uploads\/2025\/09\/shareholders.webp",2000,1400,false],"thumbnail":["https:\/\/elcoline.com\/wp-content\/uploads\/2025\/09\/shareholders-150x150.webp",150,150,true],"medium":["https:\/\/elcoline.com\/wp-content\/uploads\/2025\/09\/shareholders-300x210.webp",300,210,true],"medium_large":["https:\/\/elcoline.com\/wp-content\/uploads\/2025\/09\/shareholders-768x538.webp",768,538,true],"large":["https:\/\/elcoline.com\/wp-content\/uploads\/2025\/09\/shareholders-1024x717.webp",1024,717,true],"1536x1536":["https:\/\/elcoline.com\/wp-content\/uploads\/2025\/09\/shareholders-1536x1075.webp",1536,1075,true],"2048x2048":["https:\/\/elcoline.com\/wp-content\/uploads\/2025\/09\/shareholders.webp",2000,1400,false]},"pbg_author_info":{"display_name":"Lotta Kinnunen","author_link":"https:\/\/elcoline.com\/fi\/author\/lotta-kinnunen\/","author_img":false},"pbg_comment_info":" No Comments","pbg_excerpt":"Meill\u00e4 on vahva omistuspohja, joka tukee kest\u00e4v\u00e4\u00e4 kasvuamme. Elcolinen omistavat sen perustajat, ty\u00f6ntekij\u00e4t ja johto sek\u00e4 institutionaaliset ja yksityiset sijoittajat. Hallitus","_links":{"self":[{"href":"https:\/\/elcoline.com\/fi\/wp-json\/wp\/v2\/pages\/47845","targetHints":{"allow":["GET"]}}],"collection":[{"href":"https:\/\/elcoline.com\/fi\/wp-json\/wp\/v2\/pages"}],"about":[{"href":"https:\/\/elcoline.com\/fi\/wp-json\/wp\/v2\/types\/page"}],"author":[{"embeddable":true,"href":"https:\/\/elcoline.com\/fi\/wp-json\/wp\/v2\/users\/5"}],"replies":[{"embeddable":true,"href":"https:\/\/elcoline.com\/fi\/wp-json\/wp\/v2\/comments?post=47845"}],"version-history":[{"count":13,"href":"https:\/\/elcoline.com\/fi\/wp-json\/wp\/v2\/pages\/47845\/revisions"}],"predecessor-version":[{"id":49341,"href":"https:\/\/elcoline.com\/fi\/wp-json\/wp\/v2\/pages\/47845\/revisions\/49341"}],"up":[{"embeddable":true,"href":"https:\/\/elcoline.com\/fi\/wp-json\/wp\/v2\/pages\/47219"}],"wp:featuredmedia":[{"embeddable":true,"href":"https:\/\/elcoline.com\/fi\/wp-json\/wp\/v2\/media\/48169"}],"wp:attachment":[{"href":"https:\/\/elcoline.com\/fi\/wp-json\/wp\/v2\/media?parent=47845"}],"curies":[{"name":"wp","href":"https:\/\/api.w.org\/{rel}","templated":true}]}}