{"id":47929,"date":"2025-03-20T11:31:47","date_gmt":"2025-03-20T11:31:47","guid":{"rendered":"https:\/\/elcoline.com\/palvelut\/teollisuuden-kunnossapito\/"},"modified":"2025-09-22T06:24:10","modified_gmt":"2025-09-22T06:24:10","slug":"teollisuuden-kunnossapito","status":"publish","type":"page","link":"https:\/\/elcoline.com\/fi\/palvelut\/teollisuuden-kunnossapito\/","title":{"rendered":"Teollisuuden kunnossapito"},"content":{"rendered":"\n<div class=\"wp-block-cover is-light hero has-base-color has-text-color has-link-color wp-elements-332c5a58ea1b9b05c700cf1be055f95a\"><span aria-hidden=\"true\" class=\"wp-block-cover__background has-background-dim\" style=\"background-color:#FFF\"><\/span><img loading=\"lazy\" decoding=\"async\" width=\"2000\" height=\"1303\" src=\"https:\/\/elcoline.com\/wp-content\/uploads\/2025\/07\/elcoline_process.webp\" class=\"wp-block-cover__image-background wp-post-image\" alt=\"\" data-object-fit=\"cover\" srcset=\"https:\/\/elcoline.com\/wp-content\/uploads\/2025\/07\/elcoline_process.webp 2000w, https:\/\/elcoline.com\/wp-content\/uploads\/2025\/07\/elcoline_process-300x195.webp 300w, https:\/\/elcoline.com\/wp-content\/uploads\/2025\/07\/elcoline_process-1024x667.webp 1024w, https:\/\/elcoline.com\/wp-content\/uploads\/2025\/07\/elcoline_process-768x500.webp 768w, https:\/\/elcoline.com\/wp-content\/uploads\/2025\/07\/elcoline_process-1536x1001.webp 1536w\" sizes=\"auto, (max-width: 2000px) 100vw, 2000px\" \/><div class=\"wp-block-cover__inner-container is-layout-flow wp-block-cover-is-layout-flow\">\n<h2 class=\"wp-block-heading\">Palvelut<\/h2>\n\n\n\n<div class=\"wp-block-columns is-layout-flex wp-container-core-columns-is-layout-28f84493 wp-block-columns-is-layout-flex\">\n<div class=\"wp-block-column is-layout-flow wp-block-column-is-layout-flow\">\n<h1 class=\"wp-block-heading\">Teollisuuden kunnossapito<\/h1>\n<\/div>\n\n\n\n<div class=\"wp-block-column is-layout-flow wp-block-column-is-layout-flow\">\n<p><\/p>\n<\/div>\n<\/div>\n<\/div><\/div>\n\n\n\n<div class=\"wp-block-columns is-layout-flex wp-container-core-columns-is-layout-5399e1c4 wp-block-columns-is-layout-flex\" style=\"padding-top:3rem;padding-bottom:6rem\">\n<div class=\"wp-block-column is-layout-flow wp-block-column-is-layout-flow\">\n<h2 class=\"wp-block-heading\">Kunnossapito\u00adpalvelut teollisuudelle<\/h2>\n\n\n\n<p><\/p>\n<\/div>\n\n\n\n<div class=\"wp-block-column is-layout-flow wp-block-column-is-layout-flow\">\n<p>Tarjoamme r\u00e4\u00e4t\u00e4l\u00f6ityj\u00e4 kunnossapitoratkaisuja, jotka varmistavat turvallisen, tehokkaan ja luotettavan toiminnan teollisuusymp\u00e4rist\u00f6iss\u00e4. Kokeneet ammattilaisemme hoitavat kaiken suunnitelluista ja vuosihuolloista diagnostiikkaan, kunnonvalvontaan ja teknisiin p\u00e4ivityksiin.<\/p>\n\n\n\n<p>Kaikki palvelumme mukautetaan vastaamaan kunkin asiakkaan erityistarpeita. Painotamme turvallisuutta, joustavuutta ja jatkuvaa kehitt\u00e4mist\u00e4, ja autamme parantamaan tuottavuutta sek\u00e4 toimintavarmuutta. Tuemme my\u00f6s laajamittaisia projekteja ja tarjoamme laadunvarmistusta osana kattavaa kunnossapitokokonaisuuttamme.<\/p>\n<\/div>\n<\/div>\n\n\n\n<div class=\"wp-block-columns is-style-section-1 is-layout-flex wp-container-core-columns-is-layout-d7a87397 wp-block-columns-is-layout-flex is-style-section-1--1\" style=\"padding-top:6rem;padding-bottom:6rem\">\n<div class=\"wp-block-column is-layout-flow wp-block-column-is-layout-flow\">\n<figure class=\"wp-block-image size-large has-custom-border\"><img loading=\"lazy\" decoding=\"async\" width=\"1024\" height=\"682\" src=\"https:\/\/elcoline.com\/wp-content\/uploads\/2025\/07\/steam-accumulators-shutterstock-1024x682.webp\" alt=\"\" class=\"wp-image-46763\" style=\"border-radius:10px\" srcset=\"https:\/\/elcoline.com\/wp-content\/uploads\/2025\/07\/steam-accumulators-shutterstock-1024x682.webp 1024w, https:\/\/elcoline.com\/wp-content\/uploads\/2025\/07\/steam-accumulators-shutterstock-300x200.webp 300w, https:\/\/elcoline.com\/wp-content\/uploads\/2025\/07\/steam-accumulators-shutterstock-768x512.webp 768w, https:\/\/elcoline.com\/wp-content\/uploads\/2025\/07\/steam-accumulators-shutterstock-1536x1024.webp 1536w, https:\/\/elcoline.com\/wp-content\/uploads\/2025\/07\/steam-accumulators-shutterstock.webp 1613w\" sizes=\"auto, (max-width: 1024px) 100vw, 1024px\" \/><\/figure>\n<\/div>\n\n\n\n<div class=\"wp-block-column is-layout-flow wp-block-column-is-layout-flow\">\n<h2 class=\"wp-block-heading has-base-color has-text-color has-link-color wp-elements-80fa5522ab94f5aef8b6a00c1fabddfa\">\u00d6ljynhuoltopalvelut<\/h2>\n\n\n\n<p>Tarjoamme kunnossapitopalveluita, jotka on r\u00e4\u00e4t\u00e4l\u00f6ity teollisten \u00f6ljy- ja voiteluj\u00e4rjestelmien tarpeisiin.<\/p>\n\n\n\n<div class=\"wp-block-buttons is-layout-flex wp-block-buttons-is-layout-flex\">\n<div class=\"wp-block-button is-style-outline is-style-outline--2\"><a class=\"wp-block-button__link has-custom-elcoline-blue-color has-custom-calm-grey-background-color has-text-color has-background has-link-color has-border-color has-custom-elcoline-blue-border-color wp-element-button\" href=\"https:\/\/elcoline.com\/fi\/palvelut\/teollisuuden-kunnossapito\/oljyn-kunnossapitopalvelut\/\" style=\"border-radius:0px\">Lue lis\u00e4\u00e4<\/a><\/div>\n<\/div>\n<\/div>\n<\/div>\n\n\n\n<div class=\"wp-block-columns is-style-section-3 is-layout-flex wp-container-core-columns-is-layout-40fa696c wp-block-columns-is-layout-flex is-style-section-3--3\" style=\"margin-top:0;margin-bottom:0;padding-top:6rem;padding-bottom:6rem\">\n<div class=\"wp-block-column is-layout-flow wp-block-column-is-layout-flow\">\n<h2 class=\"wp-block-heading\">Palvelumme<\/h2>\n\n\n\n<div class=\"wp-block-group vertical-lines is-style-section-3 is-layout-grid wp-container-core-group-is-layout-b8fe36b3 wp-block-group-is-layout-grid is-style-section-3--4\" style=\"margin-top:0;margin-bottom:0;padding-top:3rem;padding-bottom:0rem\">\n<p class=\"is-style-default wp-container-content-725258bd\">R\u00e4\u00e4t\u00e4l\u00f6idyt ulkoistetut kunnossapitoratkaisut \u2013 kokonaisvaltaiset tai osittaiset \u2013 sek\u00e4 asiakaskohtaiset palvelusopimukset.<\/p>\n\n\n\n<p class=\"wp-container-content-725258bd\">Ennakoiva, ennustava, ehk\u00e4isev\u00e4 ja korjaava kunnossapito.<\/p>\n\n\n\n<p class=\"wp-container-content-725258bd\">Suunnitellut huoltotoimenpiteet ja m\u00e4\u00e4r\u00e4aikaishuollot.<\/p>\n\n\n\n<p class=\"wp-container-content-725258bd\">Kunnonvalvonta, diagnostiikka ja vianetsint\u00e4palvelut.<\/p>\n\n\n\n<p class=\"wp-container-content-725258bd\">Hydrauliikka- ja voiteluj\u00e4rjestelmien huolto ja kunnossapito sek\u00e4 elektrostaattinen \u00f6ljynpuhdistus.<\/p>\n\n\n\n<p class=\"wp-container-content-725258bd\">Turbiinien ja generaattoreiden huolto, diagnostiikka ja p\u00e4ivitykset \u2013 mukaan lukien ohjaus- ja suojaj\u00e4rjestelm\u00e4t.<\/p>\n\n\n\n<p class=\"wp-container-content-725258bd\">S\u00e4hk\u00f6turvallisuuden valvonta ja s\u00e4hk\u00f6infrastruktuurin kunnossapito ja huolto.<\/p>\n\n\n\n<p class=\"wp-container-content-725258bd\">Paloturvallisuuspalvelut ja koulutus.<\/p>\n\n\n\n<p class=\"wp-container-content-725258bd\">Logistiikan hallinta teollisuusalueella sek\u00e4 turvallisuusluokitellut kuljetuspalvelut.\n<\/p>\n<\/div>\n<\/div>\n<\/div>\n\n\n\n<div class=\"wp-block-columns is-style-default is-layout-flex wp-container-core-columns-is-layout-13984a8d wp-block-columns-is-layout-flex\" style=\"padding-top:6rem\">\n<div class=\"wp-block-column is-layout-flow wp-block-column-is-layout-flow\">\n<h2 class=\"wp-block-heading\">Teollisuuden kunnossapito\u00adpalvelut<\/h2>\n<\/div>\n\n\n\n<div class=\"wp-block-column is-layout-flow wp-block-column-is-layout-flow\">\n<p>Luotettavaa ja asiakasl\u00e4ht\u00f6ist\u00e4 kunnossapitoa jo vuodesta 2002. Toimitamme r\u00e4\u00e4t\u00e4l\u00f6ityj\u00e4 kunnossapitoratkaisuja, jotka perustuvat lean-prosesseihin ja vahvaan turvallisuuskulttuuriin. Palvelumme toteutetaan aina periaatteidemme mukaisesti turvallisesti, luotettavasti, joustavasti, tarkasti ja tehokkaasti \u2013 asiakkaan tarpeet edell\u00e4.<\/p>\n<\/div>\n<\/div>\n\n\n\n<div class=\"wp-block-group vertical-lines is-style-default is-layout-grid wp-container-core-group-is-layout-801abec0 wp-block-group-is-layout-grid\" style=\"margin-top:0;margin-bottom:0;padding-top:3rem;padding-bottom:6rem\">\n<p>Kunnossapidon hallinta<\/p>\n\n\n\n<p>Ty\u00f6nsuunnittelu<\/p>\n\n\n\n<p class=\"wp-container-content-725258bd\">Ty\u00f6njohto<\/p>\n\n\n\n<p class=\"wp-container-content-725258bd\">P\u00e4ivystyspalvelut<\/p>\n\n\n\n<p class=\"wp-container-content-725258bd\">Luotettavuuden parantaminen<\/p>\n\n\n\n<p class=\"wp-container-content-725258bd\">Asiantuntijapalvelut<\/p>\n\n\n\n<p class=\"wp-container-content-725258bd\">Mekaaniset asennus- ja huoltoty\u00f6t<\/p>\n\n\n\n<p class=\"wp-container-content-725258bd\">S\u00e4hk\u00f6-, automaatio- ja instrumentointiasennukset sek\u00e4 huolto<\/p>\n\n\n\n<p class=\"wp-container-content-725258bd\">Pumpun huolto ja teollisuuden kunnossapitopalvelut<\/p>\n\n\n\n<p class=\"wp-container-content-725258bd\">Venttiilien huolto ja testaus<\/p>\n\n\n\n<p class=\"wp-container-content-725258bd\">Putkistojen asennus ja hitsaus<\/p>\n\n\n\n<p class=\"wp-container-content-725258bd\">Koneistus<\/p>\n<\/div>\n\n\n\n<div class=\"wp-block-columns is-style-section-3 is-layout-flex wp-container-core-columns-is-layout-d7a87397 wp-block-columns-is-layout-flex is-style-section-3--5\" style=\"padding-top:6rem;padding-bottom:6rem\">\n<div class=\"wp-block-column is-layout-flow wp-block-column-is-layout-flow\" style=\"flex-basis:100%\">\n<h2 class=\"wp-block-heading\">Asiantuntijapalvelut<\/h2>\n\n\n\n<div class=\"wp-block-group vertical-lines is-layout-grid wp-container-core-group-is-layout-4ae6c650 wp-block-group-is-layout-grid\" style=\"padding-top:3rem\">\n<p>Kunnossapidon hallinta<\/p>\n\n\n\n<p class=\"wp-container-content-725258bd\">Vuosihuollon ja tarkastushuollon palveluiden hallinta<\/p>\n\n\n\n<p class=\"wp-container-content-725258bd\">S\u00e4hk\u00f6urakointioikeudet S1<\/p>\n\n\n\n<p class=\"wp-container-content-725258bd\">Palontorjuntalaitteiden asiantuntija<\/p>\n\n\n\n<p class=\"wp-container-content-725258bd\">Kunnossapidon ulkoistus<\/p>\n\n\n\n<p class=\"wp-container-content-725258bd\">Kunnonvalvonta<\/p>\n\n\n\n<p class=\"wp-container-content-725258bd\">Tiedon keruu, seuranta ja analysointi<\/p>\n<\/div>\n<\/div>\n<\/div>\n\n\n\n<div class=\"wp-block-columns is-layout-flex wp-container-core-columns-is-layout-d7a87397 wp-block-columns-is-layout-flex\" style=\"padding-top:6rem;padding-bottom:6rem\">\n<div class=\"wp-block-column is-layout-flow wp-block-column-is-layout-flow\">\n<h2 class=\"wp-block-heading\">M\u00e4\u00e4r\u00e4aikaishuollot ja tarkastukset<\/h2>\n\n\n\n<p>Varmista, ett\u00e4 yrityksesi kunnossapito toteutuu \u2013 turvallisesti, ajallaan ja kustannustehokkaasti<\/p>\n<\/div>\n\n\n\n<div class=\"wp-block-column is-layout-flow wp-block-column-is-layout-flow\">\n<p>Tarjoamme asiakaskohtaisesti suunniteltuja m\u00e4\u00e4r\u00e4aikaishuoltoja ja tarkastushuoltoja, jotka varmistavat turvallisen, t\u00e4sm\u00e4llisen ja kustannustehokkaan toteutuksen. Vuosikymmenten kokemuksella ja toimialakohtaisella asiantuntemuksella toteutamme huolellisesti suunniteltua kunnossapitoa, joka vastaa kunkin asiakkaan yksil\u00f6llisi\u00e4 tarpeita.\nPalvelumme perustuvat osaavaan henkil\u00f6st\u00f6\u00f6n, hiottuihin toimintamalleihin ja joustaviin resursseihin, jotka mukautuvat muuttuviin olosuhteisiin.<\/p>\n<\/div>\n<\/div>\n\n\n\n<div class=\"wp-block-group vertical-lines is-layout-grid wp-container-core-group-is-layout-e766bbef wp-block-group-is-layout-grid\">\n<p>Projektinhallinta ja ty\u00f6maapalvelut<\/p>\n\n\n\n<p class=\"wp-container-content-725258bd\">Ty\u00f6maan laserkeilaus ja mallinnus<\/p>\n\n\n\n<p class=\"wp-container-content-725258bd\">Resurssien suunnittelu ja hallinta<\/p>\n\n\n\n<p class=\"wp-container-content-725258bd\">Turvallisuuden hallinta<\/p>\n\n\n\n<p class=\"wp-container-content-725258bd\">Hitsauksen laadunvarmistus<\/p>\n\n\n\n<p class=\"wp-container-content-725258bd\">Valvonta ja asennus<\/p>\n\n\n\n<p class=\"wp-container-content-725258bd\">Toteutuksen tukipalvelut<\/p>\n\n\n\n<p class=\"wp-container-content-725258bd\">Dokumentaatio<\/p>\n<\/div>\n\n\n\n<div class=\"wp-block-columns is-style-default is-layout-flex wp-container-core-columns-is-layout-28f84493 wp-block-columns-is-layout-flex\">\n<div class=\"wp-block-column is-style-default is-layout-flow wp-block-column-is-layout-flow\" style=\"padding-top:6rem;padding-bottom:6rem\">\n<h2 class=\"wp-block-heading\">Vankka kokemuksemme teollisuuden kunnossapidosta ja sen kehitt\u00e4misest\u00e4 luo perustan monialaisille ja asiakasl\u00e4ht\u00f6isille ratkaisuille, jotka vastaavat asiakkaidemme yksil\u00f6llisiin tarpeisiin.<\/h2>\n<\/div>\n<\/div>\n\n\n\n<div class=\"wp-block-columns elcoline-contact is-style-section-1 is-layout-flex wp-container-core-columns-is-layout-701c2d95 wp-block-columns-is-layout-flex is-style-section-1--6\" style=\"padding-top:var(--wp--preset--spacing--80);padding-bottom:var(--wp--preset--spacing--80)\">\n<div class=\"wp-block-column is-layout-flow wp-block-column-is-layout-flow\">\n<div class=\"wp-block-columns is-layout-flex wp-container-core-columns-is-layout-28f84493 wp-block-columns-is-layout-flex\">\n<div class=\"wp-block-column is-layout-flow wp-block-column-is-layout-flow\" style=\"flex-basis:50%\">\n<h2 class=\"wp-block-heading has-base-color has-text-color has-link-color wp-elements-8df98d1925141f3a97cf34d812874483\">Haluatko tiet\u00e4\u00e4, kuinka voisimme auttaa?<\/h2>\n\n\n\n<div class=\"wp-block-buttons is-horizontal is-content-justification-left is-layout-flex wp-container-core-buttons-is-layout-033d20e2 wp-block-buttons-is-layout-flex\" style=\"padding-top:3rem\">\n<div class=\"wp-block-button\"><a class=\"wp-block-button__link wp-element-button\" href=\"https:\/\/elcoline.com\/fi\/yhteystiedot\/\">Ota yhteytt\u00e4 ammattilaisiimme<\/a><\/div>\n<\/div>\n<\/div>\n<\/div>\n<\/div>\n<\/div>\n","protected":false},"excerpt":{"rendered":"<p>Kunnossapito\u00adpalvelut teollisuudelle Tarjoamme r\u00e4\u00e4t\u00e4l\u00f6ityj\u00e4 kunnossapitoratkaisuja, jotka varmistavat turvallisen, tehokkaan ja luotettavan toiminnan teollisuusymp\u00e4rist\u00f6iss\u00e4. Kokeneet ammattilaisemme hoitavat kaiken suunnitelluista ja vuosihuolloista diagnostiikkaan, kunnonvalvontaan ja teknisiin p\u00e4ivityksiin. Kaikki palvelumme mukautetaan vastaamaan kunkin asiakkaan erityistarpeita. Painotamme turvallisuutta, joustavuutta ja jatkuvaa kehitt\u00e4mist\u00e4, ja autamme parantamaan tuottavuutta sek\u00e4 toimintavarmuutta. Tuemme my\u00f6s laajamittaisia projekteja ja tarjoamme laadunvarmistusta osana kattavaa kunnossapitokokonaisuuttamme. \u00d6ljynhuoltopalvelut [&hellip;]<\/p>\n","protected":false},"author":10,"featured_media":46652,"parent":47235,"menu_order":5,"comment_status":"closed","ping_status":"closed","template":"","meta":{"footnotes":""},"class_list":["post-47929","page","type-page","status-publish","has-post-thumbnail","hentry"],"yoast_head":"<!-- This site is optimized with the Yoast SEO plugin v27.5 - https:\/\/yoast.com\/product\/yoast-seo-wordpress\/ -->\n<title>Teollisuuden kunnossapito - Elcoline Group<\/title>\n<meta name=\"description\" content=\"Tutustu monialaisiin ja asiakasl\u00e4ht\u00f6isiin kunnossapidon ratkaisuihimme, jotka mukautuvat kunkin asiakkaan tarpeisiin ja toimintaymp\u00e4rist\u00f6\u00f6n.\" \/>\n<meta name=\"robots\" content=\"index, follow, max-snippet:-1, max-image-preview:large, max-video-preview:-1\" \/>\n<link rel=\"canonical\" href=\"https:\/\/elcoline.com\/fi\/palvelut\/teollisuuden-kunnossapito\/\" \/>\n<meta property=\"og:locale\" content=\"fi_FI\" \/>\n<meta property=\"og:type\" content=\"article\" \/>\n<meta property=\"og:title\" content=\"Teollisuuden kunnossapito - Elcoline Group\" \/>\n<meta property=\"og:description\" content=\"Tutustu monialaisiin ja asiakasl\u00e4ht\u00f6isiin kunnossapidon ratkaisuihimme, jotka mukautuvat kunkin asiakkaan tarpeisiin ja toimintaymp\u00e4rist\u00f6\u00f6n.\" \/>\n<meta property=\"og:url\" content=\"https:\/\/elcoline.com\/fi\/palvelut\/teollisuuden-kunnossapito\/\" \/>\n<meta property=\"og:site_name\" content=\"Elcoline Group\" \/>\n<meta property=\"article:modified_time\" content=\"2025-09-22T06:24:10+00:00\" \/>\n<meta property=\"og:image\" content=\"https:\/\/elcoline.com\/wp-content\/uploads\/2025\/07\/elcoline_process.webp\" \/>\n\t<meta property=\"og:image:width\" content=\"2000\" \/>\n\t<meta property=\"og:image:height\" content=\"1303\" \/>\n\t<meta property=\"og:image:type\" content=\"image\/webp\" \/>\n<meta name=\"twitter:card\" content=\"summary_large_image\" \/>\n<meta name=\"twitter:label1\" content=\"Arvioitu lukuaika\" \/>\n\t<meta name=\"twitter:data1\" content=\"2 minuuttia\" \/>\n<script type=\"application\/ld+json\" class=\"yoast-schema-graph\">{\"@context\":\"https:\\\/\\\/schema.org\",\"@graph\":[{\"@type\":\"WebPage\",\"@id\":\"https:\\\/\\\/elcoline.com\\\/fi\\\/palvelut\\\/teollisuuden-kunnossapito\\\/\",\"url\":\"https:\\\/\\\/elcoline.com\\\/fi\\\/palvelut\\\/teollisuuden-kunnossapito\\\/\",\"name\":\"Teollisuuden kunnossapito - Elcoline Group\",\"isPartOf\":{\"@id\":\"https:\\\/\\\/elcoline.com\\\/fi\\\/#website\"},\"primaryImageOfPage\":{\"@id\":\"https:\\\/\\\/elcoline.com\\\/fi\\\/palvelut\\\/teollisuuden-kunnossapito\\\/#primaryimage\"},\"image\":{\"@id\":\"https:\\\/\\\/elcoline.com\\\/fi\\\/palvelut\\\/teollisuuden-kunnossapito\\\/#primaryimage\"},\"thumbnailUrl\":\"https:\\\/\\\/elcoline.com\\\/wp-content\\\/uploads\\\/2025\\\/07\\\/elcoline_process.webp\",\"datePublished\":\"2025-03-20T11:31:47+00:00\",\"dateModified\":\"2025-09-22T06:24:10+00:00\",\"description\":\"Tutustu monialaisiin ja asiakasl\u00e4ht\u00f6isiin kunnossapidon ratkaisuihimme, jotka mukautuvat kunkin asiakkaan tarpeisiin ja toimintaymp\u00e4rist\u00f6\u00f6n.\",\"breadcrumb\":{\"@id\":\"https:\\\/\\\/elcoline.com\\\/fi\\\/palvelut\\\/teollisuuden-kunnossapito\\\/#breadcrumb\"},\"inLanguage\":\"fi\",\"potentialAction\":[{\"@type\":\"ReadAction\",\"target\":[\"https:\\\/\\\/elcoline.com\\\/fi\\\/palvelut\\\/teollisuuden-kunnossapito\\\/\"]}]},{\"@type\":\"ImageObject\",\"inLanguage\":\"fi\",\"@id\":\"https:\\\/\\\/elcoline.com\\\/fi\\\/palvelut\\\/teollisuuden-kunnossapito\\\/#primaryimage\",\"url\":\"https:\\\/\\\/elcoline.com\\\/wp-content\\\/uploads\\\/2025\\\/07\\\/elcoline_process.webp\",\"contentUrl\":\"https:\\\/\\\/elcoline.com\\\/wp-content\\\/uploads\\\/2025\\\/07\\\/elcoline_process.webp\",\"width\":2000,\"height\":1303},{\"@type\":\"BreadcrumbList\",\"@id\":\"https:\\\/\\\/elcoline.com\\\/fi\\\/palvelut\\\/teollisuuden-kunnossapito\\\/#breadcrumb\",\"itemListElement\":[{\"@type\":\"ListItem\",\"position\":1,\"name\":\"Teollisuuden kunnossapito\",\"item\":\"https:\\\/\\\/elcoline.com\\\/fi\\\/palvelut\\\/teollisuuden-kunnossapito\\\/\"},{\"@type\":\"ListItem\",\"position\":2,\"name\":\"Teollisuuden kunnossapito\"}]},{\"@type\":\"WebSite\",\"@id\":\"https:\\\/\\\/elcoline.com\\\/fi\\\/#website\",\"url\":\"https:\\\/\\\/elcoline.com\\\/fi\\\/\",\"name\":\"Elcoline Group\",\"description\":\"\",\"potentialAction\":[{\"@type\":\"SearchAction\",\"target\":{\"@type\":\"EntryPoint\",\"urlTemplate\":\"https:\\\/\\\/elcoline.com\\\/fi\\\/?s={search_term_string}\"},\"query-input\":{\"@type\":\"PropertyValueSpecification\",\"valueRequired\":true,\"valueName\":\"search_term_string\"}}],\"inLanguage\":\"fi\"}]}<\/script>\n<!-- \/ Yoast SEO plugin. -->","yoast_head_json":{"title":"Teollisuuden kunnossapito - Elcoline Group","description":"Tutustu monialaisiin ja asiakasl\u00e4ht\u00f6isiin kunnossapidon ratkaisuihimme, jotka mukautuvat kunkin asiakkaan tarpeisiin ja toimintaymp\u00e4rist\u00f6\u00f6n.","robots":{"index":"index","follow":"follow","max-snippet":"max-snippet:-1","max-image-preview":"max-image-preview:large","max-video-preview":"max-video-preview:-1"},"canonical":"https:\/\/elcoline.com\/fi\/palvelut\/teollisuuden-kunnossapito\/","og_locale":"fi_FI","og_type":"article","og_title":"Teollisuuden kunnossapito - Elcoline Group","og_description":"Tutustu monialaisiin ja asiakasl\u00e4ht\u00f6isiin kunnossapidon ratkaisuihimme, jotka mukautuvat kunkin asiakkaan tarpeisiin ja toimintaymp\u00e4rist\u00f6\u00f6n.","og_url":"https:\/\/elcoline.com\/fi\/palvelut\/teollisuuden-kunnossapito\/","og_site_name":"Elcoline Group","article_modified_time":"2025-09-22T06:24:10+00:00","og_image":[{"width":2000,"height":1303,"url":"https:\/\/elcoline.com\/wp-content\/uploads\/2025\/07\/elcoline_process.webp","type":"image\/webp"}],"twitter_card":"summary_large_image","twitter_misc":{"Arvioitu lukuaika":"2 minuuttia"},"schema":{"@context":"https:\/\/schema.org","@graph":[{"@type":"WebPage","@id":"https:\/\/elcoline.com\/fi\/palvelut\/teollisuuden-kunnossapito\/","url":"https:\/\/elcoline.com\/fi\/palvelut\/teollisuuden-kunnossapito\/","name":"Teollisuuden kunnossapito - Elcoline Group","isPartOf":{"@id":"https:\/\/elcoline.com\/fi\/#website"},"primaryImageOfPage":{"@id":"https:\/\/elcoline.com\/fi\/palvelut\/teollisuuden-kunnossapito\/#primaryimage"},"image":{"@id":"https:\/\/elcoline.com\/fi\/palvelut\/teollisuuden-kunnossapito\/#primaryimage"},"thumbnailUrl":"https:\/\/elcoline.com\/wp-content\/uploads\/2025\/07\/elcoline_process.webp","datePublished":"2025-03-20T11:31:47+00:00","dateModified":"2025-09-22T06:24:10+00:00","description":"Tutustu monialaisiin ja asiakasl\u00e4ht\u00f6isiin kunnossapidon ratkaisuihimme, jotka mukautuvat kunkin asiakkaan tarpeisiin ja toimintaymp\u00e4rist\u00f6\u00f6n.","breadcrumb":{"@id":"https:\/\/elcoline.com\/fi\/palvelut\/teollisuuden-kunnossapito\/#breadcrumb"},"inLanguage":"fi","potentialAction":[{"@type":"ReadAction","target":["https:\/\/elcoline.com\/fi\/palvelut\/teollisuuden-kunnossapito\/"]}]},{"@type":"ImageObject","inLanguage":"fi","@id":"https:\/\/elcoline.com\/fi\/palvelut\/teollisuuden-kunnossapito\/#primaryimage","url":"https:\/\/elcoline.com\/wp-content\/uploads\/2025\/07\/elcoline_process.webp","contentUrl":"https:\/\/elcoline.com\/wp-content\/uploads\/2025\/07\/elcoline_process.webp","width":2000,"height":1303},{"@type":"BreadcrumbList","@id":"https:\/\/elcoline.com\/fi\/palvelut\/teollisuuden-kunnossapito\/#breadcrumb","itemListElement":[{"@type":"ListItem","position":1,"name":"Teollisuuden kunnossapito","item":"https:\/\/elcoline.com\/fi\/palvelut\/teollisuuden-kunnossapito\/"},{"@type":"ListItem","position":2,"name":"Teollisuuden kunnossapito"}]},{"@type":"WebSite","@id":"https:\/\/elcoline.com\/fi\/#website","url":"https:\/\/elcoline.com\/fi\/","name":"Elcoline Group","description":"","potentialAction":[{"@type":"SearchAction","target":{"@type":"EntryPoint","urlTemplate":"https:\/\/elcoline.com\/fi\/?s={search_term_string}"},"query-input":{"@type":"PropertyValueSpecification","valueRequired":true,"valueName":"search_term_string"}}],"inLanguage":"fi"}]}},"pbg_featured_image_src":{"full":["https:\/\/elcoline.com\/wp-content\/uploads\/2025\/07\/elcoline_process.webp",2000,1303,false],"thumbnail":["https:\/\/elcoline.com\/wp-content\/uploads\/2025\/07\/elcoline_process-150x150.webp",150,150,true],"medium":["https:\/\/elcoline.com\/wp-content\/uploads\/2025\/07\/elcoline_process-300x195.webp",300,195,true],"medium_large":["https:\/\/elcoline.com\/wp-content\/uploads\/2025\/07\/elcoline_process-768x500.webp",768,500,true],"large":["https:\/\/elcoline.com\/wp-content\/uploads\/2025\/07\/elcoline_process-1024x667.webp",1024,667,true],"1536x1536":["https:\/\/elcoline.com\/wp-content\/uploads\/2025\/07\/elcoline_process-1536x1001.webp",1536,1001,true],"2048x2048":["https:\/\/elcoline.com\/wp-content\/uploads\/2025\/07\/elcoline_process.webp",2000,1303,false]},"pbg_author_info":{"display_name":"admin","author_link":"https:\/\/elcoline.com\/fi\/author\/admin\/","author_img":false},"pbg_comment_info":" No Comments","pbg_excerpt":"Kunnossapito\u00adpalvelut teollisuudelle Tarjoamme r\u00e4\u00e4t\u00e4l\u00f6ityj\u00e4 kunnossapitoratkaisuja, jotka varmistavat turvallisen, tehokkaan ja luotettavan toiminnan teollisuusymp\u00e4rist\u00f6iss\u00e4. Kokeneet ammattilaisemme hoitavat kaiken suunnitelluista ja vuosihuolloista diagnostiikkaan, kunnonvalvontaan ja teknisiin p\u00e4ivityksiin. Kaikki palvelumme mukautetaan vastaamaan kunkin asiakkaan erityistarpeita. Painotamme turvallisuutta, joustavuutta ja jatkuvaa kehitt\u00e4mist\u00e4, ja autamme parantamaan tuottavuutta sek\u00e4 toimintavarmuutta. Tuemme my\u00f6s laajamittaisia projekteja ja tarjoamme laadunvarmistusta osana kattavaa kunnossapitokokonaisuuttamme. \u00d6ljynhuoltopalvelut&hellip;","_links":{"self":[{"href":"https:\/\/elcoline.com\/fi\/wp-json\/wp\/v2\/pages\/47929","targetHints":{"allow":["GET"]}}],"collection":[{"href":"https:\/\/elcoline.com\/fi\/wp-json\/wp\/v2\/pages"}],"about":[{"href":"https:\/\/elcoline.com\/fi\/wp-json\/wp\/v2\/types\/page"}],"author":[{"embeddable":true,"href":"https:\/\/elcoline.com\/fi\/wp-json\/wp\/v2\/users\/10"}],"replies":[{"embeddable":true,"href":"https:\/\/elcoline.com\/fi\/wp-json\/wp\/v2\/comments?post=47929"}],"version-history":[{"count":9,"href":"https:\/\/elcoline.com\/fi\/wp-json\/wp\/v2\/pages\/47929\/revisions"}],"predecessor-version":[{"id":48850,"href":"https:\/\/elcoline.com\/fi\/wp-json\/wp\/v2\/pages\/47929\/revisions\/48850"}],"up":[{"embeddable":true,"href":"https:\/\/elcoline.com\/fi\/wp-json\/wp\/v2\/pages\/47235"}],"wp:featuredmedia":[{"embeddable":true,"href":"https:\/\/elcoline.com\/fi\/wp-json\/wp\/v2\/media\/46652"}],"wp:attachment":[{"href":"https:\/\/elcoline.com\/fi\/wp-json\/wp\/v2\/media?parent=47929"}],"curies":[{"name":"wp","href":"https:\/\/api.w.org\/{rel}","templated":true}]}}