{"id":47937,"date":"2025-03-20T11:31:47","date_gmt":"2025-03-20T11:31:47","guid":{"rendered":"https:\/\/elcoline.com\/palvelut\/valmistus\/"},"modified":"2025-09-15T15:29:40","modified_gmt":"2025-09-15T15:29:40","slug":"valmistus","status":"publish","type":"page","link":"https:\/\/elcoline.com\/fi\/palvelut\/valmistus\/","title":{"rendered":"Valmistus"},"content":{"rendered":"\n<div class=\"wp-block-cover is-light hero has-base-color has-text-color has-link-color wp-elements-0406b46d12f775a46d88f05386fbafbb\"><span aria-hidden=\"true\" class=\"wp-block-cover__background has-background-dim\" style=\"background-color:#FFF\"><\/span><img loading=\"lazy\" decoding=\"async\" width=\"2000\" height=\"1334\" src=\"https:\/\/elcoline.com\/wp-content\/uploads\/2025\/06\/manufacturing.webp\" class=\"wp-block-cover__image-background wp-post-image\" alt=\"\" data-object-fit=\"cover\" srcset=\"https:\/\/elcoline.com\/wp-content\/uploads\/2025\/06\/manufacturing.webp 2000w, https:\/\/elcoline.com\/wp-content\/uploads\/2025\/06\/manufacturing-300x200.webp 300w, https:\/\/elcoline.com\/wp-content\/uploads\/2025\/06\/manufacturing-1024x683.webp 1024w, https:\/\/elcoline.com\/wp-content\/uploads\/2025\/06\/manufacturing-768x512.webp 768w, https:\/\/elcoline.com\/wp-content\/uploads\/2025\/06\/manufacturing-1536x1025.webp 1536w\" sizes=\"auto, (max-width: 2000px) 100vw, 2000px\" \/><div class=\"wp-block-cover__inner-container is-layout-flow wp-block-cover-is-layout-flow\">\n<h2 class=\"wp-block-heading\">Palvelut<\/h2>\n\n\n\n<div class=\"wp-block-columns is-layout-flex wp-container-core-columns-is-layout-28f84493 wp-block-columns-is-layout-flex\">\n<div class=\"wp-block-column is-layout-flow wp-block-column-is-layout-flow\">\n<h1 class=\"wp-block-heading\">Valmistus<\/h1>\n<\/div>\n\n\n\n<div class=\"wp-block-column is-layout-flow wp-block-column-is-layout-flow\">\n<p><\/p>\n<\/div>\n<\/div>\n<\/div><\/div>\n\n\n\n<div class=\"wp-block-columns is-layout-flex wp-container-core-columns-is-layout-28f84493 wp-block-columns-is-layout-flex\">\n<div class=\"wp-block-column is-layout-flow wp-block-column-is-layout-flow\">\n<h2 class=\"wp-block-heading\">Valmistuspalvelut teollisuudelle<\/h2>\n<\/div>\n\n\n\n<div class=\"wp-block-column is-layout-flow wp-block-column-is-layout-flow\">\n<p>Vuosikymmenten kokemus ja vahvat referenssit muodostavat luotettavan perustan pitk\u00e4ik\u00e4isten ja toimintavarmojen tuotteiden sek\u00e4 laitteiden mitoitukselle, suunnittelulle ja valmistukselle.<\/p>\n\n\n\n<p>Valmistuspalvelumme voidaan t\u00e4ydent\u00e4\u00e4 kunnossapitopalveluilla, jotka varmistavat tuotteiden pitk\u00e4aikaisen suorituskyvyn.<\/p>\n<\/div>\n<\/div>\n\n\n\n<div class=\"wp-block-columns is-style-section-3 is-layout-flex wp-container-core-columns-is-layout-a54e0cfc wp-block-columns-is-layout-flex is-style-section-3--1\" style=\"padding-top:var(--wp--preset--spacing--60);padding-bottom:var(--wp--preset--spacing--60)\">\n<div class=\"wp-block-column is-layout-flow wp-block-column-is-layout-flow\">\n<div class=\"wp-block-columns is-layout-flex wp-container-core-columns-is-layout-28f84493 wp-block-columns-is-layout-flex\">\n<div class=\"wp-block-column is-layout-flow wp-block-column-is-layout-flow\">\n<h2 class=\"wp-block-heading\" style=\"margin-bottom:var(--wp--preset--spacing--50)\">Palvelumme<\/h2>\n<\/div>\n<\/div>\n\n\n\n<div class=\"wp-block-group vertical-lines is-layout-grid wp-container-core-group-is-layout-478b6e6b wp-block-group-is-layout-grid\">\n<p>L\u00e4mm\u00f6nvaihtimien, h\u00f6yryakkujen ja paineastioiden mitoitus, suunnittelu ja valmistus<\/p>\n\n\n\n<p>Raskaat ter\u00e4srakenteet, hitsaus ja koneistus, ter\u00e4srakenteet standardin ISO 1090 mukaisesti<\/p>\n\n\n\n<p>Tulvaporttien mitoitus, suunnittelu ja valmistus<\/p>\n\n\n\n<p>S\u00e4hk\u00f6- ja automaatiokeskusten suunnittelu ja valmistus<\/p>\n\n\n\n<p>Teollisuusputkistojen ja paineputkien esivalmistus<\/p>\n\n\n\n<p>Ekstruusiokoneet, ty\u00f6kalut ja varaosat<\/p>\n\n\n\n<p>Turbiinien ja generaattoreiden staattorit, roottorit ja varaosat<\/p>\n\n\n\n<p>R\u00e4\u00e4t\u00e4l\u00f6idyt pakkaus- ja varastointiratkaisut, puusep\u00e4nty\u00f6t ja tekstiilipohjaisten tuotteiden valmistus<\/p>\n<\/div>\n<\/div>\n<\/div>\n\n\n\n<div class=\"wp-block-columns are-vertically-aligned-top elcoline-contact is-style-section-1 is-layout-flex wp-container-core-columns-is-layout-a0b9691e wp-block-columns-is-layout-flex is-style-section-1--2\" style=\"margin-top:0px;margin-bottom:0px;padding-top:var(--wp--preset--spacing--80);padding-bottom:var(--wp--preset--spacing--80)\">\n<div class=\"wp-block-column is-vertically-aligned-top is-layout-flow wp-block-column-is-layout-flow\">\n<div class=\"wp-block-columns is-layout-flex wp-container-core-columns-is-layout-28f84493 wp-block-columns-is-layout-flex\">\n<div class=\"wp-block-column is-layout-flow wp-block-column-is-layout-flow\" style=\"flex-basis:50%\">\n<h2 class=\"wp-block-heading has-base-color has-text-color has-link-color wp-elements-43dac6ee162aa989dd4452b5b37badbb\">Haluaisitko tiet\u00e4\u00e4, kuinka voisimme auttaa?<\/h2>\n\n\n\n<p><\/p>\n\n\n\n<div class=\"wp-block-buttons is-horizontal is-content-justification-left is-layout-flex wp-container-core-buttons-is-layout-036cb0ab wp-block-buttons-is-layout-flex\">\n<div class=\"wp-block-button\"><a class=\"wp-block-button__link wp-element-button\" href=\"https:\/\/elcoline.com\/fi\/yhteystiedot\/\">Ota yhteytt\u00e4 ammattilaisiimme<\/a><\/div>\n<\/div>\n<\/div>\n\n\n\n<div class=\"wp-block-column is-layout-flow wp-block-column-is-layout-flow\" style=\"flex-basis:25%\">\n\n\n<h3 class=\"wp-block-heading\"><\/h3>\n\n\n\n<p><\/p>\n<\/div>\n\n\n\n<div class=\"wp-block-column is-layout-flow wp-block-column-is-layout-flow\" style=\"flex-basis:25%\">\n\n\n<h3 class=\"wp-block-heading\"><\/h3>\n\n\n\n<p><\/p>\n<\/div>\n<\/div>\n<\/div>\n<\/div>\n","protected":false},"excerpt":{"rendered":"<p>Valmistuspalvelut teollisuudelle Vuosikymmenten kokemus ja vahvat referenssit muodostavat luotettavan perustan pitk\u00e4ik\u00e4isten ja toimintavarmojen tuotteiden sek\u00e4 laitteiden mitoitukselle, suunnittelulle ja valmistukselle. Valmistuspalvelumme voidaan t\u00e4ydent\u00e4\u00e4 kunnossapitopalveluilla, jotka varmistavat tuotteiden pitk\u00e4aikaisen suorituskyvyn. Palvelumme L\u00e4mm\u00f6nvaihtimien, h\u00f6yryakkujen ja paineastioiden mitoitus, suunnittelu ja valmistus Raskaat ter\u00e4srakenteet, hitsaus ja koneistus, ter\u00e4srakenteet standardin ISO 1090 mukaisesti Tulvaporttien mitoitus, suunnittelu ja valmistus S\u00e4hk\u00f6- ja [&hellip;]<\/p>\n","protected":false},"author":10,"featured_media":549,"parent":47235,"menu_order":7,"comment_status":"closed","ping_status":"closed","template":"","meta":{"footnotes":""},"class_list":["post-47937","page","type-page","status-publish","has-post-thumbnail","hentry"],"yoast_head":"<!-- This site is optimized with the Yoast SEO plugin v27.5 - https:\/\/yoast.com\/product\/yoast-seo-wordpress\/ -->\n<title>Valmistus - Elcoline Group<\/title>\n<meta name=\"description\" content=\"Valmistamme l\u00e4mm\u00f6nvaihtimia, h\u00f6yryakkuja, staattoreita, roottoreita, ter\u00e4srakenteita - putkistojen esivalmistusta ja suunnittelua.\" \/>\n<meta name=\"robots\" content=\"index, follow, max-snippet:-1, max-image-preview:large, max-video-preview:-1\" \/>\n<link rel=\"canonical\" href=\"https:\/\/elcoline.com\/fi\/palvelut\/valmistus\/\" \/>\n<meta property=\"og:locale\" content=\"fi_FI\" \/>\n<meta property=\"og:type\" content=\"article\" \/>\n<meta property=\"og:title\" content=\"Valmistus - Elcoline Group\" \/>\n<meta property=\"og:description\" content=\"Valmistamme l\u00e4mm\u00f6nvaihtimia, h\u00f6yryakkuja, staattoreita, roottoreita, ter\u00e4srakenteita - putkistojen esivalmistusta ja suunnittelua.\" \/>\n<meta property=\"og:url\" content=\"https:\/\/elcoline.com\/fi\/palvelut\/valmistus\/\" \/>\n<meta property=\"og:site_name\" content=\"Elcoline Group\" \/>\n<meta property=\"article:modified_time\" content=\"2025-09-15T15:29:40+00:00\" \/>\n<meta property=\"og:image\" content=\"https:\/\/elcoline.com\/wp-content\/uploads\/2025\/06\/manufacturing.webp\" \/>\n\t<meta property=\"og:image:width\" content=\"2000\" \/>\n\t<meta property=\"og:image:height\" content=\"1334\" \/>\n\t<meta property=\"og:image:type\" content=\"image\/webp\" \/>\n<meta name=\"twitter:card\" content=\"summary_large_image\" \/>\n<meta name=\"twitter:label1\" content=\"Arvioitu lukuaika\" \/>\n\t<meta name=\"twitter:data1\" content=\"2 minuuttia\" \/>\n<script type=\"application\/ld+json\" class=\"yoast-schema-graph\">{\"@context\":\"https:\\\/\\\/schema.org\",\"@graph\":[{\"@type\":\"WebPage\",\"@id\":\"https:\\\/\\\/elcoline.com\\\/fi\\\/palvelut\\\/valmistus\\\/\",\"url\":\"https:\\\/\\\/elcoline.com\\\/fi\\\/palvelut\\\/valmistus\\\/\",\"name\":\"Valmistus - Elcoline Group\",\"isPartOf\":{\"@id\":\"https:\\\/\\\/elcoline.com\\\/fi\\\/#website\"},\"primaryImageOfPage\":{\"@id\":\"https:\\\/\\\/elcoline.com\\\/fi\\\/palvelut\\\/valmistus\\\/#primaryimage\"},\"image\":{\"@id\":\"https:\\\/\\\/elcoline.com\\\/fi\\\/palvelut\\\/valmistus\\\/#primaryimage\"},\"thumbnailUrl\":\"https:\\\/\\\/elcoline.com\\\/wp-content\\\/uploads\\\/2025\\\/06\\\/manufacturing.webp\",\"datePublished\":\"2025-03-20T11:31:47+00:00\",\"dateModified\":\"2025-09-15T15:29:40+00:00\",\"description\":\"Valmistamme l\u00e4mm\u00f6nvaihtimia, h\u00f6yryakkuja, staattoreita, roottoreita, ter\u00e4srakenteita - putkistojen esivalmistusta ja suunnittelua.\",\"breadcrumb\":{\"@id\":\"https:\\\/\\\/elcoline.com\\\/fi\\\/palvelut\\\/valmistus\\\/#breadcrumb\"},\"inLanguage\":\"fi\",\"potentialAction\":[{\"@type\":\"ReadAction\",\"target\":[\"https:\\\/\\\/elcoline.com\\\/fi\\\/palvelut\\\/valmistus\\\/\"]}]},{\"@type\":\"ImageObject\",\"inLanguage\":\"fi\",\"@id\":\"https:\\\/\\\/elcoline.com\\\/fi\\\/palvelut\\\/valmistus\\\/#primaryimage\",\"url\":\"https:\\\/\\\/elcoline.com\\\/wp-content\\\/uploads\\\/2025\\\/06\\\/manufacturing.webp\",\"contentUrl\":\"https:\\\/\\\/elcoline.com\\\/wp-content\\\/uploads\\\/2025\\\/06\\\/manufacturing.webp\",\"width\":2000,\"height\":1334},{\"@type\":\"BreadcrumbList\",\"@id\":\"https:\\\/\\\/elcoline.com\\\/fi\\\/palvelut\\\/valmistus\\\/#breadcrumb\",\"itemListElement\":[{\"@type\":\"ListItem\",\"position\":1,\"name\":\"Valmistus\",\"item\":\"https:\\\/\\\/elcoline.com\\\/fi\\\/palvelut\\\/valmistus\\\/\"},{\"@type\":\"ListItem\",\"position\":2,\"name\":\"Valmistus\"}]},{\"@type\":\"WebSite\",\"@id\":\"https:\\\/\\\/elcoline.com\\\/fi\\\/#website\",\"url\":\"https:\\\/\\\/elcoline.com\\\/fi\\\/\",\"name\":\"Elcoline Group\",\"description\":\"\",\"potentialAction\":[{\"@type\":\"SearchAction\",\"target\":{\"@type\":\"EntryPoint\",\"urlTemplate\":\"https:\\\/\\\/elcoline.com\\\/fi\\\/?s={search_term_string}\"},\"query-input\":{\"@type\":\"PropertyValueSpecification\",\"valueRequired\":true,\"valueName\":\"search_term_string\"}}],\"inLanguage\":\"fi\"}]}<\/script>\n<!-- \/ Yoast SEO plugin. -->","yoast_head_json":{"title":"Valmistus - Elcoline Group","description":"Valmistamme l\u00e4mm\u00f6nvaihtimia, h\u00f6yryakkuja, staattoreita, roottoreita, ter\u00e4srakenteita - putkistojen esivalmistusta ja suunnittelua.","robots":{"index":"index","follow":"follow","max-snippet":"max-snippet:-1","max-image-preview":"max-image-preview:large","max-video-preview":"max-video-preview:-1"},"canonical":"https:\/\/elcoline.com\/fi\/palvelut\/valmistus\/","og_locale":"fi_FI","og_type":"article","og_title":"Valmistus - Elcoline Group","og_description":"Valmistamme l\u00e4mm\u00f6nvaihtimia, h\u00f6yryakkuja, staattoreita, roottoreita, ter\u00e4srakenteita - putkistojen esivalmistusta ja suunnittelua.","og_url":"https:\/\/elcoline.com\/fi\/palvelut\/valmistus\/","og_site_name":"Elcoline Group","article_modified_time":"2025-09-15T15:29:40+00:00","og_image":[{"width":2000,"height":1334,"url":"https:\/\/elcoline.com\/wp-content\/uploads\/2025\/06\/manufacturing.webp","type":"image\/webp"}],"twitter_card":"summary_large_image","twitter_misc":{"Arvioitu lukuaika":"2 minuuttia"},"schema":{"@context":"https:\/\/schema.org","@graph":[{"@type":"WebPage","@id":"https:\/\/elcoline.com\/fi\/palvelut\/valmistus\/","url":"https:\/\/elcoline.com\/fi\/palvelut\/valmistus\/","name":"Valmistus - Elcoline Group","isPartOf":{"@id":"https:\/\/elcoline.com\/fi\/#website"},"primaryImageOfPage":{"@id":"https:\/\/elcoline.com\/fi\/palvelut\/valmistus\/#primaryimage"},"image":{"@id":"https:\/\/elcoline.com\/fi\/palvelut\/valmistus\/#primaryimage"},"thumbnailUrl":"https:\/\/elcoline.com\/wp-content\/uploads\/2025\/06\/manufacturing.webp","datePublished":"2025-03-20T11:31:47+00:00","dateModified":"2025-09-15T15:29:40+00:00","description":"Valmistamme l\u00e4mm\u00f6nvaihtimia, h\u00f6yryakkuja, staattoreita, roottoreita, ter\u00e4srakenteita - putkistojen esivalmistusta ja suunnittelua.","breadcrumb":{"@id":"https:\/\/elcoline.com\/fi\/palvelut\/valmistus\/#breadcrumb"},"inLanguage":"fi","potentialAction":[{"@type":"ReadAction","target":["https:\/\/elcoline.com\/fi\/palvelut\/valmistus\/"]}]},{"@type":"ImageObject","inLanguage":"fi","@id":"https:\/\/elcoline.com\/fi\/palvelut\/valmistus\/#primaryimage","url":"https:\/\/elcoline.com\/wp-content\/uploads\/2025\/06\/manufacturing.webp","contentUrl":"https:\/\/elcoline.com\/wp-content\/uploads\/2025\/06\/manufacturing.webp","width":2000,"height":1334},{"@type":"BreadcrumbList","@id":"https:\/\/elcoline.com\/fi\/palvelut\/valmistus\/#breadcrumb","itemListElement":[{"@type":"ListItem","position":1,"name":"Valmistus","item":"https:\/\/elcoline.com\/fi\/palvelut\/valmistus\/"},{"@type":"ListItem","position":2,"name":"Valmistus"}]},{"@type":"WebSite","@id":"https:\/\/elcoline.com\/fi\/#website","url":"https:\/\/elcoline.com\/fi\/","name":"Elcoline Group","description":"","potentialAction":[{"@type":"SearchAction","target":{"@type":"EntryPoint","urlTemplate":"https:\/\/elcoline.com\/fi\/?s={search_term_string}"},"query-input":{"@type":"PropertyValueSpecification","valueRequired":true,"valueName":"search_term_string"}}],"inLanguage":"fi"}]}},"pbg_featured_image_src":{"full":["https:\/\/elcoline.com\/wp-content\/uploads\/2025\/06\/manufacturing.webp",2000,1334,false],"thumbnail":["https:\/\/elcoline.com\/wp-content\/uploads\/2025\/06\/manufacturing-150x150.webp",150,150,true],"medium":["https:\/\/elcoline.com\/wp-content\/uploads\/2025\/06\/manufacturing-300x200.webp",300,200,true],"medium_large":["https:\/\/elcoline.com\/wp-content\/uploads\/2025\/06\/manufacturing-768x512.webp",768,512,true],"large":["https:\/\/elcoline.com\/wp-content\/uploads\/2025\/06\/manufacturing-1024x683.webp",1024,683,true],"1536x1536":["https:\/\/elcoline.com\/wp-content\/uploads\/2025\/06\/manufacturing-1536x1025.webp",1536,1025,true],"2048x2048":["https:\/\/elcoline.com\/wp-content\/uploads\/2025\/06\/manufacturing.webp",2000,1334,false]},"pbg_author_info":{"display_name":"admin","author_link":"https:\/\/elcoline.com\/fi\/author\/admin\/","author_img":false},"pbg_comment_info":" No Comments","pbg_excerpt":"Valmistuspalvelut teollisuudelle Vuosikymmenten kokemus ja vahvat referenssit muodostavat luotettavan perustan pitk\u00e4ik\u00e4isten ja toimintavarmojen tuotteiden sek\u00e4 laitteiden mitoitukselle, suunnittelulle ja valmistukselle. Valmistuspalvelumme voidaan t\u00e4ydent\u00e4\u00e4 kunnossapitopalveluilla, jotka varmistavat tuotteiden pitk\u00e4aikaisen suorituskyvyn. Palvelumme L\u00e4mm\u00f6nvaihtimien, h\u00f6yryakkujen ja paineastioiden mitoitus, suunnittelu ja valmistus Raskaat ter\u00e4srakenteet, hitsaus ja koneistus, ter\u00e4srakenteet standardin ISO 1090 mukaisesti Tulvaporttien mitoitus, suunnittelu ja valmistus S\u00e4hk\u00f6- ja&hellip;","_links":{"self":[{"href":"https:\/\/elcoline.com\/fi\/wp-json\/wp\/v2\/pages\/47937","targetHints":{"allow":["GET"]}}],"collection":[{"href":"https:\/\/elcoline.com\/fi\/wp-json\/wp\/v2\/pages"}],"about":[{"href":"https:\/\/elcoline.com\/fi\/wp-json\/wp\/v2\/types\/page"}],"author":[{"embeddable":true,"href":"https:\/\/elcoline.com\/fi\/wp-json\/wp\/v2\/users\/10"}],"replies":[{"embeddable":true,"href":"https:\/\/elcoline.com\/fi\/wp-json\/wp\/v2\/comments?post=47937"}],"version-history":[{"count":6,"href":"https:\/\/elcoline.com\/fi\/wp-json\/wp\/v2\/pages\/47937\/revisions"}],"predecessor-version":[{"id":48705,"href":"https:\/\/elcoline.com\/fi\/wp-json\/wp\/v2\/pages\/47937\/revisions\/48705"}],"up":[{"embeddable":true,"href":"https:\/\/elcoline.com\/fi\/wp-json\/wp\/v2\/pages\/47235"}],"wp:featuredmedia":[{"embeddable":true,"href":"https:\/\/elcoline.com\/fi\/wp-json\/wp\/v2\/media\/549"}],"wp:attachment":[{"href":"https:\/\/elcoline.com\/fi\/wp-json\/wp\/v2\/media?parent=47937"}],"curies":[{"name":"wp","href":"https:\/\/api.w.org\/{rel}","templated":true}]}}