{"id":47941,"date":"2025-03-20T11:31:47","date_gmt":"2025-03-20T11:31:47","guid":{"rendered":"https:\/\/elcoline.com\/palvelut\/asiantuntijapalvelut\/"},"modified":"2025-09-16T07:45:41","modified_gmt":"2025-09-16T07:45:41","slug":"asiantuntijapalvelut","status":"publish","type":"page","link":"https:\/\/elcoline.com\/fi\/palvelut\/asiantuntijapalvelut\/","title":{"rendered":"Asiantuntijapalvelut"},"content":{"rendered":"\n<div class=\"wp-block-cover is-light hero has-base-color has-text-color has-link-color wp-elements-14a78de3cf487af019c0f057d6082f25\"><span aria-hidden=\"true\" class=\"wp-block-cover__background has-background-dim\" style=\"background-color:#FFF\"><\/span><img loading=\"lazy\" decoding=\"async\" width=\"1920\" height=\"1080\" src=\"https:\/\/elcoline.com\/wp-content\/uploads\/2025\/06\/elcoline-background-gradient.webp\" class=\"wp-block-cover__image-background wp-post-image\" alt=\"\" data-object-fit=\"cover\" srcset=\"https:\/\/elcoline.com\/wp-content\/uploads\/2025\/06\/elcoline-background-gradient.webp 1920w, https:\/\/elcoline.com\/wp-content\/uploads\/2025\/06\/elcoline-background-gradient-300x169.webp 300w, https:\/\/elcoline.com\/wp-content\/uploads\/2025\/06\/elcoline-background-gradient-1024x576.webp 1024w, https:\/\/elcoline.com\/wp-content\/uploads\/2025\/06\/elcoline-background-gradient-768x432.webp 768w, https:\/\/elcoline.com\/wp-content\/uploads\/2025\/06\/elcoline-background-gradient-1536x864.webp 1536w\" sizes=\"auto, (max-width: 1920px) 100vw, 1920px\" \/><div class=\"wp-block-cover__inner-container is-layout-flow wp-block-cover-is-layout-flow\">\n<h2 class=\"wp-block-heading\">PALVELUT<\/h2>\n\n\n\n<div class=\"wp-block-columns is-layout-flex wp-container-core-columns-is-layout-28f84493 wp-block-columns-is-layout-flex\">\n<div class=\"wp-block-column is-layout-flow wp-block-column-is-layout-flow\">\n<h1 class=\"wp-block-heading\">Asiantuntijapalvelut<\/h1>\n<\/div>\n\n\n\n<div class=\"wp-block-column is-layout-flow wp-block-column-is-layout-flow\">\n<p><\/p>\n<\/div>\n<\/div>\n<\/div><\/div>\n\n\n\n<div class=\"wp-block-columns is-layout-flex wp-container-core-columns-is-layout-28f84493 wp-block-columns-is-layout-flex\">\n<div class=\"wp-block-column is-layout-flow wp-block-column-is-layout-flow\">\n<h2 class=\"wp-block-heading\">Teollisuuden erikoisasiantuntija\u00adpalvelut<\/h2>\n<\/div>\n\n\n\n<div class=\"wp-block-column is-layout-flow wp-block-column-is-layout-flow\">\n<p>Elcoline tarjoaa laajan valikoiman asiantuntijatason palveluita, jotka tukevat teollisten toimintojen luotettavuutta ja tehokkuutta.<\/p>\n<\/div>\n<\/div>\n\n\n\n<div class=\"wp-block-columns is-style-section-3 is-layout-flex wp-container-core-columns-is-layout-a54e0cfc wp-block-columns-is-layout-flex is-style-section-3--1\" style=\"padding-top:var(--wp--preset--spacing--60);padding-bottom:var(--wp--preset--spacing--60)\">\n<div class=\"wp-block-column is-layout-flow wp-block-column-is-layout-flow\">\n<div class=\"wp-block-columns is-layout-flex wp-container-core-columns-is-layout-28f84493 wp-block-columns-is-layout-flex\">\n<div class=\"wp-block-column is-layout-flow wp-block-column-is-layout-flow\">\n<h2 class=\"wp-block-heading\" style=\"margin-bottom:var(--wp--preset--spacing--50)\">Palvelumme<\/h2>\n\n\n\n<h3 class=\"wp-block-heading\">Kunnossapidon asiantuntijapalvelut<\/h3>\n<\/div>\n<\/div>\n\n\n\n<div class=\"wp-block-group vertical-lines is-layout-grid wp-container-core-group-is-layout-478b6e6b wp-block-group-is-layout-grid\">\n<p>Kunnossapidon hallinta ja suunnittelu<\/p>\n\n\n\n<p>Vuosihuoltojen ja seisokkien koordinointi<\/p>\n\n\n\n<p class=\"wp-container-content-69bc4bdf\">S\u00e4hk\u00f6k\u00e4yt\u00f6njohtajuus S1<\/p>\n\n\n\n<p>Paloturvallisuuslaitteiden asiantuntijuus<\/p>\n\n\n\n<p>Kunnossapidon ulkoistusratkaisut<\/p>\n\n\n\n<p>Kunnonvalvonta ja diagnostiikka<\/p>\n\n\n\n<p>Tiedonkeruu, seuranta ja analysointi<\/p>\n\n\n\n<p>\u200b<\/p>\n<\/div>\n<\/div>\n<\/div>\n\n\n\n<div class=\"wp-block-columns is-style-section-3 is-layout-flex wp-container-core-columns-is-layout-46f21d9e wp-block-columns-is-layout-flex is-style-section-3--2\" style=\"margin-top:0;margin-bottom:0;padding-top:0;padding-bottom:var(--wp--preset--spacing--60)\">\n<div class=\"wp-block-column is-layout-flow wp-block-column-is-layout-flow\">\n<h3 class=\"wp-block-heading\">Tekniset asiantuntijapalvelut<\/h3>\n\n\n\n<div class=\"wp-block-group vertical-lines is-layout-grid wp-container-core-group-is-layout-478b6e6b wp-block-group-is-layout-grid\">\n<p>Projektinjohto ja toteutus<\/p>\n\n\n\n<p>Ty\u00f6maajohto ja valvonta<\/p>\n\n\n\n<p>Ty\u00f6- ja resurssisuunnittelu<\/p>\n\n\n\n<p>V\u00e4rin\u00e4mittaukset ja analyysit<\/p>\n\n\n\n<p>Vianetsint\u00e4 ja juurisyyselvitykset<\/p>\n\n\n\n<p>\u200b<\/p>\n<\/div>\n<\/div>\n<\/div>\n\n\n\n<div class=\"wp-block-columns is-layout-flex wp-container-core-columns-is-layout-d7a87397 wp-block-columns-is-layout-flex\" style=\"padding-top:6rem;padding-bottom:6rem\">\n<div class=\"wp-block-column is-layout-flow wp-block-column-is-layout-flow\" style=\"flex-basis:100%\">\n<h2 class=\"wp-block-heading is-style-default\">Palvelumme on suunniteltu parantamaan tuotannon suorituskyky\u00e4, v\u00e4hent\u00e4m\u00e4\u00e4n seisokkeja ja varmistamaan vaatimustenmukaisuus. Asiantuntijamme ty\u00f6skentelev\u00e4t tiiviiss\u00e4 yhteisty\u00f6ss\u00e4 asiakkaidemme kanssa tarjoten r\u00e4\u00e4t\u00e4l\u00f6ityj\u00e4 ja vaikuttavia ratkaisuja.<\/h2>\n<\/div>\n<\/div>\n\n\n\n<div class=\"wp-block-columns is-style-section-1 is-layout-flex wp-container-core-columns-is-layout-40fa696c wp-block-columns-is-layout-flex is-style-section-1--3\" style=\"margin-top:0;margin-bottom:0;padding-top:6rem;padding-bottom:6rem\">\n<div class=\"wp-block-column is-layout-flow wp-block-column-is-layout-flow\" style=\"flex-basis:50%\">\n<h2 class=\"wp-block-heading has-base-color has-text-color has-link-color wp-elements-8df98d1925141f3a97cf34d812874483\">Haluatko tiet\u00e4\u00e4, kuinka voisimme auttaa?<\/h2>\n\n\n\n<div class=\"wp-block-buttons is-horizontal is-content-justification-left is-layout-flex wp-container-core-buttons-is-layout-033d20e2 wp-block-buttons-is-layout-flex\" style=\"padding-top:3rem\">\n<div class=\"wp-block-button\"><a class=\"wp-block-button__link wp-element-button\" href=\"https:\/\/elcoline.com\/fi\/yhteystiedot\/\">Ota yhteytt\u00e4 asiantuntijoihimme<\/a><\/div>\n<\/div>\n<\/div>\n<\/div>\n","protected":false},"excerpt":{"rendered":"<p>Teollisuuden erikoisasiantuntija\u00adpalvelut Elcoline tarjoaa laajan valikoiman asiantuntijatason palveluita, jotka tukevat teollisten toimintojen luotettavuutta ja tehokkuutta. Palvelumme Kunnossapidon asiantuntijapalvelut Kunnossapidon hallinta ja suunnittelu Vuosihuoltojen ja seisokkien koordinointi S\u00e4hk\u00f6k\u00e4yt\u00f6njohtajuus S1 Paloturvallisuuslaitteiden asiantuntijuus Kunnossapidon ulkoistusratkaisut Kunnonvalvonta ja diagnostiikka Tiedonkeruu, seuranta ja analysointi \u200b Tekniset asiantuntijapalvelut Projektinjohto ja toteutus Ty\u00f6maajohto ja valvonta Ty\u00f6- ja resurssisuunnittelu V\u00e4rin\u00e4mittaukset ja analyysit Vianetsint\u00e4 [&hellip;]<\/p>\n","protected":false},"author":10,"featured_media":568,"parent":47235,"menu_order":8,"comment_status":"closed","ping_status":"closed","template":"","meta":{"footnotes":""},"class_list":["post-47941","page","type-page","status-publish","has-post-thumbnail","hentry"],"yoast_head":"<!-- This site is optimized with the Yoast SEO plugin v27.5 - https:\/\/yoast.com\/product\/yoast-seo-wordpress\/ -->\n<title>Asiantuntijapalvelut - Elcoline Group<\/title>\n<meta name=\"description\" content=\"Elcoline tarjoaa laajan valikoiman asiantuntijapalveluita, jotka tukevat teollisuuden toimintavarmuutta, tehokkuutta ja strategista kehityst\u00e4.\" \/>\n<meta name=\"robots\" content=\"index, follow, max-snippet:-1, max-image-preview:large, max-video-preview:-1\" \/>\n<link rel=\"canonical\" href=\"https:\/\/elcoline.com\/fi\/palvelut\/asiantuntijapalvelut\/\" \/>\n<meta property=\"og:locale\" content=\"fi_FI\" \/>\n<meta property=\"og:type\" content=\"article\" \/>\n<meta property=\"og:title\" content=\"Asiantuntijapalvelut - Elcoline Group\" \/>\n<meta property=\"og:description\" content=\"Elcoline tarjoaa laajan valikoiman asiantuntijapalveluita, jotka tukevat teollisuuden toimintavarmuutta, tehokkuutta ja strategista kehityst\u00e4.\" \/>\n<meta property=\"og:url\" content=\"https:\/\/elcoline.com\/fi\/palvelut\/asiantuntijapalvelut\/\" \/>\n<meta property=\"og:site_name\" content=\"Elcoline Group\" \/>\n<meta property=\"article:modified_time\" content=\"2025-09-16T07:45:41+00:00\" \/>\n<meta property=\"og:image\" content=\"https:\/\/elcoline.com\/wp-content\/uploads\/2025\/06\/elcoline-background-gradient.webp\" \/>\n\t<meta property=\"og:image:width\" content=\"1920\" \/>\n\t<meta property=\"og:image:height\" content=\"1080\" \/>\n\t<meta property=\"og:image:type\" content=\"image\/webp\" \/>\n<meta name=\"twitter:card\" content=\"summary_large_image\" \/>\n<meta name=\"twitter:label1\" content=\"Arvioitu lukuaika\" \/>\n\t<meta name=\"twitter:data1\" content=\"1 minuutti\" \/>\n<script type=\"application\/ld+json\" class=\"yoast-schema-graph\">{\"@context\":\"https:\\\/\\\/schema.org\",\"@graph\":[{\"@type\":\"WebPage\",\"@id\":\"https:\\\/\\\/elcoline.com\\\/fi\\\/palvelut\\\/asiantuntijapalvelut\\\/\",\"url\":\"https:\\\/\\\/elcoline.com\\\/fi\\\/palvelut\\\/asiantuntijapalvelut\\\/\",\"name\":\"Asiantuntijapalvelut - Elcoline Group\",\"isPartOf\":{\"@id\":\"https:\\\/\\\/elcoline.com\\\/fi\\\/#website\"},\"primaryImageOfPage\":{\"@id\":\"https:\\\/\\\/elcoline.com\\\/fi\\\/palvelut\\\/asiantuntijapalvelut\\\/#primaryimage\"},\"image\":{\"@id\":\"https:\\\/\\\/elcoline.com\\\/fi\\\/palvelut\\\/asiantuntijapalvelut\\\/#primaryimage\"},\"thumbnailUrl\":\"https:\\\/\\\/elcoline.com\\\/wp-content\\\/uploads\\\/2025\\\/06\\\/elcoline-background-gradient.webp\",\"datePublished\":\"2025-03-20T11:31:47+00:00\",\"dateModified\":\"2025-09-16T07:45:41+00:00\",\"description\":\"Elcoline tarjoaa laajan valikoiman asiantuntijapalveluita, jotka tukevat teollisuuden toimintavarmuutta, tehokkuutta ja strategista kehityst\u00e4.\",\"breadcrumb\":{\"@id\":\"https:\\\/\\\/elcoline.com\\\/fi\\\/palvelut\\\/asiantuntijapalvelut\\\/#breadcrumb\"},\"inLanguage\":\"fi\",\"potentialAction\":[{\"@type\":\"ReadAction\",\"target\":[\"https:\\\/\\\/elcoline.com\\\/fi\\\/palvelut\\\/asiantuntijapalvelut\\\/\"]}]},{\"@type\":\"ImageObject\",\"inLanguage\":\"fi\",\"@id\":\"https:\\\/\\\/elcoline.com\\\/fi\\\/palvelut\\\/asiantuntijapalvelut\\\/#primaryimage\",\"url\":\"https:\\\/\\\/elcoline.com\\\/wp-content\\\/uploads\\\/2025\\\/06\\\/elcoline-background-gradient.webp\",\"contentUrl\":\"https:\\\/\\\/elcoline.com\\\/wp-content\\\/uploads\\\/2025\\\/06\\\/elcoline-background-gradient.webp\",\"width\":1920,\"height\":1080},{\"@type\":\"BreadcrumbList\",\"@id\":\"https:\\\/\\\/elcoline.com\\\/fi\\\/palvelut\\\/asiantuntijapalvelut\\\/#breadcrumb\",\"itemListElement\":[{\"@type\":\"ListItem\",\"position\":1,\"name\":\"Asiantuntijapalvelut\",\"item\":\"https:\\\/\\\/elcoline.com\\\/fi\\\/palvelut\\\/asiantuntijapalvelut\\\/\"},{\"@type\":\"ListItem\",\"position\":2,\"name\":\"Asiantuntijapalvelut\"}]},{\"@type\":\"WebSite\",\"@id\":\"https:\\\/\\\/elcoline.com\\\/fi\\\/#website\",\"url\":\"https:\\\/\\\/elcoline.com\\\/fi\\\/\",\"name\":\"Elcoline Group\",\"description\":\"\",\"potentialAction\":[{\"@type\":\"SearchAction\",\"target\":{\"@type\":\"EntryPoint\",\"urlTemplate\":\"https:\\\/\\\/elcoline.com\\\/fi\\\/?s={search_term_string}\"},\"query-input\":{\"@type\":\"PropertyValueSpecification\",\"valueRequired\":true,\"valueName\":\"search_term_string\"}}],\"inLanguage\":\"fi\"}]}<\/script>\n<!-- \/ Yoast SEO plugin. -->","yoast_head_json":{"title":"Asiantuntijapalvelut - Elcoline Group","description":"Elcoline tarjoaa laajan valikoiman asiantuntijapalveluita, jotka tukevat teollisuuden toimintavarmuutta, tehokkuutta ja strategista kehityst\u00e4.","robots":{"index":"index","follow":"follow","max-snippet":"max-snippet:-1","max-image-preview":"max-image-preview:large","max-video-preview":"max-video-preview:-1"},"canonical":"https:\/\/elcoline.com\/fi\/palvelut\/asiantuntijapalvelut\/","og_locale":"fi_FI","og_type":"article","og_title":"Asiantuntijapalvelut - Elcoline Group","og_description":"Elcoline tarjoaa laajan valikoiman asiantuntijapalveluita, jotka tukevat teollisuuden toimintavarmuutta, tehokkuutta ja strategista kehityst\u00e4.","og_url":"https:\/\/elcoline.com\/fi\/palvelut\/asiantuntijapalvelut\/","og_site_name":"Elcoline Group","article_modified_time":"2025-09-16T07:45:41+00:00","og_image":[{"width":1920,"height":1080,"url":"https:\/\/elcoline.com\/wp-content\/uploads\/2025\/06\/elcoline-background-gradient.webp","type":"image\/webp"}],"twitter_card":"summary_large_image","twitter_misc":{"Arvioitu lukuaika":"1 minuutti"},"schema":{"@context":"https:\/\/schema.org","@graph":[{"@type":"WebPage","@id":"https:\/\/elcoline.com\/fi\/palvelut\/asiantuntijapalvelut\/","url":"https:\/\/elcoline.com\/fi\/palvelut\/asiantuntijapalvelut\/","name":"Asiantuntijapalvelut - Elcoline Group","isPartOf":{"@id":"https:\/\/elcoline.com\/fi\/#website"},"primaryImageOfPage":{"@id":"https:\/\/elcoline.com\/fi\/palvelut\/asiantuntijapalvelut\/#primaryimage"},"image":{"@id":"https:\/\/elcoline.com\/fi\/palvelut\/asiantuntijapalvelut\/#primaryimage"},"thumbnailUrl":"https:\/\/elcoline.com\/wp-content\/uploads\/2025\/06\/elcoline-background-gradient.webp","datePublished":"2025-03-20T11:31:47+00:00","dateModified":"2025-09-16T07:45:41+00:00","description":"Elcoline tarjoaa laajan valikoiman asiantuntijapalveluita, jotka tukevat teollisuuden toimintavarmuutta, tehokkuutta ja strategista kehityst\u00e4.","breadcrumb":{"@id":"https:\/\/elcoline.com\/fi\/palvelut\/asiantuntijapalvelut\/#breadcrumb"},"inLanguage":"fi","potentialAction":[{"@type":"ReadAction","target":["https:\/\/elcoline.com\/fi\/palvelut\/asiantuntijapalvelut\/"]}]},{"@type":"ImageObject","inLanguage":"fi","@id":"https:\/\/elcoline.com\/fi\/palvelut\/asiantuntijapalvelut\/#primaryimage","url":"https:\/\/elcoline.com\/wp-content\/uploads\/2025\/06\/elcoline-background-gradient.webp","contentUrl":"https:\/\/elcoline.com\/wp-content\/uploads\/2025\/06\/elcoline-background-gradient.webp","width":1920,"height":1080},{"@type":"BreadcrumbList","@id":"https:\/\/elcoline.com\/fi\/palvelut\/asiantuntijapalvelut\/#breadcrumb","itemListElement":[{"@type":"ListItem","position":1,"name":"Asiantuntijapalvelut","item":"https:\/\/elcoline.com\/fi\/palvelut\/asiantuntijapalvelut\/"},{"@type":"ListItem","position":2,"name":"Asiantuntijapalvelut"}]},{"@type":"WebSite","@id":"https:\/\/elcoline.com\/fi\/#website","url":"https:\/\/elcoline.com\/fi\/","name":"Elcoline Group","description":"","potentialAction":[{"@type":"SearchAction","target":{"@type":"EntryPoint","urlTemplate":"https:\/\/elcoline.com\/fi\/?s={search_term_string}"},"query-input":{"@type":"PropertyValueSpecification","valueRequired":true,"valueName":"search_term_string"}}],"inLanguage":"fi"}]}},"pbg_featured_image_src":{"full":["https:\/\/elcoline.com\/wp-content\/uploads\/2025\/06\/elcoline-background-gradient.webp",1920,1080,false],"thumbnail":["https:\/\/elcoline.com\/wp-content\/uploads\/2025\/06\/elcoline-background-gradient-150x150.webp",150,150,true],"medium":["https:\/\/elcoline.com\/wp-content\/uploads\/2025\/06\/elcoline-background-gradient-300x169.webp",300,169,true],"medium_large":["https:\/\/elcoline.com\/wp-content\/uploads\/2025\/06\/elcoline-background-gradient-768x432.webp",768,432,true],"large":["https:\/\/elcoline.com\/wp-content\/uploads\/2025\/06\/elcoline-background-gradient-1024x576.webp",1024,576,true],"1536x1536":["https:\/\/elcoline.com\/wp-content\/uploads\/2025\/06\/elcoline-background-gradient-1536x864.webp",1536,864,true],"2048x2048":["https:\/\/elcoline.com\/wp-content\/uploads\/2025\/06\/elcoline-background-gradient.webp",1920,1080,false]},"pbg_author_info":{"display_name":"admin","author_link":"https:\/\/elcoline.com\/fi\/author\/admin\/","author_img":false},"pbg_comment_info":" No Comments","pbg_excerpt":"Teollisuuden erikoisasiantuntija\u00adpalvelut Elcoline tarjoaa laajan valikoiman asiantuntijatason palveluita, jotka tukevat teollisten toimintojen luotettavuutta ja tehokkuutta. Palvelumme Kunnossapidon asiantuntijapalvelut Kunnossapidon hallinta ja suunnittelu Vuosihuoltojen ja seisokkien koordinointi S\u00e4hk\u00f6k\u00e4yt\u00f6njohtajuus S1 Paloturvallisuuslaitteiden asiantuntijuus Kunnossapidon ulkoistusratkaisut Kunnonvalvonta ja diagnostiikka Tiedonkeruu, seuranta ja analysointi \u200b Tekniset asiantuntijapalvelut Projektinjohto ja toteutus Ty\u00f6maajohto ja valvonta Ty\u00f6- ja resurssisuunnittelu V\u00e4rin\u00e4mittaukset ja analyysit Vianetsint\u00e4&hellip;","_links":{"self":[{"href":"https:\/\/elcoline.com\/fi\/wp-json\/wp\/v2\/pages\/47941","targetHints":{"allow":["GET"]}}],"collection":[{"href":"https:\/\/elcoline.com\/fi\/wp-json\/wp\/v2\/pages"}],"about":[{"href":"https:\/\/elcoline.com\/fi\/wp-json\/wp\/v2\/types\/page"}],"author":[{"embeddable":true,"href":"https:\/\/elcoline.com\/fi\/wp-json\/wp\/v2\/users\/10"}],"replies":[{"embeddable":true,"href":"https:\/\/elcoline.com\/fi\/wp-json\/wp\/v2\/comments?post=47941"}],"version-history":[{"count":10,"href":"https:\/\/elcoline.com\/fi\/wp-json\/wp\/v2\/pages\/47941\/revisions"}],"predecessor-version":[{"id":48745,"href":"https:\/\/elcoline.com\/fi\/wp-json\/wp\/v2\/pages\/47941\/revisions\/48745"}],"up":[{"embeddable":true,"href":"https:\/\/elcoline.com\/fi\/wp-json\/wp\/v2\/pages\/47235"}],"wp:featuredmedia":[{"embeddable":true,"href":"https:\/\/elcoline.com\/fi\/wp-json\/wp\/v2\/media\/568"}],"wp:attachment":[{"href":"https:\/\/elcoline.com\/fi\/wp-json\/wp\/v2\/media?parent=47941"}],"curies":[{"name":"wp","href":"https:\/\/api.w.org\/{rel}","templated":true}]}}