{"id":47955,"date":"2025-03-20T11:31:13","date_gmt":"2025-03-20T11:31:13","guid":{"rendered":"https:\/\/elcoline.com\/palvelut\/asennus-korjaus-ja-huolto\/"},"modified":"2025-09-09T11:01:40","modified_gmt":"2025-09-09T11:01:40","slug":"asennus-korjaus-ja-huolto","status":"publish","type":"page","link":"https:\/\/elcoline.com\/fi\/palvelut\/asennus-korjaus-ja-huolto\/","title":{"rendered":"Asennus, korjaus ja huolto"},"content":{"rendered":"\n<div class=\"wp-block-cover is-light hero has-base-color has-text-color has-link-color wp-elements-3d15d0fe547c33ce24f021078561f6bd\"><span aria-hidden=\"true\" class=\"wp-block-cover__background has-background-dim\" style=\"background-color:#FFF\"><\/span><img loading=\"lazy\" decoding=\"async\" width=\"2560\" height=\"1473\" src=\"https:\/\/elcoline.com\/wp-content\/uploads\/2025\/06\/elcoline-marine-caps-scaled.webp\" class=\"wp-block-cover__image-background wp-post-image\" alt=\"Elcoline marine services, group of people lifting caps\" data-object-fit=\"cover\" srcset=\"https:\/\/elcoline.com\/wp-content\/uploads\/2025\/06\/elcoline-marine-caps-scaled.webp 2560w, https:\/\/elcoline.com\/wp-content\/uploads\/2025\/06\/elcoline-marine-caps-300x173.webp 300w, https:\/\/elcoline.com\/wp-content\/uploads\/2025\/06\/elcoline-marine-caps-1024x589.webp 1024w, https:\/\/elcoline.com\/wp-content\/uploads\/2025\/06\/elcoline-marine-caps-768x442.webp 768w, https:\/\/elcoline.com\/wp-content\/uploads\/2025\/06\/elcoline-marine-caps-1536x884.webp 1536w, https:\/\/elcoline.com\/wp-content\/uploads\/2025\/06\/elcoline-marine-caps-2048x1178.webp 2048w\" sizes=\"auto, (max-width: 2560px) 100vw, 2560px\" \/><div class=\"wp-block-cover__inner-container is-layout-flow wp-block-cover-is-layout-flow\">\n<h2 class=\"wp-block-heading\">Palvelut<\/h2>\n\n\n\n<div class=\"wp-block-columns is-layout-flex wp-container-core-columns-is-layout-28f84493 wp-block-columns-is-layout-flex\">\n<div class=\"wp-block-column is-layout-flow wp-block-column-is-layout-flow\">\n<h1 class=\"wp-block-heading\">Asennus, korjaus ja huolto<\/h1>\n<\/div>\n\n\n\n<div class=\"wp-block-column is-layout-flow wp-block-column-is-layout-flow\">\n<p><\/p>\n<\/div>\n<\/div>\n<\/div><\/div>\n\n\n\n<div class=\"wp-block-columns is-layout-flex wp-container-core-columns-is-layout-28f84493 wp-block-columns-is-layout-flex\">\n<div class=\"wp-block-column is-layout-flow wp-block-column-is-layout-flow\">\n<h2 class=\"wp-block-heading\">Teollisuuden tekniset palvelut meriteollisuudelle<\/h2>\n<\/div>\n\n\n\n<div class=\"wp-block-column is-layout-flow wp-block-column-is-layout-flow\">\n<p>Pitk\u00e4 kokemuksemme erilaisten laivatyyppeihin, alueisiin ja j\u00e4rjestelmiin liittyvien rakennusprojektien parissa auttaa meit\u00e4 l\u00f6yt\u00e4m\u00e4\u00e4n parhaat ratkaisut sek\u00e4 uuden aluksen rakentamisen ett\u00e4 muunnoskohteen yll\u00e4pidon tarpeisiin.<\/p>\n<\/div>\n<\/div>\n\n\n\n<div class=\"wp-block-columns is-layout-flex wp-container-core-columns-is-layout-28f84493 wp-block-columns-is-layout-flex\">\n<div class=\"wp-block-column is-layout-flow wp-block-column-is-layout-flow\"><\/div>\n\n\n\n<div class=\"wp-block-column is-layout-flow wp-block-column-is-layout-flow\"><\/div>\n<\/div>\n\n\n\n<div class=\"wp-block-columns is-style-section-3 is-layout-flex wp-container-core-columns-is-layout-a54e0cfc wp-block-columns-is-layout-flex is-style-section-3--1\" style=\"padding-top:var(--wp--preset--spacing--60);padding-bottom:var(--wp--preset--spacing--60)\">\n<div class=\"wp-block-column is-layout-flow wp-block-column-is-layout-flow\">\n<h3 class=\"wp-block-heading\">Palvelumme<\/h3>\n\n\n\n<div class=\"wp-block-group alignwide vertical-lines is-layout-grid wp-container-core-group-is-layout-478b6e6b wp-block-group-is-layout-grid\">\n<p>S\u00e4hk\u00f6asennukset ja s\u00e4hk\u00f6saattol\u00e4mmitykset<\/p>\n\n\n\n<p>Automaatioasennukset<\/p>\n\n\n\n<p>Kaapeloinnit<\/p>\n\n\n\n<p>S\u00e4hk\u00f6varusteluprojektit<\/p>\n\n\n\n<p>Sisustus- ja konej\u00e4rjestelmien k\u00e4ytt\u00f6\u00f6nottoty\u00f6t<\/p>\n\n\n\n<p>Teknisten alueiden kokonaistoimitukset<\/p>\n\n\n\n<p>Laivan k\u00e4yt\u00f6naikaiset s\u00e4hk\u00f6huoltopalvelu<\/p>\n<\/div>\n<\/div>\n<\/div>\n\n\n\n<div class=\"wp-block-columns is-style-section-4 is-layout-flex wp-container-core-columns-is-layout-c47336c3 wp-block-columns-is-layout-flex is-style-section-4--2\" style=\"margin-top:0;margin-bottom:0;padding-top:var(--wp--preset--spacing--60);padding-bottom:var(--wp--preset--spacing--60)\">\n<div class=\"wp-block-column is-layout-flow wp-block-column-is-layout-flow\">\n<h3 class=\"wp-block-heading\">S\u00e4hk\u00f6varustelukohteet<\/h3>\n\n\n\n<div class=\"wp-block-group alignwide vertical-lines is-layout-grid wp-container-core-group-is-layout-478b6e6b wp-block-group-is-layout-grid\">\n<p class=\"wp-container-content-4a03de8f\">P\u00e4\u00e4konehuoneet<\/p>\n\n\n\n<p class=\"wp-container-content-4a03de8f\">Valvomo<\/p>\n\n\n\n<p class=\"wp-container-content-4a03de8f\">Ohjaamo<\/p>\n\n\n\n<p class=\"wp-container-content-4a03de8f\">Pumppuhuoneet<\/p>\n\n\n\n<p class=\"wp-container-content-4a03de8f\">Separaattoritilat incineraattorihuoneet<\/p>\n\n\n\n<p class=\"wp-container-content-4a03de8f\">Tankkialueet<\/p>\n\n\n\n<p class=\"wp-container-content-4a03de8f\">Trusterihuoneet<\/p>\n\n\n\n<p class=\"wp-container-content-4a03de8f\">S\u00e4hk\u00f6tilat<\/p>\n\n\n\n<p class=\"wp-container-content-4a03de8f\">K\u00e4ytt\u00f6\u00f6notot<\/p>\n\n\n\n<p class=\"wp-container-content-4a03de8f\">Yli 1000V asennukset<\/p>\n<\/div>\n<\/div>\n<\/div>\n\n\n\n<div class=\"wp-block-columns is-style-section-3 is-layout-flex wp-container-core-columns-is-layout-85518bf0 wp-block-columns-is-layout-flex is-style-section-3--3\" style=\"margin-top:0;margin-bottom:0;padding-top:var(--wp--preset--spacing--60);padding-bottom:var(--wp--preset--spacing--60)\">\n<div class=\"wp-block-column is-layout-flow wp-block-column-is-layout-flow\">\n<div class=\"wp-block-columns is-layout-flex wp-container-core-columns-is-layout-28f84493 wp-block-columns-is-layout-flex\">\n<div class=\"wp-block-column is-layout-flow wp-block-column-is-layout-flow\">\n<h3 class=\"wp-block-heading\">KT toimituskohteet<\/h3>\n\n\n\n<div class=\"wp-block-group alignwide vertical-lines is-content-justification-space-between is-nowrap is-layout-flex wp-container-core-group-is-layout-4e2e7437 wp-block-group-is-layout-flex\">\n<p>AC huoneet<\/p>\n\n\n\n<p>S\u00e4hk\u00f6tilat<\/p>\n\n\n\n<p>separaattoritila propulsiomoottoritilat<\/p>\n<\/div>\n<\/div>\n\n\n\n<div class=\"wp-block-column is-layout-flow wp-block-column-is-layout-flow\">\n<h3 class=\"wp-block-heading\">Elinkaeripalvelukohteet<\/h3>\n\n\n\n<div class=\"wp-block-group alignwide vertical-lines is-content-justification-space-between is-nowrap is-layout-flex wp-container-core-group-is-layout-4e2e7437 wp-block-group-is-layout-flex\">\n<p>ABB Azipod huoltoty\u00f6t ja varustamokohteet<\/p>\n<\/div>\n<\/div>\n<\/div>\n<\/div>\n<\/div>\n\n\n\n<div class=\"wp-block-columns are-vertically-aligned-top is-style-section-2 elcoline-contact is-layout-flex wp-container-core-columns-is-layout-a0b9691e wp-block-columns-is-layout-flex is-style-section-2--4\" style=\"margin-top:0px;margin-bottom:0px;padding-top:var(--wp--preset--spacing--80);padding-bottom:var(--wp--preset--spacing--80)\">\n<div class=\"wp-block-column is-vertically-aligned-top is-layout-flow wp-block-column-is-layout-flow\">\n<div class=\"wp-block-columns is-layout-flex wp-container-core-columns-is-layout-28f84493 wp-block-columns-is-layout-flex\">\n<div class=\"wp-block-column is-layout-flow wp-block-column-is-layout-flow\" style=\"flex-basis:50%\">\n<h2 class=\"wp-block-heading\">Ota yhteytt\u00e4 asiantuntijaamme<\/h2>\n\n\n\n<div class=\"wp-block-buttons is-horizontal is-content-justification-left is-layout-flex wp-container-core-buttons-is-layout-036cb0ab wp-block-buttons-is-layout-flex\">\n<div class=\"wp-block-button\"><a class=\"wp-block-button__link wp-element-button\" href=\"https:\/\/elcoline.com\/fi\/yhteystiedot\/\">Kaikki yhteystiedot<\/a><\/div>\n<\/div>\n<\/div>\n\n\n\n<div class=\"wp-block-column is-layout-flow wp-block-column-is-layout-flow\" style=\"flex-basis:25%\">\n\n\n<h4 class=\"wp-block-heading\"><\/h4>\n\n\n\n<p style=\"font-size:14px\">Liiketoimintajohtaja, L\u00e4nsi-Suomi<strong><br>Markus M\u00e4kinen<\/strong><br><a href=\"http:\/\/+358 50 412 3522\"><\/a><a href=\"markus.makinen@elcoline.fi\">markus.makinen@elcoline.fi<br><\/a><a href=\"http:\/\/+358 50 412 3522\">+358 50 412 3522<\/a><\/p>\n<\/div>\n\n\n\n<div class=\"wp-block-column is-layout-flow wp-block-column-is-layout-flow\" style=\"flex-basis:25%\">\n\n\n<h3 class=\"wp-block-heading\"><\/h3>\n\n\n\n<p><\/p>\n<\/div>\n<\/div>\n<\/div>\n<\/div>\n","protected":false},"excerpt":{"rendered":"<p>Teollisuuden tekniset palvelut meriteollisuudelle Pitk\u00e4 kokemuksemme erilaisten laivatyyppeihin, alueisiin ja j\u00e4rjestelmiin liittyvien rakennusprojektien parissa auttaa meit\u00e4 l\u00f6yt\u00e4m\u00e4\u00e4n parhaat ratkaisut sek\u00e4 uuden aluksen rakentamisen ett\u00e4 muunnoskohteen yll\u00e4pidon tarpeisiin. Palvelumme S\u00e4hk\u00f6asennukset ja s\u00e4hk\u00f6saattol\u00e4mmitykset Automaatioasennukset Kaapeloinnit S\u00e4hk\u00f6varusteluprojektit Sisustus- ja konej\u00e4rjestelmien k\u00e4ytt\u00f6\u00f6nottoty\u00f6t Teknisten alueiden kokonaistoimitukset Laivan k\u00e4yt\u00f6naikaiset s\u00e4hk\u00f6huoltopalvelu S\u00e4hk\u00f6varustelukohteet P\u00e4\u00e4konehuoneet Valvomo Ohjaamo Pumppuhuoneet Separaattoritilat incineraattorihuoneet Tankkialueet Trusterihuoneet S\u00e4hk\u00f6tilat K\u00e4ytt\u00f6\u00f6notot [&hellip;]<\/p>\n","protected":false},"author":10,"featured_media":587,"parent":47235,"menu_order":11,"comment_status":"closed","ping_status":"closed","template":"","meta":{"footnotes":""},"class_list":["post-47955","page","type-page","status-publish","has-post-thumbnail","hentry"],"yoast_head":"<!-- This site is optimized with the Yoast SEO plugin v27.5 - https:\/\/yoast.com\/product\/yoast-seo-wordpress\/ -->\n<title>Asennus, korjaus ja huolto - Elcoline Group<\/title>\n<meta name=\"description\" content=\"Pitk\u00e4aikainen kokemuksemme erilaisten laivatyyppien, alueiden ja j\u00e4rjestelmien rakennusprojekteista auttavat meit\u00e4 l\u00f6yt\u00e4m\u00e4\u00e4n parhaat ratkaisut sek\u00e4 uudislaivan ja konversiokohteen rakentamisen ett\u00e4 alusten yll\u00e4pidon tarpeita ajatellen.\" \/>\n<meta name=\"robots\" content=\"index, follow, max-snippet:-1, max-image-preview:large, max-video-preview:-1\" \/>\n<link rel=\"canonical\" href=\"https:\/\/elcoline.com\/fi\/palvelut\/asennus-korjaus-ja-huolto\/\" \/>\n<meta property=\"og:locale\" content=\"fi_FI\" \/>\n<meta property=\"og:type\" content=\"article\" \/>\n<meta property=\"og:title\" content=\"Asennus, korjaus ja huolto - Elcoline Group\" \/>\n<meta property=\"og:description\" content=\"Pitk\u00e4aikainen kokemuksemme erilaisten laivatyyppien, alueiden ja j\u00e4rjestelmien rakennusprojekteista auttavat meit\u00e4 l\u00f6yt\u00e4m\u00e4\u00e4n parhaat ratkaisut sek\u00e4 uudislaivan ja konversiokohteen rakentamisen ett\u00e4 alusten yll\u00e4pidon tarpeita ajatellen.\" \/>\n<meta property=\"og:url\" content=\"https:\/\/elcoline.com\/fi\/palvelut\/asennus-korjaus-ja-huolto\/\" \/>\n<meta property=\"og:site_name\" content=\"Elcoline Group\" \/>\n<meta property=\"article:modified_time\" content=\"2025-09-09T11:01:40+00:00\" \/>\n<meta property=\"og:image\" content=\"https:\/\/elcoline.com\/wp-content\/uploads\/2025\/06\/elcoline-marine-caps-scaled.webp\" \/>\n\t<meta property=\"og:image:width\" content=\"2560\" \/>\n\t<meta property=\"og:image:height\" content=\"1473\" \/>\n\t<meta property=\"og:image:type\" content=\"image\/webp\" \/>\n<meta name=\"twitter:card\" content=\"summary_large_image\" \/>\n<meta name=\"twitter:label1\" content=\"Arvioitu lukuaika\" \/>\n\t<meta name=\"twitter:data1\" content=\"2 minuuttia\" \/>\n<script type=\"application\/ld+json\" class=\"yoast-schema-graph\">{\"@context\":\"https:\\\/\\\/schema.org\",\"@graph\":[{\"@type\":\"WebPage\",\"@id\":\"https:\\\/\\\/elcoline.com\\\/fi\\\/palvelut\\\/asennus-korjaus-ja-huolto\\\/\",\"url\":\"https:\\\/\\\/elcoline.com\\\/fi\\\/palvelut\\\/asennus-korjaus-ja-huolto\\\/\",\"name\":\"Asennus, korjaus ja huolto - Elcoline Group\",\"isPartOf\":{\"@id\":\"https:\\\/\\\/elcoline.com\\\/fi\\\/#website\"},\"primaryImageOfPage\":{\"@id\":\"https:\\\/\\\/elcoline.com\\\/fi\\\/palvelut\\\/asennus-korjaus-ja-huolto\\\/#primaryimage\"},\"image\":{\"@id\":\"https:\\\/\\\/elcoline.com\\\/fi\\\/palvelut\\\/asennus-korjaus-ja-huolto\\\/#primaryimage\"},\"thumbnailUrl\":\"https:\\\/\\\/elcoline.com\\\/wp-content\\\/uploads\\\/2025\\\/06\\\/elcoline-marine-caps-scaled.webp\",\"datePublished\":\"2025-03-20T11:31:13+00:00\",\"dateModified\":\"2025-09-09T11:01:40+00:00\",\"description\":\"Pitk\u00e4aikainen kokemuksemme erilaisten laivatyyppien, alueiden ja j\u00e4rjestelmien rakennusprojekteista auttavat meit\u00e4 l\u00f6yt\u00e4m\u00e4\u00e4n parhaat ratkaisut sek\u00e4 uudislaivan ja konversiokohteen rakentamisen ett\u00e4 alusten yll\u00e4pidon tarpeita ajatellen.\",\"breadcrumb\":{\"@id\":\"https:\\\/\\\/elcoline.com\\\/fi\\\/palvelut\\\/asennus-korjaus-ja-huolto\\\/#breadcrumb\"},\"inLanguage\":\"fi\",\"potentialAction\":[{\"@type\":\"ReadAction\",\"target\":[\"https:\\\/\\\/elcoline.com\\\/fi\\\/palvelut\\\/asennus-korjaus-ja-huolto\\\/\"]}]},{\"@type\":\"ImageObject\",\"inLanguage\":\"fi\",\"@id\":\"https:\\\/\\\/elcoline.com\\\/fi\\\/palvelut\\\/asennus-korjaus-ja-huolto\\\/#primaryimage\",\"url\":\"https:\\\/\\\/elcoline.com\\\/wp-content\\\/uploads\\\/2025\\\/06\\\/elcoline-marine-caps-scaled.webp\",\"contentUrl\":\"https:\\\/\\\/elcoline.com\\\/wp-content\\\/uploads\\\/2025\\\/06\\\/elcoline-marine-caps-scaled.webp\",\"width\":2560,\"height\":1473,\"caption\":\"Elcoline marine services, group of people lifting caps\"},{\"@type\":\"BreadcrumbList\",\"@id\":\"https:\\\/\\\/elcoline.com\\\/fi\\\/palvelut\\\/asennus-korjaus-ja-huolto\\\/#breadcrumb\",\"itemListElement\":[{\"@type\":\"ListItem\",\"position\":1,\"name\":\"Asennus, korjaus ja huolto\",\"item\":\"https:\\\/\\\/elcoline.com\\\/fi\\\/palvelut\\\/asennus-korjaus-ja-huolto\\\/\"},{\"@type\":\"ListItem\",\"position\":2,\"name\":\"Asennus, korjaus ja huolto\"}]},{\"@type\":\"WebSite\",\"@id\":\"https:\\\/\\\/elcoline.com\\\/fi\\\/#website\",\"url\":\"https:\\\/\\\/elcoline.com\\\/fi\\\/\",\"name\":\"Elcoline Group\",\"description\":\"\",\"potentialAction\":[{\"@type\":\"SearchAction\",\"target\":{\"@type\":\"EntryPoint\",\"urlTemplate\":\"https:\\\/\\\/elcoline.com\\\/fi\\\/?s={search_term_string}\"},\"query-input\":{\"@type\":\"PropertyValueSpecification\",\"valueRequired\":true,\"valueName\":\"search_term_string\"}}],\"inLanguage\":\"fi\"}]}<\/script>\n<!-- \/ Yoast SEO plugin. -->","yoast_head_json":{"title":"Asennus, korjaus ja huolto - Elcoline Group","description":"Pitk\u00e4aikainen kokemuksemme erilaisten laivatyyppien, alueiden ja j\u00e4rjestelmien rakennusprojekteista auttavat meit\u00e4 l\u00f6yt\u00e4m\u00e4\u00e4n parhaat ratkaisut sek\u00e4 uudislaivan ja konversiokohteen rakentamisen ett\u00e4 alusten yll\u00e4pidon tarpeita ajatellen.","robots":{"index":"index","follow":"follow","max-snippet":"max-snippet:-1","max-image-preview":"max-image-preview:large","max-video-preview":"max-video-preview:-1"},"canonical":"https:\/\/elcoline.com\/fi\/palvelut\/asennus-korjaus-ja-huolto\/","og_locale":"fi_FI","og_type":"article","og_title":"Asennus, korjaus ja huolto - Elcoline Group","og_description":"Pitk\u00e4aikainen kokemuksemme erilaisten laivatyyppien, alueiden ja j\u00e4rjestelmien rakennusprojekteista auttavat meit\u00e4 l\u00f6yt\u00e4m\u00e4\u00e4n parhaat ratkaisut sek\u00e4 uudislaivan ja konversiokohteen rakentamisen ett\u00e4 alusten yll\u00e4pidon tarpeita ajatellen.","og_url":"https:\/\/elcoline.com\/fi\/palvelut\/asennus-korjaus-ja-huolto\/","og_site_name":"Elcoline Group","article_modified_time":"2025-09-09T11:01:40+00:00","og_image":[{"width":2560,"height":1473,"url":"https:\/\/elcoline.com\/wp-content\/uploads\/2025\/06\/elcoline-marine-caps-scaled.webp","type":"image\/webp"}],"twitter_card":"summary_large_image","twitter_misc":{"Arvioitu lukuaika":"2 minuuttia"},"schema":{"@context":"https:\/\/schema.org","@graph":[{"@type":"WebPage","@id":"https:\/\/elcoline.com\/fi\/palvelut\/asennus-korjaus-ja-huolto\/","url":"https:\/\/elcoline.com\/fi\/palvelut\/asennus-korjaus-ja-huolto\/","name":"Asennus, korjaus ja huolto - Elcoline Group","isPartOf":{"@id":"https:\/\/elcoline.com\/fi\/#website"},"primaryImageOfPage":{"@id":"https:\/\/elcoline.com\/fi\/palvelut\/asennus-korjaus-ja-huolto\/#primaryimage"},"image":{"@id":"https:\/\/elcoline.com\/fi\/palvelut\/asennus-korjaus-ja-huolto\/#primaryimage"},"thumbnailUrl":"https:\/\/elcoline.com\/wp-content\/uploads\/2025\/06\/elcoline-marine-caps-scaled.webp","datePublished":"2025-03-20T11:31:13+00:00","dateModified":"2025-09-09T11:01:40+00:00","description":"Pitk\u00e4aikainen kokemuksemme erilaisten laivatyyppien, alueiden ja j\u00e4rjestelmien rakennusprojekteista auttavat meit\u00e4 l\u00f6yt\u00e4m\u00e4\u00e4n parhaat ratkaisut sek\u00e4 uudislaivan ja konversiokohteen rakentamisen ett\u00e4 alusten yll\u00e4pidon tarpeita ajatellen.","breadcrumb":{"@id":"https:\/\/elcoline.com\/fi\/palvelut\/asennus-korjaus-ja-huolto\/#breadcrumb"},"inLanguage":"fi","potentialAction":[{"@type":"ReadAction","target":["https:\/\/elcoline.com\/fi\/palvelut\/asennus-korjaus-ja-huolto\/"]}]},{"@type":"ImageObject","inLanguage":"fi","@id":"https:\/\/elcoline.com\/fi\/palvelut\/asennus-korjaus-ja-huolto\/#primaryimage","url":"https:\/\/elcoline.com\/wp-content\/uploads\/2025\/06\/elcoline-marine-caps-scaled.webp","contentUrl":"https:\/\/elcoline.com\/wp-content\/uploads\/2025\/06\/elcoline-marine-caps-scaled.webp","width":2560,"height":1473,"caption":"Elcoline marine services, group of people lifting caps"},{"@type":"BreadcrumbList","@id":"https:\/\/elcoline.com\/fi\/palvelut\/asennus-korjaus-ja-huolto\/#breadcrumb","itemListElement":[{"@type":"ListItem","position":1,"name":"Asennus, korjaus ja huolto","item":"https:\/\/elcoline.com\/fi\/palvelut\/asennus-korjaus-ja-huolto\/"},{"@type":"ListItem","position":2,"name":"Asennus, korjaus ja huolto"}]},{"@type":"WebSite","@id":"https:\/\/elcoline.com\/fi\/#website","url":"https:\/\/elcoline.com\/fi\/","name":"Elcoline Group","description":"","potentialAction":[{"@type":"SearchAction","target":{"@type":"EntryPoint","urlTemplate":"https:\/\/elcoline.com\/fi\/?s={search_term_string}"},"query-input":{"@type":"PropertyValueSpecification","valueRequired":true,"valueName":"search_term_string"}}],"inLanguage":"fi"}]}},"pbg_featured_image_src":{"full":["https:\/\/elcoline.com\/wp-content\/uploads\/2025\/06\/elcoline-marine-caps-scaled.webp",2560,1473,false],"thumbnail":["https:\/\/elcoline.com\/wp-content\/uploads\/2025\/06\/elcoline-marine-caps-150x150.webp",150,150,true],"medium":["https:\/\/elcoline.com\/wp-content\/uploads\/2025\/06\/elcoline-marine-caps-300x173.webp",300,173,true],"medium_large":["https:\/\/elcoline.com\/wp-content\/uploads\/2025\/06\/elcoline-marine-caps-768x442.webp",768,442,true],"large":["https:\/\/elcoline.com\/wp-content\/uploads\/2025\/06\/elcoline-marine-caps-1024x589.webp",1024,589,true],"1536x1536":["https:\/\/elcoline.com\/wp-content\/uploads\/2025\/06\/elcoline-marine-caps-1536x884.webp",1536,884,true],"2048x2048":["https:\/\/elcoline.com\/wp-content\/uploads\/2025\/06\/elcoline-marine-caps-2048x1178.webp",2048,1178,true]},"pbg_author_info":{"display_name":"admin","author_link":"https:\/\/elcoline.com\/fi\/author\/admin\/","author_img":false},"pbg_comment_info":" No Comments","pbg_excerpt":"Teollisuuden tekniset palvelut meriteollisuudelle Pitk\u00e4 kokemuksemme erilaisten laivatyyppeihin, alueisiin ja j\u00e4rjestelmiin liittyvien rakennusprojektien parissa auttaa meit\u00e4 l\u00f6yt\u00e4m\u00e4\u00e4n parhaat ratkaisut sek\u00e4 uuden aluksen rakentamisen ett\u00e4 muunnoskohteen yll\u00e4pidon tarpeisiin. Palvelumme S\u00e4hk\u00f6asennukset ja s\u00e4hk\u00f6saattol\u00e4mmitykset Automaatioasennukset Kaapeloinnit S\u00e4hk\u00f6varusteluprojektit Sisustus- ja konej\u00e4rjestelmien k\u00e4ytt\u00f6\u00f6nottoty\u00f6t Teknisten alueiden kokonaistoimitukset Laivan k\u00e4yt\u00f6naikaiset s\u00e4hk\u00f6huoltopalvelu S\u00e4hk\u00f6varustelukohteet P\u00e4\u00e4konehuoneet Valvomo Ohjaamo Pumppuhuoneet Separaattoritilat incineraattorihuoneet Tankkialueet Trusterihuoneet S\u00e4hk\u00f6tilat K\u00e4ytt\u00f6\u00f6notot&hellip;","_links":{"self":[{"href":"https:\/\/elcoline.com\/fi\/wp-json\/wp\/v2\/pages\/47955","targetHints":{"allow":["GET"]}}],"collection":[{"href":"https:\/\/elcoline.com\/fi\/wp-json\/wp\/v2\/pages"}],"about":[{"href":"https:\/\/elcoline.com\/fi\/wp-json\/wp\/v2\/types\/page"}],"author":[{"embeddable":true,"href":"https:\/\/elcoline.com\/fi\/wp-json\/wp\/v2\/users\/10"}],"replies":[{"embeddable":true,"href":"https:\/\/elcoline.com\/fi\/wp-json\/wp\/v2\/comments?post=47955"}],"version-history":[{"count":3,"href":"https:\/\/elcoline.com\/fi\/wp-json\/wp\/v2\/pages\/47955\/revisions"}],"predecessor-version":[{"id":47959,"href":"https:\/\/elcoline.com\/fi\/wp-json\/wp\/v2\/pages\/47955\/revisions\/47959"}],"up":[{"embeddable":true,"href":"https:\/\/elcoline.com\/fi\/wp-json\/wp\/v2\/pages\/47235"}],"wp:featuredmedia":[{"embeddable":true,"href":"https:\/\/elcoline.com\/fi\/wp-json\/wp\/v2\/media\/587"}],"wp:attachment":[{"href":"https:\/\/elcoline.com\/fi\/wp-json\/wp\/v2\/media?parent=47955"}],"curies":[{"name":"wp","href":"https:\/\/api.w.org\/{rel}","templated":true}]}}