{"id":48003,"date":"2025-03-20T11:31:11","date_gmt":"2025-03-20T09:31:11","guid":{"rendered":"https:\/\/elcoline.com\/palvelut\/kunnonvalvontapalvelut\/"},"modified":"2026-03-02T12:01:40","modified_gmt":"2026-03-02T10:01:40","slug":"kunnonvalvontapalvelut","status":"publish","type":"page","link":"https:\/\/elcoline.com\/fi\/palvelut\/kunnonvalvontapalvelut\/","title":{"rendered":"Kunnonvalvonta"},"content":{"rendered":"\n<div class=\"wp-block-cover is-light hero elcoline-hero has-base-color has-text-color has-link-color wp-elements-506c05811164fd57cb06f3e01e003fb6\"><span aria-hidden=\"true\" class=\"wp-block-cover__background has-background-dim\" style=\"background-color:#FFF\"><\/span><img loading=\"lazy\" decoding=\"async\" width=\"1152\" height=\"648\" src=\"https:\/\/elcoline.com\/wp-content\/uploads\/2025\/06\/HVAC-electrical-mechanical-services.webp\" class=\"wp-block-cover__image-background wp-post-image\" alt=\"HVAC-electrical-mechanical-services\" data-object-fit=\"cover\" srcset=\"https:\/\/elcoline.com\/wp-content\/uploads\/2025\/06\/HVAC-electrical-mechanical-services.webp 1152w, https:\/\/elcoline.com\/wp-content\/uploads\/2025\/06\/HVAC-electrical-mechanical-services-300x169.webp 300w, https:\/\/elcoline.com\/wp-content\/uploads\/2025\/06\/HVAC-electrical-mechanical-services-1024x576.webp 1024w, https:\/\/elcoline.com\/wp-content\/uploads\/2025\/06\/HVAC-electrical-mechanical-services-768x432.webp 768w\" sizes=\"auto, (max-width: 1152px) 100vw, 1152px\" \/><div class=\"wp-block-cover__inner-container is-layout-flow wp-block-cover-is-layout-flow\">\n<h2 class=\"wp-block-heading\">Palvelut<\/h2>\n\n\n\n<div class=\"wp-block-columns is-layout-flex wp-container-core-columns-is-layout-28f84493 wp-block-columns-is-layout-flex\">\n<div class=\"wp-block-column is-layout-flow wp-block-column-is-layout-flow\">\n<h1 class=\"wp-block-heading\">Kunnonvalvonta<\/h1>\n<\/div>\n\n\n\n<div class=\"wp-block-column is-layout-flow wp-block-column-is-layout-flow\">\n<p><\/p>\n<\/div>\n<\/div>\n<\/div><\/div>\n\n\n\n<div class=\"wp-block-columns is-layout-flex wp-container-core-columns-is-layout-28f84493 wp-block-columns-is-layout-flex\">\n<div class=\"wp-block-column is-layout-flow wp-block-column-is-layout-flow\">\n<h2 class=\"wp-block-heading\">Tehokasta kunnossapitoa ja kunnonvalvontaa \u2013 tuotannon tueksi<\/h2>\n<\/div>\n\n\n\n<div class=\"wp-block-column is-layout-flow wp-block-column-is-layout-flow\">\n<p>Tarjoamme luotettavia ja asiakaskohtaisia teollisuuden kunnossapito- ja kunnonvalvontapalveluita, jotka parantavat tuotannon tehokkuutta ja pienent\u00e4v\u00e4t kustannuksia. \u00c4lykk\u00e4\u00e4sti suunniteltu kunnonvalvonta tukee laitteiden elinkaaren optimointia ja omaisuudenhallintaa \u2013 samalla lis\u00e4ten huoltotoiminnan l\u00e4pin\u00e4kyvyytt\u00e4 ja ennakoitavuutta.<\/p>\n\n\n\n<p>Kunnonvalvonnan avulla voidaan havaita alkavat viat ajoissa, arvioida vaurion vakavuus ja suunnitella huoltotoimenpiteet oikea-aikaisesti \u2013 esimerkiksi suunniteltujen huoltokatkojen yhteyteen. T\u00e4m\u00e4 v\u00e4hent\u00e4\u00e4 yll\u00e4tt\u00e4vi\u00e4 seisokkeja ja parantaa tuotannon jatkuvuutta.<\/p>\n\n\n\n<p>Tarjoamme asiakaskohtaisia kunnossapito- ja kunnonvalvontapalveluita, jotka parantavat tuotannon tehokkuutta ja v\u00e4hent\u00e4v\u00e4t kustannuksia. Reittimittaukset, online-valvonta, voiteluaineanalyysit ja s\u00e4hk\u00f6nlaatumittaukset auttavat havaitsemaan viat ajoissa, pident\u00e4m\u00e4\u00e4n laitteiden k\u00e4ytt\u00f6ik\u00e4\u00e4 ja parantamaan energiatehokkuutta. Yhdist\u00e4m\u00e4ll\u00e4 mittaukset, analytiikan ja jatkuvan kehityksen varmistamme huipputason kunnossapidon \u2013 luotettavasti ja kustannustehokkaasti.<\/p>\n<\/div>\n<\/div>\n\n\n\n<div class=\"wp-block-columns is-style-default is-layout-flex wp-container-core-columns-is-layout-28f84493 wp-block-columns-is-layout-flex\">\n<div class=\"wp-block-column is-layout-flow wp-block-column-is-layout-flow\">\n<h2 class=\"wp-block-heading\">Kunnonvalvonnan edut<\/h2>\n<\/div>\n<\/div>\n\n\n\n<div class=\"wp-block-group is-layout-grid wp-container-core-group-is-layout-478b6e6b wp-block-group-is-layout-grid\">\n<ul class=\"wp-block-list\">\n<li>Varaosavaraston optimointi<\/li>\n<\/ul>\n\n\n\n<ul class=\"wp-block-list\">\n<li>Tehokkaampi resurssien suunnittelu ja kohdentaminen<\/li>\n<\/ul>\n\n\n\n<ul class=\"wp-block-list\">\n<li>Tarkempi ennakoivan huollon aikataulutus<\/li>\n<\/ul>\n\n\n\n<ul class=\"wp-block-list\">\n<li>Parantunut toimintavarmuus<\/li>\n<\/ul>\n\n\n\n<ul class=\"wp-block-list\">\n<li>Alhaisemmat yksikk\u00f6kohtaiset tuotantokustannukset<\/li>\n<\/ul>\n<\/div>\n\n\n\n<h2 class=\"wp-block-heading\" style=\"padding-top:3rem\">Kunnonvalvonta\u00adpalvelut<\/h2>\n\n\n\n<div class=\"wp-block-group is-layout-grid wp-container-core-group-is-layout-478b6e6b wp-block-group-is-layout-grid\">\n<ul class=\"wp-block-list\">\n<li>L\u00e4mp\u00f6kuvaus ja l\u00e4mp\u00f6tilamittaus<\/li>\n<\/ul>\n\n\n\n<ul class=\"wp-block-list\">\n<li>Reittimittaukset sek\u00e4 standardi- ett\u00e4 ATEX-ymp\u00e4rist\u00f6iss\u00e4<\/li>\n<\/ul>\n\n\n\n<ul class=\"wp-block-list\">\n<li>Vikadiagnostiikka ja tiedonkeruu<\/li>\n<\/ul>\n\n\n\n<ul class=\"wp-block-list\">\n<li>S\u00e4hk\u00f6nlaatumittaus<\/li>\n<\/ul>\n\n\n\n<ul class=\"wp-block-list\">\n<li>Iskukoe ja ominaistaajuusmittaus<\/li>\n<\/ul>\n\n\n\n<ul class=\"wp-block-list\">\n<li>Laserlinjausmittaus<\/li>\n<\/ul>\n\n\n\n<ul class=\"wp-block-list\">\n<li>Takymetrimittaus<\/li>\n<\/ul>\n\n\n\n<ul class=\"wp-block-list\">\n<li>Linjausmittaus<\/li>\n<\/ul>\n\n\n\n<ul class=\"wp-block-list\">\n<li>Stetoskooppidiagnostiikka<\/li>\n<\/ul>\n\n\n\n<h2 class=\"wp-block-heading\"><\/h2>\n<\/div>\n\n\n\n<div class=\"wp-block-columns is-style-section-3 is-layout-flex wp-container-core-columns-is-layout-a90dbcd3 wp-block-columns-is-layout-flex is-style-section-3--1\" style=\"padding-top:4rem;padding-bottom:4rem\">\n<div class=\"wp-block-column is-layout-flow wp-block-column-is-layout-flow\">\n<h2 class=\"wp-block-heading\">Elcoline Anywhere (aik. SSG Anywhere) pilvipalvelupoh\u00adjai\u00adnen tiedonkeruu, analysointi- ja seurantaj\u00e4rjes\u00adtelm\u00e4<\/h2>\n<\/div>\n\n\n\n<div class=\"wp-block-column is-layout-flow wp-block-column-is-layout-flow\">\n<ul class=\"wp-block-list\">\n<li>Tiedonkeruu, analysointi ja seuranta<\/li>\n\n\n\n<li>Tiedonkeruu ja analyysi parantavat toimintavarmuutta<\/li>\n<\/ul>\n\n\n\n<ul class=\"wp-block-list\">\n<li>Kunnonvalvonta auttaa ehk\u00e4isem\u00e4\u00e4n yll\u00e4tt\u00e4vi\u00e4 tuotantokatkoksia<\/li>\n\n\n\n<li>Lue lis\u00e4\u00e4 Elcoline Anywheresta <a href=\"https:\/\/elcoline.com\/fi\/palvelut\/anywhere\/\" type=\"page\" id=\"49445\">t\u00e4\u00e4lt\u00e4<\/a><\/li>\n<\/ul>\n<\/div>\n<\/div>\n\n\n\n<div class=\"wp-block-columns are-vertically-aligned-top elcoline-contact is-style-section-4 is-layout-flex wp-container-core-columns-is-layout-a0b9691e wp-block-columns-is-layout-flex is-style-section-4--2\" style=\"margin-top:0px;margin-bottom:0px;padding-top:var(--wp--preset--spacing--80);padding-bottom:var(--wp--preset--spacing--80)\">\n<div class=\"wp-block-column is-vertically-aligned-top is-layout-flow wp-block-column-is-layout-flow\">\n<div class=\"wp-block-columns is-layout-flex wp-container-core-columns-is-layout-28f84493 wp-block-columns-is-layout-flex\">\n<div class=\"wp-block-column is-layout-flow wp-block-column-is-layout-flow\" style=\"flex-basis:50%\">\n<h2 class=\"wp-block-heading\">Haluatko tiet\u00e4\u00e4 kuinka voisimme auttaa?<\/h2>\n\n\n\n<p><\/p>\n\n\n\n<div class=\"wp-block-buttons is-horizontal is-content-justification-left is-layout-flex wp-container-core-buttons-is-layout-036cb0ab wp-block-buttons-is-layout-flex\">\n<div class=\"wp-block-button\"><a class=\"wp-block-button__link wp-element-button\" href=\"https:\/\/elcoline.com\/fi\/yhteystiedot\/\">Ota yhteytt\u00e4 asiantuntijoihimme<\/a><\/div>\n<\/div>\n<\/div>\n\n\n\n<div class=\"wp-block-column is-layout-flow wp-block-column-is-layout-flow\" style=\"flex-basis:25%\">\n<p class=\"has-large-font-size\"><\/p>\n\n\n<\/div>\n\n\n\n<div class=\"wp-block-column is-layout-flow wp-block-column-is-layout-flow\" style=\"flex-basis:25%\">\n\n\n<h3 class=\"wp-block-heading\"><\/h3>\n\n\n\n<p><\/p>\n<\/div>\n<\/div>\n<\/div>\n<\/div>\n","protected":false},"excerpt":{"rendered":"<p>Tehokasta kunnossapitoa ja kunnonvalvontaa \u2013 tuotannon tueksi Tarjoamme luotettavia ja asiakaskohtaisia teollisuuden kunnossapito- ja kunnonvalvontapalveluita, jotka parantavat tuotannon tehokkuutta ja pienent\u00e4v\u00e4t kustannuksia. \u00c4lykk\u00e4\u00e4sti suunniteltu kunnonvalvonta tukee laitteiden elinkaaren optimointia ja omaisuudenhallintaa \u2013 samalla lis\u00e4ten huoltotoiminnan l\u00e4pin\u00e4kyvyytt\u00e4 ja ennakoitavuutta. Kunnonvalvonnan avulla voidaan havaita alkavat viat ajoissa, arvioida vaurion vakavuus ja suunnitella huoltotoimenpiteet oikea-aikaisesti \u2013 esimerkiksi suunniteltujen [&hellip;]<\/p>\n","protected":false},"author":10,"featured_media":1448,"parent":47235,"menu_order":20,"comment_status":"closed","ping_status":"closed","template":"","meta":{"footnotes":""},"class_list":["post-48003","page","type-page","status-publish","has-post-thumbnail","hentry"],"yoast_head":"<!-- This site is optimized with the Yoast SEO plugin v27.5 - https:\/\/yoast.com\/product\/yoast-seo-wordpress\/ -->\n<title>Kunnonvalvonta - Elcoline Group<\/title>\n<meta name=\"description\" content=\"Tehokasta kunnossapitoa ja kunnonvalvontaa \u2013 tuotannon tueksi.\" \/>\n<meta name=\"robots\" content=\"index, follow, max-snippet:-1, max-image-preview:large, max-video-preview:-1\" \/>\n<link rel=\"canonical\" href=\"https:\/\/elcoline.com\/fi\/palvelut\/kunnonvalvontapalvelut\/\" \/>\n<meta property=\"og:locale\" content=\"fi_FI\" \/>\n<meta property=\"og:type\" content=\"article\" \/>\n<meta property=\"og:title\" content=\"Kunnonvalvonta - Elcoline Group\" \/>\n<meta property=\"og:description\" content=\"Tehokasta kunnossapitoa ja kunnonvalvontaa \u2013 tuotannon tueksi.\" \/>\n<meta property=\"og:url\" content=\"https:\/\/elcoline.com\/fi\/palvelut\/kunnonvalvontapalvelut\/\" \/>\n<meta property=\"og:site_name\" content=\"Elcoline Group\" \/>\n<meta property=\"article:modified_time\" content=\"2026-03-02T10:01:40+00:00\" \/>\n<meta property=\"og:image\" content=\"https:\/\/elcoline.com\/wp-content\/uploads\/2025\/06\/HVAC-electrical-mechanical-services.webp\" \/>\n\t<meta property=\"og:image:width\" content=\"1152\" \/>\n\t<meta property=\"og:image:height\" content=\"648\" \/>\n\t<meta property=\"og:image:type\" content=\"image\/webp\" \/>\n<meta name=\"twitter:card\" content=\"summary_large_image\" \/>\n<meta name=\"twitter:label1\" content=\"Arvioitu lukuaika\" \/>\n\t<meta name=\"twitter:data1\" content=\"2 minuuttia\" \/>\n<script type=\"application\/ld+json\" class=\"yoast-schema-graph\">{\"@context\":\"https:\\\/\\\/schema.org\",\"@graph\":[{\"@type\":\"WebPage\",\"@id\":\"https:\\\/\\\/elcoline.com\\\/fi\\\/palvelut\\\/kunnonvalvontapalvelut\\\/\",\"url\":\"https:\\\/\\\/elcoline.com\\\/fi\\\/palvelut\\\/kunnonvalvontapalvelut\\\/\",\"name\":\"Kunnonvalvonta - Elcoline Group\",\"isPartOf\":{\"@id\":\"https:\\\/\\\/elcoline.com\\\/fi\\\/#website\"},\"primaryImageOfPage\":{\"@id\":\"https:\\\/\\\/elcoline.com\\\/fi\\\/palvelut\\\/kunnonvalvontapalvelut\\\/#primaryimage\"},\"image\":{\"@id\":\"https:\\\/\\\/elcoline.com\\\/fi\\\/palvelut\\\/kunnonvalvontapalvelut\\\/#primaryimage\"},\"thumbnailUrl\":\"https:\\\/\\\/elcoline.com\\\/wp-content\\\/uploads\\\/2025\\\/06\\\/HVAC-electrical-mechanical-services.webp\",\"datePublished\":\"2025-03-20T09:31:11+00:00\",\"dateModified\":\"2026-03-02T10:01:40+00:00\",\"description\":\"Tehokasta kunnossapitoa ja kunnonvalvontaa \u2013 tuotannon tueksi.\",\"breadcrumb\":{\"@id\":\"https:\\\/\\\/elcoline.com\\\/fi\\\/palvelut\\\/kunnonvalvontapalvelut\\\/#breadcrumb\"},\"inLanguage\":\"fi\",\"potentialAction\":[{\"@type\":\"ReadAction\",\"target\":[\"https:\\\/\\\/elcoline.com\\\/fi\\\/palvelut\\\/kunnonvalvontapalvelut\\\/\"]}]},{\"@type\":\"ImageObject\",\"inLanguage\":\"fi\",\"@id\":\"https:\\\/\\\/elcoline.com\\\/fi\\\/palvelut\\\/kunnonvalvontapalvelut\\\/#primaryimage\",\"url\":\"https:\\\/\\\/elcoline.com\\\/wp-content\\\/uploads\\\/2025\\\/06\\\/HVAC-electrical-mechanical-services.webp\",\"contentUrl\":\"https:\\\/\\\/elcoline.com\\\/wp-content\\\/uploads\\\/2025\\\/06\\\/HVAC-electrical-mechanical-services.webp\",\"width\":1152,\"height\":648,\"caption\":\"HVAC-electrical-mechanical-services\"},{\"@type\":\"BreadcrumbList\",\"@id\":\"https:\\\/\\\/elcoline.com\\\/fi\\\/palvelut\\\/kunnonvalvontapalvelut\\\/#breadcrumb\",\"itemListElement\":[{\"@type\":\"ListItem\",\"position\":1,\"name\":\"Kunnonvalvonta\",\"item\":\"https:\\\/\\\/elcoline.com\\\/fi\\\/palvelut\\\/kunnonvalvontapalvelut\\\/\"},{\"@type\":\"ListItem\",\"position\":2,\"name\":\"Kunnonvalvonta\"}]},{\"@type\":\"WebSite\",\"@id\":\"https:\\\/\\\/elcoline.com\\\/fi\\\/#website\",\"url\":\"https:\\\/\\\/elcoline.com\\\/fi\\\/\",\"name\":\"Elcoline Group\",\"description\":\"\",\"potentialAction\":[{\"@type\":\"SearchAction\",\"target\":{\"@type\":\"EntryPoint\",\"urlTemplate\":\"https:\\\/\\\/elcoline.com\\\/fi\\\/?s={search_term_string}\"},\"query-input\":{\"@type\":\"PropertyValueSpecification\",\"valueRequired\":true,\"valueName\":\"search_term_string\"}}],\"inLanguage\":\"fi\"}]}<\/script>\n<!-- \/ Yoast SEO plugin. -->","yoast_head_json":{"title":"Kunnonvalvonta - Elcoline Group","description":"Tehokasta kunnossapitoa ja kunnonvalvontaa \u2013 tuotannon tueksi.","robots":{"index":"index","follow":"follow","max-snippet":"max-snippet:-1","max-image-preview":"max-image-preview:large","max-video-preview":"max-video-preview:-1"},"canonical":"https:\/\/elcoline.com\/fi\/palvelut\/kunnonvalvontapalvelut\/","og_locale":"fi_FI","og_type":"article","og_title":"Kunnonvalvonta - Elcoline Group","og_description":"Tehokasta kunnossapitoa ja kunnonvalvontaa \u2013 tuotannon tueksi.","og_url":"https:\/\/elcoline.com\/fi\/palvelut\/kunnonvalvontapalvelut\/","og_site_name":"Elcoline Group","article_modified_time":"2026-03-02T10:01:40+00:00","og_image":[{"width":1152,"height":648,"url":"https:\/\/elcoline.com\/wp-content\/uploads\/2025\/06\/HVAC-electrical-mechanical-services.webp","type":"image\/webp"}],"twitter_card":"summary_large_image","twitter_misc":{"Arvioitu lukuaika":"2 minuuttia"},"schema":{"@context":"https:\/\/schema.org","@graph":[{"@type":"WebPage","@id":"https:\/\/elcoline.com\/fi\/palvelut\/kunnonvalvontapalvelut\/","url":"https:\/\/elcoline.com\/fi\/palvelut\/kunnonvalvontapalvelut\/","name":"Kunnonvalvonta - Elcoline Group","isPartOf":{"@id":"https:\/\/elcoline.com\/fi\/#website"},"primaryImageOfPage":{"@id":"https:\/\/elcoline.com\/fi\/palvelut\/kunnonvalvontapalvelut\/#primaryimage"},"image":{"@id":"https:\/\/elcoline.com\/fi\/palvelut\/kunnonvalvontapalvelut\/#primaryimage"},"thumbnailUrl":"https:\/\/elcoline.com\/wp-content\/uploads\/2025\/06\/HVAC-electrical-mechanical-services.webp","datePublished":"2025-03-20T09:31:11+00:00","dateModified":"2026-03-02T10:01:40+00:00","description":"Tehokasta kunnossapitoa ja kunnonvalvontaa \u2013 tuotannon tueksi.","breadcrumb":{"@id":"https:\/\/elcoline.com\/fi\/palvelut\/kunnonvalvontapalvelut\/#breadcrumb"},"inLanguage":"fi","potentialAction":[{"@type":"ReadAction","target":["https:\/\/elcoline.com\/fi\/palvelut\/kunnonvalvontapalvelut\/"]}]},{"@type":"ImageObject","inLanguage":"fi","@id":"https:\/\/elcoline.com\/fi\/palvelut\/kunnonvalvontapalvelut\/#primaryimage","url":"https:\/\/elcoline.com\/wp-content\/uploads\/2025\/06\/HVAC-electrical-mechanical-services.webp","contentUrl":"https:\/\/elcoline.com\/wp-content\/uploads\/2025\/06\/HVAC-electrical-mechanical-services.webp","width":1152,"height":648,"caption":"HVAC-electrical-mechanical-services"},{"@type":"BreadcrumbList","@id":"https:\/\/elcoline.com\/fi\/palvelut\/kunnonvalvontapalvelut\/#breadcrumb","itemListElement":[{"@type":"ListItem","position":1,"name":"Kunnonvalvonta","item":"https:\/\/elcoline.com\/fi\/palvelut\/kunnonvalvontapalvelut\/"},{"@type":"ListItem","position":2,"name":"Kunnonvalvonta"}]},{"@type":"WebSite","@id":"https:\/\/elcoline.com\/fi\/#website","url":"https:\/\/elcoline.com\/fi\/","name":"Elcoline Group","description":"","potentialAction":[{"@type":"SearchAction","target":{"@type":"EntryPoint","urlTemplate":"https:\/\/elcoline.com\/fi\/?s={search_term_string}"},"query-input":{"@type":"PropertyValueSpecification","valueRequired":true,"valueName":"search_term_string"}}],"inLanguage":"fi"}]}},"pbg_featured_image_src":{"full":["https:\/\/elcoline.com\/wp-content\/uploads\/2025\/06\/HVAC-electrical-mechanical-services.webp",1152,648,false],"thumbnail":["https:\/\/elcoline.com\/wp-content\/uploads\/2025\/06\/HVAC-electrical-mechanical-services-150x150.webp",150,150,true],"medium":["https:\/\/elcoline.com\/wp-content\/uploads\/2025\/06\/HVAC-electrical-mechanical-services-300x169.webp",300,169,true],"medium_large":["https:\/\/elcoline.com\/wp-content\/uploads\/2025\/06\/HVAC-electrical-mechanical-services-768x432.webp",768,432,true],"large":["https:\/\/elcoline.com\/wp-content\/uploads\/2025\/06\/HVAC-electrical-mechanical-services-1024x576.webp",1024,576,true],"1536x1536":["https:\/\/elcoline.com\/wp-content\/uploads\/2025\/06\/HVAC-electrical-mechanical-services.webp",1152,648,false],"2048x2048":["https:\/\/elcoline.com\/wp-content\/uploads\/2025\/06\/HVAC-electrical-mechanical-services.webp",1152,648,false]},"pbg_author_info":{"display_name":"admin","author_link":"https:\/\/elcoline.com\/fi\/author\/admin\/","author_img":false},"pbg_comment_info":" No Comments","pbg_excerpt":"Tehokasta kunnossapitoa ja kunnonvalvontaa \u2013 tuotannon tueksi Tarjoamme luotettavia ja asiakaskohtaisia teollisuuden kunnossapito- ja kunnonvalvontapalveluita, jotka parantavat tuotannon tehokkuutta ja pienent\u00e4v\u00e4t kustannuksia. \u00c4lykk\u00e4\u00e4sti suunniteltu kunnonvalvonta tukee laitteiden elinkaaren optimointia ja omaisuudenhallintaa \u2013 samalla lis\u00e4ten huoltotoiminnan l\u00e4pin\u00e4kyvyytt\u00e4 ja ennakoitavuutta. Kunnonvalvonnan avulla voidaan havaita alkavat viat ajoissa, arvioida vaurion vakavuus ja suunnitella huoltotoimenpiteet oikea-aikaisesti \u2013 esimerkiksi suunniteltujen&hellip;","_links":{"self":[{"href":"https:\/\/elcoline.com\/fi\/wp-json\/wp\/v2\/pages\/48003","targetHints":{"allow":["GET"]}}],"collection":[{"href":"https:\/\/elcoline.com\/fi\/wp-json\/wp\/v2\/pages"}],"about":[{"href":"https:\/\/elcoline.com\/fi\/wp-json\/wp\/v2\/types\/page"}],"author":[{"embeddable":true,"href":"https:\/\/elcoline.com\/fi\/wp-json\/wp\/v2\/users\/10"}],"replies":[{"embeddable":true,"href":"https:\/\/elcoline.com\/fi\/wp-json\/wp\/v2\/comments?post=48003"}],"version-history":[{"count":14,"href":"https:\/\/elcoline.com\/fi\/wp-json\/wp\/v2\/pages\/48003\/revisions"}],"predecessor-version":[{"id":49507,"href":"https:\/\/elcoline.com\/fi\/wp-json\/wp\/v2\/pages\/48003\/revisions\/49507"}],"up":[{"embeddable":true,"href":"https:\/\/elcoline.com\/fi\/wp-json\/wp\/v2\/pages\/47235"}],"wp:featuredmedia":[{"embeddable":true,"href":"https:\/\/elcoline.com\/fi\/wp-json\/wp\/v2\/media\/1448"}],"wp:attachment":[{"href":"https:\/\/elcoline.com\/fi\/wp-json\/wp\/v2\/media?parent=48003"}],"curies":[{"name":"wp","href":"https:\/\/api.w.org\/{rel}","templated":true}]}}