{"id":48014,"date":"2025-04-03T13:11:36","date_gmt":"2025-04-03T10:11:36","guid":{"rendered":"https:\/\/elcoline.com\/yritys\/vastuullisuus\/"},"modified":"2026-02-27T16:22:07","modified_gmt":"2026-02-27T14:22:07","slug":"vastuullisuus","status":"publish","type":"page","link":"https:\/\/elcoline.com\/fi\/yritys\/vastuullisuus\/","title":{"rendered":"Vastuullisuus"},"content":{"rendered":"\n<div class=\"wp-block-cover is-light hero has-base-color has-text-color has-link-color wp-elements-b0ac9aa4be8b2ac70d34041fc098b693\"><span aria-hidden=\"true\" class=\"wp-block-cover__background has-background-dim\" style=\"background-color:#FFF\"><\/span><img loading=\"lazy\" decoding=\"async\" width=\"2000\" height=\"1333\" src=\"https:\/\/elcoline.com\/wp-content\/uploads\/2025\/06\/our-standards.webp\" class=\"wp-block-cover__image-background wp-post-image\" alt=\"\" data-object-fit=\"cover\" srcset=\"https:\/\/elcoline.com\/wp-content\/uploads\/2025\/06\/our-standards.webp 2000w, https:\/\/elcoline.com\/wp-content\/uploads\/2025\/06\/our-standards-300x200.webp 300w, https:\/\/elcoline.com\/wp-content\/uploads\/2025\/06\/our-standards-1024x682.webp 1024w, https:\/\/elcoline.com\/wp-content\/uploads\/2025\/06\/our-standards-768x512.webp 768w, https:\/\/elcoline.com\/wp-content\/uploads\/2025\/06\/our-standards-1536x1024.webp 1536w\" sizes=\"auto, (max-width: 2000px) 100vw, 2000px\" \/><div class=\"wp-block-cover__inner-container is-layout-flow wp-block-cover-is-layout-flow\">\n<h2 class=\"wp-block-heading\">Yritys<\/h2>\n\n\n\n<div class=\"wp-block-columns is-layout-flex wp-container-core-columns-is-layout-28f84493 wp-block-columns-is-layout-flex\">\n<div class=\"wp-block-column is-layout-flow wp-block-column-is-layout-flow\">\n<h1 class=\"wp-block-heading\">Vastuullisuus<\/h1>\n<\/div>\n\n\n\n<div class=\"wp-block-column is-layout-flow wp-block-column-is-layout-flow\">\n<p><\/p>\n<\/div>\n<\/div>\n<\/div><\/div>\n\n\n\n<div class=\"wp-block-columns is-style-section-2 is-layout-flex wp-container-core-columns-is-layout-12cd8b8c wp-block-columns-is-layout-flex is-style-section-2--1\" style=\"margin-top:-4rem;margin-bottom:0;padding-top:6rem;padding-bottom:6rem\">\n<div class=\"wp-block-column is-layout-flow wp-block-column-is-layout-flow\">\n<p class=\"has-text-align-left\" style=\"font-size:clamp(1.502rem, 1.502rem + ((1vw - 0.2rem) * 1.565), 2.5rem);\">Periaatteemme<\/p>\n\n\n\n<div class=\"wp-block-columns is-not-stacked-on-mobile is-style-default our-principles no-buttons is-layout-flex wp-container-core-columns-is-layout-28f84493 wp-block-columns-is-layout-flex\">\n<div class=\"wp-block-column is-layout-flow wp-block-column-is-layout-flow\">\n<div class=\"our-principles-item\">Turvallisuus<\/div>\n<\/div>\n\n\n\n<div class=\"wp-block-column is-layout-flow wp-block-column-is-layout-flow\">\n<div class=\"our-principles-item\">Luotettavuus<\/div>\n<\/div>\n\n\n\n<div class=\"wp-block-column is-layout-flow wp-block-column-is-layout-flow\">\n<div class=\"our-principles-item\">Tarkkuus<\/div>\n<\/div>\n\n\n\n<div class=\"wp-block-column is-layout-flow wp-block-column-is-layout-flow\">\n<div class=\"our-principles-item\">Joustavuus<\/div>\n<\/div>\n\n\n\n<div class=\"wp-block-column is-layout-flow wp-block-column-is-layout-flow\">\n<div class=\"our-principles-item\">Tehokkuus<\/div>\n<\/div>\n<\/div>\n<\/div>\n<\/div>\n\n\n\n<div class=\"wp-block-columns is-layout-flex wp-container-core-columns-is-layout-1e297cbc wp-block-columns-is-layout-flex\" style=\"padding-top:var(--wp--preset--spacing--70);padding-bottom:var(--wp--preset--spacing--70)\">\n<div class=\"wp-block-column is-layout-flow wp-block-column-is-layout-flow\">\n<h2 class=\"wp-block-heading\">Turvallisuus on toimintamme ytimess\u00e4<\/h2>\n<\/div>\n\n\n\n<div class=\"wp-block-column is-layout-flow wp-block-column-is-layout-flow\">\n<h3 class=\"wp-block-heading\">Turvallinen ty\u00f6skentely kulttuuri<\/h3>\n\n\n\n<ul class=\"wp-block-list\">\n<li><strong>Tavoite:<\/strong> 0 tapaturmaa\u200b<\/li>\n\n\n\n<li><strong>Turvallisuus<\/strong>&nbsp;on kaiken toimintamme perusta<\/li>\n\n\n\n<li><strong>Pys\u00e4hdy \u2013 Ajattele \u2013 Toimi<\/strong> -periaate\u200b<\/li>\n\n\n\n<li>Panostamme ennaltaehk\u00e4isev\u00e4\u00e4n ty\u00f6turvallisuuteen<\/li>\n\n\n\n<li>Koulutetut ammattilaiset, jotka ovat sitoutuneet turvallisuuteen<\/li>\n<\/ul>\n<\/div>\n<\/div>\n\n\n\n<div class=\"wp-block-columns is-layout-flex wp-container-core-columns-is-layout-8351d469 wp-block-columns-is-layout-flex\" style=\"margin-bottom:var(--wp--preset--spacing--50)\">\n<div class=\"wp-block-column is-layout-flow wp-block-column-is-layout-flow\">\n<h2 class=\"wp-block-heading\">Mit\u00e4 voimme tarjota<\/h2>\n<\/div>\n\n\n\n<div class=\"wp-block-column is-layout-flow wp-block-column-is-layout-flow\">\n<ul class=\"wp-block-list\">\n<li>Jatkuvaa kehityst\u00e4 laadussa, turvallisuudessa ja ymp\u00e4rist\u00f6asioissa<\/li>\n\n\n\n<li>Luotettavaa ja johdonmukaista suorituskyky\u00e4<\/li>\n\n\n\n<li>V\u00e4h\u00e4isemm\u00e4t riskit h\u00e4iri\u00f6ille ja tuotantokatkoksille<\/li>\n<\/ul>\n<\/div>\n<\/div>\n\n\n\n<div class=\"wp-block-columns is-style-section-3 is-layout-flex wp-container-core-columns-is-layout-94b69c53 wp-block-columns-is-layout-flex is-style-section-3--2\" style=\"margin-top:0;margin-bottom:0;padding-top:var(--wp--preset--spacing--60);padding-bottom:0\">\n<div class=\"wp-block-column is-layout-flow wp-block-column-is-layout-flow\">\n<h2 class=\"wp-block-heading\">Ymp\u00e4rist\u00f6<\/h2>\n<\/div>\n\n\n\n<div class=\"wp-block-column is-layout-flow wp-block-column-is-layout-flow\">\n<div class=\"wp-block-premium-text premium-text-67282a71a125 premium-text\">\r\n<p class=\"premium-text-wrap\">Me Elcolinella olemme tunnistaneet toimintamme kannalta merkitt\u00e4vimm\u00e4t ymp\u00e4rist\u00f6n\u00e4k\u00f6kohdat, joita pyrimme tavoitteellisesti edist\u00e4m\u00e4\u00e4n:<\/p>\r\n\r\n<\/div>\n<\/div>\n<\/div>\n\n\n\n<div class=\"wp-block-columns is-style-section-3 is-layout-flex wp-container-core-columns-is-layout-7faaa26e wp-block-columns-is-layout-flex is-style-section-3--3\" style=\"margin-top:0;margin-bottom:0;padding-top:var(--wp--preset--spacing--70);padding-bottom:var(--wp--preset--spacing--70)\">\n<div class=\"wp-block-column is-layout-flow wp-block-column-is-layout-flow\">\n<h3 class=\"wp-block-heading\">P\u00e4\u00e4st\u00f6jen v\u00e4hent\u00e4minen<\/h3>\n\n\n\n<p>Tavoitteenamme on pienent\u00e4\u00e4 hiilidioksidip\u00e4\u00e4st\u00f6j\u00e4 hy\u00f6dynt\u00e4m\u00e4ll\u00e4 uusiutuvia energial\u00e4hteit\u00e4 ja parasta saatavilla olevaa teknologiaa.<\/p>\n<\/div>\n\n\n\n<div class=\"wp-block-column is-layout-flow wp-block-column-is-layout-flow\">\n<h3 class=\"wp-block-heading\">J\u00e4tteen v\u00e4hent\u00e4minen<\/h3>\n\n\n\n<p>Pyrimme minimoimaan j\u00e4tteen m\u00e4\u00e4r\u00e4\u00e4 parantamalla kierr\u00e4tyst\u00e4 ja uudelleenk\u00e4ytt\u00f6\u00e4 sek\u00e4 toteuttamalla kattavia j\u00e4tehuoltosuunnitelmia. Ty\u00f6maiden, varastojen ja toimistojen siisteyden ja j\u00e4rjestyksen yll\u00e4pito auttaa v\u00e4hent\u00e4m\u00e4\u00e4n sek\u00e4 ymp\u00e4rist\u00f6- ett\u00e4 turvallisuusriskej\u00e4.<\/p>\n<\/div>\n\n\n\n<div class=\"wp-block-column is-layout-flow wp-block-column-is-layout-flow\">\n<h3 class=\"wp-block-heading\">Ymp\u00e4rist\u00f6vastuu asiakaskohteissa<\/h3>\n\n\n\n<p>Asiakaskohteissa noudatamme asiakkaan antamia ymp\u00e4rist\u00f6ohjeita. Jokaiselle sopimuskohteelle ja projektille laaditaan r\u00e4\u00e4t\u00e4l\u00f6ity HSEQ-suunnitelma (terveys, turvallisuus, ymp\u00e4rist\u00f6 ja laatu).<\/p>\n<\/div>\n<\/div>\n\n\n\n<div class=\"wp-block-columns is-style-default is-layout-flex wp-container-core-columns-is-layout-aaec8143 wp-block-columns-is-layout-flex\" style=\"padding-top:6rem;padding-bottom:6rem\">\n<div class=\"wp-block-column is-layout-flow wp-block-column-is-layout-flow\">\n<h2 class=\"wp-block-heading\">Elcoline toimii laadunhallinta\u00adstandardien mukaisesti<\/h2>\n\n\n\n<div class=\"wp-block-premium-text premium-text-e9bae9f76357 premium-text\"><p class=\"premium-text-wrap\">Kiwa Inspectan sertifioima | Suomi. Sertifikaatit saatavilla linkitetyn tekstin kautta.<\/p><\/div>\nTGS Finlandilla, TGS Swedenill\u00e4 ja Elcoline AB:lla on erilliset sertifikaatit.\n\n\n\n<figure class=\"wp-block-image size-full is-resized\" style=\"margin-top:var(--wp--preset--spacing--80);margin-bottom:var(--wp--preset--spacing--80)\"><img loading=\"lazy\" decoding=\"async\" width=\"615\" height=\"232\" src=\"https:\/\/elcoline.com\/wp-content\/uploads\/2025\/06\/kiwa-1.png\" alt=\"\" class=\"wp-image-868\" style=\"width:auto;height:50px\" srcset=\"https:\/\/elcoline.com\/wp-content\/uploads\/2025\/06\/kiwa-1.png 615w, https:\/\/elcoline.com\/wp-content\/uploads\/2025\/06\/kiwa-1-300x113.png 300w\" sizes=\"auto, (max-width: 615px) 100vw, 615px\" \/><\/figure>\n<\/div>\n\n\n\n<div class=\"wp-block-column is-layout-flow wp-block-column-is-layout-flow\">\n<ul class=\"wp-block-list\">\n<li><a href=\"https:\/\/elcoline.ims.fi\/spring\/public\/c67302c2-0ace-4fe7-82f4-1be3ffc4c74e\/en\" target=\"_blank\" rel=\"noreferrer noopener\">Laatu, ISO 9001: 2015<\/a>\u200b\u200b<\/li>\n\n\n\n<li><a href=\"https:\/\/elcoline.ims.fi\/spring\/public\/e8064b87-2311-4027-9fb8-5c23c73e9187\/en\" target=\"_blank\" rel=\"noreferrer noopener\">Ymp\u00e4rist\u00f6, ISO 14001: 2015<\/a><a href=\"https:\/\/elcoline.ims.fi\/spring\/public\/06c0122c-f8c2-4176-b732-d215d96a346e\/en\" target=\"_blank\" rel=\"noreferrer noopener\">\u200b\u200b<\/a><\/li>\n\n\n\n<li><a href=\"https:\/\/elcoline.ims.fi\/spring\/public\/32e8f464-0196-4e26-91e2-55789fad2275\/en\" target=\"_blank\" rel=\"noreferrer noopener\">Ty\u00f6terveys ja -turvallisuus, ISO 45001: 2018<\/a>\u200b\u200b<\/li>\n\n\n\n<li><a href=\"https:\/\/elcoline.ims.fi\/spring\/public\/6a4747c0-46dc-4891-9e2f-961c41ea2710\/en\" target=\"_blank\" rel=\"noreferrer noopener\">Hitsaus, SFS-EN ISO 3834-2\u200b\u200b<\/a><\/li>\n\n\n\n<li><a href=\"https:\/\/elcoline.ims.fi\/spring\/public\/825e7ea6-87b3-4fe5-a707-782ba164b522\/en\" target=\"_blank\" rel=\"noreferrer noopener\">Rakenteellisten hitsattujen ter\u00e4skokoonpanojen ja tuotej\u00e4rjestelmien valmistus, EN 1090-1:2009+A1:2011<\/a><\/li>\n\n\n\n<li><a href=\"https:\/\/elcoline.ims.fi\/spring\/public\/b0a15449-40f4-4c43-925e-da88d12554bb\/en\" target=\"_blank\" rel=\"noreferrer noopener\">Rakenteellisten ter\u00e4skokoonpanojen asentaminen, EN 1090-1:2009+A1:2011 kohta 6.3, EN 1090-2:2018<\/a><a href=\"https:\/\/elcoline.ims.fi\/spring\/public\/69b58892-6bd3-4b97-887f-b18d3276b234\/en\" target=\"_blank\" rel=\"noreferrer noopener\">\u200b\u200b\u200b\u200b<\/a><\/li>\n\n\n\n<li><a href=\"https:\/\/elcoline.ims.fi\/spring\/public\/b0a15449-40f4-4c43-925e-da88d12554bb\/en\" target=\"_blank\" rel=\"noreferrer noopener\">Moduuli A2: Rakenteellisten ter\u00e4skokoonpanojen asentaminen<\/a><\/li>\n<\/ul>\n<\/div>\n<\/div>\n\n\n\n<h2 class=\"wp-block-heading\">Tutustu Elcolinen eettisiin pelis\u00e4\u00e4nt\u00f6ihin <a href=\"https:\/\/elcoline.ims.fi\/spring\/public\/61e354f9-bf74-4e41-862d-ad2dbe2deab9\/en\" target=\"_blank\" rel=\"noreferrer noopener\">t\u00e4\u00e4ll\u00e4<\/a>.<\/h2>\n\n\n\n<p><\/p>\n","protected":false},"excerpt":{"rendered":"<p>Periaatteemme Turvallisuus Luotettavuus Tarkkuus Joustavuus Tehokkuus Turvallisuus on toimintamme ytimess\u00e4 Turvallinen ty\u00f6skentely kulttuuri Mit\u00e4 voimme tarjota Ymp\u00e4rist\u00f6 P\u00e4\u00e4st\u00f6jen v\u00e4hent\u00e4minen Tavoitteenamme on pienent\u00e4\u00e4 hiilidioksidip\u00e4\u00e4st\u00f6j\u00e4 hy\u00f6dynt\u00e4m\u00e4ll\u00e4 uusiutuvia energial\u00e4hteit\u00e4 ja parasta saatavilla olevaa teknologiaa. J\u00e4tteen v\u00e4hent\u00e4minen Pyrimme minimoimaan j\u00e4tteen m\u00e4\u00e4r\u00e4\u00e4 parantamalla kierr\u00e4tyst\u00e4 ja uudelleenk\u00e4ytt\u00f6\u00e4 sek\u00e4 toteuttamalla kattavia j\u00e4tehuoltosuunnitelmia. Ty\u00f6maiden, varastojen ja toimistojen siisteyden ja j\u00e4rjestyksen yll\u00e4pito auttaa v\u00e4hent\u00e4m\u00e4\u00e4n [&hellip;]<\/p>\n","protected":false},"author":10,"featured_media":1196,"parent":47219,"menu_order":0,"comment_status":"closed","ping_status":"closed","template":"","meta":{"footnotes":""},"class_list":["post-48014","page","type-page","status-publish","has-post-thumbnail","hentry"],"yoast_head":"<!-- This site is optimized with the Yoast SEO plugin v27.5 - https:\/\/yoast.com\/product\/yoast-seo-wordpress\/ -->\n<title>Vastuullisuus - Elcoline Group<\/title>\n<meta name=\"description\" content=\"Lue lis\u00e4\u00e4 vastuullisuudestamme \u2013 panostamme laatuun, kest\u00e4v\u00e4\u00e4n kehitykseen ja turvalliseen ty\u00f6kulttuuriin, joka tukee vastuullista liiketoimintaa.\" \/>\n<meta name=\"robots\" content=\"index, follow, max-snippet:-1, max-image-preview:large, max-video-preview:-1\" \/>\n<link rel=\"canonical\" href=\"https:\/\/elcoline.com\/fi\/yritys\/vastuullisuus\/\" \/>\n<meta property=\"og:locale\" content=\"fi_FI\" \/>\n<meta property=\"og:type\" content=\"article\" \/>\n<meta property=\"og:title\" content=\"Vastuullisuus - Elcoline Group\" \/>\n<meta property=\"og:description\" content=\"Lue lis\u00e4\u00e4 vastuullisuudestamme \u2013 panostamme laatuun, kest\u00e4v\u00e4\u00e4n kehitykseen ja turvalliseen ty\u00f6kulttuuriin, joka tukee vastuullista liiketoimintaa.\" \/>\n<meta property=\"og:url\" content=\"https:\/\/elcoline.com\/fi\/yritys\/vastuullisuus\/\" \/>\n<meta property=\"og:site_name\" content=\"Elcoline Group\" \/>\n<meta property=\"article:modified_time\" content=\"2026-02-27T14:22:07+00:00\" \/>\n<meta property=\"og:image\" content=\"https:\/\/elcoline.com\/wp-content\/uploads\/2025\/06\/our-standards.webp\" \/>\n\t<meta property=\"og:image:width\" content=\"2000\" \/>\n\t<meta property=\"og:image:height\" content=\"1333\" \/>\n\t<meta property=\"og:image:type\" content=\"image\/webp\" \/>\n<meta name=\"twitter:card\" content=\"summary_large_image\" \/>\n<meta name=\"twitter:label1\" content=\"Arvioitu lukuaika\" \/>\n\t<meta name=\"twitter:data1\" content=\"2 minuuttia\" \/>\n<script type=\"application\/ld+json\" class=\"yoast-schema-graph\">{\"@context\":\"https:\\\/\\\/schema.org\",\"@graph\":[{\"@type\":\"WebPage\",\"@id\":\"https:\\\/\\\/elcoline.com\\\/fi\\\/yritys\\\/vastuullisuus\\\/\",\"url\":\"https:\\\/\\\/elcoline.com\\\/fi\\\/yritys\\\/vastuullisuus\\\/\",\"name\":\"Vastuullisuus - Elcoline Group\",\"isPartOf\":{\"@id\":\"https:\\\/\\\/elcoline.com\\\/fi\\\/#website\"},\"primaryImageOfPage\":{\"@id\":\"https:\\\/\\\/elcoline.com\\\/fi\\\/yritys\\\/vastuullisuus\\\/#primaryimage\"},\"image\":{\"@id\":\"https:\\\/\\\/elcoline.com\\\/fi\\\/yritys\\\/vastuullisuus\\\/#primaryimage\"},\"thumbnailUrl\":\"https:\\\/\\\/elcoline.com\\\/wp-content\\\/uploads\\\/2025\\\/06\\\/our-standards.webp\",\"datePublished\":\"2025-04-03T10:11:36+00:00\",\"dateModified\":\"2026-02-27T14:22:07+00:00\",\"description\":\"Lue lis\u00e4\u00e4 vastuullisuudestamme \u2013 panostamme laatuun, kest\u00e4v\u00e4\u00e4n kehitykseen ja turvalliseen ty\u00f6kulttuuriin, joka tukee vastuullista liiketoimintaa.\",\"breadcrumb\":{\"@id\":\"https:\\\/\\\/elcoline.com\\\/fi\\\/yritys\\\/vastuullisuus\\\/#breadcrumb\"},\"inLanguage\":\"fi\",\"potentialAction\":[{\"@type\":\"ReadAction\",\"target\":[\"https:\\\/\\\/elcoline.com\\\/fi\\\/yritys\\\/vastuullisuus\\\/\"]}]},{\"@type\":\"ImageObject\",\"inLanguage\":\"fi\",\"@id\":\"https:\\\/\\\/elcoline.com\\\/fi\\\/yritys\\\/vastuullisuus\\\/#primaryimage\",\"url\":\"https:\\\/\\\/elcoline.com\\\/wp-content\\\/uploads\\\/2025\\\/06\\\/our-standards.webp\",\"contentUrl\":\"https:\\\/\\\/elcoline.com\\\/wp-content\\\/uploads\\\/2025\\\/06\\\/our-standards.webp\",\"width\":2000,\"height\":1333},{\"@type\":\"BreadcrumbList\",\"@id\":\"https:\\\/\\\/elcoline.com\\\/fi\\\/yritys\\\/vastuullisuus\\\/#breadcrumb\",\"itemListElement\":[{\"@type\":\"ListItem\",\"position\":1,\"name\":\"Vastuullisuus\",\"item\":\"https:\\\/\\\/elcoline.com\\\/fi\\\/yritys\\\/vastuullisuus\\\/\"},{\"@type\":\"ListItem\",\"position\":2,\"name\":\"Vastuullisuus\"}]},{\"@type\":\"WebSite\",\"@id\":\"https:\\\/\\\/elcoline.com\\\/fi\\\/#website\",\"url\":\"https:\\\/\\\/elcoline.com\\\/fi\\\/\",\"name\":\"Elcoline Group\",\"description\":\"\",\"potentialAction\":[{\"@type\":\"SearchAction\",\"target\":{\"@type\":\"EntryPoint\",\"urlTemplate\":\"https:\\\/\\\/elcoline.com\\\/fi\\\/?s={search_term_string}\"},\"query-input\":{\"@type\":\"PropertyValueSpecification\",\"valueRequired\":true,\"valueName\":\"search_term_string\"}}],\"inLanguage\":\"fi\"}]}<\/script>\n<!-- \/ Yoast SEO plugin. -->","yoast_head_json":{"title":"Vastuullisuus - Elcoline Group","description":"Lue lis\u00e4\u00e4 vastuullisuudestamme \u2013 panostamme laatuun, kest\u00e4v\u00e4\u00e4n kehitykseen ja turvalliseen ty\u00f6kulttuuriin, joka tukee vastuullista liiketoimintaa.","robots":{"index":"index","follow":"follow","max-snippet":"max-snippet:-1","max-image-preview":"max-image-preview:large","max-video-preview":"max-video-preview:-1"},"canonical":"https:\/\/elcoline.com\/fi\/yritys\/vastuullisuus\/","og_locale":"fi_FI","og_type":"article","og_title":"Vastuullisuus - Elcoline Group","og_description":"Lue lis\u00e4\u00e4 vastuullisuudestamme \u2013 panostamme laatuun, kest\u00e4v\u00e4\u00e4n kehitykseen ja turvalliseen ty\u00f6kulttuuriin, joka tukee vastuullista liiketoimintaa.","og_url":"https:\/\/elcoline.com\/fi\/yritys\/vastuullisuus\/","og_site_name":"Elcoline Group","article_modified_time":"2026-02-27T14:22:07+00:00","og_image":[{"width":2000,"height":1333,"url":"https:\/\/elcoline.com\/wp-content\/uploads\/2025\/06\/our-standards.webp","type":"image\/webp"}],"twitter_card":"summary_large_image","twitter_misc":{"Arvioitu lukuaika":"2 minuuttia"},"schema":{"@context":"https:\/\/schema.org","@graph":[{"@type":"WebPage","@id":"https:\/\/elcoline.com\/fi\/yritys\/vastuullisuus\/","url":"https:\/\/elcoline.com\/fi\/yritys\/vastuullisuus\/","name":"Vastuullisuus - Elcoline Group","isPartOf":{"@id":"https:\/\/elcoline.com\/fi\/#website"},"primaryImageOfPage":{"@id":"https:\/\/elcoline.com\/fi\/yritys\/vastuullisuus\/#primaryimage"},"image":{"@id":"https:\/\/elcoline.com\/fi\/yritys\/vastuullisuus\/#primaryimage"},"thumbnailUrl":"https:\/\/elcoline.com\/wp-content\/uploads\/2025\/06\/our-standards.webp","datePublished":"2025-04-03T10:11:36+00:00","dateModified":"2026-02-27T14:22:07+00:00","description":"Lue lis\u00e4\u00e4 vastuullisuudestamme \u2013 panostamme laatuun, kest\u00e4v\u00e4\u00e4n kehitykseen ja turvalliseen ty\u00f6kulttuuriin, joka tukee vastuullista liiketoimintaa.","breadcrumb":{"@id":"https:\/\/elcoline.com\/fi\/yritys\/vastuullisuus\/#breadcrumb"},"inLanguage":"fi","potentialAction":[{"@type":"ReadAction","target":["https:\/\/elcoline.com\/fi\/yritys\/vastuullisuus\/"]}]},{"@type":"ImageObject","inLanguage":"fi","@id":"https:\/\/elcoline.com\/fi\/yritys\/vastuullisuus\/#primaryimage","url":"https:\/\/elcoline.com\/wp-content\/uploads\/2025\/06\/our-standards.webp","contentUrl":"https:\/\/elcoline.com\/wp-content\/uploads\/2025\/06\/our-standards.webp","width":2000,"height":1333},{"@type":"BreadcrumbList","@id":"https:\/\/elcoline.com\/fi\/yritys\/vastuullisuus\/#breadcrumb","itemListElement":[{"@type":"ListItem","position":1,"name":"Vastuullisuus","item":"https:\/\/elcoline.com\/fi\/yritys\/vastuullisuus\/"},{"@type":"ListItem","position":2,"name":"Vastuullisuus"}]},{"@type":"WebSite","@id":"https:\/\/elcoline.com\/fi\/#website","url":"https:\/\/elcoline.com\/fi\/","name":"Elcoline Group","description":"","potentialAction":[{"@type":"SearchAction","target":{"@type":"EntryPoint","urlTemplate":"https:\/\/elcoline.com\/fi\/?s={search_term_string}"},"query-input":{"@type":"PropertyValueSpecification","valueRequired":true,"valueName":"search_term_string"}}],"inLanguage":"fi"}]}},"pbg_featured_image_src":{"full":["https:\/\/elcoline.com\/wp-content\/uploads\/2025\/06\/our-standards.webp",2000,1333,false],"thumbnail":["https:\/\/elcoline.com\/wp-content\/uploads\/2025\/06\/our-standards-150x150.webp",150,150,true],"medium":["https:\/\/elcoline.com\/wp-content\/uploads\/2025\/06\/our-standards-300x200.webp",300,200,true],"medium_large":["https:\/\/elcoline.com\/wp-content\/uploads\/2025\/06\/our-standards-768x512.webp",768,512,true],"large":["https:\/\/elcoline.com\/wp-content\/uploads\/2025\/06\/our-standards-1024x682.webp",1024,682,true],"1536x1536":["https:\/\/elcoline.com\/wp-content\/uploads\/2025\/06\/our-standards-1536x1024.webp",1536,1024,true],"2048x2048":["https:\/\/elcoline.com\/wp-content\/uploads\/2025\/06\/our-standards.webp",2000,1333,false]},"pbg_author_info":{"display_name":"admin","author_link":"https:\/\/elcoline.com\/fi\/author\/admin\/","author_img":false},"pbg_comment_info":" No Comments","pbg_excerpt":"Periaatteemme Turvallisuus Luotettavuus Tarkkuus Joustavuus Tehokkuus Turvallisuus on toimintamme ytimess\u00e4 Turvallinen ty\u00f6skentely kulttuuri Mit\u00e4 voimme tarjota Ymp\u00e4rist\u00f6 P\u00e4\u00e4st\u00f6jen v\u00e4hent\u00e4minen Tavoitteenamme on pienent\u00e4\u00e4 hiilidioksidip\u00e4\u00e4st\u00f6j\u00e4 hy\u00f6dynt\u00e4m\u00e4ll\u00e4 uusiutuvia energial\u00e4hteit\u00e4 ja parasta saatavilla olevaa teknologiaa. J\u00e4tteen v\u00e4hent\u00e4minen Pyrimme minimoimaan j\u00e4tteen m\u00e4\u00e4r\u00e4\u00e4 parantamalla kierr\u00e4tyst\u00e4 ja uudelleenk\u00e4ytt\u00f6\u00e4 sek\u00e4 toteuttamalla kattavia j\u00e4tehuoltosuunnitelmia. Ty\u00f6maiden, varastojen ja toimistojen siisteyden ja j\u00e4rjestyksen yll\u00e4pito auttaa v\u00e4hent\u00e4m\u00e4\u00e4n&hellip;","_links":{"self":[{"href":"https:\/\/elcoline.com\/fi\/wp-json\/wp\/v2\/pages\/48014","targetHints":{"allow":["GET"]}}],"collection":[{"href":"https:\/\/elcoline.com\/fi\/wp-json\/wp\/v2\/pages"}],"about":[{"href":"https:\/\/elcoline.com\/fi\/wp-json\/wp\/v2\/types\/page"}],"author":[{"embeddable":true,"href":"https:\/\/elcoline.com\/fi\/wp-json\/wp\/v2\/users\/10"}],"replies":[{"embeddable":true,"href":"https:\/\/elcoline.com\/fi\/wp-json\/wp\/v2\/comments?post=48014"}],"version-history":[{"count":14,"href":"https:\/\/elcoline.com\/fi\/wp-json\/wp\/v2\/pages\/48014\/revisions"}],"predecessor-version":[{"id":49523,"href":"https:\/\/elcoline.com\/fi\/wp-json\/wp\/v2\/pages\/48014\/revisions\/49523"}],"up":[{"embeddable":true,"href":"https:\/\/elcoline.com\/fi\/wp-json\/wp\/v2\/pages\/47219"}],"wp:featuredmedia":[{"embeddable":true,"href":"https:\/\/elcoline.com\/fi\/wp-json\/wp\/v2\/media\/1196"}],"wp:attachment":[{"href":"https:\/\/elcoline.com\/fi\/wp-json\/wp\/v2\/media?parent=48014"}],"curies":[{"name":"wp","href":"https:\/\/api.w.org\/{rel}","templated":true}]}}