{"id":48024,"date":"2025-03-20T11:31:47","date_gmt":"2025-03-20T11:31:47","guid":{"rendered":"https:\/\/elcoline.com\/palvelut\/turbiini-ja-generaattoripalvelut\/turbiinit\/"},"modified":"2025-11-28T10:38:11","modified_gmt":"2025-11-28T10:38:11","slug":"turbiinit","status":"publish","type":"page","link":"https:\/\/elcoline.com\/fi\/palvelut\/turbiini-ja-generaattoripalvelut\/turbiinit\/","title":{"rendered":"Turbiinit"},"content":{"rendered":"\n<div class=\"wp-block-cover is-light hero elcoline-hero has-base-color has-text-color has-link-color wp-elements-2b0bd969c3aa32048e6bceb85fef88db\"><span aria-hidden=\"true\" class=\"wp-block-cover__background has-background-dim\" style=\"background-color:#FFF\"><\/span><img loading=\"lazy\" decoding=\"async\" width=\"1709\" height=\"2560\" src=\"https:\/\/elcoline.com\/wp-content\/uploads\/2025\/07\/turbine-maintenance-scaled.webp\" class=\"wp-block-cover__image-background wp-post-image\" alt=\"\" data-object-fit=\"cover\" srcset=\"https:\/\/elcoline.com\/wp-content\/uploads\/2025\/07\/turbine-maintenance-scaled.webp 1709w, https:\/\/elcoline.com\/wp-content\/uploads\/2025\/07\/turbine-maintenance-200x300.webp 200w, https:\/\/elcoline.com\/wp-content\/uploads\/2025\/07\/turbine-maintenance-684x1024.webp 684w, https:\/\/elcoline.com\/wp-content\/uploads\/2025\/07\/turbine-maintenance-768x1150.webp 768w, https:\/\/elcoline.com\/wp-content\/uploads\/2025\/07\/turbine-maintenance-1025x1536.webp 1025w, https:\/\/elcoline.com\/wp-content\/uploads\/2025\/07\/turbine-maintenance-1367x2048.webp 1367w\" sizes=\"auto, (max-width: 1709px) 100vw, 1709px\" \/><div class=\"wp-block-cover__inner-container is-layout-flow wp-block-cover-is-layout-flow\">\n<h2 class=\"wp-block-heading\">Turbiiini- ja generaattoripalvelut<\/h2>\n\n\n\n<div class=\"wp-block-columns is-layout-flex wp-container-core-columns-is-layout-28f84493 wp-block-columns-is-layout-flex\">\n<div class=\"wp-block-column is-layout-flow wp-block-column-is-layout-flow\">\n<h1 class=\"wp-block-heading\">Turbiinit<\/h1>\n<\/div>\n\n\n\n<div class=\"wp-block-column is-layout-flow wp-block-column-is-layout-flow\">\n<p><\/p>\n<\/div>\n<\/div>\n<\/div><\/div>\n\n\n\n<div class=\"wp-block-columns is-layout-flex wp-container-core-columns-is-layout-28f84493 wp-block-columns-is-layout-flex\">\n<div class=\"wp-block-column is-layout-flow wp-block-column-is-layout-flow\">\n<h2 class=\"wp-block-heading\">Turbiinien huolto ja korjaus <\/h2>\n<\/div>\n\n\n\n<div class=\"wp-block-column is-layout-flow wp-block-column-is-layout-flow\">\n<p>Olemme turbiinilaitosten asiantuntijoita. Palvelemme tarkastuksista suuriin huoltoihin, p\u00e4ivityksiin ja modernisointeihin. Alkuper\u00e4isvalmistajista riippumattomana toimijana meill\u00e4 on kattava tuntemus h\u00f6yry- ja kaasuturbiineista.<\/p>\n<\/div>\n<\/div>\n\n\n\n<div class=\"wp-block-columns is-layout-flex wp-container-core-columns-is-layout-28f84493 wp-block-columns-is-layout-flex\">\n<div class=\"wp-block-column is-layout-flow wp-block-column-is-layout-flow\">\n<div class=\"wp-block-font-awesome-icon wp-font-awesome-icon\"><svg aria-hidden=\"true\" focusable=\"false\" data-prefix=\"fal\" data-icon=\"helmet-safety\" class=\"svg-inline--fa fa-helmet-safety \" role=\"img\" xmlns=\"http:\/\/www.w3.org\/2000\/svg\" viewBox=\"0 0 576 512\" style=\"font-size:2.5em\" color=\"#0066cc\"><path fill=\"currentColor\" d=\"M240 80l0 192c0 8.8-7.2 16-16 16s-16-7.2-16-16l0-192c0-26.5 21.5-48 48-48l64 0c26.5 0 48 21.5 48 48l0 192c0 8.8-7.2 16-16 16s-16-7.2-16-16l0-192c0-8.8-7.2-16-16-16l-64 0c-8.8 0-16 7.2-16 16zm-64-1.3l0 34.7C109.9 143.7 64 210.5 64 288l0 32-32 0 0-32c0-95.5 59.8-177.1 144-209.3zm224 34.7l0-34.7c83.5 31.9 143 112.4 144 206.9l0 2.4 0 32-32 0 0-34.3c-.9-76.5-46.5-142.3-112-172.3zM537.3 384L38.7 384c-3.7 0-6.7 3-6.7 6.7c0 .4 0 .7 .1 1C58.5 408.5 136.6 448 288 448s229.5-39.5 255.9-56.3c0-.2 .1-.6 .1-1c0-3.7-3-6.7-6.7-6.7zM38.7 352l498.5 0c21.4 0 38.7 17.3 38.7 38.7c0 11-4.7 21.4-13.9 27.3C531.3 437.9 447.1 480 288 480s-243.3-42.1-274.1-61.9C4.7 412.1 0 401.7 0 390.7C0 369.3 17.3 352 38.7 352z\"><\/path><\/svg><\/div><br>\n\n\n\n<h3 class=\"wp-block-heading\">Riippumattomat, kattavat turbiinipalvelut <\/h3>\n\n\n\n<p>Tarjoamme kokonaisvaltaiset huoltopalvelut h\u00f6yry- ja kaasuturbiineille \u2013 mukaan lukien tarkastukset, huollot, p\u00e4ivitykset ja siipien uusimiset \u2013 merkist\u00e4 riippumatta. Valmistajista riippumaton asiantuntemuksemme takaa joustavat ja r\u00e4\u00e4t\u00e4l\u00f6idyt ratkaisut kaikille turbiinityypeille. <\/p>\n<\/div>\n\n\n\n<div class=\"wp-block-column is-layout-flow wp-block-column-is-layout-flow\">\n<div class=\"wp-block-font-awesome-icon wp-font-awesome-icon\"><svg aria-hidden=\"true\" focusable=\"false\" data-prefix=\"fal\" data-icon=\"chart-line-up\" class=\"svg-inline--fa fa-chart-line-up \" role=\"img\" xmlns=\"http:\/\/www.w3.org\/2000\/svg\" viewBox=\"0 0 512 512\" style=\"font-size:2.5em\" color=\"#0066cc\"><path fill=\"currentColor\" d=\"M32 48c0-8.8-7.2-16-16-16S0 39.2 0 48L0 400c0 44.2 35.8 80 80 80l416 0c8.8 0 16-7.2 16-16s-7.2-16-16-16L80 448c-26.5 0-48-21.5-48-48L32 48zm288 96c0 8.8 7.2 16 16 16l89.4 0L320 265.4l-84.7-84.7c-6.2-6.2-16.4-6.2-22.6 0l-112 112c-6.2 6.2-6.2 16.4 0 22.6s16.4 6.2 22.6 0L224 214.6l84.7 84.7c6.2 6.2 16.4 6.2 22.6 0L448 182.6l0 89.4c0 8.8 7.2 16 16 16s16-7.2 16-16l0-128c0-8.8-7.2-16-16-16l-128 0c-8.8 0-16 7.2-16 16z\"><\/path><\/svg><\/div><br>\n\n\n\n<h3 class=\"wp-block-heading\">Pidempi k\u00e4ytt\u00f6ik\u00e4 turbiineille riskej\u00e4 alentaen <\/h3>\n\n\n\n<p>Asiantuntevien elinkaarianalyysien, juurisyyn selvitysten ja investointisuunnittelun avulla autamme maksimoimaan turbiinien suorituskyvyn ja minimoimaan toiminnalliset riskit. Olemme tukenasi sek\u00e4 suunnitelluissa modernisoinneissa ett\u00e4 odottamattomissa vikatilanteissa. <\/p>\n<\/div>\n\n\n\n<div class=\"wp-block-column is-layout-flow wp-block-column-is-layout-flow\">\n<div class=\"wp-block-font-awesome-icon wp-font-awesome-icon\"><svg aria-hidden=\"true\" focusable=\"false\" data-prefix=\"fal\" data-icon=\"helmet-safety\" class=\"svg-inline--fa fa-helmet-safety \" role=\"img\" xmlns=\"http:\/\/www.w3.org\/2000\/svg\" viewBox=\"0 0 576 512\" style=\"font-size:2.5em\" color=\"#0066cc\"><path fill=\"currentColor\" d=\"M240 80l0 192c0 8.8-7.2 16-16 16s-16-7.2-16-16l0-192c0-26.5 21.5-48 48-48l64 0c26.5 0 48 21.5 48 48l0 192c0 8.8-7.2 16-16 16s-16-7.2-16-16l0-192c0-8.8-7.2-16-16-16l-64 0c-8.8 0-16 7.2-16 16zm-64-1.3l0 34.7C109.9 143.7 64 210.5 64 288l0 32-32 0 0-32c0-95.5 59.8-177.1 144-209.3zm224 34.7l0-34.7c83.5 31.9 143 112.4 144 206.9l0 2.4 0 32-32 0 0-34.3c-.9-76.5-46.5-142.3-112-172.3zM537.3 384L38.7 384c-3.7 0-6.7 3-6.7 6.7c0 .4 0 .7 .1 1C58.5 408.5 136.6 448 288 448s229.5-39.5 255.9-56.3c0-.2 .1-.6 .1-1c0-3.7-3-6.7-6.7-6.7zM38.7 352l498.5 0c21.4 0 38.7 17.3 38.7 38.7c0 11-4.7 21.4-13.9 27.3C531.3 437.9 447.1 480 288 480s-243.3-42.1-274.1-61.9C4.7 412.1 0 401.7 0 390.7C0 369.3 17.3 352 38.7 352z\"><\/path><\/svg><\/div><br>\n\n\n\n<h3 class=\"wp-block-heading\">Korjaukset paikan p\u00e4\u00e4ll\u00e4 ja omissa konepajoissamme <\/h3>\n\n\n\n<p>Toimitamme korkealaatuisia turbiinikorjauksia ja varaosia sek\u00e4 paikan p\u00e4\u00e4ll\u00e4 ett\u00e4 t\u00e4ysin varustellusta Naantalin korjaamostamme. Palveluihimme kuuluvat muun muassa roottorin siipien uusiminen, staattorin siipien kunnostus, tiivisteiden vaihdot sek\u00e4 komponenttien korjaus tai uusien toimitus. Varmistamme nopean ja luotettavan tuen turbiinisi tarpeisiin. <\/p>\n<\/div>\n<\/div>\n\n\n\n<div class=\"wp-block-columns is-layout-flex wp-container-core-columns-is-layout-28f84493 wp-block-columns-is-layout-flex\">\n<div class=\"wp-block-column is-layout-flow wp-block-column-is-layout-flow\">\n<h2 class=\"wp-block-heading\">Turbiinin pidennetty, huolettomampi elinkaari  <\/h2>\n<\/div>\n\n\n\n<div class=\"wp-block-column is-layout-flow wp-block-column-is-layout-flow\">\n<p>Turbiinit pit\u00e4v\u00e4t voimalaitokset k\u00e4ynniss\u00e4. Vahva huoltokumppani on ratkaisevan t\u00e4rke\u00e4 laitoksen tuotannon maksimoimiseksi ja riskien minimoimiseksi. Turbiini- ja generaattoripalvelut tarjoavat t\u00e4yden huoltovalikoiman h\u00f6yry- ja kaasuturbiineille pienist\u00e4 tarkastuksista suuriin huoltoihin, mukaan lukien tarvittavat varaosat. Kokonaisvaltainen osaamisemme on hy\u00f6dynnett\u00e4viss\u00e4 my\u00f6s elinkaarianalyyseiss\u00e4 sek\u00e4 huolto- ja investointisuunnittelussa. Meill\u00e4 on my\u00f6s t\u00e4ysin varusteltu korjaamo turbiinien huoltoa varten Naantalissa. <\/p>\n<\/div>\n<\/div>\n\n\n\n<div class=\"wp-block-columns is-layout-flex wp-container-core-columns-is-layout-28f84493 wp-block-columns-is-layout-flex\">\n<div class=\"wp-block-column is-layout-flow wp-block-column-is-layout-flow\">\n<h2 class=\"wp-block-heading\">Palvelut<\/h2>\n\n\n\n<div class=\"wp-block-group vertical-lines is-layout-grid wp-container-core-group-is-layout-478b6e6b wp-block-group-is-layout-grid\">\n<h3 class=\"wp-block-heading\">Tarkastukset<\/h3>\n\n\n\n<h3 class=\"wp-block-heading\">Huollot <\/h3>\n\n\n\n<h3 class=\"wp-block-heading\">Varaosat<\/h3>\n\n\n\n<h3 class=\"wp-block-heading\">Asiantuntijapa\u00adlvelut<\/h3>\n<\/div>\n\n\n\n<div style=\"height:2rem\" aria-hidden=\"true\" class=\"wp-block-spacer\"><\/div>\n\n\n\n<h2 class=\"wp-block-heading\">Modernisoinnit<\/h2>\n\n\n\n<div class=\"wp-block-group vertical-lines is-layout-grid wp-container-core-group-is-layout-478b6e6b wp-block-group-is-layout-grid\">\n<h3 class=\"wp-block-heading\">P\u00e4ivitykset ja korjaukset <\/h3>\n\n\n\n<h3 class=\"wp-block-heading\">Siipien uusiminen<\/h3>\n<\/div>\n<\/div>\n<\/div>\n\n\n\n<div class=\"wp-block-columns is-layout-flex wp-container-core-columns-is-layout-28f84493 wp-block-columns-is-layout-flex\">\n<div class=\"wp-block-column is-layout-flow wp-block-column-is-layout-flow\">\n<h2 class=\"wp-block-heading\">Kattavat asiantuntija\u00adpalvelumme sis\u00e4lt\u00e4v\u00e4t juurisyyn selvitykset, elinkaarianalyysit, investointi\u00adsuunnittelun ja omistajan teknisen tuen.  <\/h2>\n\n\n\n<p>Vikatilanteessa tai suunnitellun modernisoinnin yhteydess\u00e4 tarjoamme tukea p\u00e4ivityksiin ja korjauksiin, jotka toteutetaan sek\u00e4 paikan p\u00e4\u00e4ll\u00e4 ett\u00e4 korjaamollamme. Roottorin ja staattorin siipien uusiminen, tiivisteiden vaihdot ja muut korjaukset ovat olennainen osa palveluamme, samoin vanhojen komponenttien korjaukset tai uusien toimitukset. Asiantuntemuksemme ja referenssimme kattavat kaikki aksiaaliset h\u00f6yryturbiinimerkit sek\u00e4 suurimman osan GE:n ja Siemensin kaasuturbiineista. <\/p>\n<\/div>\n\n\n\n<div class=\"wp-block-column is-layout-flow wp-block-column-is-layout-flow\">\n<figure class=\"wp-block-image size-large\"><img loading=\"lazy\" decoding=\"async\" width=\"1024\" height=\"907\" src=\"https:\/\/elcoline.com\/wp-content\/uploads\/2025\/06\/turbine_workshop_naantali-1-1024x907.webp\" alt=\"\" class=\"wp-image-651\" srcset=\"https:\/\/elcoline.com\/wp-content\/uploads\/2025\/06\/turbine_workshop_naantali-1-1024x907.webp 1024w, https:\/\/elcoline.com\/wp-content\/uploads\/2025\/06\/turbine_workshop_naantali-1-300x266.webp 300w, https:\/\/elcoline.com\/wp-content\/uploads\/2025\/06\/turbine_workshop_naantali-1-768x680.webp 768w, https:\/\/elcoline.com\/wp-content\/uploads\/2025\/06\/turbine_workshop_naantali-1.webp 1262w\" sizes=\"auto, (max-width: 1024px) 100vw, 1024px\" \/><\/figure>\n<\/div>\n<\/div>\n\n\n\n<div class=\"wp-block-columns elcoline-contact is-style-section-3 is-layout-flex wp-container-core-columns-is-layout-701c2d95 wp-block-columns-is-layout-flex is-style-section-3--1\" style=\"padding-top:var(--wp--preset--spacing--80);padding-bottom:var(--wp--preset--spacing--80)\">\n<div class=\"wp-block-column is-layout-flow wp-block-column-is-layout-flow\">\n<div class=\"wp-block-columns is-layout-flex wp-container-core-columns-is-layout-28f84493 wp-block-columns-is-layout-flex\">\n<div class=\"wp-block-column is-layout-flow wp-block-column-is-layout-flow\" style=\"flex-basis:50%\">\n<h2 class=\"wp-block-heading\">Haluaisitko tiet\u00e4\u00e4, kuinka voisimme auttaa?<\/h2>\n\n\n\n<div class=\"wp-block-buttons is-horizontal is-content-justification-left is-layout-flex wp-container-core-buttons-is-layout-036cb0ab wp-block-buttons-is-layout-flex\">\n<div class=\"wp-block-button\"><a class=\"wp-block-button__link wp-element-button\" href=\"https:\/\/elcoline.com\/fi\/yhteystiedot\/\">Ota yhteytt\u00e4 asiantuntijoihimme<\/a><\/div>\n<\/div>\n<\/div>\n\n\n\n<div class=\"wp-block-column is-layout-flow wp-block-column-is-layout-flow\" style=\"flex-basis:25%\">\n<p style=\"font-size:14px\">Johtaja, Turbiinipalvelut<br><strong>Thomas Vesterlund<\/strong><br><a href=\"mailto:thomas.vesterlund@elcoline.com\">thomas.vesterlund@elcoline.com<br><\/a><a href=\"tel:+46 70 6598902\">+46 70 6598902<\/a><br>Koppargatan 15<a href=\"https:\/\/maps.app.goo.gl\/DJeas9EQLiiPBQHSA\"><br><\/a>SE-602 23 Norrk\u00f6ping<\/p>\n<\/div>\n<\/div>\n<\/div>\n<\/div>\n","protected":false},"excerpt":{"rendered":"<p>Turbiinien huolto ja korjaus Olemme turbiinilaitosten asiantuntijoita. Palvelemme tarkastuksista suuriin huoltoihin, p\u00e4ivityksiin ja modernisointeihin. Alkuper\u00e4isvalmistajista riippumattomana toimijana meill\u00e4 on kattava tuntemus h\u00f6yry- ja kaasuturbiineista. Riippumattomat, kattavat turbiinipalvelut Tarjoamme kokonaisvaltaiset huoltopalvelut h\u00f6yry- ja kaasuturbiineille \u2013 mukaan lukien tarkastukset, huollot, p\u00e4ivitykset ja siipien uusimiset \u2013 merkist\u00e4 riippumatta. Valmistajista riippumaton asiantuntemuksemme takaa joustavat ja r\u00e4\u00e4t\u00e4l\u00f6idyt ratkaisut kaikille turbiinityypeille. [&hellip;]<\/p>\n","protected":false},"author":10,"featured_media":46376,"parent":48017,"menu_order":0,"comment_status":"closed","ping_status":"closed","template":"","meta":{"footnotes":""},"class_list":["post-48024","page","type-page","status-publish","has-post-thumbnail","hentry"],"yoast_head":"<!-- This site is optimized with the Yoast SEO plugin v27.5 - https:\/\/yoast.com\/product\/yoast-seo-wordpress\/ -->\n<title>Turbiinit - Elcoline Group<\/title>\n<meta name=\"description\" content=\"Turbiinilaitosten asiantuntijuutemme ulottuu rajatuista tarkastuksista suuriin huoltoihin, p\u00e4ivityksiin ja modernisointeihin.\" \/>\n<meta name=\"robots\" content=\"index, follow, max-snippet:-1, max-image-preview:large, max-video-preview:-1\" \/>\n<link rel=\"canonical\" href=\"https:\/\/elcoline.com\/fi\/palvelut\/turbiini-ja-generaattoripalvelut\/turbiinit\/\" \/>\n<meta property=\"og:locale\" content=\"fi_FI\" \/>\n<meta property=\"og:type\" content=\"article\" \/>\n<meta property=\"og:title\" content=\"Turbiinit - Elcoline Group\" \/>\n<meta property=\"og:description\" content=\"Turbiinilaitosten asiantuntijuutemme ulottuu rajatuista tarkastuksista suuriin huoltoihin, p\u00e4ivityksiin ja modernisointeihin.\" \/>\n<meta property=\"og:url\" content=\"https:\/\/elcoline.com\/fi\/palvelut\/turbiini-ja-generaattoripalvelut\/turbiinit\/\" \/>\n<meta property=\"og:site_name\" content=\"Elcoline Group\" \/>\n<meta property=\"article:modified_time\" content=\"2025-11-28T10:38:11+00:00\" \/>\n<meta property=\"og:image\" content=\"https:\/\/elcoline.com\/wp-content\/uploads\/2025\/07\/turbine-maintenance-scaled.webp\" \/>\n\t<meta property=\"og:image:width\" content=\"1709\" \/>\n\t<meta property=\"og:image:height\" content=\"2560\" \/>\n\t<meta property=\"og:image:type\" content=\"image\/webp\" \/>\n<meta name=\"twitter:card\" content=\"summary_large_image\" \/>\n<meta name=\"twitter:label1\" content=\"Arvioitu lukuaika\" \/>\n\t<meta name=\"twitter:data1\" content=\"3 minuuttia\" \/>\n<script type=\"application\/ld+json\" class=\"yoast-schema-graph\">{\"@context\":\"https:\\\/\\\/schema.org\",\"@graph\":[{\"@type\":\"WebPage\",\"@id\":\"https:\\\/\\\/elcoline.com\\\/fi\\\/palvelut\\\/turbiini-ja-generaattoripalvelut\\\/turbiinit\\\/\",\"url\":\"https:\\\/\\\/elcoline.com\\\/fi\\\/palvelut\\\/turbiini-ja-generaattoripalvelut\\\/turbiinit\\\/\",\"name\":\"Turbiinit - Elcoline Group\",\"isPartOf\":{\"@id\":\"https:\\\/\\\/elcoline.com\\\/fi\\\/#website\"},\"primaryImageOfPage\":{\"@id\":\"https:\\\/\\\/elcoline.com\\\/fi\\\/palvelut\\\/turbiini-ja-generaattoripalvelut\\\/turbiinit\\\/#primaryimage\"},\"image\":{\"@id\":\"https:\\\/\\\/elcoline.com\\\/fi\\\/palvelut\\\/turbiini-ja-generaattoripalvelut\\\/turbiinit\\\/#primaryimage\"},\"thumbnailUrl\":\"https:\\\/\\\/elcoline.com\\\/wp-content\\\/uploads\\\/2025\\\/07\\\/turbine-maintenance-scaled.webp\",\"datePublished\":\"2025-03-20T11:31:47+00:00\",\"dateModified\":\"2025-11-28T10:38:11+00:00\",\"description\":\"Turbiinilaitosten asiantuntijuutemme ulottuu rajatuista tarkastuksista suuriin huoltoihin, p\u00e4ivityksiin ja modernisointeihin.\",\"breadcrumb\":{\"@id\":\"https:\\\/\\\/elcoline.com\\\/fi\\\/palvelut\\\/turbiini-ja-generaattoripalvelut\\\/turbiinit\\\/#breadcrumb\"},\"inLanguage\":\"fi\",\"potentialAction\":[{\"@type\":\"ReadAction\",\"target\":[\"https:\\\/\\\/elcoline.com\\\/fi\\\/palvelut\\\/turbiini-ja-generaattoripalvelut\\\/turbiinit\\\/\"]}]},{\"@type\":\"ImageObject\",\"inLanguage\":\"fi\",\"@id\":\"https:\\\/\\\/elcoline.com\\\/fi\\\/palvelut\\\/turbiini-ja-generaattoripalvelut\\\/turbiinit\\\/#primaryimage\",\"url\":\"https:\\\/\\\/elcoline.com\\\/wp-content\\\/uploads\\\/2025\\\/07\\\/turbine-maintenance-scaled.webp\",\"contentUrl\":\"https:\\\/\\\/elcoline.com\\\/wp-content\\\/uploads\\\/2025\\\/07\\\/turbine-maintenance-scaled.webp\",\"width\":1709,\"height\":2560},{\"@type\":\"BreadcrumbList\",\"@id\":\"https:\\\/\\\/elcoline.com\\\/fi\\\/palvelut\\\/turbiini-ja-generaattoripalvelut\\\/turbiinit\\\/#breadcrumb\",\"itemListElement\":[{\"@type\":\"ListItem\",\"position\":1,\"name\":\"Turbiinit\",\"item\":\"https:\\\/\\\/elcoline.com\\\/fi\\\/palvelut\\\/turbiini-ja-generaattoripalvelut\\\/turbiinit\\\/\"},{\"@type\":\"ListItem\",\"position\":2,\"name\":\"Turbiini- ja generaattoripalvelut\",\"item\":\"https:\\\/\\\/elcoline.com\\\/fi\\\/palvelut\\\/turbiini-ja-generaattoripalvelut\\\/\"},{\"@type\":\"ListItem\",\"position\":3,\"name\":\"Turbiinit\"}]},{\"@type\":\"WebSite\",\"@id\":\"https:\\\/\\\/elcoline.com\\\/fi\\\/#website\",\"url\":\"https:\\\/\\\/elcoline.com\\\/fi\\\/\",\"name\":\"Elcoline Group\",\"description\":\"\",\"potentialAction\":[{\"@type\":\"SearchAction\",\"target\":{\"@type\":\"EntryPoint\",\"urlTemplate\":\"https:\\\/\\\/elcoline.com\\\/fi\\\/?s={search_term_string}\"},\"query-input\":{\"@type\":\"PropertyValueSpecification\",\"valueRequired\":true,\"valueName\":\"search_term_string\"}}],\"inLanguage\":\"fi\"}]}<\/script>\n<!-- \/ Yoast SEO plugin. -->","yoast_head_json":{"title":"Turbiinit - Elcoline Group","description":"Turbiinilaitosten asiantuntijuutemme ulottuu rajatuista tarkastuksista suuriin huoltoihin, p\u00e4ivityksiin ja modernisointeihin.","robots":{"index":"index","follow":"follow","max-snippet":"max-snippet:-1","max-image-preview":"max-image-preview:large","max-video-preview":"max-video-preview:-1"},"canonical":"https:\/\/elcoline.com\/fi\/palvelut\/turbiini-ja-generaattoripalvelut\/turbiinit\/","og_locale":"fi_FI","og_type":"article","og_title":"Turbiinit - Elcoline Group","og_description":"Turbiinilaitosten asiantuntijuutemme ulottuu rajatuista tarkastuksista suuriin huoltoihin, p\u00e4ivityksiin ja modernisointeihin.","og_url":"https:\/\/elcoline.com\/fi\/palvelut\/turbiini-ja-generaattoripalvelut\/turbiinit\/","og_site_name":"Elcoline Group","article_modified_time":"2025-11-28T10:38:11+00:00","og_image":[{"width":1709,"height":2560,"url":"https:\/\/elcoline.com\/wp-content\/uploads\/2025\/07\/turbine-maintenance-scaled.webp","type":"image\/webp"}],"twitter_card":"summary_large_image","twitter_misc":{"Arvioitu lukuaika":"3 minuuttia"},"schema":{"@context":"https:\/\/schema.org","@graph":[{"@type":"WebPage","@id":"https:\/\/elcoline.com\/fi\/palvelut\/turbiini-ja-generaattoripalvelut\/turbiinit\/","url":"https:\/\/elcoline.com\/fi\/palvelut\/turbiini-ja-generaattoripalvelut\/turbiinit\/","name":"Turbiinit - Elcoline Group","isPartOf":{"@id":"https:\/\/elcoline.com\/fi\/#website"},"primaryImageOfPage":{"@id":"https:\/\/elcoline.com\/fi\/palvelut\/turbiini-ja-generaattoripalvelut\/turbiinit\/#primaryimage"},"image":{"@id":"https:\/\/elcoline.com\/fi\/palvelut\/turbiini-ja-generaattoripalvelut\/turbiinit\/#primaryimage"},"thumbnailUrl":"https:\/\/elcoline.com\/wp-content\/uploads\/2025\/07\/turbine-maintenance-scaled.webp","datePublished":"2025-03-20T11:31:47+00:00","dateModified":"2025-11-28T10:38:11+00:00","description":"Turbiinilaitosten asiantuntijuutemme ulottuu rajatuista tarkastuksista suuriin huoltoihin, p\u00e4ivityksiin ja modernisointeihin.","breadcrumb":{"@id":"https:\/\/elcoline.com\/fi\/palvelut\/turbiini-ja-generaattoripalvelut\/turbiinit\/#breadcrumb"},"inLanguage":"fi","potentialAction":[{"@type":"ReadAction","target":["https:\/\/elcoline.com\/fi\/palvelut\/turbiini-ja-generaattoripalvelut\/turbiinit\/"]}]},{"@type":"ImageObject","inLanguage":"fi","@id":"https:\/\/elcoline.com\/fi\/palvelut\/turbiini-ja-generaattoripalvelut\/turbiinit\/#primaryimage","url":"https:\/\/elcoline.com\/wp-content\/uploads\/2025\/07\/turbine-maintenance-scaled.webp","contentUrl":"https:\/\/elcoline.com\/wp-content\/uploads\/2025\/07\/turbine-maintenance-scaled.webp","width":1709,"height":2560},{"@type":"BreadcrumbList","@id":"https:\/\/elcoline.com\/fi\/palvelut\/turbiini-ja-generaattoripalvelut\/turbiinit\/#breadcrumb","itemListElement":[{"@type":"ListItem","position":1,"name":"Turbiinit","item":"https:\/\/elcoline.com\/fi\/palvelut\/turbiini-ja-generaattoripalvelut\/turbiinit\/"},{"@type":"ListItem","position":2,"name":"Turbiini- ja generaattoripalvelut","item":"https:\/\/elcoline.com\/fi\/palvelut\/turbiini-ja-generaattoripalvelut\/"},{"@type":"ListItem","position":3,"name":"Turbiinit"}]},{"@type":"WebSite","@id":"https:\/\/elcoline.com\/fi\/#website","url":"https:\/\/elcoline.com\/fi\/","name":"Elcoline Group","description":"","potentialAction":[{"@type":"SearchAction","target":{"@type":"EntryPoint","urlTemplate":"https:\/\/elcoline.com\/fi\/?s={search_term_string}"},"query-input":{"@type":"PropertyValueSpecification","valueRequired":true,"valueName":"search_term_string"}}],"inLanguage":"fi"}]}},"pbg_featured_image_src":{"full":["https:\/\/elcoline.com\/wp-content\/uploads\/2025\/07\/turbine-maintenance-scaled.webp",1709,2560,false],"thumbnail":["https:\/\/elcoline.com\/wp-content\/uploads\/2025\/07\/turbine-maintenance-150x150.webp",150,150,true],"medium":["https:\/\/elcoline.com\/wp-content\/uploads\/2025\/07\/turbine-maintenance-200x300.webp",200,300,true],"medium_large":["https:\/\/elcoline.com\/wp-content\/uploads\/2025\/07\/turbine-maintenance-768x1150.webp",768,1150,true],"large":["https:\/\/elcoline.com\/wp-content\/uploads\/2025\/07\/turbine-maintenance-684x1024.webp",684,1024,true],"1536x1536":["https:\/\/elcoline.com\/wp-content\/uploads\/2025\/07\/turbine-maintenance-1025x1536.webp",1025,1536,true],"2048x2048":["https:\/\/elcoline.com\/wp-content\/uploads\/2025\/07\/turbine-maintenance-1367x2048.webp",1367,2048,true]},"pbg_author_info":{"display_name":"admin","author_link":"https:\/\/elcoline.com\/fi\/author\/admin\/","author_img":false},"pbg_comment_info":" No Comments","pbg_excerpt":"Turbiinien huolto ja korjaus Olemme turbiinilaitosten asiantuntijoita. Palvelemme tarkastuksista suuriin huoltoihin, p\u00e4ivityksiin ja modernisointeihin. Alkuper\u00e4isvalmistajista riippumattomana toimijana meill\u00e4 on kattava tuntemus h\u00f6yry- ja kaasuturbiineista. Riippumattomat, kattavat turbiinipalvelut Tarjoamme kokonaisvaltaiset huoltopalvelut h\u00f6yry- ja kaasuturbiineille \u2013 mukaan lukien tarkastukset, huollot, p\u00e4ivitykset ja siipien uusimiset \u2013 merkist\u00e4 riippumatta. Valmistajista riippumaton asiantuntemuksemme takaa joustavat ja r\u00e4\u00e4t\u00e4l\u00f6idyt ratkaisut kaikille turbiinityypeille.&hellip;","_links":{"self":[{"href":"https:\/\/elcoline.com\/fi\/wp-json\/wp\/v2\/pages\/48024","targetHints":{"allow":["GET"]}}],"collection":[{"href":"https:\/\/elcoline.com\/fi\/wp-json\/wp\/v2\/pages"}],"about":[{"href":"https:\/\/elcoline.com\/fi\/wp-json\/wp\/v2\/types\/page"}],"author":[{"embeddable":true,"href":"https:\/\/elcoline.com\/fi\/wp-json\/wp\/v2\/users\/10"}],"replies":[{"embeddable":true,"href":"https:\/\/elcoline.com\/fi\/wp-json\/wp\/v2\/comments?post=48024"}],"version-history":[{"count":11,"href":"https:\/\/elcoline.com\/fi\/wp-json\/wp\/v2\/pages\/48024\/revisions"}],"predecessor-version":[{"id":49262,"href":"https:\/\/elcoline.com\/fi\/wp-json\/wp\/v2\/pages\/48024\/revisions\/49262"}],"up":[{"embeddable":true,"href":"https:\/\/elcoline.com\/fi\/wp-json\/wp\/v2\/pages\/48017"}],"wp:featuredmedia":[{"embeddable":true,"href":"https:\/\/elcoline.com\/fi\/wp-json\/wp\/v2\/media\/46376"}],"wp:attachment":[{"href":"https:\/\/elcoline.com\/fi\/wp-json\/wp\/v2\/media?parent=48024"}],"curies":[{"name":"wp","href":"https:\/\/api.w.org\/{rel}","templated":true}]}}