{"id":48028,"date":"2025-03-20T11:31:47","date_gmt":"2025-03-20T11:31:47","guid":{"rendered":"https:\/\/elcoline.com\/palvelut\/turbiini-ja-generaattoripalvelut\/jarjestelmat\/"},"modified":"2025-11-28T10:40:54","modified_gmt":"2025-11-28T10:40:54","slug":"jarjestelmat","status":"publish","type":"page","link":"https:\/\/elcoline.com\/fi\/palvelut\/turbiini-ja-generaattoripalvelut\/jarjestelmat\/","title":{"rendered":"J\u00e4rjestelm\u00e4t"},"content":{"rendered":"\n<div class=\"wp-block-cover is-light hero elcoline-hero has-base-color has-text-color has-link-color wp-elements-48e338982aedc7d4c44169cb1c7e607b\"><span aria-hidden=\"true\" class=\"wp-block-cover__background has-background-dim\" style=\"background-color:#FFF\"><\/span><img loading=\"lazy\" decoding=\"async\" width=\"1920\" height=\"1080\" src=\"https:\/\/elcoline.com\/wp-content\/uploads\/2025\/07\/tg_systems.webp\" class=\"wp-block-cover__image-background wp-post-image\" alt=\"\" data-object-fit=\"cover\" srcset=\"https:\/\/elcoline.com\/wp-content\/uploads\/2025\/07\/tg_systems.webp 1920w, https:\/\/elcoline.com\/wp-content\/uploads\/2025\/07\/tg_systems-300x169.webp 300w, https:\/\/elcoline.com\/wp-content\/uploads\/2025\/07\/tg_systems-1024x576.webp 1024w, https:\/\/elcoline.com\/wp-content\/uploads\/2025\/07\/tg_systems-768x432.webp 768w, https:\/\/elcoline.com\/wp-content\/uploads\/2025\/07\/tg_systems-1536x864.webp 1536w\" sizes=\"auto, (max-width: 1920px) 100vw, 1920px\" \/><div class=\"wp-block-cover__inner-container is-layout-flow wp-block-cover-is-layout-flow\">\n<h2 class=\"wp-block-heading\">Turbiiini- ja generaattoripalvelut<\/h2>\n\n\n\n<div class=\"wp-block-columns is-layout-flex wp-container-core-columns-is-layout-28f84493 wp-block-columns-is-layout-flex\">\n<div class=\"wp-block-column is-layout-flow wp-block-column-is-layout-flow\">\n<h1 class=\"wp-block-heading\">J\u00e4rjestelm\u00e4t<\/h1>\n<\/div>\n\n\n\n<div class=\"wp-block-column is-layout-flow wp-block-column-is-layout-flow\">\n<p><\/p>\n<\/div>\n<\/div>\n<\/div><\/div>\n\n\n\n<div class=\"wp-block-columns is-layout-flex wp-container-core-columns-is-layout-28f84493 wp-block-columns-is-layout-flex\">\n<div class=\"wp-block-column is-layout-flow wp-block-column-is-layout-flow\">\n<h2 class=\"wp-block-heading\">Turbiinien ja generaattorien ohjaus- ja suojaj\u00e4rjestelm\u00e4t<\/h2>\n<\/div>\n\n\n\n<div class=\"wp-block-column is-layout-flow wp-block-column-is-layout-flow\">\n<p>Olennainen osa Elcolinen turbiini- ja generaattoriosaamisesta ovat valvonta-, ohjaus- ja suojaj\u00e4rjestelmien palvelut ja modernisoinnit. N\u00e4m\u00e4 j\u00e4rjestelm\u00e4t takaavat py\u00f6rivien p\u00e4\u00e4laitteiden suorituskyvyn ja ovat keskeisess\u00e4 roolissa, kun tavoitteena on parempi seuranta, luotettavuus ja turvallisuus. <\/p>\n<\/div>\n<\/div>\n\n\n\n<div class=\"wp-block-columns is-layout-flex wp-container-core-columns-is-layout-28f84493 wp-block-columns-is-layout-flex\">\n<div class=\"wp-block-column is-layout-flow wp-block-column-is-layout-flow\">\n<div class=\"wp-block-font-awesome-icon wp-font-awesome-icon\"><svg aria-hidden=\"true\" focusable=\"false\" data-prefix=\"fal\" data-icon=\"helmet-safety\" class=\"svg-inline--fa fa-helmet-safety \" role=\"img\" xmlns=\"http:\/\/www.w3.org\/2000\/svg\" viewBox=\"0 0 576 512\" style=\"font-size:2.5em\" color=\"#0066cc\"><path fill=\"currentColor\" d=\"M240 80l0 192c0 8.8-7.2 16-16 16s-16-7.2-16-16l0-192c0-26.5 21.5-48 48-48l64 0c26.5 0 48 21.5 48 48l0 192c0 8.8-7.2 16-16 16s-16-7.2-16-16l0-192c0-8.8-7.2-16-16-16l-64 0c-8.8 0-16 7.2-16 16zm-64-1.3l0 34.7C109.9 143.7 64 210.5 64 288l0 32-32 0 0-32c0-95.5 59.8-177.1 144-209.3zm224 34.7l0-34.7c83.5 31.9 143 112.4 144 206.9l0 2.4 0 32-32 0 0-34.3c-.9-76.5-46.5-142.3-112-172.3zM537.3 384L38.7 384c-3.7 0-6.7 3-6.7 6.7c0 .4 0 .7 .1 1C58.5 408.5 136.6 448 288 448s229.5-39.5 255.9-56.3c0-.2 .1-.6 .1-1c0-3.7-3-6.7-6.7-6.7zM38.7 352l498.5 0c21.4 0 38.7 17.3 38.7 38.7c0 11-4.7 21.4-13.9 27.3C531.3 437.9 447.1 480 288 480s-243.3-42.1-274.1-61.9C4.7 412.1 0 401.7 0 390.7C0 369.3 17.3 352 38.7 352z\"><\/path><\/svg><\/div><br>\n\n\n\n<h3 class=\"wp-block-heading\">Riippumaton, laaja tekninen osaaminen <\/h3>\n\n\n\n<p>Pystymme toteuttamaan avoimia j\u00e4rjestelmi\u00e4, jotka perustuvat useiden valmistajien laitteiden tuntemukseen. <\/p>\n<\/div>\n\n\n\n<div class=\"wp-block-column is-layout-flow wp-block-column-is-layout-flow\">\n<div class=\"wp-block-font-awesome-icon wp-font-awesome-icon\"><svg aria-hidden=\"true\" focusable=\"false\" data-prefix=\"fal\" data-icon=\"key\" class=\"svg-inline--fa fa-key \" role=\"img\" xmlns=\"http:\/\/www.w3.org\/2000\/svg\" viewBox=\"0 0 512 512\" style=\"font-size:2.5em\" color=\"#0066cc\"><path fill=\"currentColor\" d=\"M192 176c0-79.5 64.5-144 144-144s144 64.5 144 144s-64.5 144-144 144c-11.1 0-22-1.3-32.4-3.6c-5.4-1.2-11 .4-14.9 4.3L257.4 352 208 352c-8.8 0-16 7.2-16 16l0 48-48 0c-8.8 0-16 7.2-16 16l0 48-96 0 0-81.4L194.8 235.8c4.2-4.2 5.7-10.5 3.9-16.2c-4.4-13.8-6.7-28.4-6.7-43.7zM336 0C238.8 0 160 78.8 160 176c0 15.1 1.9 29.8 5.5 43.9L4.7 380.7c-3 3-4.7 7.1-4.7 11.3L0 496c0 8.8 7.2 16 16 16l128 0c8.8 0 16-7.2 16-16l0-48 48 0c8.8 0 16-7.2 16-16l0-48 40 0c4.2 0 8.3-1.7 11.3-4.7l30-30c10 1.8 20.2 2.7 30.7 2.7c97.2 0 176-78.8 176-176S433.2 0 336 0zm32 168a24 24 0 1 0 0-48 24 24 0 1 0 0 48z\"><\/path><\/svg><\/div><br>\n\n\n\n<h3 class=\"wp-block-heading\">Joustavat avaimet k\u00e4teen -ratkaisut <\/h3>\n\n\n\n<p>Modulaariset toteutukset mahdollistavat ty\u00f6n jakamisen pienempiin vaiheisiin, mik\u00e4 v\u00e4hent\u00e4\u00e4 riskej\u00e4 ja monimutkaisuutta sek\u00e4 maksimoi tehokkuuden. <\/p>\n<\/div>\n\n\n\n<div class=\"wp-block-column is-layout-flow wp-block-column-is-layout-flow\">\n<div class=\"wp-block-font-awesome-icon wp-font-awesome-icon\"><svg aria-hidden=\"true\" focusable=\"false\" data-prefix=\"fal\" data-icon=\"chart-line-up\" class=\"svg-inline--fa fa-chart-line-up \" role=\"img\" xmlns=\"http:\/\/www.w3.org\/2000\/svg\" viewBox=\"0 0 512 512\" style=\"font-size:2.5em\" color=\"#0066cc\"><path fill=\"currentColor\" d=\"M32 48c0-8.8-7.2-16-16-16S0 39.2 0 48L0 400c0 44.2 35.8 80 80 80l416 0c8.8 0 16-7.2 16-16s-7.2-16-16-16L80 448c-26.5 0-48-21.5-48-48L32 48zm288 96c0 8.8 7.2 16 16 16l89.4 0L320 265.4l-84.7-84.7c-6.2-6.2-16.4-6.2-22.6 0l-112 112c-6.2 6.2-6.2 16.4 0 22.6s16.4 6.2 22.6 0L224 214.6l84.7 84.7c6.2 6.2 16.4 6.2 22.6 0L448 182.6l0 89.4c0 8.8 7.2 16 16 16s16-7.2 16-16l0-128c0-8.8-7.2-16-16-16l-128 0c-8.8 0-16 7.2-16 16z\"><\/path><\/svg><\/div><br>\n\n\n\n<h3 class=\"wp-block-heading\">Korkeampi k\u00e4ytt\u00f6varmuus<\/h3>\n\n\n\n<p>Parantunut suorituskyky ja datan saatavuus v\u00e4hent\u00e4v\u00e4t vikojen riski\u00e4, lis\u00e4\u00e4v\u00e4t toiminnan joustavuutta, varmistavat oikea-aikaiset huoltotoimenpiteet ja minimoivat laitoksen seisokkiajan. <\/p>\n<\/div>\n<\/div>\n\n\n\n<div class=\"wp-block-columns is-layout-flex wp-container-core-columns-is-layout-28f84493 wp-block-columns-is-layout-flex\">\n<div class=\"wp-block-column is-layout-flow wp-block-column-is-layout-flow\">\n<h2 class=\"wp-block-heading\">Luotettavasti toimivat ohjaus- ja suojaj\u00e4rjestelm\u00e4t <\/h2>\n<\/div>\n\n\n\n<div class=\"wp-block-column is-layout-flow wp-block-column-is-layout-flow\">\n<p>Vaikka ohjaus- ja suojaj\u00e4rjestelmi\u00e4 huolletaan huolellisesti, ne vaativat ajoittain p\u00e4ivityksi\u00e4 ja modernisointeja turvallisen ja luotettavan toiminnan varmistamiseksi. Kun turbiini tai generaattori tarvitsee vanhentuneen laitteiston korvaamista, pikaista huoltoa tai j\u00e4rjestelm\u00e4n suorituskyvyn parantamista, parhaan lis\u00e4arvon tuo kokenut kumppani, jolla on paikallinen tukiverkosto ja syv\u00e4llinen osaaminen turbiineista, generaattoreista ja prosesseista. <\/p>\n\n\n\n<p>Elcolinen kattavat ohjaus- ja suojaj\u00e4rjestelm\u00e4ratkaisut tarjoavat tukea ja asiantuntemusta koko laitteiston elinkaaren ajan. Tarjoamme palveluita pienist\u00e4 tarkastuksista aina turbiinigeneraattoreiden ohjaus- ja suojaj\u00e4rjestelmien t\u00e4ysimittaisiin modernisointeihin. Voimme ottaa projektista kokonaisvastuun. Valmistajariippumattomana palveluntarjoajana osaamme huoltaa usean eri valmistajan laitteita ja m\u00e4\u00e4ritell\u00e4 optimaalisen laajuuden ja ratkaisun kuhunkin tarpeeseen. Usein ihanteellinen l\u00e4hestymistapa on modulaarinen projektitoteutus, jossa ty\u00f6 voidaan pienempiin vaiheisiin. Se v\u00e4hent\u00e4\u00e4 riskej\u00e4 ja monimutkaisuutta ja johtaa lopulta kustannuss\u00e4\u00e4st\u00f6ihin. On my\u00f6s t\u00e4rke\u00e4\u00e4 huomioida laitteiston elinkaarivaihe \u2013 esimerkiksi osien korvaaminen vasta niiden k\u00e4ytt\u00f6i\u00e4n p\u00e4\u00e4tytty\u00e4. <\/p>\n<\/div>\n<\/div>\n\n\n\n<div class=\"wp-block-columns is-layout-flex wp-container-core-columns-is-layout-28f84493 wp-block-columns-is-layout-flex\">\n<div class=\"wp-block-column is-layout-flow wp-block-column-is-layout-flow\">\n<h2 class=\"wp-block-heading\">Palvelut<\/h2>\n\n\n\n<div class=\"wp-block-group vertical-lines is-layout-grid wp-container-core-group-is-layout-478b6e6b wp-block-group-is-layout-grid\">\n<h3 class=\"wp-block-heading\">Asiantuntijapalvelut<\/h3>\n\n\n\n<h3 class=\"wp-block-heading\">Tarkastukset<\/h3>\n<\/div>\n\n\n\n<p><\/p>\n<\/div>\n\n\n\n<div class=\"wp-block-column is-layout-flow wp-block-column-is-layout-flow\">\n<figure class=\"wp-block-image size-full\"><img loading=\"lazy\" decoding=\"async\" width=\"785\" height=\"560\" src=\"https:\/\/elcoline.com\/wp-content\/uploads\/2025\/06\/tgs-system-services.webp\" alt=\"\" class=\"wp-image-680\" srcset=\"https:\/\/elcoline.com\/wp-content\/uploads\/2025\/06\/tgs-system-services.webp 785w, https:\/\/elcoline.com\/wp-content\/uploads\/2025\/06\/tgs-system-services-300x214.webp 300w, https:\/\/elcoline.com\/wp-content\/uploads\/2025\/06\/tgs-system-services-768x548.webp 768w\" sizes=\"auto, (max-width: 785px) 100vw, 785px\" \/><\/figure>\n<\/div>\n<\/div>\n\n\n\n<div class=\"wp-block-columns is-layout-flex wp-container-core-columns-is-layout-28f84493 wp-block-columns-is-layout-flex\">\n<div class=\"wp-block-column is-layout-flow wp-block-column-is-layout-flow\">\n<h2 class=\"wp-block-heading\">Modernisoinnit<\/h2>\n\n\n\n<div class=\"wp-block-group vertical-lines is-nowrap is-layout-flex wp-container-core-group-is-layout-6c531013 wp-block-group-is-layout-flex\">\n<h3 class=\"wp-block-heading\">Turbiinien ohjaus- ja suojaj\u00e4rjestelm\u00e4t<\/h3>\n<\/div>\n\n\n\n<div class=\"wp-block-group vertical-lines is-nowrap is-layout-flex wp-container-core-group-is-layout-6c531013 wp-block-group-is-layout-flex\">\n<h3 class=\"wp-block-heading\">Generaattorien ohjaus- ja suojaj\u00e4rjestelm\u00e4t <\/h3>\n<\/div>\n\n\n\n<div class=\"wp-block-group vertical-lines is-nowrap is-layout-flex wp-container-core-group-is-layout-6c531013 wp-block-group-is-layout-flex\">\n<h3 class=\"wp-block-heading\">Kunnonvalvonta\u00adj\u00e4rjestelm\u00e4t<\/h3>\n<\/div>\n<\/div>\n\n\n\n<div class=\"wp-block-column is-layout-flow wp-block-column-is-layout-flow\">\n<figure class=\"wp-block-image size-full\"><img loading=\"lazy\" decoding=\"async\" width=\"770\" height=\"550\" src=\"https:\/\/elcoline.com\/wp-content\/uploads\/2025\/06\/tgs-system-modernisations.webp\" alt=\"\" class=\"wp-image-684\" srcset=\"https:\/\/elcoline.com\/wp-content\/uploads\/2025\/06\/tgs-system-modernisations.webp 770w, https:\/\/elcoline.com\/wp-content\/uploads\/2025\/06\/tgs-system-modernisations-300x214.webp 300w, https:\/\/elcoline.com\/wp-content\/uploads\/2025\/06\/tgs-system-modernisations-768x549.webp 768w\" sizes=\"auto, (max-width: 770px) 100vw, 770px\" \/><\/figure>\n<\/div>\n<\/div>\n\n\n\n<div class=\"wp-block-columns is-layout-flex wp-container-core-columns-is-layout-28f84493 wp-block-columns-is-layout-flex\">\n<div class=\"wp-block-column is-layout-flow wp-block-column-is-layout-flow\">\n<h2 class=\"wp-block-heading\">J\u00e4rjestelm\u00e4t hallintaan <\/h2>\n<\/div>\n\n\n\n<div class=\"wp-block-column is-layout-flow wp-block-column-is-layout-flow\">\n<p>Tarjoamme my\u00f6s monipuolisia asiantuntijapalveluita, kuten t\u00e4sm\u00e4tukea v\u00e4litt\u00f6miin ja odottamattomiin teknisiin ongelmiin, projektien esiselvityksi\u00e4, asennusvalvontaa, k\u00e4ytt\u00f6\u00f6nottoja, prosessien optimointia, tarkastuksia sek\u00e4 varaosien toimituksia, joiden avulla j\u00e4rjestelm\u00e4n elinkaarta voidaan pident\u00e4\u00e4 ilman t\u00e4ysimittaista modernisointia. Jokaisen toimeksiannon tavoitteena on auttaa asiakasta saavuttamaan huipputason suorituskyky ja parantaa k\u00e4ytett\u00e4vyytt\u00e4 \u2013 t\u00e4t\u00e4 kutsumme j\u00e4rjestelmien hallintaan saattamiseksi. <\/p>\n<\/div>\n<\/div>\n\n\n\n<div class=\"wp-block-columns elcoline-contact is-style-section-3 is-layout-flex wp-container-core-columns-is-layout-701c2d95 wp-block-columns-is-layout-flex is-style-section-3--1\" style=\"padding-top:var(--wp--preset--spacing--80);padding-bottom:var(--wp--preset--spacing--80)\">\n<div class=\"wp-block-column is-layout-flow wp-block-column-is-layout-flow\">\n<div class=\"wp-block-columns is-layout-flex wp-container-core-columns-is-layout-28f84493 wp-block-columns-is-layout-flex\">\n<div class=\"wp-block-column is-layout-flow wp-block-column-is-layout-flow\" style=\"flex-basis:50%\">\n<h2 class=\"wp-block-heading\">Haluatko tiet\u00e4\u00e4, kuinka voisimme auttaa?<\/h2>\n\n\n\n<div class=\"wp-block-buttons is-horizontal is-content-justification-left is-layout-flex wp-container-core-buttons-is-layout-121c590e wp-block-buttons-is-layout-flex\" style=\"padding-top:var(--wp--preset--spacing--40)\">\n<div class=\"wp-block-button\"><a class=\"wp-block-button__link wp-element-button\" href=\"https:\/\/elcoline.com\/fi\/yhteystiedot\/\">Kaikki yhteystiedot<\/a><\/div>\n<\/div>\n<\/div>\n\n\n\n<div class=\"wp-block-column is-layout-flow wp-block-column-is-layout-flow\" style=\"flex-basis:25%\">\n<p class=\"has-large-font-size\">Ota yhteytt\u00e4 ammattilaiseemme<\/p>\n\n\n\n<p style=\"font-size:14px\">Johtaja, J\u00e4rjestelm\u00e4palvelut, Turbiini- ja generaattoripalvelut<br><strong><strong>Miika Tilus<\/strong><\/strong><a href=\"tel:+358 45 788 13176\"><br><\/a><a href=\"mailto:miika.tilus@elcoline.com\">miika.tilus@elcoline.com<\/a><br><a href=\"tel:358442925996\">+358 44 292 5996<\/a><br>Nuottasaarenkatu 17<br>FI-90401 Oulu<\/p>\n<\/div>\n<\/div>\n<\/div>\n<\/div>\n","protected":false},"excerpt":{"rendered":"<p>Turbiinien ja generaattorien ohjaus- ja suojaj\u00e4rjestelm\u00e4t Olennainen osa Elcolinen turbiini- ja generaattoriosaamisesta ovat valvonta-, ohjaus- ja suojaj\u00e4rjestelmien palvelut ja modernisoinnit. N\u00e4m\u00e4 j\u00e4rjestelm\u00e4t takaavat py\u00f6rivien p\u00e4\u00e4laitteiden suorituskyvyn ja ovat keskeisess\u00e4 roolissa, kun tavoitteena on parempi seuranta, luotettavuus ja turvallisuus. Riippumaton, laaja tekninen osaaminen Pystymme toteuttamaan avoimia j\u00e4rjestelmi\u00e4, jotka perustuvat useiden valmistajien laitteiden tuntemukseen. Joustavat avaimet k\u00e4teen [&hellip;]<\/p>\n","protected":false},"author":10,"featured_media":46594,"parent":48017,"menu_order":1,"comment_status":"closed","ping_status":"closed","template":"","meta":{"footnotes":""},"class_list":["post-48028","page","type-page","status-publish","has-post-thumbnail","hentry"],"yoast_head":"<!-- This site is optimized with the Yoast SEO plugin v27.5 - https:\/\/yoast.com\/product\/yoast-seo-wordpress\/ -->\n<title>J\u00e4rjestelm\u00e4t - Elcoline Group<\/title>\n<meta name=\"description\" content=\"Olennainen osa turbiini- ja generaattoriosaamisestamme ovat tarjoamamme valvonta-, ohjaus- ja suojaj\u00e4rjestelmien palvelut ja modernisoinnit.\" \/>\n<meta name=\"robots\" content=\"index, follow, max-snippet:-1, max-image-preview:large, max-video-preview:-1\" \/>\n<link rel=\"canonical\" href=\"https:\/\/elcoline.com\/fi\/palvelut\/turbiini-ja-generaattoripalvelut\/jarjestelmat\/\" \/>\n<meta property=\"og:locale\" content=\"fi_FI\" \/>\n<meta property=\"og:type\" content=\"article\" \/>\n<meta property=\"og:title\" content=\"J\u00e4rjestelm\u00e4t - Elcoline Group\" \/>\n<meta property=\"og:description\" content=\"Olennainen osa turbiini- ja generaattoriosaamisestamme ovat tarjoamamme valvonta-, ohjaus- ja suojaj\u00e4rjestelmien palvelut ja modernisoinnit.\" \/>\n<meta property=\"og:url\" content=\"https:\/\/elcoline.com\/fi\/palvelut\/turbiini-ja-generaattoripalvelut\/jarjestelmat\/\" \/>\n<meta property=\"og:site_name\" content=\"Elcoline Group\" \/>\n<meta property=\"article:modified_time\" content=\"2025-11-28T10:40:54+00:00\" \/>\n<meta property=\"og:image\" content=\"https:\/\/elcoline.com\/wp-content\/uploads\/2025\/07\/tg_systems.webp\" \/>\n\t<meta property=\"og:image:width\" content=\"1920\" \/>\n\t<meta property=\"og:image:height\" content=\"1080\" \/>\n\t<meta property=\"og:image:type\" content=\"image\/webp\" \/>\n<meta name=\"twitter:card\" content=\"summary_large_image\" \/>\n<meta name=\"twitter:label1\" content=\"Arvioitu lukuaika\" \/>\n\t<meta name=\"twitter:data1\" content=\"4 minuuttia\" \/>\n<script type=\"application\/ld+json\" class=\"yoast-schema-graph\">{\"@context\":\"https:\\\/\\\/schema.org\",\"@graph\":[{\"@type\":\"WebPage\",\"@id\":\"https:\\\/\\\/elcoline.com\\\/fi\\\/palvelut\\\/turbiini-ja-generaattoripalvelut\\\/jarjestelmat\\\/\",\"url\":\"https:\\\/\\\/elcoline.com\\\/fi\\\/palvelut\\\/turbiini-ja-generaattoripalvelut\\\/jarjestelmat\\\/\",\"name\":\"J\u00e4rjestelm\u00e4t - Elcoline Group\",\"isPartOf\":{\"@id\":\"https:\\\/\\\/elcoline.com\\\/fi\\\/#website\"},\"primaryImageOfPage\":{\"@id\":\"https:\\\/\\\/elcoline.com\\\/fi\\\/palvelut\\\/turbiini-ja-generaattoripalvelut\\\/jarjestelmat\\\/#primaryimage\"},\"image\":{\"@id\":\"https:\\\/\\\/elcoline.com\\\/fi\\\/palvelut\\\/turbiini-ja-generaattoripalvelut\\\/jarjestelmat\\\/#primaryimage\"},\"thumbnailUrl\":\"https:\\\/\\\/elcoline.com\\\/wp-content\\\/uploads\\\/2025\\\/07\\\/tg_systems.webp\",\"datePublished\":\"2025-03-20T11:31:47+00:00\",\"dateModified\":\"2025-11-28T10:40:54+00:00\",\"description\":\"Olennainen osa turbiini- ja generaattoriosaamisestamme ovat tarjoamamme valvonta-, ohjaus- ja suojaj\u00e4rjestelmien palvelut ja modernisoinnit.\",\"breadcrumb\":{\"@id\":\"https:\\\/\\\/elcoline.com\\\/fi\\\/palvelut\\\/turbiini-ja-generaattoripalvelut\\\/jarjestelmat\\\/#breadcrumb\"},\"inLanguage\":\"fi\",\"potentialAction\":[{\"@type\":\"ReadAction\",\"target\":[\"https:\\\/\\\/elcoline.com\\\/fi\\\/palvelut\\\/turbiini-ja-generaattoripalvelut\\\/jarjestelmat\\\/\"]}]},{\"@type\":\"ImageObject\",\"inLanguage\":\"fi\",\"@id\":\"https:\\\/\\\/elcoline.com\\\/fi\\\/palvelut\\\/turbiini-ja-generaattoripalvelut\\\/jarjestelmat\\\/#primaryimage\",\"url\":\"https:\\\/\\\/elcoline.com\\\/wp-content\\\/uploads\\\/2025\\\/07\\\/tg_systems.webp\",\"contentUrl\":\"https:\\\/\\\/elcoline.com\\\/wp-content\\\/uploads\\\/2025\\\/07\\\/tg_systems.webp\",\"width\":1920,\"height\":1080},{\"@type\":\"BreadcrumbList\",\"@id\":\"https:\\\/\\\/elcoline.com\\\/fi\\\/palvelut\\\/turbiini-ja-generaattoripalvelut\\\/jarjestelmat\\\/#breadcrumb\",\"itemListElement\":[{\"@type\":\"ListItem\",\"position\":1,\"name\":\"J\u00e4rjestelm\u00e4t\",\"item\":\"https:\\\/\\\/elcoline.com\\\/fi\\\/palvelut\\\/turbiini-ja-generaattoripalvelut\\\/jarjestelmat\\\/\"},{\"@type\":\"ListItem\",\"position\":2,\"name\":\"Turbiini- ja generaattoripalvelut\",\"item\":\"https:\\\/\\\/elcoline.com\\\/fi\\\/palvelut\\\/turbiini-ja-generaattoripalvelut\\\/\"},{\"@type\":\"ListItem\",\"position\":3,\"name\":\"J\u00e4rjestelm\u00e4t\"}]},{\"@type\":\"WebSite\",\"@id\":\"https:\\\/\\\/elcoline.com\\\/fi\\\/#website\",\"url\":\"https:\\\/\\\/elcoline.com\\\/fi\\\/\",\"name\":\"Elcoline Group\",\"description\":\"\",\"potentialAction\":[{\"@type\":\"SearchAction\",\"target\":{\"@type\":\"EntryPoint\",\"urlTemplate\":\"https:\\\/\\\/elcoline.com\\\/fi\\\/?s={search_term_string}\"},\"query-input\":{\"@type\":\"PropertyValueSpecification\",\"valueRequired\":true,\"valueName\":\"search_term_string\"}}],\"inLanguage\":\"fi\"}]}<\/script>\n<!-- \/ Yoast SEO plugin. -->","yoast_head_json":{"title":"J\u00e4rjestelm\u00e4t - Elcoline Group","description":"Olennainen osa turbiini- ja generaattoriosaamisestamme ovat tarjoamamme valvonta-, ohjaus- ja suojaj\u00e4rjestelmien palvelut ja modernisoinnit.","robots":{"index":"index","follow":"follow","max-snippet":"max-snippet:-1","max-image-preview":"max-image-preview:large","max-video-preview":"max-video-preview:-1"},"canonical":"https:\/\/elcoline.com\/fi\/palvelut\/turbiini-ja-generaattoripalvelut\/jarjestelmat\/","og_locale":"fi_FI","og_type":"article","og_title":"J\u00e4rjestelm\u00e4t - Elcoline Group","og_description":"Olennainen osa turbiini- ja generaattoriosaamisestamme ovat tarjoamamme valvonta-, ohjaus- ja suojaj\u00e4rjestelmien palvelut ja modernisoinnit.","og_url":"https:\/\/elcoline.com\/fi\/palvelut\/turbiini-ja-generaattoripalvelut\/jarjestelmat\/","og_site_name":"Elcoline Group","article_modified_time":"2025-11-28T10:40:54+00:00","og_image":[{"width":1920,"height":1080,"url":"https:\/\/elcoline.com\/wp-content\/uploads\/2025\/07\/tg_systems.webp","type":"image\/webp"}],"twitter_card":"summary_large_image","twitter_misc":{"Arvioitu lukuaika":"4 minuuttia"},"schema":{"@context":"https:\/\/schema.org","@graph":[{"@type":"WebPage","@id":"https:\/\/elcoline.com\/fi\/palvelut\/turbiini-ja-generaattoripalvelut\/jarjestelmat\/","url":"https:\/\/elcoline.com\/fi\/palvelut\/turbiini-ja-generaattoripalvelut\/jarjestelmat\/","name":"J\u00e4rjestelm\u00e4t - Elcoline Group","isPartOf":{"@id":"https:\/\/elcoline.com\/fi\/#website"},"primaryImageOfPage":{"@id":"https:\/\/elcoline.com\/fi\/palvelut\/turbiini-ja-generaattoripalvelut\/jarjestelmat\/#primaryimage"},"image":{"@id":"https:\/\/elcoline.com\/fi\/palvelut\/turbiini-ja-generaattoripalvelut\/jarjestelmat\/#primaryimage"},"thumbnailUrl":"https:\/\/elcoline.com\/wp-content\/uploads\/2025\/07\/tg_systems.webp","datePublished":"2025-03-20T11:31:47+00:00","dateModified":"2025-11-28T10:40:54+00:00","description":"Olennainen osa turbiini- ja generaattoriosaamisestamme ovat tarjoamamme valvonta-, ohjaus- ja suojaj\u00e4rjestelmien palvelut ja modernisoinnit.","breadcrumb":{"@id":"https:\/\/elcoline.com\/fi\/palvelut\/turbiini-ja-generaattoripalvelut\/jarjestelmat\/#breadcrumb"},"inLanguage":"fi","potentialAction":[{"@type":"ReadAction","target":["https:\/\/elcoline.com\/fi\/palvelut\/turbiini-ja-generaattoripalvelut\/jarjestelmat\/"]}]},{"@type":"ImageObject","inLanguage":"fi","@id":"https:\/\/elcoline.com\/fi\/palvelut\/turbiini-ja-generaattoripalvelut\/jarjestelmat\/#primaryimage","url":"https:\/\/elcoline.com\/wp-content\/uploads\/2025\/07\/tg_systems.webp","contentUrl":"https:\/\/elcoline.com\/wp-content\/uploads\/2025\/07\/tg_systems.webp","width":1920,"height":1080},{"@type":"BreadcrumbList","@id":"https:\/\/elcoline.com\/fi\/palvelut\/turbiini-ja-generaattoripalvelut\/jarjestelmat\/#breadcrumb","itemListElement":[{"@type":"ListItem","position":1,"name":"J\u00e4rjestelm\u00e4t","item":"https:\/\/elcoline.com\/fi\/palvelut\/turbiini-ja-generaattoripalvelut\/jarjestelmat\/"},{"@type":"ListItem","position":2,"name":"Turbiini- ja generaattoripalvelut","item":"https:\/\/elcoline.com\/fi\/palvelut\/turbiini-ja-generaattoripalvelut\/"},{"@type":"ListItem","position":3,"name":"J\u00e4rjestelm\u00e4t"}]},{"@type":"WebSite","@id":"https:\/\/elcoline.com\/fi\/#website","url":"https:\/\/elcoline.com\/fi\/","name":"Elcoline Group","description":"","potentialAction":[{"@type":"SearchAction","target":{"@type":"EntryPoint","urlTemplate":"https:\/\/elcoline.com\/fi\/?s={search_term_string}"},"query-input":{"@type":"PropertyValueSpecification","valueRequired":true,"valueName":"search_term_string"}}],"inLanguage":"fi"}]}},"pbg_featured_image_src":{"full":["https:\/\/elcoline.com\/wp-content\/uploads\/2025\/07\/tg_systems.webp",1920,1080,false],"thumbnail":["https:\/\/elcoline.com\/wp-content\/uploads\/2025\/07\/tg_systems-150x150.webp",150,150,true],"medium":["https:\/\/elcoline.com\/wp-content\/uploads\/2025\/07\/tg_systems-300x169.webp",300,169,true],"medium_large":["https:\/\/elcoline.com\/wp-content\/uploads\/2025\/07\/tg_systems-768x432.webp",768,432,true],"large":["https:\/\/elcoline.com\/wp-content\/uploads\/2025\/07\/tg_systems-1024x576.webp",1024,576,true],"1536x1536":["https:\/\/elcoline.com\/wp-content\/uploads\/2025\/07\/tg_systems-1536x864.webp",1536,864,true],"2048x2048":["https:\/\/elcoline.com\/wp-content\/uploads\/2025\/07\/tg_systems.webp",1920,1080,false]},"pbg_author_info":{"display_name":"admin","author_link":"https:\/\/elcoline.com\/fi\/author\/admin\/","author_img":false},"pbg_comment_info":" No Comments","pbg_excerpt":"Turbiinien ja generaattorien ohjaus- ja suojaj\u00e4rjestelm\u00e4t Olennainen osa Elcolinen turbiini- ja generaattoriosaamisesta ovat valvonta-, ohjaus- ja suojaj\u00e4rjestelmien palvelut ja modernisoinnit. N\u00e4m\u00e4 j\u00e4rjestelm\u00e4t takaavat py\u00f6rivien p\u00e4\u00e4laitteiden suorituskyvyn ja ovat keskeisess\u00e4 roolissa, kun tavoitteena on parempi seuranta, luotettavuus ja turvallisuus. Riippumaton, laaja tekninen osaaminen Pystymme toteuttamaan avoimia j\u00e4rjestelmi\u00e4, jotka perustuvat useiden valmistajien laitteiden tuntemukseen. Joustavat avaimet k\u00e4teen&hellip;","_links":{"self":[{"href":"https:\/\/elcoline.com\/fi\/wp-json\/wp\/v2\/pages\/48028","targetHints":{"allow":["GET"]}}],"collection":[{"href":"https:\/\/elcoline.com\/fi\/wp-json\/wp\/v2\/pages"}],"about":[{"href":"https:\/\/elcoline.com\/fi\/wp-json\/wp\/v2\/types\/page"}],"author":[{"embeddable":true,"href":"https:\/\/elcoline.com\/fi\/wp-json\/wp\/v2\/users\/10"}],"replies":[{"embeddable":true,"href":"https:\/\/elcoline.com\/fi\/wp-json\/wp\/v2\/comments?post=48028"}],"version-history":[{"count":8,"href":"https:\/\/elcoline.com\/fi\/wp-json\/wp\/v2\/pages\/48028\/revisions"}],"predecessor-version":[{"id":49264,"href":"https:\/\/elcoline.com\/fi\/wp-json\/wp\/v2\/pages\/48028\/revisions\/49264"}],"up":[{"embeddable":true,"href":"https:\/\/elcoline.com\/fi\/wp-json\/wp\/v2\/pages\/48017"}],"wp:featuredmedia":[{"embeddable":true,"href":"https:\/\/elcoline.com\/fi\/wp-json\/wp\/v2\/media\/46594"}],"wp:attachment":[{"href":"https:\/\/elcoline.com\/fi\/wp-json\/wp\/v2\/media?parent=48028"}],"curies":[{"name":"wp","href":"https:\/\/api.w.org\/{rel}","templated":true}]}}