{"id":48032,"date":"2025-03-20T11:31:47","date_gmt":"2025-03-20T11:31:47","guid":{"rendered":"https:\/\/elcoline.com\/palvelut\/turbiini-ja-generaattoripalvelut\/pitkaaikaiset-palvelusopimukset\/"},"modified":"2025-09-15T15:22:44","modified_gmt":"2025-09-15T15:22:44","slug":"pitkaaikaiset-palvelusopimukset","status":"publish","type":"page","link":"https:\/\/elcoline.com\/fi\/palvelut\/turbiini-ja-generaattoripalvelut\/pitkaaikaiset-palvelusopimukset\/","title":{"rendered":"Pitk\u00e4aikaiset palvelusopimukset"},"content":{"rendered":"\n<div class=\"wp-block-cover is-light hero elcoline-hero has-base-color has-text-color has-link-color wp-elements-3aeff27773d84b9f230ad64963755c7b\"><span aria-hidden=\"true\" class=\"wp-block-cover__background has-background-dim\" style=\"background-color:#FFF\"><\/span><img loading=\"lazy\" decoding=\"async\" width=\"2000\" height=\"1333\" src=\"https:\/\/elcoline.com\/wp-content\/uploads\/2025\/06\/agreement.webp\" class=\"wp-block-cover__image-background wp-post-image\" alt=\"\" data-object-fit=\"cover\" srcset=\"https:\/\/elcoline.com\/wp-content\/uploads\/2025\/06\/agreement.webp 2000w, https:\/\/elcoline.com\/wp-content\/uploads\/2025\/06\/agreement-300x200.webp 300w, https:\/\/elcoline.com\/wp-content\/uploads\/2025\/06\/agreement-1024x682.webp 1024w, https:\/\/elcoline.com\/wp-content\/uploads\/2025\/06\/agreement-768x512.webp 768w, https:\/\/elcoline.com\/wp-content\/uploads\/2025\/06\/agreement-1536x1024.webp 1536w\" sizes=\"auto, (max-width: 2000px) 100vw, 2000px\" \/><div class=\"wp-block-cover__inner-container is-layout-flow wp-block-cover-is-layout-flow\">\n<h2 class=\"wp-block-heading\">TURBIINI- JA GENERAATTORIPALVELUT<\/h2>\n\n\n\n<div class=\"wp-block-columns is-layout-flex wp-container-core-columns-is-layout-28f84493 wp-block-columns-is-layout-flex\">\n<div class=\"wp-block-column is-layout-flow wp-block-column-is-layout-flow\">\n<h1 class=\"wp-block-heading\">Pitk\u00e4aikaiset palvelusopimukset<\/h1>\n<\/div>\n\n\n\n<div class=\"wp-block-column is-layout-flow wp-block-column-is-layout-flow\">\n<p><\/p>\n<\/div>\n<\/div>\n<\/div><\/div>\n\n\n\n<div class=\"wp-block-columns is-layout-flex wp-container-core-columns-is-layout-28f84493 wp-block-columns-is-layout-flex\">\n<div class=\"wp-block-column is-layout-flow wp-block-column-is-layout-flow\">\n<h2 class=\"wp-block-heading\">Pitk\u00e4aikaiset huoltosopimukset turbiineille ja generaattoreille <\/h2>\n<\/div>\n\n\n\n<div class=\"wp-block-column is-layout-flow wp-block-column-is-layout-flow\">\n<p>Turbiinit ja generaattorit ovat erikoislaitteita, joiden kunnossapito vaatii erityisosaamista. Pitk\u00e4aikainen huoltosopimus kaltaisemme kokeneen palveluntarjoajan tarjoaa kattavan ratkaisun laitteiden elinkaaren hallintaan ja kunnossapitoon \u2013 aina huoltosuunnittelusta ja tarkastuksista peruskunnostuksiin ja varaosahallintaan asti. <\/p>\n<\/div>\n<\/div>\n\n\n\n<div class=\"wp-block-columns is-style-section-3 is-layout-flex wp-container-core-columns-is-layout-a90dbcd3 wp-block-columns-is-layout-flex is-style-section-3--1\" style=\"padding-top:4rem;padding-bottom:4rem\">\n<div class=\"wp-block-column is-layout-flow wp-block-column-is-layout-flow\">\n<h3 class=\"wp-block-heading\">K\u00e4ytett\u00e4vyyden maksimointi <\/h3>\n\n\n\n<p>J\u00e4rjestelm\u00e4llisen kunnossapitoty\u00f6n tulokset n\u00e4kyv\u00e4t selv\u00e4sti v\u00e4hentynein\u00e4 seisokkeina ja odottamattomien vikojen v\u00e4ltt\u00e4misen\u00e4. <\/p>\n<\/div>\n\n\n\n<div class=\"wp-block-column is-layout-flow wp-block-column-is-layout-flow\">\n<h3 class=\"wp-block-heading\">Huolto oikeaan aikaan<\/h3>\n\n\n\n<p>S\u00e4\u00e4nn\u00f6lliset tarkastukset ja kunnonvalvonta riitt\u00e4v\u00e4n lyhyin v\u00e4lein minimoivat riskit ja mahdollistavat huoltotoimenpiteiden optimaalisen ajoituksen. <\/p>\n<\/div>\n\n\n\n<div class=\"wp-block-column is-layout-flow wp-block-column-is-layout-flow\">\n<h3 class=\"wp-block-heading\">Riippumaton palveluntarjoaja energiantuotannon taustalla <\/h3>\n\n\n\n<p>Takaa teknis-taloudellisesti parhaan ratkaisun kuhunkin yksil\u00f6lliseen tarpeeseen. <\/p>\n<\/div>\n<\/div>\n\n\n\n<div class=\"wp-block-columns is-layout-flex wp-container-core-columns-is-layout-28f84493 wp-block-columns-is-layout-flex\">\n<div class=\"wp-block-column is-layout-flow wp-block-column-is-layout-flow\">\n<h2 class=\"wp-block-heading\">Jatkuvuutta ja paras palvelutaso pitk\u00e4aikaisella huoltosopimuksella <\/h2>\n<\/div>\n\n\n\n<div class=\"wp-block-column is-layout-flow wp-block-column-is-layout-flow\">\n<p>Nykyisess\u00e4 toimintaymp\u00e4rist\u00f6ss\u00e4 pitk\u00e4j\u00e4nteinen l\u00e4hestymistapa laitteiden elinkaaren hallintaan ja kunnossapitoon usein puuttuu. Meill\u00e4 pitk\u00e4aikaiset huoltosopimukset on suunniteltu erityisesti turbogeneraattoreiden kunnossapitoon koko laitteiston elinkaaren ajan. <\/p>\n\n\n\n<p>Yhteisty\u00f6 osaavan palveluntarjoajan kanssa, joka tuntee laitoksen laitehistorian, seuraa jatkuvasti laitteiden kuntoa ja varaosatilannetta sek\u00e4 ryhtyy korjaaviin toimenpiteisiin ennen suuria vikoja, tuo selkeit\u00e4 s\u00e4\u00e4st\u00f6j\u00e4 voimalaitoksen omistajalle. Jos ongelmia kuitenkin ilmenee, aikaa ei kulu palveluntarjoajan valintaan \u2013 asiantunteva ja erikoistunut tekninen tuki ja kunnossapitohenkil\u00f6st\u00f6 on nopeasti saatavilla, jolloin aika ja resurssit voidaan keskitt\u00e4\u00e4 nopeaan ongelmanratkaisuun. <\/p>\n\n\n\n<p>Asiantuntemuksemme kattaa laajasti eri valmistajien turbogeneraattorit. Pystymme huolehtimaan koko laitekannasta riippumatta laitemerkeist\u00e4. T\u00e4sm\u00e4tuki on saatavilla nopeasti ja paikallisesti my\u00f6s yll\u00e4tt\u00e4viin teknisiin ongelmiin. <\/p>\n<\/div>\n<\/div>\n\n\n\n<h3 class=\"wp-block-heading\"><\/h3>\n\n\n\n<div class=\"wp-block-columns is-style-section-3 is-layout-flex wp-container-core-columns-is-layout-d7a87397 wp-block-columns-is-layout-flex is-style-section-3--2\" style=\"padding-top:6rem;padding-bottom:6rem\">\n<div class=\"wp-block-column is-layout-flow wp-block-column-is-layout-flow\">\n<h2 class=\"wp-block-heading\">Aina oikea ratkaisu tarpeisiisi <\/h2>\n<\/div>\n\n\n\n<div class=\"wp-block-column is-layout-flow wp-block-column-is-layout-flow\">\n<p>Vahva kunnossapitokumppani tarjoaa voimalaitoksen omistajalle erinomaisen pohjan huoltosuunnitelmien p\u00e4ivitt\u00e4miseen, ymm\u00e4rryksen siit\u00e4, miksi tietyt huoltotoimenpiteet ovat tarpeen, sek\u00e4 selke\u00e4t suuntaviivat tulevien investointien suunnitteluun. N\u00e4m\u00e4 muodostavat tehokkaan ty\u00f6kalun turbogeneraattoreihin liittyvien riskien hallintaan hyv\u00e4ksytt\u00e4v\u00e4lle tasolle \u2013 jopa tilanteissa, joissa laitoksen oma henkil\u00f6st\u00f6 ei en\u00e4\u00e4 omaa tarvittavaa erikoisosaamista arvokkaiden ja riskialttiiden py\u00f6rivien laitteiden kunnossapitoon. <\/p>\n\n\n\n<p>Pitk\u00e4aikaisessa huoltosopimuksessa laajuus ja ehdot m\u00e4\u00e4ritell\u00e4\u00e4n yhdess\u00e4 asiakkaan kanssa tukitarpeen mukaan. Yksinkertaisimmillaan sopimus voi olla puitesopimus, joka tarjoaa tukea yll\u00e4tt\u00e4viin tilanteisiin ja mahdollistaa pienten vakiopalveluiden helpon tilaamisen. Tarkastussopimus sis\u00e4lt\u00e4\u00e4 valikoituja tarkastuksia, kunnonvalvontamittauksia ja analyysipalveluita ennalta m\u00e4\u00e4ritellyn aikataulun mukaisesti. Syvimm\u00e4n yhteisty\u00f6n muoto on laajamittainen sopimus, jossa Elcoline TGS ottaa t\u00e4yden vastuun turbiinisaaren kunnossapidosta, mik\u00e4 kattaa kaikki tarvittavat huoltotoimenpiteet koko akselilinjalle ja oheislaitteille. <\/p>\n<\/div>\n<\/div>\n\n\n\n<p><\/p>\n\n\n\n<h2 class=\"wp-block-heading\">Pitk\u00e4aikainen kumppanuus tarjoaa<\/h2>\n\n\n\n<div class=\"wp-block-group is-nowrap is-layout-flex wp-container-core-group-is-layout-e1eee7aa wp-block-group-is-layout-flex\" style=\"padding-top:3rem;padding-bottom:3rem\">\n<div class=\"wp-block-columns is-layout-flex wp-container-core-columns-is-layout-28f84493 wp-block-columns-is-layout-flex\">\n<div class=\"wp-block-column is-layout-flow wp-block-column-is-layout-flow\">\n<h2 class=\"wp-block-heading\">Jatkuvuutta<\/h2>\n\n\n\n<p>Huoltohistorian tuntemus mahdollistaa tarkkaan kohdennetun kunnossapitosuunnitelman ja teknisen tuen todelliseen tarpeeseen.<\/p>\n<\/div>\n\n\n\n<div class=\"wp-block-column is-layout-flow wp-block-column-is-layout-flow\">\n<h2 class=\"wp-block-heading\">N\u00e4kyvyytt\u00e4<\/h2>\n\n\n\n<p>Laitteiden tilan jatkuva seuranta v\u00e4hent\u00e4\u00e4 yll\u00e4tyksi\u00e4 ja mahdollistaa huoltotoimenpiteiden optimaalisen ajoituksen.<\/p>\n<\/div>\n\n\n\n<div class=\"wp-block-column is-layout-flow wp-block-column-is-layout-flow\">\n<h2 class=\"wp-block-heading\">Keskittymist\u00e4<\/h2>\n\n\n\n<p>Kun tukea tarvitaan, voit keskitty\u00e4 toimenpiteisiin palveluntarjoajan valinnan sijaan.<\/p>\n<\/div>\n\n\n\n<div class=\"wp-block-column is-layout-flow wp-block-column-is-layout-flow\">\n<h2 class=\"wp-block-heading\">Ketteryytt\u00e4<\/h2>\n\n\n\n<p>Paikallinen osaaminen k\u00e4ytett\u00e4viss\u00e4 jopa 24\/7 koko sopimuskauden ajan.<\/p>\n<\/div>\n<\/div>\n<\/div>\n\n\n\n<div class=\"wp-block-columns elcoline-contact is-style-section-3 is-layout-flex wp-container-core-columns-is-layout-bb55df49 wp-block-columns-is-layout-flex is-style-section-3--3\" style=\"margin-top:0;margin-bottom:0;padding-top:var(--wp--preset--spacing--80);padding-bottom:var(--wp--preset--spacing--80)\">\n<div class=\"wp-block-column is-layout-flow wp-block-column-is-layout-flow\">\n<div class=\"wp-block-columns is-layout-flex wp-container-core-columns-is-layout-28f84493 wp-block-columns-is-layout-flex\">\n<div class=\"wp-block-column is-layout-flow wp-block-column-is-layout-flow\" style=\"flex-basis:50%\">\n<h2 class=\"wp-block-heading\">Haluatko tiet\u00e4\u00e4, kuinka voisimme auttaa?<\/h2>\n\n\n\n<div style=\"height:25px\" aria-hidden=\"true\" class=\"wp-block-spacer\"><\/div>\n\n\n\n<div class=\"wp-block-buttons is-horizontal is-content-justification-left is-layout-flex wp-container-core-buttons-is-layout-036cb0ab wp-block-buttons-is-layout-flex\">\n<div class=\"wp-block-button\"><a class=\"wp-block-button__link wp-element-button\" href=\"https:\/\/elcoline.com\/fi\/yhteystiedot\/\">Ota yhteytt\u00e4 ammattilaisiimme<\/a><\/div>\n<\/div>\n<\/div>\n\n\n\n<div class=\"wp-block-column is-layout-flow wp-block-column-is-layout-flow\" style=\"flex-basis:25%\"><\/div>\n\n\n\n<div class=\"wp-block-column is-layout-flow wp-block-column-is-layout-flow\" style=\"flex-basis:25%\">\n\n\n<p><\/p>\n<\/div>\n<\/div>\n<\/div>\n<\/div>\n","protected":false},"excerpt":{"rendered":"<p>Pitk\u00e4aikaiset huoltosopimukset turbiineille ja generaattoreille Turbiinit ja generaattorit ovat erikoislaitteita, joiden kunnossapito vaatii erityisosaamista. Pitk\u00e4aikainen huoltosopimus kaltaisemme kokeneen palveluntarjoajan tarjoaa kattavan ratkaisun laitteiden elinkaaren hallintaan ja kunnossapitoon \u2013 aina huoltosuunnittelusta ja tarkastuksista peruskunnostuksiin ja varaosahallintaan asti. K\u00e4ytett\u00e4vyyden maksimointi J\u00e4rjestelm\u00e4llisen kunnossapitoty\u00f6n tulokset n\u00e4kyv\u00e4t selv\u00e4sti v\u00e4hentynein\u00e4 seisokkeina ja odottamattomien vikojen v\u00e4ltt\u00e4misen\u00e4. Huolto oikeaan aikaan S\u00e4\u00e4nn\u00f6lliset tarkastukset ja [&hellip;]<\/p>\n","protected":false},"author":10,"featured_media":692,"parent":48017,"menu_order":2,"comment_status":"closed","ping_status":"closed","template":"","meta":{"footnotes":""},"class_list":["post-48032","page","type-page","status-publish","has-post-thumbnail","hentry"],"yoast_head":"<!-- This site is optimized with the Yoast SEO plugin v27.5 - https:\/\/yoast.com\/product\/yoast-seo-wordpress\/ -->\n<title>Pitk\u00e4aikaiset palvelusopimukset - Elcoline Group<\/title>\n<meta name=\"description\" content=\"Pitk\u00e4aikainen palvelusopimus turbiini- ja generaattoripalveluidemme kanssa merkitsee kokonaisvaltaista elinkaarenhallintaa ja kunnossapitoa.\" \/>\n<meta name=\"robots\" content=\"index, follow, max-snippet:-1, max-image-preview:large, max-video-preview:-1\" \/>\n<link rel=\"canonical\" href=\"https:\/\/elcoline.com\/fi\/palvelut\/turbiini-ja-generaattoripalvelut\/pitkaaikaiset-palvelusopimukset\/\" \/>\n<meta property=\"og:locale\" content=\"fi_FI\" \/>\n<meta property=\"og:type\" content=\"article\" \/>\n<meta property=\"og:title\" content=\"Pitk\u00e4aikaiset palvelusopimukset - Elcoline Group\" \/>\n<meta property=\"og:description\" content=\"Pitk\u00e4aikainen palvelusopimus turbiini- ja generaattoripalveluidemme kanssa merkitsee kokonaisvaltaista elinkaarenhallintaa ja kunnossapitoa.\" \/>\n<meta property=\"og:url\" content=\"https:\/\/elcoline.com\/fi\/palvelut\/turbiini-ja-generaattoripalvelut\/pitkaaikaiset-palvelusopimukset\/\" \/>\n<meta property=\"og:site_name\" content=\"Elcoline Group\" \/>\n<meta property=\"article:modified_time\" content=\"2025-09-15T15:22:44+00:00\" \/>\n<meta property=\"og:image\" content=\"https:\/\/elcoline.com\/wp-content\/uploads\/2025\/06\/agreement.webp\" \/>\n\t<meta property=\"og:image:width\" content=\"2000\" \/>\n\t<meta property=\"og:image:height\" content=\"1333\" \/>\n\t<meta property=\"og:image:type\" content=\"image\/webp\" \/>\n<meta name=\"twitter:card\" content=\"summary_large_image\" \/>\n<meta name=\"twitter:label1\" content=\"Arvioitu lukuaika\" \/>\n\t<meta name=\"twitter:data1\" content=\"3 minuuttia\" \/>\n<script type=\"application\/ld+json\" class=\"yoast-schema-graph\">{\"@context\":\"https:\\\/\\\/schema.org\",\"@graph\":[{\"@type\":\"WebPage\",\"@id\":\"https:\\\/\\\/elcoline.com\\\/fi\\\/palvelut\\\/turbiini-ja-generaattoripalvelut\\\/pitkaaikaiset-palvelusopimukset\\\/\",\"url\":\"https:\\\/\\\/elcoline.com\\\/fi\\\/palvelut\\\/turbiini-ja-generaattoripalvelut\\\/pitkaaikaiset-palvelusopimukset\\\/\",\"name\":\"Pitk\u00e4aikaiset palvelusopimukset - Elcoline Group\",\"isPartOf\":{\"@id\":\"https:\\\/\\\/elcoline.com\\\/fi\\\/#website\"},\"primaryImageOfPage\":{\"@id\":\"https:\\\/\\\/elcoline.com\\\/fi\\\/palvelut\\\/turbiini-ja-generaattoripalvelut\\\/pitkaaikaiset-palvelusopimukset\\\/#primaryimage\"},\"image\":{\"@id\":\"https:\\\/\\\/elcoline.com\\\/fi\\\/palvelut\\\/turbiini-ja-generaattoripalvelut\\\/pitkaaikaiset-palvelusopimukset\\\/#primaryimage\"},\"thumbnailUrl\":\"https:\\\/\\\/elcoline.com\\\/wp-content\\\/uploads\\\/2025\\\/06\\\/agreement.webp\",\"datePublished\":\"2025-03-20T11:31:47+00:00\",\"dateModified\":\"2025-09-15T15:22:44+00:00\",\"description\":\"Pitk\u00e4aikainen palvelusopimus turbiini- ja generaattoripalveluidemme kanssa merkitsee kokonaisvaltaista elinkaarenhallintaa ja kunnossapitoa.\",\"breadcrumb\":{\"@id\":\"https:\\\/\\\/elcoline.com\\\/fi\\\/palvelut\\\/turbiini-ja-generaattoripalvelut\\\/pitkaaikaiset-palvelusopimukset\\\/#breadcrumb\"},\"inLanguage\":\"fi\",\"potentialAction\":[{\"@type\":\"ReadAction\",\"target\":[\"https:\\\/\\\/elcoline.com\\\/fi\\\/palvelut\\\/turbiini-ja-generaattoripalvelut\\\/pitkaaikaiset-palvelusopimukset\\\/\"]}]},{\"@type\":\"ImageObject\",\"inLanguage\":\"fi\",\"@id\":\"https:\\\/\\\/elcoline.com\\\/fi\\\/palvelut\\\/turbiini-ja-generaattoripalvelut\\\/pitkaaikaiset-palvelusopimukset\\\/#primaryimage\",\"url\":\"https:\\\/\\\/elcoline.com\\\/wp-content\\\/uploads\\\/2025\\\/06\\\/agreement.webp\",\"contentUrl\":\"https:\\\/\\\/elcoline.com\\\/wp-content\\\/uploads\\\/2025\\\/06\\\/agreement.webp\",\"width\":2000,\"height\":1333},{\"@type\":\"BreadcrumbList\",\"@id\":\"https:\\\/\\\/elcoline.com\\\/fi\\\/palvelut\\\/turbiini-ja-generaattoripalvelut\\\/pitkaaikaiset-palvelusopimukset\\\/#breadcrumb\",\"itemListElement\":[{\"@type\":\"ListItem\",\"position\":1,\"name\":\"Pitk\u00e4aikaiset palvelusopimukset\",\"item\":\"https:\\\/\\\/elcoline.com\\\/fi\\\/palvelut\\\/turbiini-ja-generaattoripalvelut\\\/pitkaaikaiset-palvelusopimukset\\\/\"},{\"@type\":\"ListItem\",\"position\":2,\"name\":\"Turbiini- ja generaattoripalvelut\",\"item\":\"https:\\\/\\\/elcoline.com\\\/fi\\\/palvelut\\\/turbiini-ja-generaattoripalvelut\\\/\"},{\"@type\":\"ListItem\",\"position\":3,\"name\":\"Pitk\u00e4aikaiset palvelusopimukset\"}]},{\"@type\":\"WebSite\",\"@id\":\"https:\\\/\\\/elcoline.com\\\/fi\\\/#website\",\"url\":\"https:\\\/\\\/elcoline.com\\\/fi\\\/\",\"name\":\"Elcoline Group\",\"description\":\"\",\"potentialAction\":[{\"@type\":\"SearchAction\",\"target\":{\"@type\":\"EntryPoint\",\"urlTemplate\":\"https:\\\/\\\/elcoline.com\\\/fi\\\/?s={search_term_string}\"},\"query-input\":{\"@type\":\"PropertyValueSpecification\",\"valueRequired\":true,\"valueName\":\"search_term_string\"}}],\"inLanguage\":\"fi\"}]}<\/script>\n<!-- \/ Yoast SEO plugin. -->","yoast_head_json":{"title":"Pitk\u00e4aikaiset palvelusopimukset - Elcoline Group","description":"Pitk\u00e4aikainen palvelusopimus turbiini- ja generaattoripalveluidemme kanssa merkitsee kokonaisvaltaista elinkaarenhallintaa ja kunnossapitoa.","robots":{"index":"index","follow":"follow","max-snippet":"max-snippet:-1","max-image-preview":"max-image-preview:large","max-video-preview":"max-video-preview:-1"},"canonical":"https:\/\/elcoline.com\/fi\/palvelut\/turbiini-ja-generaattoripalvelut\/pitkaaikaiset-palvelusopimukset\/","og_locale":"fi_FI","og_type":"article","og_title":"Pitk\u00e4aikaiset palvelusopimukset - Elcoline Group","og_description":"Pitk\u00e4aikainen palvelusopimus turbiini- ja generaattoripalveluidemme kanssa merkitsee kokonaisvaltaista elinkaarenhallintaa ja kunnossapitoa.","og_url":"https:\/\/elcoline.com\/fi\/palvelut\/turbiini-ja-generaattoripalvelut\/pitkaaikaiset-palvelusopimukset\/","og_site_name":"Elcoline Group","article_modified_time":"2025-09-15T15:22:44+00:00","og_image":[{"width":2000,"height":1333,"url":"https:\/\/elcoline.com\/wp-content\/uploads\/2025\/06\/agreement.webp","type":"image\/webp"}],"twitter_card":"summary_large_image","twitter_misc":{"Arvioitu lukuaika":"3 minuuttia"},"schema":{"@context":"https:\/\/schema.org","@graph":[{"@type":"WebPage","@id":"https:\/\/elcoline.com\/fi\/palvelut\/turbiini-ja-generaattoripalvelut\/pitkaaikaiset-palvelusopimukset\/","url":"https:\/\/elcoline.com\/fi\/palvelut\/turbiini-ja-generaattoripalvelut\/pitkaaikaiset-palvelusopimukset\/","name":"Pitk\u00e4aikaiset palvelusopimukset - Elcoline Group","isPartOf":{"@id":"https:\/\/elcoline.com\/fi\/#website"},"primaryImageOfPage":{"@id":"https:\/\/elcoline.com\/fi\/palvelut\/turbiini-ja-generaattoripalvelut\/pitkaaikaiset-palvelusopimukset\/#primaryimage"},"image":{"@id":"https:\/\/elcoline.com\/fi\/palvelut\/turbiini-ja-generaattoripalvelut\/pitkaaikaiset-palvelusopimukset\/#primaryimage"},"thumbnailUrl":"https:\/\/elcoline.com\/wp-content\/uploads\/2025\/06\/agreement.webp","datePublished":"2025-03-20T11:31:47+00:00","dateModified":"2025-09-15T15:22:44+00:00","description":"Pitk\u00e4aikainen palvelusopimus turbiini- ja generaattoripalveluidemme kanssa merkitsee kokonaisvaltaista elinkaarenhallintaa ja kunnossapitoa.","breadcrumb":{"@id":"https:\/\/elcoline.com\/fi\/palvelut\/turbiini-ja-generaattoripalvelut\/pitkaaikaiset-palvelusopimukset\/#breadcrumb"},"inLanguage":"fi","potentialAction":[{"@type":"ReadAction","target":["https:\/\/elcoline.com\/fi\/palvelut\/turbiini-ja-generaattoripalvelut\/pitkaaikaiset-palvelusopimukset\/"]}]},{"@type":"ImageObject","inLanguage":"fi","@id":"https:\/\/elcoline.com\/fi\/palvelut\/turbiini-ja-generaattoripalvelut\/pitkaaikaiset-palvelusopimukset\/#primaryimage","url":"https:\/\/elcoline.com\/wp-content\/uploads\/2025\/06\/agreement.webp","contentUrl":"https:\/\/elcoline.com\/wp-content\/uploads\/2025\/06\/agreement.webp","width":2000,"height":1333},{"@type":"BreadcrumbList","@id":"https:\/\/elcoline.com\/fi\/palvelut\/turbiini-ja-generaattoripalvelut\/pitkaaikaiset-palvelusopimukset\/#breadcrumb","itemListElement":[{"@type":"ListItem","position":1,"name":"Pitk\u00e4aikaiset palvelusopimukset","item":"https:\/\/elcoline.com\/fi\/palvelut\/turbiini-ja-generaattoripalvelut\/pitkaaikaiset-palvelusopimukset\/"},{"@type":"ListItem","position":2,"name":"Turbiini- ja generaattoripalvelut","item":"https:\/\/elcoline.com\/fi\/palvelut\/turbiini-ja-generaattoripalvelut\/"},{"@type":"ListItem","position":3,"name":"Pitk\u00e4aikaiset palvelusopimukset"}]},{"@type":"WebSite","@id":"https:\/\/elcoline.com\/fi\/#website","url":"https:\/\/elcoline.com\/fi\/","name":"Elcoline Group","description":"","potentialAction":[{"@type":"SearchAction","target":{"@type":"EntryPoint","urlTemplate":"https:\/\/elcoline.com\/fi\/?s={search_term_string}"},"query-input":{"@type":"PropertyValueSpecification","valueRequired":true,"valueName":"search_term_string"}}],"inLanguage":"fi"}]}},"pbg_featured_image_src":{"full":["https:\/\/elcoline.com\/wp-content\/uploads\/2025\/06\/agreement.webp",2000,1333,false],"thumbnail":["https:\/\/elcoline.com\/wp-content\/uploads\/2025\/06\/agreement-150x150.webp",150,150,true],"medium":["https:\/\/elcoline.com\/wp-content\/uploads\/2025\/06\/agreement-300x200.webp",300,200,true],"medium_large":["https:\/\/elcoline.com\/wp-content\/uploads\/2025\/06\/agreement-768x512.webp",768,512,true],"large":["https:\/\/elcoline.com\/wp-content\/uploads\/2025\/06\/agreement-1024x682.webp",1024,682,true],"1536x1536":["https:\/\/elcoline.com\/wp-content\/uploads\/2025\/06\/agreement-1536x1024.webp",1536,1024,true],"2048x2048":["https:\/\/elcoline.com\/wp-content\/uploads\/2025\/06\/agreement.webp",2000,1333,false]},"pbg_author_info":{"display_name":"admin","author_link":"https:\/\/elcoline.com\/fi\/author\/admin\/","author_img":false},"pbg_comment_info":" No Comments","pbg_excerpt":"Pitk\u00e4aikaiset huoltosopimukset turbiineille ja generaattoreille Turbiinit ja generaattorit ovat erikoislaitteita, joiden kunnossapito vaatii erityisosaamista. Pitk\u00e4aikainen huoltosopimus kaltaisemme kokeneen palveluntarjoajan tarjoaa kattavan ratkaisun laitteiden elinkaaren hallintaan ja kunnossapitoon \u2013 aina huoltosuunnittelusta ja tarkastuksista peruskunnostuksiin ja varaosahallintaan asti. K\u00e4ytett\u00e4vyyden maksimointi J\u00e4rjestelm\u00e4llisen kunnossapitoty\u00f6n tulokset n\u00e4kyv\u00e4t selv\u00e4sti v\u00e4hentynein\u00e4 seisokkeina ja odottamattomien vikojen v\u00e4ltt\u00e4misen\u00e4. Huolto oikeaan aikaan S\u00e4\u00e4nn\u00f6lliset tarkastukset ja&hellip;","_links":{"self":[{"href":"https:\/\/elcoline.com\/fi\/wp-json\/wp\/v2\/pages\/48032","targetHints":{"allow":["GET"]}}],"collection":[{"href":"https:\/\/elcoline.com\/fi\/wp-json\/wp\/v2\/pages"}],"about":[{"href":"https:\/\/elcoline.com\/fi\/wp-json\/wp\/v2\/types\/page"}],"author":[{"embeddable":true,"href":"https:\/\/elcoline.com\/fi\/wp-json\/wp\/v2\/users\/10"}],"replies":[{"embeddable":true,"href":"https:\/\/elcoline.com\/fi\/wp-json\/wp\/v2\/comments?post=48032"}],"version-history":[{"count":4,"href":"https:\/\/elcoline.com\/fi\/wp-json\/wp\/v2\/pages\/48032\/revisions"}],"predecessor-version":[{"id":48692,"href":"https:\/\/elcoline.com\/fi\/wp-json\/wp\/v2\/pages\/48032\/revisions\/48692"}],"up":[{"embeddable":true,"href":"https:\/\/elcoline.com\/fi\/wp-json\/wp\/v2\/pages\/48017"}],"wp:featuredmedia":[{"embeddable":true,"href":"https:\/\/elcoline.com\/fi\/wp-json\/wp\/v2\/media\/692"}],"wp:attachment":[{"href":"https:\/\/elcoline.com\/fi\/wp-json\/wp\/v2\/media?parent=48032"}],"curies":[{"name":"wp","href":"https:\/\/api.w.org\/{rel}","templated":true}]}}