{"id":49515,"date":"2026-03-09T10:40:06","date_gmt":"2026-03-09T08:40:06","guid":{"rendered":"https:\/\/elcoline.com\/?page_id=49515"},"modified":"2026-03-09T10:40:07","modified_gmt":"2026-03-09T08:40:07","slug":"sahala","status":"publish","type":"page","link":"https:\/\/elcoline.com\/fi\/sahala\/","title":{"rendered":"Sahala"},"content":{"rendered":"\n<div class=\"wp-block-cover is-light hero has-base-color has-text-color has-link-color wp-elements-6315f8120cc039b2ee8892b3b9e1bbdc\"><span aria-hidden=\"true\" class=\"wp-block-cover__background has-background-dim\" style=\"background-color:#FFF\"><\/span><img loading=\"lazy\" decoding=\"async\" width=\"1024\" height=\"683\" src=\"https:\/\/elcoline.com\/wp-content\/uploads\/2026\/03\/elcoline_tuotantotilat-70.webp\" class=\"wp-block-cover__image-background wp-post-image\" alt=\"\" data-object-fit=\"cover\" srcset=\"https:\/\/elcoline.com\/wp-content\/uploads\/2026\/03\/elcoline_tuotantotilat-70.webp 1024w, https:\/\/elcoline.com\/wp-content\/uploads\/2026\/03\/elcoline_tuotantotilat-70-300x200.webp 300w, https:\/\/elcoline.com\/wp-content\/uploads\/2026\/03\/elcoline_tuotantotilat-70-768x512.webp 768w\" sizes=\"auto, (max-width: 1024px) 100vw, 1024px\" \/><div class=\"wp-block-cover__inner-container is-layout-flow wp-block-cover-is-layout-flow\">\n<div class=\"wp-block-columns is-layout-flex wp-container-core-columns-is-layout-28f84493 wp-block-columns-is-layout-flex\">\n<div class=\"wp-block-column is-layout-flow wp-block-column-is-layout-flow\">\n<h1 class=\"wp-block-heading\"><br>Tervetuloa Elcolinen sivuille! SSG Sahala on ollut osa Elcolinea kes\u00e4st\u00e4 2024.<\/h1>\n<\/div>\n\n\n\n<div class=\"wp-block-column is-layout-flow wp-block-column-is-layout-flow\">\n<p><\/p>\n<\/div>\n<\/div>\n<\/div><\/div>\n\n\n\n<h2 class=\"wp-block-heading has-text-align-center\">L\u00f6yd\u00e4t sivuiltamme my\u00f6s kaikki Sahalaan liittyv\u00e4t sis\u00e4ll\u00f6t:<br><\/h2>\n\n\n\n<p class=\"has-text-align-center\"><\/p>\n\n\n\n<div class=\"wp-block-columns is-layout-flex wp-container-core-columns-is-layout-28f84493 wp-block-columns-is-layout-flex\">\n<div class=\"wp-block-column is-layout-flow wp-block-column-is-layout-flow\">\n<div class=\"wp-block-premium-bullet-list premium-bullet-list premium-bullet-list-7ce67f0b8c13\"><ul class=\"premium-bullet-list-block premium-bullet-list\">\n<li class=\"wp-block-premium-list-item premium-list-item-b21ae1f19821 premium-bullet-list__wrapper\"><div class=\"premium-bullet-list__content-wrap\" data-icontype=\"icon\" id=\"premium-list-item-b21ae1f19821\"><div class=\"premium-bullet-list__icon-wrap\"><span class=\"premium-bullet-list__content-icon\"><span style=\"display:inline-flex;justify-content:center;align-items:center\" class=\"premium-bullet-list-icon ic_circleRight icon-type-ic\"><svg style=\"display:inline-block;vertical-align:middle\" viewBox=\"0 0 8 8\" height=\"24\" width=\"24\" fill=\"currentColor\" xmlns=\"http:\/\/www.w3.org\/2000\/svg\"><path d=\"M4 0c-2.21 0-4 1.79-4 4s1.79 4 4 4 4-1.79 4-4-1.79-4-4-4zm0 1l3 3-3 3v-2h-3v-2h3v-2z\"><\/path><\/svg><\/span><\/span><\/div><a class=\"premium-bullet-list-link\" href=\"https:\/\/elcoline.com\/fi\/palvelut\/lammonvaihtimet\/\" target=\"_self\" rel=\"noopener noreferrer \" aria-label=\"list-item-link\"><\/a><div class=\"premium-bullet-list__label-wrap\"><span class=\"premium-bullet-list__label\">L\u00e4mm\u00f6nvaihtimet\u00a0<\/span><\/div><\/div><\/li>\n\n\n\n<li class=\"wp-block-premium-list-item premium-list-item-5eb5957f70b7 premium-bullet-list__wrapper\"><div class=\"premium-bullet-list__content-wrap\" data-icontype=\"icon\" id=\"premium-list-item-5eb5957f70b7\"><div class=\"premium-bullet-list__icon-wrap\"><span class=\"premium-bullet-list__content-icon\"><span style=\"display:inline-flex;justify-content:center;align-items:center\" class=\"premium-bullet-list-icon ic_circleRight icon-type-ic\"><svg style=\"display:inline-block;vertical-align:middle\" viewBox=\"0 0 8 8\" height=\"24\" width=\"24\" fill=\"currentColor\" xmlns=\"http:\/\/www.w3.org\/2000\/svg\"><path d=\"M4 0c-2.21 0-4 1.79-4 4s1.79 4 4 4 4-1.79 4-4-1.79-4-4-4zm0 1l3 3-3 3v-2h-3v-2h3v-2z\"><\/path><\/svg><\/span><\/span><\/div><a class=\"premium-bullet-list-link\" href=\"https:\/\/elcoline.com\/fi\/palvelut\/hoyryakut\/\" target=\"_self\" rel=\"noopener noreferrer \" aria-label=\"list-item-link\"><\/a><div class=\"premium-bullet-list__label-wrap\"><span class=\"premium-bullet-list__label\">H\u00f6yryakut<\/span><\/div><\/div><\/li>\n\n\n\n<li class=\"wp-block-premium-list-item premium-list-item-5632caa4df92 premium-bullet-list__wrapper\"><div class=\"premium-bullet-list__content-wrap\" data-icontype=\"icon\" id=\"premium-list-item-5632caa4df92\"><div class=\"premium-bullet-list__icon-wrap\"><span class=\"premium-bullet-list__content-icon\"><span style=\"display:inline-flex;justify-content:center;align-items:center\" class=\"premium-bullet-list-icon ic_circleRight icon-type-ic\"><svg style=\"display:inline-block;vertical-align:middle\" viewBox=\"0 0 8 8\" height=\"24\" width=\"24\" fill=\"currentColor\" xmlns=\"http:\/\/www.w3.org\/2000\/svg\"><path d=\"M4 0c-2.21 0-4 1.79-4 4s1.79 4 4 4 4-1.79 4-4-1.79-4-4-4zm0 1l3 3-3 3v-2h-3v-2h3v-2z\"><\/path><\/svg><\/span><\/span><\/div><a class=\"premium-bullet-list-link\" href=\"https:\/\/elcoline.com\/fi\/palvelut\/anywhere\/\" target=\"_self\" rel=\"noopener noreferrer \" aria-label=\"list-item-link\"><\/a><div class=\"premium-bullet-list__label-wrap\"><span class=\"premium-bullet-list__label\">Anywhere-j\u00e4rjestelm\u00e4t tuotannon datankeruuseen, kunnonvalvontaan ja kunnossapitoon<\/span><\/div><\/div><\/li>\n\n\n\n<li class=\"wp-block-premium-list-item premium-list-item-6a5c3f0f8cb3 premium-bullet-list__wrapper\"><div class=\"premium-bullet-list__content-wrap\" data-icontype=\"icon\" id=\"premium-list-item-6a5c3f0f8cb3\"><div class=\"premium-bullet-list__icon-wrap\"><span class=\"premium-bullet-list__content-icon\"><span style=\"display:inline-flex;justify-content:center;align-items:center\" class=\"premium-bullet-list-icon ic_circleRight icon-type-ic\"><svg style=\"display:inline-block;vertical-align:middle\" viewBox=\"0 0 8 8\" height=\"24\" width=\"24\" fill=\"currentColor\" xmlns=\"http:\/\/www.w3.org\/2000\/svg\"><path d=\"M4 0c-2.21 0-4 1.79-4 4s1.79 4 4 4 4-1.79 4-4-1.79-4-4-4zm0 1l3 3-3 3v-2h-3v-2h3v-2z\"><\/path><\/svg><\/span><\/span><\/div><a class=\"premium-bullet-list-link\" href=\"https:\/\/elcoline.com\/fi\/palvelut\/teollisuuden-kunnossapito\/\" target=\"_self\" rel=\"noopener noreferrer \" aria-label=\"list-item-link\"><\/a><div class=\"premium-bullet-list__label-wrap\"><span class=\"premium-bullet-list__label\">Teollisuuden kunnossapidon<\/span><\/div><\/div><\/li>\n\n\n\n<li class=\"wp-block-premium-list-item premium-list-item-921ee73af4ac premium-bullet-list__wrapper\"><div class=\"premium-bullet-list__content-wrap\" data-icontype=\"icon\" id=\"premium-list-item-921ee73af4ac\"><div class=\"premium-bullet-list__icon-wrap\"><span class=\"premium-bullet-list__content-icon\"><span style=\"display:inline-flex;justify-content:center;align-items:center\" class=\"premium-bullet-list-icon ic_circleRight icon-type-ic\"><svg style=\"display:inline-block;vertical-align:middle\" viewBox=\"0 0 8 8\" height=\"24\" width=\"24\" fill=\"currentColor\" xmlns=\"http:\/\/www.w3.org\/2000\/svg\"><path d=\"M4 0c-2.21 0-4 1.79-4 4s1.79 4 4 4 4-1.79 4-4-1.79-4-4-4zm0 1l3 3-3 3v-2h-3v-2h3v-2z\"><\/path><\/svg><\/span><\/span><\/div><a class=\"premium-bullet-list-link\" href=\"https:\/\/elcoline.com\/fi\/palvelut\/valmistus\/\" target=\"_self\" rel=\"noopener noreferrer \" aria-label=\"list-item-link\"><\/a><div class=\"premium-bullet-list__label-wrap\"><span class=\"premium-bullet-list__label\">Valmistuspalvelut\u00a0<\/span><\/div><\/div><\/li>\n\n\n\n<li class=\"wp-block-premium-list-item premium-list-item-3e4ac7fe7c24 premium-bullet-list__wrapper\"><div class=\"premium-bullet-list__content-wrap\" data-icontype=\"icon\" id=\"premium-list-item-3e4ac7fe7c24\"><div class=\"premium-bullet-list__icon-wrap\"><span class=\"premium-bullet-list__content-icon\"><span style=\"display:inline-flex;justify-content:center;align-items:center\" class=\"premium-bullet-list-icon ic_circleRight icon-type-ic\"><svg style=\"display:inline-block;vertical-align:middle\" viewBox=\"0 0 8 8\" height=\"24\" width=\"24\" fill=\"currentColor\" xmlns=\"http:\/\/www.w3.org\/2000\/svg\"><path d=\"M4 0c-2.21 0-4 1.79-4 4s1.79 4 4 4 4-1.79 4-4-1.79-4-4-4zm0 1l3 3-3 3v-2h-3v-2h3v-2z\"><\/path><\/svg><\/span><\/span><\/div><a class=\"premium-bullet-list-link\" href=\"https:\/\/elcoline.com\/fi\/yhteystiedot\/\" target=\"_self\" rel=\"noopener noreferrer \" aria-label=\"list-item-link\"><\/a><div class=\"premium-bullet-list__label-wrap\"><span class=\"premium-bullet-list__label\">Yhteystiedot\u00a0<\/span><\/div><\/div><\/li>\n<\/ul><\/div>\n\n\n\n<p><br><br>Sivusto sahala.fi-osoitteessa on suljettu ja k\u00e4vij\u00e4t siirret\u00e4\u00e4n Elcolinen sivuille. Automaattinen uudelleenohjaus on voimassa kes\u00e4\u00e4n asti.<\/p>\n<\/div>\n\n\n\n<div class=\"wp-block-column is-layout-flow wp-block-column-is-layout-flow\">\n<figure class=\"wp-block-image size-large is-resized\"><img loading=\"lazy\" decoding=\"async\" width=\"683\" height=\"1024\" src=\"https:\/\/elcoline.com\/wp-content\/uploads\/2026\/03\/elcoline_tuotantotilat-69-683x1024.webp\" alt=\"\" class=\"wp-image-49530\" style=\"width:500px\" srcset=\"https:\/\/elcoline.com\/wp-content\/uploads\/2026\/03\/elcoline_tuotantotilat-69-683x1024.webp 683w, https:\/\/elcoline.com\/wp-content\/uploads\/2026\/03\/elcoline_tuotantotilat-69-200x300.webp 200w, https:\/\/elcoline.com\/wp-content\/uploads\/2026\/03\/elcoline_tuotantotilat-69-768x1152.webp 768w, https:\/\/elcoline.com\/wp-content\/uploads\/2026\/03\/elcoline_tuotantotilat-69.webp 1024w\" sizes=\"auto, (max-width: 683px) 100vw, 683px\" \/><\/figure>\n<\/div>\n<\/div>\n","protected":false},"excerpt":{"rendered":"<p>L\u00f6yd\u00e4t sivuiltamme my\u00f6s kaikki Sahalaan liittyv\u00e4t sis\u00e4ll\u00f6t: Sivusto sahala.fi-osoitteessa on suljettu ja k\u00e4vij\u00e4t siirret\u00e4\u00e4n Elcolinen sivuille. Automaattinen uudelleenohjaus on voimassa kes\u00e4\u00e4n asti.<\/p>\n","protected":false},"author":9,"featured_media":49540,"parent":0,"menu_order":0,"comment_status":"closed","ping_status":"closed","template":"","meta":{"footnotes":""},"class_list":["post-49515","page","type-page","status-publish","has-post-thumbnail","hentry"],"yoast_head":"<!-- This site is optimized with the Yoast SEO plugin v27.5 - https:\/\/yoast.com\/product\/yoast-seo-wordpress\/ -->\n<title>Sahala - Elcoline Group<\/title>\n<meta name=\"robots\" content=\"index, follow, max-snippet:-1, max-image-preview:large, max-video-preview:-1\" \/>\n<link rel=\"canonical\" href=\"https:\/\/elcoline.com\/fi\/sahala\/\" \/>\n<meta property=\"og:locale\" content=\"fi_FI\" \/>\n<meta property=\"og:type\" content=\"article\" \/>\n<meta property=\"og:title\" content=\"Sahala - Elcoline Group\" \/>\n<meta property=\"og:description\" content=\"L\u00f6yd\u00e4t sivuiltamme my\u00f6s kaikki Sahalaan liittyv\u00e4t sis\u00e4ll\u00f6t: Sivusto sahala.fi-osoitteessa on suljettu ja k\u00e4vij\u00e4t siirret\u00e4\u00e4n Elcolinen sivuille. Automaattinen uudelleenohjaus on voimassa kes\u00e4\u00e4n asti.\" \/>\n<meta property=\"og:url\" content=\"https:\/\/elcoline.com\/fi\/sahala\/\" \/>\n<meta property=\"og:site_name\" content=\"Elcoline Group\" \/>\n<meta property=\"article:modified_time\" content=\"2026-03-09T08:40:07+00:00\" \/>\n<meta property=\"og:image\" content=\"https:\/\/elcoline.com\/wp-content\/uploads\/2026\/03\/elcoline_tuotantotilat-70.webp\" \/>\n\t<meta property=\"og:image:width\" content=\"1024\" \/>\n\t<meta property=\"og:image:height\" content=\"683\" \/>\n\t<meta property=\"og:image:type\" content=\"image\/webp\" \/>\n<meta name=\"twitter:card\" content=\"summary_large_image\" \/>\n<meta name=\"twitter:label1\" content=\"Arvioitu lukuaika\" \/>\n\t<meta name=\"twitter:data1\" content=\"1 minuutti\" \/>\n<script type=\"application\/ld+json\" class=\"yoast-schema-graph\">{\"@context\":\"https:\\\/\\\/schema.org\",\"@graph\":[{\"@type\":\"WebPage\",\"@id\":\"https:\\\/\\\/elcoline.com\\\/fi\\\/sahala\\\/\",\"url\":\"https:\\\/\\\/elcoline.com\\\/fi\\\/sahala\\\/\",\"name\":\"Sahala - Elcoline Group\",\"isPartOf\":{\"@id\":\"https:\\\/\\\/elcoline.com\\\/fi\\\/#website\"},\"primaryImageOfPage\":{\"@id\":\"https:\\\/\\\/elcoline.com\\\/fi\\\/sahala\\\/#primaryimage\"},\"image\":{\"@id\":\"https:\\\/\\\/elcoline.com\\\/fi\\\/sahala\\\/#primaryimage\"},\"thumbnailUrl\":\"https:\\\/\\\/elcoline.com\\\/wp-content\\\/uploads\\\/2026\\\/03\\\/elcoline_tuotantotilat-70.webp\",\"datePublished\":\"2026-03-09T08:40:06+00:00\",\"dateModified\":\"2026-03-09T08:40:07+00:00\",\"breadcrumb\":{\"@id\":\"https:\\\/\\\/elcoline.com\\\/fi\\\/sahala\\\/#breadcrumb\"},\"inLanguage\":\"fi\",\"potentialAction\":[{\"@type\":\"ReadAction\",\"target\":[\"https:\\\/\\\/elcoline.com\\\/fi\\\/sahala\\\/\"]}]},{\"@type\":\"ImageObject\",\"inLanguage\":\"fi\",\"@id\":\"https:\\\/\\\/elcoline.com\\\/fi\\\/sahala\\\/#primaryimage\",\"url\":\"https:\\\/\\\/elcoline.com\\\/wp-content\\\/uploads\\\/2026\\\/03\\\/elcoline_tuotantotilat-70.webp\",\"contentUrl\":\"https:\\\/\\\/elcoline.com\\\/wp-content\\\/uploads\\\/2026\\\/03\\\/elcoline_tuotantotilat-70.webp\",\"width\":1024,\"height\":683},{\"@type\":\"WebSite\",\"@id\":\"https:\\\/\\\/elcoline.com\\\/fi\\\/#website\",\"url\":\"https:\\\/\\\/elcoline.com\\\/fi\\\/\",\"name\":\"Elcoline Group\",\"description\":\"\",\"potentialAction\":[{\"@type\":\"SearchAction\",\"target\":{\"@type\":\"EntryPoint\",\"urlTemplate\":\"https:\\\/\\\/elcoline.com\\\/fi\\\/?s={search_term_string}\"},\"query-input\":{\"@type\":\"PropertyValueSpecification\",\"valueRequired\":true,\"valueName\":\"search_term_string\"}}],\"inLanguage\":\"fi\"}]}<\/script>\n<!-- \/ Yoast SEO plugin. -->","yoast_head_json":{"title":"Sahala - Elcoline Group","robots":{"index":"index","follow":"follow","max-snippet":"max-snippet:-1","max-image-preview":"max-image-preview:large","max-video-preview":"max-video-preview:-1"},"canonical":"https:\/\/elcoline.com\/fi\/sahala\/","og_locale":"fi_FI","og_type":"article","og_title":"Sahala - Elcoline Group","og_description":"L\u00f6yd\u00e4t sivuiltamme my\u00f6s kaikki Sahalaan liittyv\u00e4t sis\u00e4ll\u00f6t: Sivusto sahala.fi-osoitteessa on suljettu ja k\u00e4vij\u00e4t siirret\u00e4\u00e4n Elcolinen sivuille. Automaattinen uudelleenohjaus on voimassa kes\u00e4\u00e4n asti.","og_url":"https:\/\/elcoline.com\/fi\/sahala\/","og_site_name":"Elcoline Group","article_modified_time":"2026-03-09T08:40:07+00:00","og_image":[{"width":1024,"height":683,"url":"https:\/\/elcoline.com\/wp-content\/uploads\/2026\/03\/elcoline_tuotantotilat-70.webp","type":"image\/webp"}],"twitter_card":"summary_large_image","twitter_misc":{"Arvioitu lukuaika":"1 minuutti"},"schema":{"@context":"https:\/\/schema.org","@graph":[{"@type":"WebPage","@id":"https:\/\/elcoline.com\/fi\/sahala\/","url":"https:\/\/elcoline.com\/fi\/sahala\/","name":"Sahala - Elcoline Group","isPartOf":{"@id":"https:\/\/elcoline.com\/fi\/#website"},"primaryImageOfPage":{"@id":"https:\/\/elcoline.com\/fi\/sahala\/#primaryimage"},"image":{"@id":"https:\/\/elcoline.com\/fi\/sahala\/#primaryimage"},"thumbnailUrl":"https:\/\/elcoline.com\/wp-content\/uploads\/2026\/03\/elcoline_tuotantotilat-70.webp","datePublished":"2026-03-09T08:40:06+00:00","dateModified":"2026-03-09T08:40:07+00:00","breadcrumb":{"@id":"https:\/\/elcoline.com\/fi\/sahala\/#breadcrumb"},"inLanguage":"fi","potentialAction":[{"@type":"ReadAction","target":["https:\/\/elcoline.com\/fi\/sahala\/"]}]},{"@type":"ImageObject","inLanguage":"fi","@id":"https:\/\/elcoline.com\/fi\/sahala\/#primaryimage","url":"https:\/\/elcoline.com\/wp-content\/uploads\/2026\/03\/elcoline_tuotantotilat-70.webp","contentUrl":"https:\/\/elcoline.com\/wp-content\/uploads\/2026\/03\/elcoline_tuotantotilat-70.webp","width":1024,"height":683},{"@type":"WebSite","@id":"https:\/\/elcoline.com\/fi\/#website","url":"https:\/\/elcoline.com\/fi\/","name":"Elcoline Group","description":"","potentialAction":[{"@type":"SearchAction","target":{"@type":"EntryPoint","urlTemplate":"https:\/\/elcoline.com\/fi\/?s={search_term_string}"},"query-input":{"@type":"PropertyValueSpecification","valueRequired":true,"valueName":"search_term_string"}}],"inLanguage":"fi"}]}},"pbg_featured_image_src":{"full":["https:\/\/elcoline.com\/wp-content\/uploads\/2026\/03\/elcoline_tuotantotilat-70.webp",1024,683,false],"thumbnail":["https:\/\/elcoline.com\/wp-content\/uploads\/2026\/03\/elcoline_tuotantotilat-70-150x150.webp",150,150,true],"medium":["https:\/\/elcoline.com\/wp-content\/uploads\/2026\/03\/elcoline_tuotantotilat-70-300x200.webp",300,200,true],"medium_large":["https:\/\/elcoline.com\/wp-content\/uploads\/2026\/03\/elcoline_tuotantotilat-70-768x512.webp",768,512,true],"large":["https:\/\/elcoline.com\/wp-content\/uploads\/2026\/03\/elcoline_tuotantotilat-70.webp",1024,683,false],"1536x1536":["https:\/\/elcoline.com\/wp-content\/uploads\/2026\/03\/elcoline_tuotantotilat-70.webp",1024,683,false],"2048x2048":["https:\/\/elcoline.com\/wp-content\/uploads\/2026\/03\/elcoline_tuotantotilat-70.webp",1024,683,false]},"pbg_author_info":{"display_name":"Jari Huttunen","author_link":"https:\/\/elcoline.com\/fi\/author\/jari\/","author_img":false},"pbg_comment_info":" No Comments","pbg_excerpt":"L\u00f6yd\u00e4t sivuiltamme my\u00f6s kaikki Sahalaan liittyv\u00e4t sis\u00e4ll\u00f6t: Sivusto sahala.fi-osoitteessa on suljettu ja k\u00e4vij\u00e4t siirret\u00e4\u00e4n Elcolinen sivuille. Automaattinen uudelleenohjaus on voimassa kes\u00e4\u00e4n asti.","_links":{"self":[{"href":"https:\/\/elcoline.com\/fi\/wp-json\/wp\/v2\/pages\/49515","targetHints":{"allow":["GET"]}}],"collection":[{"href":"https:\/\/elcoline.com\/fi\/wp-json\/wp\/v2\/pages"}],"about":[{"href":"https:\/\/elcoline.com\/fi\/wp-json\/wp\/v2\/types\/page"}],"author":[{"embeddable":true,"href":"https:\/\/elcoline.com\/fi\/wp-json\/wp\/v2\/users\/9"}],"replies":[{"embeddable":true,"href":"https:\/\/elcoline.com\/fi\/wp-json\/wp\/v2\/comments?post=49515"}],"version-history":[{"count":27,"href":"https:\/\/elcoline.com\/fi\/wp-json\/wp\/v2\/pages\/49515\/revisions"}],"predecessor-version":[{"id":49553,"href":"https:\/\/elcoline.com\/fi\/wp-json\/wp\/v2\/pages\/49515\/revisions\/49553"}],"wp:featuredmedia":[{"embeddable":true,"href":"https:\/\/elcoline.com\/fi\/wp-json\/wp\/v2\/media\/49540"}],"wp:attachment":[{"href":"https:\/\/elcoline.com\/fi\/wp-json\/wp\/v2\/media?parent=49515"}],"curies":[{"name":"wp","href":"https:\/\/api.w.org\/{rel}","templated":true}]}}