{"id":49653,"date":"2025-03-20T11:32:09","date_gmt":"2025-03-20T09:32:09","guid":{"rendered":"https:\/\/elcoline.com\/?page_id=49653"},"modified":"2026-04-09T16:08:34","modified_gmt":"2026-04-09T13:08:34","slug":"lehdistotiedotteet","status":"publish","type":"page","link":"https:\/\/elcoline.com\/fi\/lehdistotiedotteet\/","title":{"rendered":"Lehdist\u00f6tiedotteet"},"content":{"rendered":"\n<div class=\"wp-block-cover is-light hero elcoline-hero has-base-color has-text-color has-link-color wp-elements-6471b395da3de028d298fd41848ea94f has-aspect-ratio\" style=\"min-height:430px;aspect-ratio:auto;min-height:unset;\"><span aria-hidden=\"true\" class=\"wp-block-cover__background has-background-dim\" style=\"background-color:#FFF\"><\/span><img loading=\"lazy\" decoding=\"async\" width=\"2000\" height=\"1334\" src=\"https:\/\/elcoline.com\/wp-content\/uploads\/2025\/06\/elcoline_welding.webp\" class=\"wp-block-cover__image-background wp-post-image\" alt=\"\" data-object-fit=\"cover\" srcset=\"https:\/\/elcoline.com\/wp-content\/uploads\/2025\/06\/elcoline_welding.webp 2000w, https:\/\/elcoline.com\/wp-content\/uploads\/2025\/06\/elcoline_welding-300x200.webp 300w, https:\/\/elcoline.com\/wp-content\/uploads\/2025\/06\/elcoline_welding-1024x683.webp 1024w, https:\/\/elcoline.com\/wp-content\/uploads\/2025\/06\/elcoline_welding-768x512.webp 768w, https:\/\/elcoline.com\/wp-content\/uploads\/2025\/06\/elcoline_welding-1536x1025.webp 1536w\" sizes=\"auto, (max-width: 2000px) 100vw, 2000px\" \/><div class=\"wp-block-cover__inner-container is-layout-flow wp-block-cover-is-layout-flow\">\n<h2 class=\"wp-block-heading\">Lehdist\u00f6tiedotteet<\/h2>\n\n\n\n<div class=\"wp-block-columns is-layout-flex wp-container-core-columns-is-layout-28f84493 wp-block-columns-is-layout-flex\">\n<div class=\"wp-block-column is-layout-flow wp-block-column-is-layout-flow\">\n<h1 class=\"wp-block-heading\">Lehdist\u00f6tiedotteet<\/h1>\n<\/div>\n\n\n\n<div class=\"wp-block-column is-layout-flow wp-block-column-is-layout-flow\">\n<p>Pysy ajan tasalla uusimmista uutisista. Tutustu ratkaisuihimme, lataa materiaaleja ja kohtaa meid\u00e4t tapahtumissa.<\/p>\n<\/div>\n<\/div>\n<\/div><\/div>\n\n\n\n<div class=\"wp-block-columns is-layout-flex wp-container-core-columns-is-layout-28f84493 wp-block-columns-is-layout-flex\">\n<div class=\"wp-block-column is-layout-flow wp-block-column-is-layout-flow\">\n<h2 class=\"wp-block-heading has-custom-elcoline-blue-color has-text-color has-link-color wp-elements-531189eabbd943add09e1ed2faa8989b\">Elcolinen uusimmat Lehdist\u00f6tiedotteet<\/h2>\n\n\n\n<p>Tutustu yrityksen kasvun p\u00e4ivityksiin, ladattaviin raportteihin ja toimialakohtaisiin n\u00e4k\u00f6kulmiin.<\/p>\n<\/div>\n\n\n\n<div class=\"wp-block-column is-layout-flow wp-block-column-is-layout-flow\">\n<figure class=\"wp-block-image size-large is-resized has-custom-border\"><a href=\"https:\/\/elcoline.com\/fi\/ajankohtaista\/uutiset\/\"><img loading=\"lazy\" decoding=\"async\" width=\"1024\" height=\"501\" src=\"https:\/\/elcoline.com\/wp-content\/uploads\/2025\/06\/process-1024x501.webp\" alt=\"Kuvituskuva\" class=\"wp-image-526\" style=\"border-bottom-right-radius:70px;aspect-ratio:4\/3;object-fit:cover;width:auto;height:200px\" srcset=\"https:\/\/elcoline.com\/wp-content\/uploads\/2025\/06\/process-1024x501.webp 1024w, https:\/\/elcoline.com\/wp-content\/uploads\/2025\/06\/process-300x147.webp 300w, https:\/\/elcoline.com\/wp-content\/uploads\/2025\/06\/process-768x376.webp 768w, https:\/\/elcoline.com\/wp-content\/uploads\/2025\/06\/process-1536x752.webp 1536w, https:\/\/elcoline.com\/wp-content\/uploads\/2025\/06\/process.webp 2000w\" sizes=\"auto, (max-width: 1024px) 100vw, 1024px\" \/><\/a><\/figure>\n\n\n\n<div class=\"wp-block-buttons is-layout-flex wp-block-buttons-is-layout-flex\">\n<div class=\"wp-block-button\"><a class=\"wp-block-button__link wp-element-button\" href=\"https:\/\/elcoline.com\/fi\/ajankohtaista\/uutiset\/\">Uutiset<\/a><\/div>\n<\/div>\n<\/div>\n\n\n\n<div class=\"wp-block-column is-layout-flow wp-block-column-is-layout-flow\">\n<figure class=\"wp-block-image size-large is-resized has-custom-border\"><a href=\"https:\/\/elcoline.com\/fi\/ajankohtaista\/ladattavat-materiaalit\/\"><img loading=\"lazy\" decoding=\"async\" width=\"1024\" height=\"683\" src=\"https:\/\/elcoline.com\/wp-content\/uploads\/2025\/05\/DSC00288-1024x683.jpg\" alt=\"\" class=\"wp-image-215\" style=\"border-bottom-right-radius:70px;aspect-ratio:4\/3;object-fit:cover;width:auto;height:200px\" srcset=\"https:\/\/elcoline.com\/wp-content\/uploads\/2025\/05\/DSC00288-1024x683.jpg 1024w, https:\/\/elcoline.com\/wp-content\/uploads\/2025\/05\/DSC00288-300x200.jpg 300w, https:\/\/elcoline.com\/wp-content\/uploads\/2025\/05\/DSC00288-768x512.jpg 768w, https:\/\/elcoline.com\/wp-content\/uploads\/2025\/05\/DSC00288-1536x1024.jpg 1536w, https:\/\/elcoline.com\/wp-content\/uploads\/2025\/05\/DSC00288-2048x1365.jpg 2048w\" sizes=\"auto, (max-width: 1024px) 100vw, 1024px\" \/><\/a><\/figure>\n\n\n\n<div class=\"wp-block-buttons is-layout-flex wp-block-buttons-is-layout-flex\">\n<div class=\"wp-block-button\"><a class=\"wp-block-button__link wp-element-button\" href=\"https:\/\/elcoline.com\/fi\/ajankohtaista\/ladattavat-materiaalit\/\">Ladattavat materiaalit<\/a><\/div>\n<\/div>\n<\/div>\n<\/div>\n\n\n\n<div class=\"wp-block-columns elcoline-news is-style-section-3 is-layout-flex wp-container-core-columns-is-layout-1e297cbc wp-block-columns-is-layout-flex is-style-section-3--1\" style=\"padding-top:var(--wp--preset--spacing--70);padding-bottom:var(--wp--preset--spacing--70)\">\n<div class=\"wp-block-column is-layout-flow wp-block-column-is-layout-flow\">\n<div class=\"wp-block-query is-layout-flow wp-block-query-is-layout-flow\"><ul class=\"columns-3 wp-block-post-template is-layout-grid wp-container-core-post-template-is-layout-6d3fbd8f wp-block-post-template-is-layout-grid\"><li class=\"wp-block-post post-49649 syotteet type-syotteet status-publish has-post-thumbnail hentry\">\n\n<div class=\"wp-block-group is-layout-flow wp-block-group-is-layout-flow\" style=\"padding-top:30px;padding-right:30px;padding-bottom:30px;padding-left:30px\"><figure class=\"wp-block-post-featured-image\"><img loading=\"lazy\" decoding=\"async\" width=\"1024\" height=\"1535\" src=\"https:\/\/elcoline.com\/wp-content\/uploads\/2026\/04\/luokkanen_marko_web-OELXlP.jpg\" class=\"attachment-post-thumbnail size-post-thumbnail wp-post-image\" alt=\"\" style=\"object-fit:cover;\" srcset=\"https:\/\/elcoline.com\/wp-content\/uploads\/2026\/04\/luokkanen_marko_web-OELXlP.jpg 1024w, https:\/\/elcoline.com\/wp-content\/uploads\/2026\/04\/luokkanen_marko_web-OELXlP-200x300.jpg 200w, https:\/\/elcoline.com\/wp-content\/uploads\/2026\/04\/luokkanen_marko_web-OELXlP-683x1024.jpg 683w, https:\/\/elcoline.com\/wp-content\/uploads\/2026\/04\/luokkanen_marko_web-OELXlP-768x1151.jpg 768w\" sizes=\"auto, (max-width: 1024px) 100vw, 1024px\" \/><\/figure>\n\n<div class=\"wp-block-post-date\"><time datetime=\"2026-04-01T11:00:00+03:00\">1.4.2026<\/time><\/div>\n\n<h3 class=\"wp-block-post-title\"><a href=\"https:\/\/elcoline.com\/fi\/syotteet\/marko-luokkanen-nimitetty-talousjohtajaksi-ja-johtoryhman-jaseneksi-27-4\/\" target=\"_self\" >Marko Luokkanen nimitetty talousjohtajaksi ja johtoryhm\u00e4n j\u00e4seneksi 27.4.<\/a><\/h3>\n\n<div class=\"wp-block-post-excerpt\"><p class=\"wp-block-post-excerpt__excerpt\">Teollisuuden teknisiin palveluihin erikoistunut Elcoline Group on nimitt\u00e4nyt KTM, eMBA Marko Luokkasen talousjohtajaksi ja johtoryhm\u00e4n j\u00e4seneksi 27.4. alkaen. Nimityksell\u00e4 Elcoline vahvistaa kasvustrategiansa toteutusta kaikissa konserniyhti\u00f6iss\u00e4 Suomessa&hellip;<\/p><p class=\"wp-block-post-excerpt__more-text\"><a class=\"wp-block-post-excerpt__more-link\" href=\"https:\/\/elcoline.com\/fi\/syotteet\/marko-luokkanen-nimitetty-talousjohtajaksi-ja-johtoryhman-jaseneksi-27-4\/\">Lue lis\u00e4\u00e4<\/a><\/p><\/div><\/div>\n\n<\/li><\/ul><\/div>\n<\/div>\n<\/div>\n","protected":false},"excerpt":{"rendered":"<p>Elcolinen uusimmat Lehdist\u00f6tiedotteet Tutustu yrityksen kasvun p\u00e4ivityksiin, ladattaviin raportteihin ja toimialakohtaisiin n\u00e4k\u00f6kulmiin.<\/p>\n","protected":false},"author":9,"featured_media":1071,"parent":0,"menu_order":5,"comment_status":"closed","ping_status":"closed","template":"","meta":{"footnotes":""},"class_list":["post-49653","page","type-page","status-publish","has-post-thumbnail","hentry"],"yoast_head":"<!-- This site is optimized with the Yoast SEO plugin v27.5 - https:\/\/yoast.com\/product\/yoast-seo-wordpress\/ -->\n<title>Lehdist\u00f6tiedotteet - Elcoline Group<\/title>\n<meta name=\"description\" content=\"Pysy ajan tasalla uusimmista uutisista. Tutustu ratkaisuihimme, lataa materiaaleja ja kohtaa meid\u00e4t tapahtumissa.\" \/>\n<meta name=\"robots\" content=\"index, follow, max-snippet:-1, max-image-preview:large, max-video-preview:-1\" \/>\n<link rel=\"canonical\" href=\"https:\/\/elcoline.com\/fi\/lehdistotiedotteet\/\" \/>\n<meta property=\"og:locale\" content=\"fi_FI\" \/>\n<meta property=\"og:type\" content=\"article\" \/>\n<meta property=\"og:title\" content=\"Lehdist\u00f6tiedotteet - Elcoline Group\" \/>\n<meta property=\"og:description\" content=\"Pysy ajan tasalla uusimmista uutisista. Tutustu ratkaisuihimme, lataa materiaaleja ja kohtaa meid\u00e4t tapahtumissa.\" \/>\n<meta property=\"og:url\" content=\"https:\/\/elcoline.com\/fi\/lehdistotiedotteet\/\" \/>\n<meta property=\"og:site_name\" content=\"Elcoline Group\" \/>\n<meta property=\"article:modified_time\" content=\"2026-04-09T13:08:34+00:00\" \/>\n<meta property=\"og:image\" content=\"https:\/\/elcoline.com\/wp-content\/uploads\/2025\/06\/elcoline_welding.webp\" \/>\n\t<meta property=\"og:image:width\" content=\"2000\" \/>\n\t<meta property=\"og:image:height\" content=\"1334\" \/>\n\t<meta property=\"og:image:type\" content=\"image\/webp\" \/>\n<meta name=\"twitter:card\" content=\"summary_large_image\" \/>\n<meta name=\"twitter:label1\" content=\"Arvioitu lukuaika\" \/>\n\t<meta name=\"twitter:data1\" content=\"1 minuutti\" \/>\n<script type=\"application\/ld+json\" class=\"yoast-schema-graph\">{\"@context\":\"https:\\\/\\\/schema.org\",\"@graph\":[{\"@type\":\"WebPage\",\"@id\":\"https:\\\/\\\/elcoline.com\\\/fi\\\/lehdistotiedotteet\\\/\",\"url\":\"https:\\\/\\\/elcoline.com\\\/fi\\\/lehdistotiedotteet\\\/\",\"name\":\"Lehdist\u00f6tiedotteet - Elcoline Group\",\"isPartOf\":{\"@id\":\"https:\\\/\\\/elcoline.com\\\/fi\\\/#website\"},\"primaryImageOfPage\":{\"@id\":\"https:\\\/\\\/elcoline.com\\\/fi\\\/lehdistotiedotteet\\\/#primaryimage\"},\"image\":{\"@id\":\"https:\\\/\\\/elcoline.com\\\/fi\\\/lehdistotiedotteet\\\/#primaryimage\"},\"thumbnailUrl\":\"https:\\\/\\\/elcoline.com\\\/wp-content\\\/uploads\\\/2025\\\/06\\\/elcoline_welding.webp\",\"datePublished\":\"2025-03-20T09:32:09+00:00\",\"dateModified\":\"2026-04-09T13:08:34+00:00\",\"description\":\"Pysy ajan tasalla uusimmista uutisista. Tutustu ratkaisuihimme, lataa materiaaleja ja kohtaa meid\u00e4t tapahtumissa.\",\"breadcrumb\":{\"@id\":\"https:\\\/\\\/elcoline.com\\\/fi\\\/lehdistotiedotteet\\\/#breadcrumb\"},\"inLanguage\":\"fi\",\"potentialAction\":[{\"@type\":\"ReadAction\",\"target\":[\"https:\\\/\\\/elcoline.com\\\/fi\\\/lehdistotiedotteet\\\/\"]}]},{\"@type\":\"ImageObject\",\"inLanguage\":\"fi\",\"@id\":\"https:\\\/\\\/elcoline.com\\\/fi\\\/lehdistotiedotteet\\\/#primaryimage\",\"url\":\"https:\\\/\\\/elcoline.com\\\/wp-content\\\/uploads\\\/2025\\\/06\\\/elcoline_welding.webp\",\"contentUrl\":\"https:\\\/\\\/elcoline.com\\\/wp-content\\\/uploads\\\/2025\\\/06\\\/elcoline_welding.webp\",\"width\":2000,\"height\":1334},{\"@type\":\"WebSite\",\"@id\":\"https:\\\/\\\/elcoline.com\\\/fi\\\/#website\",\"url\":\"https:\\\/\\\/elcoline.com\\\/fi\\\/\",\"name\":\"Elcoline Group\",\"description\":\"\",\"potentialAction\":[{\"@type\":\"SearchAction\",\"target\":{\"@type\":\"EntryPoint\",\"urlTemplate\":\"https:\\\/\\\/elcoline.com\\\/fi\\\/?s={search_term_string}\"},\"query-input\":{\"@type\":\"PropertyValueSpecification\",\"valueRequired\":true,\"valueName\":\"search_term_string\"}}],\"inLanguage\":\"fi\"}]}<\/script>\n<!-- \/ Yoast SEO plugin. -->","yoast_head_json":{"title":"Lehdist\u00f6tiedotteet - Elcoline Group","description":"Pysy ajan tasalla uusimmista uutisista. Tutustu ratkaisuihimme, lataa materiaaleja ja kohtaa meid\u00e4t tapahtumissa.","robots":{"index":"index","follow":"follow","max-snippet":"max-snippet:-1","max-image-preview":"max-image-preview:large","max-video-preview":"max-video-preview:-1"},"canonical":"https:\/\/elcoline.com\/fi\/lehdistotiedotteet\/","og_locale":"fi_FI","og_type":"article","og_title":"Lehdist\u00f6tiedotteet - Elcoline Group","og_description":"Pysy ajan tasalla uusimmista uutisista. Tutustu ratkaisuihimme, lataa materiaaleja ja kohtaa meid\u00e4t tapahtumissa.","og_url":"https:\/\/elcoline.com\/fi\/lehdistotiedotteet\/","og_site_name":"Elcoline Group","article_modified_time":"2026-04-09T13:08:34+00:00","og_image":[{"width":2000,"height":1334,"url":"https:\/\/elcoline.com\/wp-content\/uploads\/2025\/06\/elcoline_welding.webp","type":"image\/webp"}],"twitter_card":"summary_large_image","twitter_misc":{"Arvioitu lukuaika":"1 minuutti"},"schema":{"@context":"https:\/\/schema.org","@graph":[{"@type":"WebPage","@id":"https:\/\/elcoline.com\/fi\/lehdistotiedotteet\/","url":"https:\/\/elcoline.com\/fi\/lehdistotiedotteet\/","name":"Lehdist\u00f6tiedotteet - Elcoline Group","isPartOf":{"@id":"https:\/\/elcoline.com\/fi\/#website"},"primaryImageOfPage":{"@id":"https:\/\/elcoline.com\/fi\/lehdistotiedotteet\/#primaryimage"},"image":{"@id":"https:\/\/elcoline.com\/fi\/lehdistotiedotteet\/#primaryimage"},"thumbnailUrl":"https:\/\/elcoline.com\/wp-content\/uploads\/2025\/06\/elcoline_welding.webp","datePublished":"2025-03-20T09:32:09+00:00","dateModified":"2026-04-09T13:08:34+00:00","description":"Pysy ajan tasalla uusimmista uutisista. Tutustu ratkaisuihimme, lataa materiaaleja ja kohtaa meid\u00e4t tapahtumissa.","breadcrumb":{"@id":"https:\/\/elcoline.com\/fi\/lehdistotiedotteet\/#breadcrumb"},"inLanguage":"fi","potentialAction":[{"@type":"ReadAction","target":["https:\/\/elcoline.com\/fi\/lehdistotiedotteet\/"]}]},{"@type":"ImageObject","inLanguage":"fi","@id":"https:\/\/elcoline.com\/fi\/lehdistotiedotteet\/#primaryimage","url":"https:\/\/elcoline.com\/wp-content\/uploads\/2025\/06\/elcoline_welding.webp","contentUrl":"https:\/\/elcoline.com\/wp-content\/uploads\/2025\/06\/elcoline_welding.webp","width":2000,"height":1334},{"@type":"WebSite","@id":"https:\/\/elcoline.com\/fi\/#website","url":"https:\/\/elcoline.com\/fi\/","name":"Elcoline Group","description":"","potentialAction":[{"@type":"SearchAction","target":{"@type":"EntryPoint","urlTemplate":"https:\/\/elcoline.com\/fi\/?s={search_term_string}"},"query-input":{"@type":"PropertyValueSpecification","valueRequired":true,"valueName":"search_term_string"}}],"inLanguage":"fi"}]}},"pbg_featured_image_src":{"full":["https:\/\/elcoline.com\/wp-content\/uploads\/2025\/06\/elcoline_welding.webp",2000,1334,false],"thumbnail":["https:\/\/elcoline.com\/wp-content\/uploads\/2025\/06\/elcoline_welding-150x150.webp",150,150,true],"medium":["https:\/\/elcoline.com\/wp-content\/uploads\/2025\/06\/elcoline_welding-300x200.webp",300,200,true],"medium_large":["https:\/\/elcoline.com\/wp-content\/uploads\/2025\/06\/elcoline_welding-768x512.webp",768,512,true],"large":["https:\/\/elcoline.com\/wp-content\/uploads\/2025\/06\/elcoline_welding-1024x683.webp",1024,683,true],"1536x1536":["https:\/\/elcoline.com\/wp-content\/uploads\/2025\/06\/elcoline_welding-1536x1025.webp",1536,1025,true],"2048x2048":["https:\/\/elcoline.com\/wp-content\/uploads\/2025\/06\/elcoline_welding.webp",2000,1334,false]},"pbg_author_info":{"display_name":"Jari Huttunen","author_link":"https:\/\/elcoline.com\/fi\/author\/jari\/","author_img":false},"pbg_comment_info":" No Comments","pbg_excerpt":"Elcolinen uusimmat Lehdist\u00f6tiedotteet Tutustu yrityksen kasvun p\u00e4ivityksiin, ladattaviin raportteihin ja toimialakohtaisiin n\u00e4k\u00f6kulmiin.","_links":{"self":[{"href":"https:\/\/elcoline.com\/fi\/wp-json\/wp\/v2\/pages\/49653","targetHints":{"allow":["GET"]}}],"collection":[{"href":"https:\/\/elcoline.com\/fi\/wp-json\/wp\/v2\/pages"}],"about":[{"href":"https:\/\/elcoline.com\/fi\/wp-json\/wp\/v2\/types\/page"}],"author":[{"embeddable":true,"href":"https:\/\/elcoline.com\/fi\/wp-json\/wp\/v2\/users\/9"}],"replies":[{"embeddable":true,"href":"https:\/\/elcoline.com\/fi\/wp-json\/wp\/v2\/comments?post=49653"}],"version-history":[{"count":3,"href":"https:\/\/elcoline.com\/fi\/wp-json\/wp\/v2\/pages\/49653\/revisions"}],"predecessor-version":[{"id":49661,"href":"https:\/\/elcoline.com\/fi\/wp-json\/wp\/v2\/pages\/49653\/revisions\/49661"}],"wp:featuredmedia":[{"embeddable":true,"href":"https:\/\/elcoline.com\/fi\/wp-json\/wp\/v2\/media\/1071"}],"wp:attachment":[{"href":"https:\/\/elcoline.com\/fi\/wp-json\/wp\/v2\/media?parent=49653"}],"curies":[{"name":"wp","href":"https:\/\/api.w.org\/{rel}","templated":true}]}}