{"id":39,"date":"2025-03-20T12:46:53","date_gmt":"2025-03-20T10:46:53","guid":{"rendered":"https:\/\/elcoline.lndo.site\/index.php\/hemsida\/"},"modified":"2025-12-11T09:08:02","modified_gmt":"2025-12-11T09:08:02","slug":"hemsida","status":"publish","type":"page","link":"https:\/\/elcoline.com\/sv\/","title":{"rendered":"Hemsida"},"content":{"rendered":"\n<div class=\"wp-block-cover alignfull has-custom-content-position is-position-bottom-center hero home-hero\" style=\"min-height:600px;aspect-ratio:unset;\"><img loading=\"lazy\" decoding=\"async\" width=\"2500\" height=\"1391\" class=\"wp-block-cover__image-background wp-image-1400 size-full\" alt=\"\" src=\"https:\/\/elcoline.com\/wp-content\/uploads\/2025\/06\/etusivu-1.webp\" data-object-fit=\"cover\" srcset=\"https:\/\/elcoline.com\/wp-content\/uploads\/2025\/06\/etusivu-1.webp 2500w, https:\/\/elcoline.com\/wp-content\/uploads\/2025\/06\/etusivu-1-300x167.webp 300w, https:\/\/elcoline.com\/wp-content\/uploads\/2025\/06\/etusivu-1-1024x570.webp 1024w, https:\/\/elcoline.com\/wp-content\/uploads\/2025\/06\/etusivu-1-768x427.webp 768w, https:\/\/elcoline.com\/wp-content\/uploads\/2025\/06\/etusivu-1-1536x855.webp 1536w, https:\/\/elcoline.com\/wp-content\/uploads\/2025\/06\/etusivu-1-2048x1140.webp 2048w\" sizes=\"auto, (max-width: 2500px) 100vw, 2500px\" \/><span aria-hidden=\"true\" class=\"wp-block-cover__background has-background-dim-80 has-background-dim wp-block-cover__gradient-background has-background-gradient\" style=\"background:linear-gradient(180deg,rgba(7,7,69,0) 63%,rgb(7,7,70) 100%)\"><\/span><div class=\"wp-block-cover__inner-container is-layout-flow wp-block-cover-is-layout-flow\">\n<div class=\"wp-block-columns is-layout-flex wp-container-core-columns-is-layout-28f84493 wp-block-columns-is-layout-flex\">\n<div class=\"wp-block-column is-vertically-aligned-bottom is-layout-flow wp-block-column-is-layout-flow\">\n<h1 class=\"wp-block-heading has-text-align-left is-style-default\"><strong>Industrin<\/strong> h\u00e5ller<br\/>samh\u00e4llet ig\u00e5ng.<br\/><br\/><strong>Elcoline<\/strong> h\u00e5ller<br\/>industrin ig\u00e5ng.<\/h1>\n<\/div>\n\n\n\n<div class=\"wp-block-column is-vertically-aligned-bottom is-layout-flow wp-block-column-is-layout-flow\" style=\"flex-basis:512px\">\n<p style=\"font-size:clamp(14px, 0.875rem + ((1vw - 3.2px) * 0.392), 18px);\">Vi \u00e4r en ledande partner inom industriellt underh\u00e5ll och drift.&#13;\nMed \u00f6ver tusen experter i Finland och Sverige erbjuder vi skr\u00e4ddarsydda servicel\u00f6sningar \u2013 fr\u00e5n dagligt underh\u00e5ll och projekt, tillst\u00e5nds\u00f6vervakning, komponenttillverkning och operativt st\u00f6d \u2013 allt skr\u00e4ddarsytt f\u00f6r att m\u00f6ta v\u00e5ra kunders behov inom industrin och den offentliga sektorn.<\/p>\n<\/div>\n<\/div>\n<\/div><\/div>\n\n<div class=\"wp-block-columns alignfull featured-links is-layout-flex wp-container-core-columns-is-layout-28f84493 wp-block-columns-is-layout-flex\">\n<div class=\"wp-block-column is-layout-flow wp-block-column-is-layout-flow\">\n<p>Om Elcoline<\/p>\n\n\n\n<h2 class=\"wp-block-heading has-custom-elcoline-blue-color has-text-color has-link-color wp-elements-c47dbe27369387bd5efae61f9916cf25\">P\u00e5litlig partner inom industrin<\/h2>\n<\/div>\n\n\n\n<div class=\"wp-block-column is-layout-flow wp-block-column-is-layout-flow\">\n<figure class=\"wp-block-image size-full is-resized\"><a href=\"https:\/\/elcoline.com\/company\/\"><img loading=\"lazy\" decoding=\"async\" width=\"320\" height=\"240\" src=\"https:\/\/elcoline.lndo.site\/wp-content\/uploads\/2025\/05\/Featured-Company.webp\" alt=\"\" class=\"wp-image-202\" style=\"width:auto;height:190px\" srcset=\"https:\/\/elcoline.com\/wp-content\/uploads\/2025\/05\/Featured-Company.webp 320w, https:\/\/elcoline.com\/wp-content\/uploads\/2025\/05\/Featured-Company-300x225.webp 300w\" sizes=\"auto, (max-width: 320px) 100vw, 320px\" \/><\/a><\/figure>\n\n\n\n<p><a href=\"https:\/\/elcoline.com\/company\/\">F\u00f6retag<\/a><\/p>\n<\/div>\n\n\n\n<div class=\"wp-block-column is-layout-flow wp-block-column-is-layout-flow\">\n<figure class=\"wp-block-image size-medium is-resized\"><a href=\"https:\/\/elcoline.com\/careers\/\"><img loading=\"lazy\" decoding=\"async\" width=\"300\" height=\"200\" src=\"https:\/\/elcoline.lndo.site\/wp-content\/uploads\/2025\/05\/DSC00288-300x200.jpg\" alt=\"\" class=\"wp-image-215\" style=\"width:auto;height:190px\" srcset=\"https:\/\/elcoline.com\/wp-content\/uploads\/2025\/05\/DSC00288-300x200.jpg 300w, https:\/\/elcoline.com\/wp-content\/uploads\/2025\/05\/DSC00288-1024x683.jpg 1024w, https:\/\/elcoline.com\/wp-content\/uploads\/2025\/05\/DSC00288-768x512.jpg 768w, https:\/\/elcoline.com\/wp-content\/uploads\/2025\/05\/DSC00288-1536x1024.jpg 1536w, https:\/\/elcoline.com\/wp-content\/uploads\/2025\/05\/DSC00288-2048x1365.jpg 2048w\" sizes=\"auto, (max-width: 300px) 100vw, 300px\" \/><\/a><\/figure>\n\n\n\n<p><a href=\"https:\/\/elcoline.com\/careers\/\">Jobba hos oss<\/a><\/p>\n<\/div>\n\n\n\n<div class=\"wp-block-column is-layout-flow wp-block-column-is-layout-flow\">\n<figure class=\"wp-block-image size-medium is-resized\"><a href=\"https:\/\/elcoline.com\/contact\/\"><img loading=\"lazy\" decoding=\"async\" width=\"300\" height=\"200\" src=\"https:\/\/elcoline.lndo.site\/wp-content\/uploads\/2025\/05\/DSC00012_e-300x200.jpg\" alt=\"\" class=\"wp-image-211\" style=\"width:auto;height:190px\" srcset=\"https:\/\/elcoline.com\/wp-content\/uploads\/2025\/05\/DSC00012_e-300x200.jpg 300w, https:\/\/elcoline.com\/wp-content\/uploads\/2025\/05\/DSC00012_e-1024x683.jpg 1024w, https:\/\/elcoline.com\/wp-content\/uploads\/2025\/05\/DSC00012_e-768x512.jpg 768w, https:\/\/elcoline.com\/wp-content\/uploads\/2025\/05\/DSC00012_e-1536x1024.jpg 1536w, https:\/\/elcoline.com\/wp-content\/uploads\/2025\/05\/DSC00012_e-2048x1366.jpg 2048w\" sizes=\"auto, (max-width: 300px) 100vw, 300px\" \/><\/a><\/figure>\n\n\n\n<p><a href=\"https:\/\/elcoline.com\/contact\/\">Kontakta oss<\/a><\/p>\n<\/div>\n<\/div>\n\n<div class=\"wp-block-cover alignfull explore\" style=\"padding-top:var(--wp--preset--spacing--50)\"><span aria-hidden=\"true\" class=\"wp-block-cover__background has-custom-elcoline-blue-background-color has-background-dim-100 has-background-dim\"><\/span><div class=\"wp-block-cover__inner-container is-layout-flow wp-block-cover-is-layout-flow\">\n<div class=\"wp-block-columns are-vertically-aligned-center is-layout-flex wp-container-core-columns-is-layout-28f84493 wp-block-columns-is-layout-flex\">\n<div class=\"wp-block-column is-vertically-aligned-center is-layout-flow wp-block-column-is-layout-flow\">\n<h2 class=\"wp-block-heading has-medium-font-size\">Utforska v\u00e5ra tj\u00e4nster<\/h2>\n\n\n\n<p style=\"font-size:clamp(1.502rem, 1.502rem + ((1vw - 0.2rem) * 1.565), 2.5rem);\">Expert p\u00e5 industriellt underh\u00e5ll, installation och tillverkningstj\u00e4nster<\/p>\n\n\n\n<div class=\"wp-block-buttons is-layout-flex wp-block-buttons-is-layout-flex\">\n<div class=\"wp-block-button button-frame-white button-frame\"><a class=\"wp-block-button__link wp-element-button\">Alla tj\u00e4nster<\/a><\/div>\n<\/div>\n<\/div>\n\n\n\n<div class=\"wp-block-column is-vertically-aligned-center is-layout-flow wp-block-column-is-layout-flow\">\n<p class=\"has-medium-font-size\">Skr\u00e4ddarsydda tekniska tj\u00e4nster f\u00f6r industrin \u2013 fr\u00e5n underh\u00e5ll och installationer till kr\u00e4vande projektgenomf\u00f6rande och tillst\u00e5nds\u00f6vervakning \u2013 levererat s\u00e4kert och effektivt f\u00f6r att st\u00f6dja v\u00e5ra kunders verksamhet.<\/p>\n<\/div>\n<\/div>\n\n\n\n<p class=\"has-text-align-center has-large-font-size\"><\/p>\n\n\n\n<div class=\"wp-block-buttons explore-services is-content-justification-space-between is-layout-flex wp-container-core-buttons-is-layout-b2891da8 wp-block-buttons-is-layout-flex\">\n<div class=\"wp-block-button\"><a class=\"wp-block-button__link wp-element-button\" href=\"https:\/\/elcoline.com\/services\/process\/\">Process<\/a><\/div>\n\n\n\n<div class=\"wp-block-button\"><a class=\"wp-block-button__link wp-element-button\" href=\"https:\/\/elcoline.com\/services\/energy\/\">Energi<\/a><\/div>\n\n\n\n<div class=\"wp-block-button\"><a class=\"wp-block-button__link wp-element-button\" href=\"https:\/\/elcoline.com\/services\/metal-mining\/\">Metall &amp; Gruvdrift<\/a><\/div>\n\n\n\n<div class=\"wp-block-button\"><a class=\"wp-block-button__link wp-element-button\" href=\"https:\/\/elcoline.com\/services\/marine\/\">Marin<\/a><\/div>\n\n\n\n<div class=\"wp-block-button\"><a class=\"wp-block-button__link wp-element-button\" href=\"https:\/\/elcoline.com\/services\/defense\/\">F\u00f6rsvar<\/a><\/div>\n<\/div>\n<\/div><\/div>\n\n<script type=\"module\" src=\"https:\/\/cdn.jsdelivr.net\/gh\/lekoala\/formidable-elements@master\/dist\/count-up.min.js\"><\/script>\r\n\n<div class=\"wp-block-columns alignfull numbers is-layout-flex wp-container-core-columns-is-layout-28f84493 wp-block-columns-is-layout-flex\">\n<div class=\"wp-block-column is-layout-flow wp-block-column-is-layout-flow\">\n<p class=\"has-text-align-center\"><strong style=\"font-size: 3.75rem;\"><count-up data-start-val=\"1900\" data-duration=\"2\" data-separator=\"\">2002<\/count-up><\/strong><\/p>\n\n\n\n<p class=\"has-text-align-center\">Founded<\/p>\n<\/div>\n\n\n\n<div class=\"wp-block-column is-layout-flow wp-block-column-is-layout-flow\">\n<p class=\"has-text-align-center\"><strong style=\"font-size: 3.75rem;\"><count-up data-duration=\"5\" data-suffix=\"\u202fM\u20ac\" data-prefix=\"~\">150<\/count-up><\/strong><\/p>\n\n\n\n<p class=\"has-text-align-center\">Revenue<\/p>\n<\/div>\n\n\n\n<div class=\"wp-block-column is-layout-flow wp-block-column-is-layout-flow\">\n<p class=\"has-text-align-center\"><strong style=\"font-size: 3.75rem;\"><count-up data-duration=\"4\">1000<\/count-up><\/strong><\/p>\n\n\n\n<p class=\"has-text-align-center\">Professionals<\/p>\n<\/div>\n\n\n\n<div class=\"wp-block-column is-layout-flow wp-block-column-is-layout-flow\">\n<p class=\"has-text-align-center\"><strong style=\"font-size: 3.75rem;\"><count-up data-duration=\"4\" data-suffix=\"%\">40<\/count-up><\/strong><\/p>\n\n\n\n<p class=\"has-text-align-center\">Annual Growth<\/p>\n<\/div>\n<\/div>\n\n<div class=\"wp-block-columns is-style-section-3 elcoline-reference-grid is-layout-flex wp-container-core-columns-is-layout-701c2d95 wp-block-columns-is-layout-flex is-style-section-3--1\" style=\"padding-top:var(--wp--preset--spacing--80);padding-bottom:var(--wp--preset--spacing--80)\">\n<div class=\"wp-block-column is-layout-flow wp-block-column-is-layout-flow\">\n<h2 class=\"wp-block-heading\">Referenser<\/h2>\n\n\n\n<div class=\"wp-block-query is-layout-flow wp-block-query-is-layout-flow\"><\/div>\n<\/div>\n<\/div>\n\n<div class=\"wp-block-columns is-style-section-4 elcoline-news is-layout-flex wp-container-core-columns-is-layout-1e297cbc wp-block-columns-is-layout-flex is-style-section-4--2\" style=\"padding-top:var(--wp--preset--spacing--70);padding-bottom:var(--wp--preset--spacing--70)\">\n<div class=\"wp-block-column is-style-default is-layout-flow wp-block-column-is-layout-flow\">\n<div class=\"wp-block-query is-layout-flow wp-block-query-is-layout-flow\">\n<h2 class=\"wp-block-heading\">Nyheter<\/h2>\n\n\n<\/div>\n<\/div>\n<\/div>\n","protected":false},"excerpt":{"rendered":"<p>Om Elcoline P\u00e5litlig partner inom industrin F\u00f6retag Jobba hos oss Kontakta oss Referenser<\/p>\n","protected":false},"author":10,"featured_media":0,"parent":0,"menu_order":0,"comment_status":"closed","ping_status":"closed","template":"","meta":{"footnotes":""},"class_list":["post-39","page","type-page","status-publish","hentry"],"yoast_head":"<!-- This site is optimized with the Yoast SEO plugin v27.5 - https:\/\/yoast.com\/product\/yoast-seo-wordpress\/ -->\n<title>Hemsida - Elcoline Group<\/title>\n<meta name=\"robots\" content=\"index, follow, max-snippet:-1, max-image-preview:large, max-video-preview:-1\" \/>\n<link rel=\"canonical\" href=\"https:\/\/elcoline.com\/sv\/\" \/>\n<meta property=\"og:locale\" content=\"sv_SE\" \/>\n<meta property=\"og:type\" content=\"article\" \/>\n<meta property=\"og:title\" content=\"Hemsida - Elcoline Group\" \/>\n<meta property=\"og:description\" content=\"Om Elcoline P\u00e5litlig partner inom industrin F\u00f6retag Jobba hos oss Kontakta oss Referenser\" \/>\n<meta property=\"og:url\" content=\"https:\/\/elcoline.com\/sv\/\" \/>\n<meta property=\"og:site_name\" content=\"Elcoline Group\" \/>\n<meta property=\"article:modified_time\" content=\"2025-12-11T09:08:02+00:00\" \/>\n<meta property=\"og:image\" content=\"https:\/\/elcoline.com\/wp-content\/uploads\/2025\/06\/etusivu-1.webp\" \/>\n\t<meta property=\"og:image:width\" content=\"2500\" \/>\n\t<meta property=\"og:image:height\" content=\"1391\" \/>\n\t<meta property=\"og:image:type\" content=\"image\/webp\" \/>\n<meta name=\"twitter:card\" content=\"summary_large_image\" \/>\n<meta name=\"twitter:label1\" content=\"Ber\u00e4knad l\u00e4stid\" \/>\n\t<meta name=\"twitter:data1\" content=\"1 minut\" \/>\n<script type=\"application\/ld+json\" class=\"yoast-schema-graph\">{\"@context\":\"https:\\\/\\\/schema.org\",\"@graph\":[{\"@type\":\"WebPage\",\"@id\":\"https:\\\/\\\/elcoline.com\\\/sv\\\/\",\"url\":\"https:\\\/\\\/elcoline.com\\\/sv\\\/\",\"name\":\"Hemsida - Elcoline Group\",\"isPartOf\":{\"@id\":\"https:\\\/\\\/elcoline.com\\\/sv\\\/#website\"},\"primaryImageOfPage\":{\"@id\":\"https:\\\/\\\/elcoline.com\\\/sv\\\/#primaryimage\"},\"image\":{\"@id\":\"https:\\\/\\\/elcoline.com\\\/sv\\\/#primaryimage\"},\"thumbnailUrl\":\"https:\\\/\\\/elcoline.com\\\/wp-content\\\/uploads\\\/2025\\\/06\\\/etusivu-1.webp\",\"datePublished\":\"2025-03-20T10:46:53+00:00\",\"dateModified\":\"2025-12-11T09:08:02+00:00\",\"breadcrumb\":{\"@id\":\"https:\\\/\\\/elcoline.com\\\/sv\\\/#breadcrumb\"},\"inLanguage\":\"sv-SE\",\"potentialAction\":[{\"@type\":\"ReadAction\",\"target\":[\"https:\\\/\\\/elcoline.com\\\/sv\\\/\"]}]},{\"@type\":\"ImageObject\",\"inLanguage\":\"sv-SE\",\"@id\":\"https:\\\/\\\/elcoline.com\\\/sv\\\/#primaryimage\",\"url\":\"https:\\\/\\\/elcoline.com\\\/wp-content\\\/uploads\\\/2025\\\/06\\\/etusivu-1.webp\",\"contentUrl\":\"https:\\\/\\\/elcoline.com\\\/wp-content\\\/uploads\\\/2025\\\/06\\\/etusivu-1.webp\"},{\"@type\":\"WebSite\",\"@id\":\"https:\\\/\\\/elcoline.com\\\/sv\\\/#website\",\"url\":\"https:\\\/\\\/elcoline.com\\\/sv\\\/\",\"name\":\"Elcoline Group\",\"description\":\"\",\"potentialAction\":[{\"@type\":\"SearchAction\",\"target\":{\"@type\":\"EntryPoint\",\"urlTemplate\":\"https:\\\/\\\/elcoline.com\\\/sv\\\/?s={search_term_string}\"},\"query-input\":{\"@type\":\"PropertyValueSpecification\",\"valueRequired\":true,\"valueName\":\"search_term_string\"}}],\"inLanguage\":\"sv-SE\"}]}<\/script>\n<!-- \/ Yoast SEO plugin. -->","yoast_head_json":{"title":"Hemsida - Elcoline Group","robots":{"index":"index","follow":"follow","max-snippet":"max-snippet:-1","max-image-preview":"max-image-preview:large","max-video-preview":"max-video-preview:-1"},"canonical":"https:\/\/elcoline.com\/sv\/","og_locale":"sv_SE","og_type":"article","og_title":"Hemsida - Elcoline Group","og_description":"Om Elcoline P\u00e5litlig partner inom industrin F\u00f6retag Jobba hos oss Kontakta oss Referenser","og_url":"https:\/\/elcoline.com\/sv\/","og_site_name":"Elcoline Group","article_modified_time":"2025-12-11T09:08:02+00:00","og_image":[{"width":2500,"height":1391,"url":"https:\/\/elcoline.com\/wp-content\/uploads\/2025\/06\/etusivu-1.webp","type":"image\/webp"}],"twitter_card":"summary_large_image","twitter_misc":{"Ber\u00e4knad l\u00e4stid":"1 minut"},"schema":{"@context":"https:\/\/schema.org","@graph":[{"@type":"WebPage","@id":"https:\/\/elcoline.com\/sv\/","url":"https:\/\/elcoline.com\/sv\/","name":"Hemsida - Elcoline Group","isPartOf":{"@id":"https:\/\/elcoline.com\/sv\/#website"},"primaryImageOfPage":{"@id":"https:\/\/elcoline.com\/sv\/#primaryimage"},"image":{"@id":"https:\/\/elcoline.com\/sv\/#primaryimage"},"thumbnailUrl":"https:\/\/elcoline.com\/wp-content\/uploads\/2025\/06\/etusivu-1.webp","datePublished":"2025-03-20T10:46:53+00:00","dateModified":"2025-12-11T09:08:02+00:00","breadcrumb":{"@id":"https:\/\/elcoline.com\/sv\/#breadcrumb"},"inLanguage":"sv-SE","potentialAction":[{"@type":"ReadAction","target":["https:\/\/elcoline.com\/sv\/"]}]},{"@type":"ImageObject","inLanguage":"sv-SE","@id":"https:\/\/elcoline.com\/sv\/#primaryimage","url":"https:\/\/elcoline.com\/wp-content\/uploads\/2025\/06\/etusivu-1.webp","contentUrl":"https:\/\/elcoline.com\/wp-content\/uploads\/2025\/06\/etusivu-1.webp"},{"@type":"WebSite","@id":"https:\/\/elcoline.com\/sv\/#website","url":"https:\/\/elcoline.com\/sv\/","name":"Elcoline Group","description":"","potentialAction":[{"@type":"SearchAction","target":{"@type":"EntryPoint","urlTemplate":"https:\/\/elcoline.com\/sv\/?s={search_term_string}"},"query-input":{"@type":"PropertyValueSpecification","valueRequired":true,"valueName":"search_term_string"}}],"inLanguage":"sv-SE"}]}},"pbg_featured_image_src":{"full":false,"thumbnail":false,"medium":false,"medium_large":false,"large":false,"1536x1536":false,"2048x2048":false},"pbg_author_info":{"display_name":"admin","author_link":"https:\/\/elcoline.com\/sv\/author\/admin\/","author_img":false},"pbg_comment_info":" No Comments","pbg_excerpt":"Om Elcoline P\u00e5litlig partner inom industrin F\u00f6retag Jobba hos oss Kontakta oss Referenser","_links":{"self":[{"href":"https:\/\/elcoline.com\/sv\/wp-json\/wp\/v2\/pages\/39","targetHints":{"allow":["GET"]}}],"collection":[{"href":"https:\/\/elcoline.com\/sv\/wp-json\/wp\/v2\/pages"}],"about":[{"href":"https:\/\/elcoline.com\/sv\/wp-json\/wp\/v2\/types\/page"}],"author":[{"embeddable":true,"href":"https:\/\/elcoline.com\/sv\/wp-json\/wp\/v2\/users\/10"}],"replies":[{"embeddable":true,"href":"https:\/\/elcoline.com\/sv\/wp-json\/wp\/v2\/comments?post=39"}],"version-history":[{"count":2,"href":"https:\/\/elcoline.com\/sv\/wp-json\/wp\/v2\/pages\/39\/revisions"}],"predecessor-version":[{"id":49285,"href":"https:\/\/elcoline.com\/sv\/wp-json\/wp\/v2\/pages\/39\/revisions\/49285"}],"wp:attachment":[{"href":"https:\/\/elcoline.com\/sv\/wp-json\/wp\/v2\/media?parent=39"}],"curies":[{"name":"wp","href":"https:\/\/api.w.org\/{rel}","templated":true}]}}